{"id":15751,"date":"2023-12-28T18:28:13","date_gmt":"2023-12-28T21:28:13","guid":{"rendered":"https:\/\/com-automotive.com\/motor-limpiaparabrisas-12v-f006b20199-vw-gol-5zo955113-a\/"},"modified":"2023-12-28T18:28:13","modified_gmt":"2023-12-28T21:28:13","slug":"motor-limpiaparabrisas-12v-f006b20199-vw-gol-5zo955113-a","status":"publish","type":"product","link":"https:\/\/com-automotive.com\/es\/motor-limpiaparabrisas-12v-f006b20199-vw-gol-5zo955113-a\/","title":{"rendered":"Motor limpiaparabrisas 12V F006B20199 VW Gol 5ZO955113 A<span class=\"product-sku\" style=\"display: block; font-size: 0.85em; color: #777; margin-top: 5px; margin-bottom: 5px;\">SKU: 9000.0199-COM<\/span>"},"content":{"rendered":"<h1><strong>COM-AUTOMOTIVE, calidad de dise\u00f1o original.<\/strong><\/h1>\n<h2>Preguntas m\u00e1s frecuentes<\/h2>\n<h3><strong>\u00bfCu\u00e1les son las referencias cruzadas?<\/strong><\/h3>\n<p>5ZO 955 113 A, 5ZO955113A, GE5199<\/p>\n<h2><strong>Tabla de aplicaci\u00f3n<\/strong><\/h2>\n<p>VW: Gol 1.0 8V 1999-&gt;2010, Gol 1.6 1999-&gt;2008, Gol 1.8 1999-&gt;2008, Parati 1.0 16V 1999-&gt;2004, Parati 1.6 1999-&gt;2012, Parati 1.8 1999-&gt;2008, Parati 2.0 1999-&gt;2005, Saveiro 1.6 2000-&gt;2009, Saveiro 1.8 2000-&gt;2009, Saveiro 2.0 2000-&gt;2005, Fox 1.0 2003-&gt;2008, Fox 1.6- 2003&gt;2008, Crossfox 1.6- 2005&gt;2008, Spacefox 1.6 &#8211; 2006&gt;2008<\/p>\n<div><\/div>\n<div>ATENCI\u00d3N:<\/div>\n<div>Recomendamos que la instalaci\u00f3n de 0001192105 la realice un profesional formado y especializado.<\/div>\n<div>S\u00f3lo adquiera este producto en 0001192105 si est\u00e1 seguro de que es compatible con su veh\u00edculo. Si tiene alguna duda, no dude en ponerse en contacto con nosotros. Nuestro horario de apertura es de lunes a viernes de 8 a 18 h.<\/div>\n<div><\/div>\n<div>Sobre nosotros<\/div>\n<div>COM Automotive est\u00e1 especializada en piezas de autom\u00f3vil de dise\u00f1o original para el sector de la reparaci\u00f3n posventa, clientes industriales y fabricantes de veh\u00edculos especiales OEM.<\/div>\n<div>Nuestro equipo tiene m\u00e1s de 28 a\u00f1os de experiencia en la fabricaci\u00f3n y el suministro de piezas de automoci\u00f3n a escala mundial.<\/div>\n<div>Nuestra MISI\u00d3N es ofrecer productos de dise\u00f1o original con una calidad impecable y una sustituci\u00f3n personalizada.<\/div>\n<div>Nuestra VISI\u00d3N es promover el crecimiento y un valor inigualable para nuestros clientes.<\/div>\n","protected":false},"excerpt":{"rendered":"<p>F006B20199-COM. En stock. Ref: F006B20199, 5ZO 955 113 A, 5ZO955113A, GE5199 &#8211; compatible con: VW Gol. Marca: COM Automotive &#8211; Producto con calidad y dise\u00f1o originales. Compatible con Bosch<\/p>\n","protected":false},"featured_media":19650,"comment_status":"open","ping_status":"closed","template":"","meta":[],"product_brand":[],"product_cat":[8498],"product_tag":[13097,13098,13096,13100],"class_list":{"0":"post-15751","1":"product","2":"type-product","3":"status-publish","4":"has-post-thumbnail","6":"product_cat-motor-limpiador","7":"product_tag-5zo-955-113-a-es","8":"product_tag-5zo955113a-es","9":"product_tag-f006b20199-com-es","10":"product_tag-ge5199-es","12":"first","13":"instock","14":"taxable","15":"shipping-taxable","16":"purchasable","17":"product-type-simple"},"_links":{"self":[{"href":"https:\/\/com-automotive.com\/es\/wp-json\/wp\/v2\/product\/15751","targetHints":{"allow":["GET"]}}],"collection":[{"href":"https:\/\/com-automotive.com\/es\/wp-json\/wp\/v2\/product"}],"about":[{"href":"https:\/\/com-automotive.com\/es\/wp-json\/wp\/v2\/types\/product"}],"replies":[{"embeddable":true,"href":"https:\/\/com-automotive.com\/es\/wp-json\/wp\/v2\/comments?post=15751"}],"wp:featuredmedia":[{"embeddable":true,"href":"https:\/\/com-automotive.com\/es\/wp-json\/wp\/v2\/media\/19650"}],"wp:attachment":[{"href":"https:\/\/com-automotive.com\/es\/wp-json\/wp\/v2\/media?parent=15751"}],"wp:term":[{"taxonomy":"product_brand","embeddable":true,"href":"https:\/\/com-automotive.com\/es\/wp-json\/wp\/v2\/product_brand?post=15751"},{"taxonomy":"product_cat","embeddable":true,"href":"https:\/\/com-automotive.com\/es\/wp-json\/wp\/v2\/product_cat?post=15751"},{"taxonomy":"product_tag","embeddable":true,"href":"https:\/\/com-automotive.com\/es\/wp-json\/wp\/v2\/product_tag?post=15751"}],"curies":[{"name":"wp","href":"https:\/\/api.w.org\/{rel}","templated":true}]}}