{"id":15699,"date":"2023-11-01T16:08:45","date_gmt":"2023-11-01T19:08:45","guid":{"rendered":"https:\/\/com-automotive.com\/motor-de-arranque-de-f000al0143-5801405959-de-12v-9d-3-agujeros-para-iveco-daily-08\/"},"modified":"2025-03-07T15:36:56","modified_gmt":"2025-03-07T18:36:56","slug":"motor-de-arranque-de-f000al0143-5801405959-de-12v-9d-3-agujeros-para-iveco-daily-08","status":"publish","type":"product","link":"https:\/\/com-automotive.com\/es\/motor-de-arranque-de-f000al0143-5801405959-de-12v-9d-3-agujeros-para-iveco-daily-08\/","title":{"rendered":"Motor de arranque de 12V 9T 2.5Kw compatible con 3 orificios F000AL0143 5801405959 para Iveco Daily 2008&gt;<span class=\"product-sku\" style=\"display: block; font-size: 0.85em; color: #777; margin-top: 5px; margin-bottom: 5px;\">SKU: 6000.0143-COM<\/span>"},"content":{"rendered":"<h1><strong>COM-AUTOMOTIVE, calidad de dise\u00f1o original.<\/strong><\/h1>\n<p>Motor de arranque de F000AL0143 5801405959 de 3 agujeros compatible con 12V 9T 2.5Kw para Iveco Daily 2008&gt;<\/p>\n<h2>Preguntas m\u00e1s frecuentes<\/h2>\n<h3><strong>\u00bfCu\u00e1les son las referencias cruzadas?<\/strong><\/h3>\n<p>F000AL0149, F000AL0143, 5801405959, 504201467 504201467<\/p>\n<h2><strong>Tabla de aplicaci\u00f3n<\/strong><\/h2>\n<table style=\"height: 2502px;\" width=\"1147\">\n<tbody>\n<tr>\n<td width=\"793\">IVECO DAILY 35S14 FURGONETA CS , FPT INDUSTRIAL F1C DS F1C DS 3.0 L 16V DOHC L4 DIESEL, 2012-2019.<\/td>\n<\/tr>\n<tr>\n<td>IVECO DAILY 70C16 4350 CITY CLASS , FPT INDUSTRIAL F1C E 0481 F1C E 0481 3.0 L 16V DOHC L4 DIESEL, 2008-2018.<\/td>\n<\/tr>\n<tr>\n<td>IVECO DAILY 35S14 FURGONETA CD , FPT INDUSTRIAL F1C DS F1C DS 3.0 L 16V DOHC L4 DIESEL, 2012-2018.<\/td>\n<\/tr>\n<tr>\n<td>IVECO DAILY 35S14 FURGONETA 3000 CS , FPT INDUSTRIAL F1C E 0481 F1C E 0481 3.0 L 16V DOHC L4 DIESEL, 2007-2011.<\/td>\n<\/tr>\n<tr>\n<td>IVECO DAILY 70C16 , FPT INDUSTRIAL F1C E 0481 F1C E 0481 3.0 L 16V SOHV L4 DIESEL, 2008-2013.<\/td>\n<\/tr>\n<tr>\n<td>IVECO DAILY 35S14 , FPT INDUSTRIAL F1C WG &#8211; EGR F1C WG &#8211; EGR 3.0 L 16V SOHV L4 DIESEL, 2016-2023.<\/td>\n<\/tr>\n<tr>\n<td>IVECO DAILY 35S14 FURGONETA 3450 CS , FPT INDUSTRIAL F1C E 0481 F1C E 0481 3.0 L 16V DOHC L4 DIESEL, 2007-2011.<\/td>\n<\/tr>\n<tr>\n<td>IVECO DAILY 55C17 GRAN FURGONETA , FPT INDUSTRIAL F1C DS &#8211; EGR F1C DS &#8211; EGR 3.0 L 16V DOHC L4 DIESEL, 2012-2019.<\/td>\n<\/tr>\n<tr>\n<td>IVECO DAILY 70C17 CAMI\u00d3N HDCS , FPT INDUSTRIAL F1C DS &#8211; EGR F1C DS &#8211; EGR 3.0 L 16V SOHV L4 DIESEL, 2014-2023.<\/td>\n<\/tr>\n<tr>\n<td>IVECO DAILY 55C16 FURGONETA 3750 CS , FPT INDUSTRIAL F1C E 0481 F1C E 0481 3.0 L 16V DOHC L4 DIESEL, 2007-2011.<\/td>\n<\/tr>\n<tr>\n<td>IVECO DAILY 55C16 FURGONETA 3450 CS , FPT INDUSTRIAL F1C E 0481 F1C E 0481 3.0 L 16V DOHC L4 DIESEL, 2007-2011.<\/td>\n<\/tr>\n<tr>\n<td>IVECO DAILY 55C17 MINIB\u00daS DOBLE CABINA, FPT INDUSTRIAL F1C DS &#8211; EGR F1C DS &#8211; EGR 3.0 L 16V DOHC L4 DIESEL, 2007-2023.<\/td>\n<\/tr>\n<tr>\n<td>IVECO DAILY 70C16 HD MASSIMO , FPT INDUSTRIAL F1C E 0481 F1C E 0481 3.0 L 16V SOHV L4 DIESEL, 2010-2016.<\/td>\n<\/tr>\n<tr>\n<td>IVECO DAILY 45S17 GRAN FURGONE , FPT INDUSTRIAL F1C DS &#8211; EGR F1C DS &#8211; EGR 3.0 L 16V DOHC L4 DIESEL, 2012-2023.<\/td>\n<\/tr>\n<tr>\n<td>IVECO DAILY 55C16 FURGONETA 3450 , FPT INDUSTRIAL F1C E 0481 F1C E 0481 3.0 L 16V DOHC L4 DIESEL, 2008-2011.<\/td>\n<\/tr>\n<tr>\n<td>IVECO DAILY 49.12 FURGON HM 3600 , FPT INDUSTRIAL 8140.43 8140.43 2.8 L 8V SOHC L4 DIESEL, 2001-2005.<\/td>\n<\/tr>\n<tr>\n<td>IVECO DAILY 55C17 , FPT INDUSTRIAL F1C DS &#8211; EGR F1C DS &#8211; EGR 3.0 L 16V SOHV L4 DIESEL, 2016-2023.<\/td>\n<\/tr>\n<tr>\n<td>IVECO DAILY 55C17 MINIB\u00daS 15L , FPT INDUSTRIAL F1C DS &#8211; EGR F1C DS &#8211; EGR 3.0 L 16V DOHC L4 DIESEL, 2012-2023.<\/td>\n<\/tr>\n<tr>\n<td>IVECO DAILY 55C17 MAXI FURGONE , FPT INDUSTRIAL F1C DS &#8211; EGR F1C DS &#8211; EGR 3.0 L 16V DOHC L4 DIESEL, 2012-2017.<\/td>\n<\/tr>\n<tr>\n<td>IVECO DAILY 70C17 CAMI\u00d3N HDCD , FPT INDUSTRIAL F1C DS &#8211; EGR F1C DS &#8211; EGR 3.0 L 16V SOHV L4 DIESEL, 2014-2023.<\/td>\n<\/tr>\n<tr>\n<td>IVECO DAILY 35S14 GRAN FURGONE 3300 H2 , FPT INDUSTRIAL F1C E 0481 F1C E 0481 3.0 L 16V DOHC L4 DIESEL, 2007-2012.<\/td>\n<\/tr>\n<tr>\n<td>IVECO DAILY 45S14 FURGONETA HM 3300 , FPT INDUSTRIAL F1C E 0481 F1C E 0481 3.0 L 16V DOHC L4 DIESEL, 2008-2011.<\/td>\n<\/tr>\n<tr>\n<td>IVECO DAILY 49.12 URGE HMV 3300 , FPT INDUSTRIAL 8140.43 8140.43 2.8 L 8V SOHC L4 DIESEL, 2001-2006.<\/td>\n<\/tr>\n<tr>\n<td>IVECO DAILY 35S14 FURGONETA 3000 , FPT INDUSTRIAL F1C E 0481 F1C E 0481 3.0 L 16V DOHC L4 DIESEL, 2009-2011.<\/td>\n<\/tr>\n<tr>\n<td>IVECO SCUDATO 59.12S HM , FPT INDUSTRIAL 8140.43 8140.43 2.8L 8V SOHC L4 DIESEL, 2001-2005.<\/td>\n<\/tr>\n<tr>\n<td>IVECO DAILY 70.12 , FPT INDUSTRIAL 8140.43 8140.43 2.8L 8V SOHC L4 DIESEL, 2004-2007.<\/td>\n<\/tr>\n<tr>\n<td>IVECO DAILY 55C16 3950 VETRATO , FPT INDUSTRIAL F1C E 0481 F1C E 0481 3.0 L 16V SOHC L4 DIESEL, 2008-2016.<\/td>\n<\/tr>\n<tr>\n<td>IVECO DAILY 55C16 GRAN FURGONE 3950 H2 , FPT INDUSTRIAL F1C E 0481 F1C E 0481 3.0 L 16V DOHC L4 DIESEL, 2007-2011.<\/td>\n<\/tr>\n<tr>\n<td>IVECO DAILY 45S17 , FPT INDUSTRIAL F1C DS &#8211; EGR F1C DS &#8211; EGR 3.0L 16V SOHV L4 DIESEL, 2016-2023.<\/td>\n<\/tr>\n<tr>\n<td>IVECO DAILY 70C16 4350 SCUDATO , FPT INDUSTRIAL F1C E 0481 F1C E 0481 3.0 L 16V DOHC L4 DIESEL, 2009-2016.<\/td>\n<\/tr>\n<tr>\n<td>IVECO DAILY 40.12 VETRATO , FPT INDUSTRIAL 8140.43 8140.43 2.8 L 8V SOHC L4 DIESEL, 2002-2005.<\/td>\n<\/tr>\n<tr>\n<td>IVECO DAILY 45-170 , FPT INDUSTRIAL F1C DS &#8211; EGR F1C DS &#8211; EGR 3.0 L 16V DOHC L4 DIESEL, 2020-2023.<\/td>\n<\/tr>\n<tr>\n<td>IVECO DAILY 59.12 FURGON HM 3600 , FPT INDUSTRIAL 8140.43 8140.43 2.8 L 8V SOHC L4 DIESEL, 2002-2003.<\/td>\n<\/tr>\n<tr>\n<td>IVECO DAILY 35S14 FURGONETA 3000 H1 , FPT INDUSTRIAL F1C E 0481 F1C E 0481 3.0 L 16V DOHC L4 DIESEL, 2007-2011.<\/td>\n<\/tr>\n<tr>\n<td>IVECO SCUDATO 60.13 HM CITY CLASS, FPT INDUSTRIAL 8140.43 8140.43 2.8 L 8V SOHC L4 DIESEL, 2004-2007.<\/td>\n<\/tr>\n<tr>\n<td>IVECO SCUDATO 49.12S HM , FPT INDUSTRIAL 8140.43 8140.43 2.8L 8V SOHC L4 DIESEL, 2001-2005.<\/td>\n<\/tr>\n<tr>\n<td>IVECO DAILY 49.12 URGE HMV 3950 , FPT INDUSTRIAL 8140.43 8140.43 2.8 L 8V SOHC L4 DIESEL, 2001-2005.<\/td>\n<\/tr>\n<tr>\n<td>IVECO DAILY 40S14 , FPT INDUSTRIAL F1C WG &#8211; EGR F1C WG &#8211; EGR 3.0 L 16V SOHV L4 DIESEL, 2016-2023.<\/td>\n<\/tr>\n<tr>\n<td>MINIB\u00daS IVECO DAILY 45S16, FPT INDUSTRIAL 8140.43 8140.43 2.8L 8V SOHC L4 DIESEL, 2008-2010.<\/td>\n<\/tr>\n<tr>\n<td>IVECO DAILY 60.12 FURGON HM 4180 , FPT INDUSTRIAL 8140.43 8140.43 2.8 L 8V SOHC L4 DIESEL, 2003-2004.<\/td>\n<\/tr>\n<tr>\n<td>IVECO DAILY 35S14 FURGONETA 35 S 14 3000 , FPT INDUSTRIAL F1C E 0481 F1C E 0481 3.0 L 16V DOHC L4 DIESEL, 2007-2012.<\/td>\n<\/tr>\n<tr>\n<td>IVECO DAILY 55C16 GRAN FURGONE 3300 H2 , FPT INDUSTRIAL F1C E 0481 F1C E 0481 3.0 L 16V DOHC L4 DIESEL, 2007-2011.<\/td>\n<\/tr>\n<tr>\n<td>MINIB\u00daS IVECO DAILY 50C17 , FPT Industrial F1C DS &#8211; EGR F1C DS &#8211; EGR 3.0 L 16V DOHC L4 DIESEL, 2020-2023.<\/td>\n<\/tr>\n<tr>\n<td>IVECO WAYCLASS 70C17 HD , FPT INDUSTRIAL F1C DS &#8211; EGR F1C DS &#8211; EGR 3.0 L 16V DOHC L4 DIESEL, 2017-2019.<\/td>\n<\/tr>\n<tr>\n<td>IVECO DAILY 55C16 FURGONETA 4X2 , FPT INDUSTRIAL F1C E 0481 F1C E 0481 3.0 L 16V DOHC L4 DIESEL, 2009-2011.<\/td>\n<\/tr>\n<tr>\n<td>IVECO DAILY 55C16 3950 , FPT INDUSTRIAL F1C E 0481 F1C E 0481 3.0 L 16V SOHC L4 DIESEL, 2009-2016.<\/td>\n<\/tr>\n<tr>\n<td>CHASIS IVECO DAILY 70C17 , FPT Industrial F1C DS &#8211; EGR F1C DS &#8211; EGR 3.0 L 16V SOHC L4 DIESEL, 2017-2023.<\/td>\n<\/tr>\n<tr>\n<td>IVECO DAILY 55-170 , FPT INDUSTRIAL F1C DS &#8211; EGR F1C DS &#8211; EGR 3.0 L 16V DOHC L4 DIESEL, 2020-2023.<\/td>\n<\/tr>\n<tr>\n<td>IVECO DAILY 70C16 3750 SCUDATO , FPT INDUSTRIAL F1C E 0481 F1C E 0481 3.0 L 16V DOHC L4 DIESEL, 2008-2016.<\/td>\n<\/tr>\n<tr>\n<td>IVECO DAILY 65-170 , FPT INDUSTRIAL F1C DS &#8211; EGR F1C DS &#8211; EGR 3.0 L 16V DOHC L4 DIESEL, 2020-2023.<\/td>\n<\/tr>\n<tr>\n<td>IVECO DAILY 55C17 MINIB\u00daS 18L , FPT INDUSTRIAL F1C DS &#8211; EGR F1C DS &#8211; EGR 3.0 L 16V DOHC L4 DIESEL, 2012-2017.<\/td>\n<\/tr>\n<tr>\n<td>IVECO DAILY 70-170 , FPT INDUSTRIAL F1C DS &#8211; EGR F1C DS &#8211; EGR 3.0 L 16V DOHC L4 DIESEL, 2020-2023.<\/td>\n<\/tr>\n<tr>\n<td>IVECO DAILY 55-170 FURGONETA , FPT INDUSTRIAL F1C DS &#8211; EGR F1C DS &#8211; EGR 3.0 L 16V DOHC L4 DIESEL, 2020-2023.<\/td>\n<\/tr>\n<tr>\n<td>IVECO CITY CLASS ESCOLAR, FPT INDUSTRIAL F1C DS &#8211; EGR F1C DS &#8211; EGR 3.0 L 16V DOHC L4 DIESEL, 2019-2019.<\/td>\n<\/tr>\n<tr>\n<td>IVECO DAILY 60.13 HM CITY CLASS 55C16 3950 VEDRATO , FPT INDUSTRIAL 8140.43 8140.43 2.8 L 8V SOHC L4 DIESEL, 2008-2009.<\/td>\n<\/tr>\n<tr>\n<td>IVECO DAILY 49.12 FURGON HM 3300 , FPT INDUSTRIAL 8140.43 8140.43 2.8 L 8V SOHC L4 DIESEL, 2005-2006.<\/td>\n<\/tr>\n<tr>\n<td>IVECO DAILY 70C17 CAMI\u00d3N CS , FPT INDUSTRIAL F1C DS &#8211; EGR F1C DS &#8211; EGR 3.0 L 16V SOHV L4 DIESEL, 2011-2023.<\/td>\n<\/tr>\n<tr>\n<td>IVECO DAILY 45S17 VETRATO , FPT INDUSTRIAL F1C DS &#8211; EGR F1C DS &#8211; EGR 3.0 L 16V DOHC L4 DIESEL, 2020-2023.<\/td>\n<\/tr>\n<tr>\n<td>IVECO SOULCLASS 70C17 HD , FPT INDUSTRIAL F1C DS &#8211; EGR F1C DS &#8211; EGR 3.0 L 16V SOHV L4 DIESEL, 2019-2023.<\/td>\n<\/tr>\n<tr>\n<td>MINIB\u00daS IVECO DAILY 45S17 , FPT INDUSTRIAL F1C DS &#8211; EGR F1C DS &#8211; EGR 3.0 L 16V DOHC L4 DIESEL, 2019-2023.<\/td>\n<\/tr>\n<tr>\n<td>IVECO DAILY 50C17 VETRATO , FPT INDUSTRIAL F1C DS &#8211; EGR F1C DS &#8211; EGR 3.0 L 16V DOHC L4 DIESEL, 2020-2023.<\/td>\n<\/tr>\n<\/tbody>\n<\/table>\n<p>&nbsp;<\/p>\n<div>Recomendamos que el producto sea instalado por un profesional formado y especializado.<\/div>\n<div>S\u00f3lo compra este producto si est\u00e1s seguro de que es compatible con tu veh\u00edculo. Si tienes alguna duda, no dudes en ponerte en contacto con nosotros. Nuestro horario de apertura es de lunes a viernes de 8 a 18 h.<\/div>\n<div><\/div>\n<div><strong>SOBRE NOSOTROS:<\/strong><\/div>\n<div>COM Automotive est\u00e1 especializada en piezas de autom\u00f3vil de dise\u00f1o original para el sector de la reparaci\u00f3n posventa, clientes industriales y fabricantes de veh\u00edculos especiales OEM.<\/div>\n<div>Nuestro equipo tiene m\u00e1s de 28 a\u00f1os de experiencia en la fabricaci\u00f3n y el suministro de piezas de automoci\u00f3n a escala mundial.<\/div>\n<div>Nuestra <strong>MISI\u00d3N <\/strong> es ofrecer productos de dise\u00f1o original con una calidad impecable y una sustituci\u00f3n personalizada.<\/div>\n<div>Nuestra <strong>VISI\u00d3N<\/strong> es promover el crecimiento y un valor inigualable para nuestros clientes.<\/div>\n<div><\/div>\n<div><strong>DISE\u00d1O ORIGINAL<\/strong><\/div>\n<div>El t\u00e9rmino \u00abDise\u00f1o Original\u00bb se refiere a la percepci\u00f3n \u00fanica e innovadora y a la propuesta de valor de los productos de COM Automotive, as\u00ed como a la experiencia ofrecida durante su compra. Esto abarca no solo el empaque y la est\u00e9tica del producto, sino tambi\u00e9n la autenticidad y creatividad de la marca. COM Automotive busca ofrecer productos de alta calidad que satisfagan las necesidades de la industria del mercado de repuestos, aline\u00e1ndose con su Visi\u00f3n, Misi\u00f3n y Valores.  <\/div>\n<div><\/div>\n<div><strong>NOTAR:<\/strong><\/div>\n<div>C\u00f3digo de Protecci\u00f3n al Consumidor (CDC): La Ley N\u00b0 8.078, de 11 de septiembre de 1990, establece que la informaci\u00f3n proporcionada al consumidor debe ser clara y precisa. El art\u00edculo 31 del CDC exige que la publicidad y el etiquetado de los productos y servicios sean veraces y no induzcan a error al consumidor. Esto incluye asegurarse de que la informaci\u00f3n sobre la compatibilidad, la marca y las caracter\u00edsticas se describa correctamente para evitar malentendidos. El uso del t\u00e9rmino \u00abcompatible\u00bb tambi\u00e9n est\u00e1 regulado por los grandes mercados en el mercado para la catalogaci\u00f3n adecuada de productos y la aplicaci\u00f3n automotriz.   <\/div>\n","protected":false},"excerpt":{"rendered":"<p>6000.0143-COM. Compatible con: F000AL0149, F000AL0143, 5801405959, 504201467, 55007VLP.  Marca: COM Automotive &#8211; Producto con calidad y dise\u00f1o originales.<\/p>\n","protected":false},"featured_media":19050,"comment_status":"open","ping_status":"closed","template":"","meta":[],"product_brand":[],"product_cat":[8119],"product_tag":[12890,33631,33629,33634,33636,33635,33630,33628,33632,33627,33633],"class_list":{"0":"post-15699","1":"product","2":"type-product","3":"status-publish","4":"has-post-thumbnail","6":"product_cat-motor-de-arranque","7":"product_tag-504201467-es","8":"product_tag-55007vlp-es","9":"product_tag-5801405959-es","10":"product_tag-6000-0143-com-es","11":"product_tag-60000143-es","12":"product_tag-60000143-com-es","13":"product_tag-dr55007vlp-es","14":"product_tag-f000al0143-es","15":"product_tag-f000al0143-com-es","16":"product_tag-f000al0149-es","17":"product_tag-zen-31039-es","19":"first","20":"instock","21":"taxable","22":"shipping-taxable","23":"purchasable","24":"product-type-simple"},"_links":{"self":[{"href":"https:\/\/com-automotive.com\/es\/wp-json\/wp\/v2\/product\/15699","targetHints":{"allow":["GET"]}}],"collection":[{"href":"https:\/\/com-automotive.com\/es\/wp-json\/wp\/v2\/product"}],"about":[{"href":"https:\/\/com-automotive.com\/es\/wp-json\/wp\/v2\/types\/product"}],"replies":[{"embeddable":true,"href":"https:\/\/com-automotive.com\/es\/wp-json\/wp\/v2\/comments?post=15699"}],"wp:featuredmedia":[{"embeddable":true,"href":"https:\/\/com-automotive.com\/es\/wp-json\/wp\/v2\/media\/19050"}],"wp:attachment":[{"href":"https:\/\/com-automotive.com\/es\/wp-json\/wp\/v2\/media?parent=15699"}],"wp:term":[{"taxonomy":"product_brand","embeddable":true,"href":"https:\/\/com-automotive.com\/es\/wp-json\/wp\/v2\/product_brand?post=15699"},{"taxonomy":"product_cat","embeddable":true,"href":"https:\/\/com-automotive.com\/es\/wp-json\/wp\/v2\/product_cat?post=15699"},{"taxonomy":"product_tag","embeddable":true,"href":"https:\/\/com-automotive.com\/es\/wp-json\/wp\/v2\/product_tag?post=15699"}],"curies":[{"name":"wp","href":"https:\/\/api.w.org\/{rel}","templated":true}]}}