{"id":15696,"date":"2023-11-01T16:08:28","date_gmt":"2023-11-01T19:08:28","guid":{"rendered":"https:\/\/com-automotive.com\/motor-de-arranque-de-12v-11d-f000c60003-f000c60005-52002707-para-grand-siena-palio-1-4-flex-12\/"},"modified":"2023-11-01T16:08:28","modified_gmt":"2023-11-01T19:08:28","slug":"motor-de-arranque-de-12v-11d-f000c60003-f000c60005-52002707-para-grand-siena-palio-1-4-flex-12","status":"publish","type":"product","link":"https:\/\/com-automotive.com\/es\/motor-de-arranque-de-12v-11d-f000c60003-f000c60005-52002707-para-grand-siena-palio-1-4-flex-12\/","title":{"rendered":"Motor de arranque de 12V 11D F000C60003 F000C60005 52002707 para Grand Siena Palio 1.4 Flex 12&gt;<span class=\"product-sku\" style=\"display: block; font-size: 0.85em; color: #777; margin-top: 5px; margin-bottom: 5px;\">SKU: 6000.6003-COM<\/span>"},"content":{"rendered":"<h1><strong>COM-AUTOMOTIVE, calidad de dise\u00f1o original.<\/strong><\/h1>\n<p>F000C60003 Motor de arranque de 12V 1KW 11 dientes Dise\u00f1o: BOSCH SEG Tipo: C60-M &#8211; OEM: FIAT<\/p>\n<h2>Preguntas m\u00e1s frecuentes<\/h2>\n<h3><strong>\u00bfCu\u00e1les son las referencias cruzadas?<\/strong><\/h3>\n<p>F000C60005, F000C60003, 52002707 51893390<\/p>\n<h2><strong>Tabla de aplicaci\u00f3n<\/strong><\/h2>\n<table style=\"height: 1783px;\" width=\"902\">\n<tbody>\n<tr>\n<td width=\"793\">FIAT PALIO EVO ATRACTIVE G-4,FIRE EVO 327 A 011 1.4 L 8V SOHC L4 FLEX, 2011-2020.<\/td>\n<\/tr>\n<tr>\n<td>FIAT STRADA CS HARD WORKING G-5,FIRE 310 A 2011 1.4 L 8V SOHC L4 FLEX, 2016-2023.<\/td>\n<\/tr>\n<tr>\n<td>FIAT STRADA CS WORKING ,FIRE 310 A 2011 1.4 L 8V SOHC L4 FLEX, 2013-2015.<\/td>\n<\/tr>\n<tr>\n<td>FIAT GRAND SIENA ATRACTIVE ,FIRE EVO 310 A 2011 1.4 L 8V SOHC L4 FLEX, 2012-2016.<\/td>\n<\/tr>\n<tr>\n<td>FIAT PUNTO ATRACTIVE G-1,FIRE 310 A 2011 1.4 L 8V SOHC L4 FLEX, 2010-2015.<\/td>\n<\/tr>\n<tr>\n<td>FIAT STRADA CD WORKING 3 PUERTAS ,FIRE 310 A 2011 1.4 L 8V SOHC L4 FLEX, 2013-2019.<\/td>\n<\/tr>\n<tr>\n<td>FIAT SIENA EL ,FIRE EVO 310 A 2011 1.4 L 8V SOHC L4 FLEX, 2012-2019.<\/td>\n<\/tr>\n<tr>\n<td>FIAT STRADA CD WORKING ,FIRE 310 A 2011 1.4 L 8V SOHC L4 FLEX, 2010-2013.<\/td>\n<\/tr>\n<tr>\n<td>FIAT PUNTO ELX G-1,FIRE 310 A 2011 1.4 L 8V SOHC L4 FLEX, 2007-2019.<\/td>\n<\/tr>\n<tr>\n<td>FIAT FIORINO HARD WORKING G-5,FIRE EVO 327 A 011 1.4 L 8V SOHC L4 FLEX, 2016-2023.<\/td>\n<\/tr>\n<tr>\n<td>FIAT FIORINO VAN G-5,FIRE EVO 327 A 011 1.4 L 8V SOHC L4 FLEX, 2013-2023.<\/td>\n<\/tr>\n<tr>\n<td>FIAT UNO WAY G-1,FIRE EVO 327 A 011 1.4 L 8V SOHC L4 FLEX, 2010-2015.<\/td>\n<\/tr>\n<tr>\n<td>FIAT STRADA CE WORKING ,FIRE 310 A 2011 1.4 L 8V SOHC L4 FLEX, 2010-2019.<\/td>\n<\/tr>\n<tr>\n<td>FIAT STRADA CD HARD WORKING G-5,FIRE 310 A 2011 1.4 L 8V SOHC L4 FLEX, 2016-2023.<\/td>\n<\/tr>\n<tr>\n<td>FIAT STRADA CE HARD WORKING G-5,FIRE 310 A 2011 1.4 L 8V SOHC L4 FLEX, 2016-2023.<\/td>\n<\/tr>\n<tr>\n<td>FIAT PALIO ELX RST III G-3,FIRE 310 A 2011 1.4 L 8V SOHC L4 FLEX, 2009-2019.<\/td>\n<\/tr>\n<tr>\n<td>FIAT UNO SPORTING G-1,FIRE EVO 327 A 011 1.4 L 8V SOHC L4 FLEX, 2010-2015.<\/td>\n<\/tr>\n<tr>\n<td>FIAT GRAND SIENA TETRAFUEL ,FIRE EVO 310 A 2011 1.4 L 8V SOHC L4 FLEX\/CNG, 2012-2016.<\/td>\n<\/tr>\n<tr>\n<td>FIAT STRADA CS WORKING FLEX ,FIRE 310 A 2011 1.4 L 8V SOHC L4 FLEX, 2010-2013.<\/td>\n<\/tr>\n<tr>\n<td>FIAT STRADA CE TREK RST III ,FIRE 310 A 2011 1.4 L 8V SOHC L4 FLEX, 2008-2012.<\/td>\n<\/tr>\n<tr>\n<td>FIAT STRADA CS WORKING G-5,FIRE 310 A 2011 1.4 L 8V SOHC L4 FLEX, 2016-2023.<\/td>\n<\/tr>\n<tr>\n<td>FIAT PALIO WEEKEND ELX RST III ,FIRE 310 A 2011 1.4 L 8V SOHC L4 FLEX, 2008-2010.<\/td>\n<\/tr>\n<tr>\n<td>FIAT PALIO WEEKEND ATRACTIVE ,FIRE 310 A 2011 1.4 L 8V SOHC L4 FLEX, 2010-2016.<\/td>\n<\/tr>\n<tr>\n<td>FIAT GRAND SIENA ATTRACTIVE ,FIRE EVO 327 A 011 1.4 L 8V SOHC L4 FLEX, 2017-2020.<\/td>\n<\/tr>\n<tr>\n<td>FIAT PALIO WEEKEND TREKKING RST III ,FIRE 310 A 2011 1.4 L 8V SOHC L4 FLEX, 2008-2010.<\/td>\n<\/tr>\n<tr>\n<td>FIAT STRADA CS WORKING PLUS G-5,FIRE 310 A 2011 1.4 L 8V SOHC L4 FLEX, 2016-2019.<\/td>\n<\/tr>\n<tr>\n<td>FIAT STRADA TREK RST III ,FIRE 310 A 2011 1.4 L 8V SOHC L4 FLEX, 2008-2023.<\/td>\n<\/tr>\n<tr>\n<td>FIAT UNO ATRACTIVO G-1,FIRE EVO 327 A 011 1.4 L 8V SOHC L4 FLEX, 2010-2015.<\/td>\n<\/tr>\n<tr>\n<td>FIAT DOBLO CARGO ,FIRE 310 A 2011 1.4 L 8V SOHC L4 FLEX, 2009-2015.<\/td>\n<\/tr>\n<tr>\n<td>FIAT UNO ECONOMY G-1,FIRE EVO 327 A 011 1.4 L 8V SOHC L4 FLEX, 2012-2015.<\/td>\n<\/tr>\n<tr>\n<td>FIAT 500 EVO CULT FLEX ,FIRE EVO 327 A 011 1.4 L 8V SOHC L4 FLEX, 2011-2015.<\/td>\n<\/tr>\n<tr>\n<td>FIAT UNO WAY G-2,FIRE EVO 327 A 011 1.4 L 8V SOHC L4 FLEX, 2014-2019.<\/td>\n<\/tr>\n<tr>\n<td>FIAT PALIO ATRACTIVE G-3,FIRE 310 A 2011 1.4 L 8V SOHC L4 FLEX, 2010-2012.<\/td>\n<\/tr>\n<tr>\n<td>FIAT 500 EVO CULT DUALOGIC FLEX ,FIRE EVO 327 A 011 1.4 L 8V SOHC L4 FLEX, 2011-2015.<\/td>\n<\/tr>\n<tr>\n<td>FIAT PUNTO FIRE FLEX G-1,FIRE 310 A 2011 1.4 L 8V SOHC L4 FLEX, 2007-2011.<\/td>\n<\/tr>\n<tr>\n<td>FIAT SIENA EL ,FIRE 310 A 2011 1.4 L 8V SOHC L4 FLEX, 2010-2012.<\/td>\n<\/tr>\n<tr>\n<td>FIAT FIORINO ENDURANCE G-5,FIRE EVO 327 A 011 1.4 L 8V SOHC L4 FLEX, 2020-2023.<\/td>\n<\/tr>\n<tr>\n<td>FIAT SIENA 1.4 ,FIRE EVO 327 A 011 1.4 L 8V SOHC L4 FLEX, 2020-2023.<\/td>\n<\/tr>\n<tr>\n<td>FIAT UNO WAY DUALOGIC G-2,FIRE EVO 327 A 011 1.4 L 8V SOHC L4 FLEX, 2014-2016.<\/td>\n<\/tr>\n<tr>\n<td>FIAT STRADA CS HARD WORKING ,FIRE 310 A 2011 1.4 L 8V SOHC L4 FLEX, 2014-2015.<\/td>\n<\/tr>\n<tr>\n<td>FIAT STRADA CD HARD WORKING ,FIRE 310 A 2011 1.4 L 8V SOHC L4 FLEX, 2014-2015.<\/td>\n<\/tr>\n<tr>\n<td>FIAT PUNTO ITALIA G-2,FIRE EVO 310 A 2011 1.4 L 8V SOHC L4 FLEX, 2014-2017.<\/td>\n<\/tr>\n<tr>\n<td>FIAT DOBLO ATRACTIVE FLEX III ,FIRE 310 A 2011 1.4 L 8V SOHC L4 FLEX, 2011-2012.<\/td>\n<\/tr>\n<tr>\n<td>FIAT PALIO WEEKEND ATTRACTIVE ,FIRE 310 A 2011 1.4 L 8V SOHC L4 FLEX, 2016-2020.<\/td>\n<\/tr>\n<tr>\n<td>FIAT DOBLO ATRACTIVE ,FIRE 310 A 2011 1.4 L 8V SOHC L4 FLEX, 2013-2015.<\/td>\n<\/tr>\n<tr>\n<td>FIAT UNO EVOLUTION G-2,FIRE EVO 327 A 011 1.4 L 8V SOHC L4 FLEX, 2014-2016.<\/td>\n<\/tr>\n<tr>\n<td>FIAT STRADA CE HARD WORKING ,FIRE 310 A 2011 1.4 L 8V SOHC L4 FLEX, 2014-2015.<\/td>\n<\/tr>\n<tr>\n<td>FIAT UNO SPORTING G-2,FIRE EVO 327 A 011 1.4 L 8V SOHC L4 FLEX, 2014-2019.<\/td>\n<\/tr>\n<tr>\n<td>FIAT DOBLO ELX ,FIRE 310 A 2011 1.4 L 8V SOHC L4 FLEX, 2009-2011.<\/td>\n<\/tr>\n<tr>\n<td>FIAT SIENA ATRACTIVE ,FIRE 310 A 2011 1.4 L 8V SOHC L4 FLEX, 2010-2011.<\/td>\n<\/tr>\n<tr>\n<td>FIAT PALIO ATRACTIVO BEST SELLER G-4,FIRE EVO 327 A 011 1.4 L 8V SOHC L4 FLEX, 2014-2018.<\/td>\n<\/tr>\n<tr>\n<td>FIAT DOBLO CARGO G-2,FIRE 310 A 2011 1.4 L 8V SOHC L4 FLEX, 2014-2015.<\/td>\n<\/tr>\n<tr>\n<td>FIAT SIENA ELX RST III FLEX ,FIRE 310 A 2011 1.4 L 8V SOHC L4 FLEX, 2008-2008.<\/td>\n<\/tr>\n<tr>\n<td>FIAT DOBLO EX ,FIRE 310 A 2011 1.4 L 8V SOHC L4 FLEX, 2009-2011.<\/td>\n<\/tr>\n<tr>\n<td>FIAT FIORINO WORKING G-5,FIRE EVO 327 A 011 1.4 L 8V SOHC L4 FLEX, 2020-2023.F000C60003<\/td>\n<\/tr>\n<tr>\n<td>FIAT UNO SPORTING DUALOGIC G-2,FIRE EVO 327 A 011 1.4 L 8V SOHC L4 FLEX, 2014-2016.<\/td>\n<\/tr>\n<tr>\n<td>FIAT UNO VAN G-1,FIRE EVO 327 A 011 1.4 L 8V SOHC L4 FLEX, 2013-2015.<\/td>\n<\/tr>\n<tr>\n<td>FIAT 500 EVO CABRIO DUALOGIC ,FIRE EVO 327 A 011 1.4 L 8V SOHC L4 FLEX, 2015-2016.<\/td>\n<\/tr>\n<tr>\n<td>FIAT 500 EVO CONVERTIBLE ,FIRE EVO 327 A 011 1.4 L 8V SOHC L4 FLEX, 2015-2016.<\/td>\n<\/tr>\n<tr>\n<td>FIAT 500 CULT ,FIRE EVO 327 A 011 1.4 L 8V SOHC L4 FLEX, 2015-2016.<\/td>\n<\/tr>\n<tr>\n<td>FIAT 500 CULT DUALOGIC ,FIRE EVO 327 A 011 1.4 L 8V SOHC L4 FLEX, 2015-2016.<\/td>\n<\/tr>\n<tr>\n<td>AMBULANCIA FIAT FIORINO G-2,FIRE EVO 327 A 011 1.4 L 8V SOHC L4 FLEX, 2020-2023.<\/td>\n<\/tr>\n<tr>\n<td>FIAT PALIO WEEKEND ELX FLEX ,FIRE 310 A 2011 1.4 L 8V SOHC L4 FLEX, 2009-2010.<\/td>\n<\/tr>\n<tr>\n<td>FIAT 500 CULT G-1,FIRE EVO 327 A 011 1.4 L 8V SOHC L4 FLEX, 2020-2020.<\/td>\n<\/tr>\n<\/tbody>\n<\/table>\n<div><\/div>\n<div>ATENCI\u00d3N:<\/div>\n<div>Recomendamos que la instalaci\u00f3n del F000C60003 sea realizada por un profesional capacitado y especializado.<\/div>\n<div>Solo realiza la compra de este producto F000C60003 aseg\u00farate de que es compatible con tu veh\u00edculo, si tienes alguna duda, no dudes en ponerte en contacto con nosotros. Nuestro horario de apertura es de lunes a viernes de 8 a 18 h.<\/div>\n<div><\/div>\n<div>Sobre nosotros<\/div>\n<div>COM Automotive est\u00e1 especializada en piezas de autom\u00f3vil de dise\u00f1o original para el sector de la reparaci\u00f3n posventa, clientes industriales y fabricantes de veh\u00edculos especiales OEM.<\/div>\n<div>Nuestro equipo tiene m\u00e1s de 28 a\u00f1os de experiencia en la fabricaci\u00f3n y el suministro de piezas de automoci\u00f3n a escala mundial.<\/div>\n<div>Nuestra MISI\u00d3N es ofrecer productos de dise\u00f1o original con una calidad impecable y una sustituci\u00f3n personalizada.<\/div>\n<div>Nuestra VISI\u00d3N es promover el crecimiento y un valor inigualable para nuestros clientes.<\/div>\n","protected":false},"excerpt":{"rendered":"<p>F000C60003-COM. En stock. Ref: F000C60005, F000C60003, 52002707, 51893390, 51911199, 520027070, BC4280809391RC, F000CD0901, 4280009391, 80023936 &#8211; compatible con: FIAT. Marca: COM Automotive &#8211; Producto con calidad y dise\u00f1o originales. Compatible con Bosch<\/p>\n","protected":false},"featured_media":19095,"comment_status":"open","ping_status":"closed","template":"","meta":[],"product_brand":[],"product_cat":[8119],"product_tag":[13821],"class_list":{"0":"post-15696","1":"product","2":"type-product","3":"status-publish","4":"has-post-thumbnail","6":"product_cat-motor-de-arranque","7":"product_tag-52002707-es","9":"first","10":"instock","11":"taxable","12":"shipping-taxable","13":"purchasable","14":"product-type-simple"},"_links":{"self":[{"href":"https:\/\/com-automotive.com\/es\/wp-json\/wp\/v2\/product\/15696","targetHints":{"allow":["GET"]}}],"collection":[{"href":"https:\/\/com-automotive.com\/es\/wp-json\/wp\/v2\/product"}],"about":[{"href":"https:\/\/com-automotive.com\/es\/wp-json\/wp\/v2\/types\/product"}],"replies":[{"embeddable":true,"href":"https:\/\/com-automotive.com\/es\/wp-json\/wp\/v2\/comments?post=15696"}],"wp:featuredmedia":[{"embeddable":true,"href":"https:\/\/com-automotive.com\/es\/wp-json\/wp\/v2\/media\/19095"}],"wp:attachment":[{"href":"https:\/\/com-automotive.com\/es\/wp-json\/wp\/v2\/media?parent=15696"}],"wp:term":[{"taxonomy":"product_brand","embeddable":true,"href":"https:\/\/com-automotive.com\/es\/wp-json\/wp\/v2\/product_brand?post=15696"},{"taxonomy":"product_cat","embeddable":true,"href":"https:\/\/com-automotive.com\/es\/wp-json\/wp\/v2\/product_cat?post=15696"},{"taxonomy":"product_tag","embeddable":true,"href":"https:\/\/com-automotive.com\/es\/wp-json\/wp\/v2\/product_tag?post=15696"}],"curies":[{"name":"wp","href":"https:\/\/api.w.org\/{rel}","templated":true}]}}