{"id":15691,"date":"2023-11-01T14:50:28","date_gmt":"2023-11-01T17:50:28","guid":{"rendered":"https:\/\/com-automotive.com\/motor-de-arranque-12v-11d-0001125640-0001125625-281000l200b-toyota-hilux-sw4-2-8-16\/"},"modified":"2025-12-12T10:45:28","modified_gmt":"2025-12-12T13:45:28","slug":"motor-de-arranque-12v-11d-0001125640-0001125625-281000l200b-toyota-hilux-sw4-2-8-16","status":"publish","type":"product","link":"https:\/\/com-automotive.com\/es\/motor-de-arranque-12v-11d-0001125640-0001125625-281000l200b-toyota-hilux-sw4-2-8-16\/","title":{"rendered":"Marcha 12V 11T 2Kw compat\u00edvel con 0001125625 281000L201 Hilux SW4 2.8 16&gt;22 (1dreno)<span class=\"product-sku\" style=\"display: block; font-size: 0.85em; color: #777; margin-top: 5px; margin-bottom: 5px;\">SKU: 6000.5640-COM<\/span>"},"content":{"rendered":"<h1><strong>COM-AUTOMOTIVE, producto con Calidad y Dise\u00f1o Original.<\/strong><\/h1>\n<p>Marcha 12V 11T 2Kw compat\u00edvel con 0001125625 281000L201 Hilux SW4 2.8 16&gt;22 (1dreno)<\/p>\n<h2>Preguntas m\u00e1s frecuentes<\/h2>\n<h3><strong>\u00bfCu\u00e1les son las referencias cruzadas de este producto de la marca COM Automotive?<\/strong><\/h3>\n<p><strong>*** Esto no reemplaza\/no es intercambiable con la versi\u00f3n de 2 desag\u00fces.<\/strong><br \/>\n281000L180, 281000L200B, 281000L200A, 281000L201, 0001125625, 0001125626, 1986S00825, 4380001790, 4380003100, ZEN 31054, ZM 8070801, EURO 20506, DITA 20636, 0001125640-COM, 6000.5640-COM, 60005640-COM, 60005640<\/p>\n<h2><strong>Tabla de aplicaci\u00f3n<\/strong><\/h2>\n<p>Hilux 2.8 Diesel 2016&gt;2022&gt;2022<br \/>\nHilux 3.0 Diesel 2016&gt;2022&gt;2022<br \/>\nHilux SW4 SRX 4\u00d74 2.8 TDI 16V autom\u00e1tico Diesel 2017&gt;2022&gt;2022<\/p>\n<p>Nota de aplicaci\u00f3n: motor de arranque con 1 drenaje.<\/p>\n<div><strong>ATENCI\u00d3N:<\/strong><\/div>\n<div>Recomendamos que la instalaci\u00f3n del producto sea realizada por un profesional capacitado y especializado.<\/div>\n<div>Solo realiza la compra de este producto con la certeza de que es compatible con tu veh\u00edculo, si tienes alguna duda, no dudes en ponerte en contacto con nosotros. Nuestro horario de apertura es de lunes a viernes de 8 a 18 h.<\/div>\n<div><\/div>\n<div><strong>SOBRE NOSOTROS:<\/strong><\/div>\n<div>COM Automotive est\u00e1 especializada en piezas de autom\u00f3vil de dise\u00f1o original para el sector de la reparaci\u00f3n posventa, clientes industriales y fabricantes de veh\u00edculos especiales OEM.<\/div>\n<div>Nuestro equipo tiene m\u00e1s de 28 a\u00f1os de experiencia en la fabricaci\u00f3n y el suministro de piezas de automoci\u00f3n a escala mundial.<\/div>\n<div>Nuestra <strong>MISI\u00d3N <\/strong> es ofrecer productos de dise\u00f1o original con una calidad impecable y una sustituci\u00f3n personalizada.<\/div>\n<div>Nuestra <strong>VISI\u00d3N<\/strong> es promover el crecimiento y un valor inigualable para nuestros clientes.<\/div>\n<div><\/div>\n<div><strong>DISE\u00d1O ORIGINAL<\/strong><\/div>\n<div>El t\u00e9rmino \u00abDise\u00f1o Original\u00bb se refiere a la percepci\u00f3n \u00fanica e innovadora y a la propuesta de valor de los productos de COM Automotive, as\u00ed como a la experiencia ofrecida durante su compra. Esto abarca no solo el empaque y la est\u00e9tica del producto, sino tambi\u00e9n la autenticidad y creatividad de la marca. COM Automotive busca ofrecer productos de alta calidad que satisfagan las necesidades de la industria del mercado de repuestos, aline\u00e1ndose con su Visi\u00f3n, Misi\u00f3n y Valores.  <\/div>\n<div><\/div>\n<div><strong>NOTAR:<\/strong><\/div>\n<div>C\u00f3digo de Protecci\u00f3n al Consumidor (CDC): La Ley N\u00b0 8.078, de 11 de septiembre de 1990, establece que la informaci\u00f3n proporcionada al consumidor debe ser clara y precisa. El art\u00edculo 31 del CDC exige que la publicidad y el etiquetado de los productos y servicios sean veraces y no induzcan a error al consumidor. Esto incluye asegurarse de que la informaci\u00f3n sobre la compatibilidad, la marca y las caracter\u00edsticas se describa correctamente para evitar malentendidos. El uso del t\u00e9rmino \u00abcompatible\u00bb tambi\u00e9n est\u00e1 regulado por los grandes mercados en el mercado para la catalogaci\u00f3n adecuada de productos y la aplicaci\u00f3n automotriz.   <\/div>\n","protected":false},"excerpt":{"rendered":"<p>6000.5640-COM. Compat\u00edvel com: 281000L180, 281000L200B, 281000L200A, 281000L201, 0001125625, 0001125626, 1986S00825, 4380001790, 4380003100, ZEN 31054, ZM 8070801, EURO 20506, DITA 20636, 0001125640-COM, 6000.5640-COM, 60005640-COM, 60005640.  Marca: COM Automotive &#8211; Producto con calidad y dise\u00f1o originales.<\/p>\n","protected":false},"featured_media":18586,"comment_status":"open","ping_status":"closed","template":"","meta":[],"product_brand":[],"product_cat":[8119],"product_tag":[12749,12754,41520,41529,41527,12753,12751,41528,41521,41530,41523,41525,41524,41519,41518,41522,41526],"class_list":{"0":"post-15691","1":"product","2":"type-product","3":"status-publish","4":"has-post-thumbnail","6":"product_cat-motor-de-arranque","7":"product_tag-0001125625-es","8":"product_tag-0001125626-es","9":"product_tag-0001125640-com","10":"product_tag-1986s00825","11":"product_tag-281000l180","12":"product_tag-281000l200a-es","13":"product_tag-281000l200b-es","14":"product_tag-281000l201","15":"product_tag-41521","16":"product_tag-41530","17":"product_tag-6000-5640-com","18":"product_tag-41525","19":"product_tag-60005640-com","20":"product_tag-dita-20636","21":"product_tag-euro-20506","22":"product_tag-zen-31054","23":"product_tag-zm-8070801","25":"first","26":"instock","27":"taxable","28":"shipping-taxable","29":"purchasable","30":"product-type-simple"},"_links":{"self":[{"href":"https:\/\/com-automotive.com\/es\/wp-json\/wp\/v2\/product\/15691","targetHints":{"allow":["GET"]}}],"collection":[{"href":"https:\/\/com-automotive.com\/es\/wp-json\/wp\/v2\/product"}],"about":[{"href":"https:\/\/com-automotive.com\/es\/wp-json\/wp\/v2\/types\/product"}],"replies":[{"embeddable":true,"href":"https:\/\/com-automotive.com\/es\/wp-json\/wp\/v2\/comments?post=15691"}],"wp:featuredmedia":[{"embeddable":true,"href":"https:\/\/com-automotive.com\/es\/wp-json\/wp\/v2\/media\/18586"}],"wp:attachment":[{"href":"https:\/\/com-automotive.com\/es\/wp-json\/wp\/v2\/media?parent=15691"}],"wp:term":[{"taxonomy":"product_brand","embeddable":true,"href":"https:\/\/com-automotive.com\/es\/wp-json\/wp\/v2\/product_brand?post=15691"},{"taxonomy":"product_cat","embeddable":true,"href":"https:\/\/com-automotive.com\/es\/wp-json\/wp\/v2\/product_cat?post=15691"},{"taxonomy":"product_tag","embeddable":true,"href":"https:\/\/com-automotive.com\/es\/wp-json\/wp\/v2\/product_tag?post=15691"}],"curies":[{"name":"wp","href":"https:\/\/api.w.org\/{rel}","templated":true}]}}