{"id":15690,"date":"2023-11-01T14:50:08","date_gmt":"2023-11-01T17:50:08","guid":{"rendered":"https:\/\/com-automotive.com\/motor-de-arranque-12v-11d-tsc10r7-02t911023e-vw-fox-gol-polo-parati-ea111\/"},"modified":"2023-11-01T14:50:08","modified_gmt":"2023-11-01T17:50:08","slug":"motor-de-arranque-12v-11d-tsc10r7-02t911023e-vw-fox-gol-polo-parati-ea111","status":"publish","type":"product","link":"https:\/\/com-automotive.com\/es\/motor-de-arranque-12v-11d-tsc10r7-02t911023e-vw-fox-gol-polo-parati-ea111\/","title":{"rendered":"Motor de arranque 12V 11D TSC10R7 02T911023E VW Fox Gol Polo Parati EA111<span class=\"product-sku\" style=\"display: block; font-size: 0.85em; color: #777; margin-top: 5px; margin-bottom: 5px;\">SKU: 6000.5107-COM<\/span>"},"content":{"rendered":"<h1><strong>COM-AUTOMOTIVE, calidad de dise\u00f1o original.<\/strong><\/h1>\n<p>TSC10R7 Motor de arranque de 12V 1.4 KW 11 dientes Dise\u00f1o: VALEO Tipo: TSC &#8211; OEM: MOTOR VOLKSWAGEN EA111<\/p>\n<h2>Preguntas m\u00e1s frecuentes<\/h2>\n<h3><strong>\u00bfCu\u00e1les son las referencias cruzadas?<\/strong><\/h3>\n<p>495109, 02M911024R, 02M911021J, 0001177008, 02M911021J, TSC10R7, T001006004, ZEN 32015<\/p>\n<h2><strong>Tabla de aplicaci\u00f3n<\/strong><\/h2>\n<table style=\"height: 1925px;\" width=\"1113\">\n<tbody>\n<tr>\n<td width=\"779\">VOLKSWAGEN GOL TOTAL FLEX G-5, EA111 VHT CCNA 1.0 L 8V SOHC L4 FLEX, 2008-2013.<\/td>\n<\/tr>\n<tr>\n<td>VOLKSWAGEN VOYAGE COMFORTLINE , EA111 VHT CCNA 1.0 L 8V SOHC L4 FLEX, 2008-2012.<\/td>\n<\/tr>\n<tr>\n<td>VOLKSWAGEN FOX CITY TOTAL FLEX G-1, EA111 BNX 1.0 L 8V SOHC L4 FLEX, 2005-2007.<\/td>\n<\/tr>\n<tr>\n<td>VOLKSWAGEN VOYAGE COMFORTLINE G-3, EA111 VHT CCRA 1.6 L 8V SOHC L4 FLEX, 2008-2014.<\/td>\n<\/tr>\n<tr>\n<td>VOLKSWAGEN GOL PLUS TOTAL FLEX G-6, EA111 VHT CCNA 1.0 L 8V SOHC L4 FLEX, 2012-2014.<\/td>\n<\/tr>\n<tr>\n<td>VOLKSWAGEN GOL PLUS TOTAL FLEX G-6, EA111 TEC CCNA 1.0 L 8V SOHC L4 FLEX, 2013-2013.<\/td>\n<\/tr>\n<tr>\n<td>VOLKSWAGEN GOL TOTAL FLEX G-5, EA111 VHT CCRA 1.6 L 8V SOHC L4 FLEX, 2008-2014.<\/td>\n<\/tr>\n<tr>\n<td>VOLKSWAGEN GOL CITY TOTAL FLEX G-5, EA111 VHT CCRA 1.6 L 8V SOHC L4 FLEX, 2008-2013.<\/td>\n<\/tr>\n<tr>\n<td>VOLKSWAGEN VOYAGE MSI G-4, EA111 VHT CCRA 1.6 L 8V SOHC L4 FLEX, 2019-2021.<\/td>\n<\/tr>\n<tr>\n<td>VOLKSWAGEN FOX NEW CROSSFOX G-2, EA111 VHT CCRA 1.6 L 8V SOHC L4 FLEX, 2009-2013.<\/td>\n<\/tr>\n<tr>\n<td>VOLKSWAGEN VOYAGE HIGHLINE G-4, EA111 VHT CCRA 1.6 L 8V SOHC L4 FLEX, 2012-2018.<\/td>\n<\/tr>\n<tr>\n<td>VOLKSWAGEN VOYAGE TOTAL FLEX , EA111 TEC CCNA 1.0 L 8V SOHC L4 FLEX, 2012-2013. TSC10R7<\/td>\n<\/tr>\n<tr>\n<td>VOLKSWAGEN GOL CITY TOTAL FLEX G-6, EA111 TEC CCNA 1.0 L 8V SOHC L4 FLEX, 2013-2014.<\/td>\n<\/tr>\n<tr>\n<td>VOLKSWAGEN GOL TRENDLINE G-6, EA111 TEC CPBA 1.0 L 8V SOHC L4 FLEX, 2014-2015.<\/td>\n<\/tr>\n<tr>\n<td>VOLKSWAGEN POLO SEDAN TOTAL FLEX , EA111 VHT CCRA 1.6 L 8V SOHC L4 FLEX, 2009-2014.<\/td>\n<\/tr>\n<tr>\n<td>VOLKSWAGEN FOX CROSSFOX TOTAL FLEX G-1, EA111 BPA 1.6 L 8V SOHC L4 FLEX, 2005-2007.<\/td>\n<\/tr>\n<tr>\n<td>VOLKSWAGEN VOYAGE PRUEBAS G-3, EA111 VHT CCRA 1.6 L 8V SOHC L4 FLEX, 2014-2015.<\/td>\n<\/tr>\n<tr>\n<td>VOLKSWAGEN GOL POWER TOTAL FLEX G-5, EA111 VHT CCRA 1.6 L 8V SOHC L4 FLEX, 2008-2014.<\/td>\n<\/tr>\n<tr>\n<td>VOLKSWAGEN GOLF SPORTLINE TOTAL FLEX G-4, EA111 VHT CCRA 1.6 L 8V SOHC L4 FLEX, 2009-2019.<\/td>\n<\/tr>\n<tr>\n<td>VOLKSWAGEN FOX CROSSFOX TOTAL FLEX G-1, EA111 VHT CCRA 1.6 L 8V SOHC L4 FLEX, 2008-2009.<\/td>\n<\/tr>\n<tr>\n<td>VOLKSWAGEN FOX PLUS TOTAL FLEX G-1, EA111 BPA 1.6 L 8V SOHC L4 FLEX, 2005-2010.<\/td>\n<\/tr>\n<tr>\n<td>VOLKSWAGEN VOYAGE HIGHLINE I-MOTION G-4, EA111 VHT CCRA 1.6 L 8V SOHC L4 FLEX, 2012-2018.<\/td>\n<\/tr>\n<tr>\n<td>VOLKSWAGEN GOL COMFORTLINE G-6, EA111 TEC CPBA 1.0 L 8V SOHC L4 FLEX, 2014-2015.<\/td>\n<\/tr>\n<tr>\n<td>VOLKSWAGEN SPACEFOX TREND I-MOTION , EA111 VHT CCRA 1.6 L 8V SOHC L4 FLEX, 2011-2014.<\/td>\n<\/tr>\n<tr>\n<td>VOLKSWAGEN SPACEFOX PLUS TOTAL FLEX , EA111 VHT CCRA 1.6 L 8V SOHC L4 FLEX, 2008-2010.<\/td>\n<\/tr>\n<tr>\n<td>VOLKSWAGEN GOL TRACK G-6, EA111 TEC CCNA 1.0 L 8V SOHC L4 FLEX, 2013-2014.<\/td>\n<\/tr>\n<tr>\n<td>VOLKSWAGEN SPACEFOX TOTAL FLEX , EA111 VHT CCRA 1.6 L 8V SOHC L4 FLEX, 2010-2014.<\/td>\n<\/tr>\n<tr>\n<td>VOLKSWAGEN VOYAGE TRENDLINE G-3, EA111 VHT CCRA 1.6 L 8V SOHC L4 FLEX, 2008-2014.<\/td>\n<\/tr>\n<tr>\n<td>VOLKSWAGEN POLO TOTAL FLEX , EA111 VHT CCRA 1.6 L 8V SOHC L4 FLEX, 2009-2011.<\/td>\n<\/tr>\n<tr>\n<td>VOLKSWAGEN GOL SPECIAL G-6, EA111 TEC CPBA 1.0 L 8V SOHC L4 FLEX, 2014-2015.<\/td>\n<\/tr>\n<tr>\n<td>VOLKSWAGEN VOYAGE COMFORTLINE I-MOTION G-3, EA111 VHT CCRA 1.6 L 8V SOHC L4 FLEX, 2012-2014.<\/td>\n<\/tr>\n<tr>\n<td>VOLKSWAGEN VOYAGE COMFORTLINE G-3, EA111 TEC CPBA 1.0 L 8V SOHC L4 FLEX, 2014-2015.<\/td>\n<\/tr>\n<tr>\n<td>VOLKSWAGEN SPACEFOX SPORTLINE , EA111 VHT CCRA 1.6 L 8V SOHC L4 FLEX, 2010-2014.<\/td>\n<\/tr>\n<tr>\n<td>VOLKSWAGEN POLO SEDAN COMFORTLINE TOTAL FLEX , EA111 VHT CCRA 1.6 L 8V SOHC L4 FLEX, 2009-2013.<\/td>\n<\/tr>\n<tr>\n<td>VOLKSWAGEN VOYAGE TRENDLINE G-3, EA111 TEC CPBA 1.0 L 8V SOHC L4 FLEX, 2014-2015.<\/td>\n<\/tr>\n<tr>\n<td>VOLKSWAGEN VOYAGE I-MOTION G-3, EA111 VHT CCRA 1.6 L 8V SOHC L4 FLEX, 2012-2013.<\/td>\n<\/tr>\n<tr>\n<td>VOLKSWAGEN POLO SPORTLINE TOTAL FLEX , EA111 VHT CCRA 1.6 L 8V SOHC L4 FLEX, 2009-2015.<\/td>\n<\/tr>\n<tr>\n<td>VOLKSWAGEN VOYAGE COMFORTLINE G-4, EA111 VHT CCRA 1.6 L 8V SOHC L4 FLEX, 2016-2019.<\/td>\n<\/tr>\n<tr>\n<td>VOLKSWAGEN POLO BLUEMOTION , EA111 VHT CCRA 1.6 L 8V SOHC L4 FLEX, 2008-2015.<\/td>\n<\/tr>\n<tr>\n<td>VOLKSWAGEN SPACEFOX COMFORTLINE , EA111 VHT CCRA 1.6 L 8V SOHC L4 FLEX, 2009-2019.<\/td>\n<\/tr>\n<tr>\n<td>VOLKSWAGEN VOYAGE COMFORTLINE I-MOTION G-4, EA111 VHT CCRA 1.6 L 8V SOHC L4 FLEX, 2016-2018.<\/td>\n<\/tr>\n<tr>\n<td>VOLKSWAGEN FOX PLUS TOTAL FLEX G-1, EA111 BJA 1.6 L 8V SOHC L4 FLEX, 2003-2004.<\/td>\n<\/tr>\n<tr>\n<td>VOLKSWAGEN FOX RUTA TOTAL FLEX G-1, EA111 BNX 1.0 L 8V SOHC L4 FLEX, 2007-2009.<\/td>\n<\/tr>\n<tr>\n<td>VOLKSWAGEN GOL TOTAL FLEX G-6, EA111 TEC CCNA 1.0 L 8V SOHC L4 FLEX, 2013-2014. TSC10R7<\/td>\n<\/tr>\n<tr>\n<td>VOLKSWAGEN SPACEFOX ROUTE , EA111 VHT CCRA 1.6 L 8V SOHC L4 FLEX, 2009-2010.<\/td>\n<\/tr>\n<tr>\n<td>VOLKSWAGEN GOL CITY TOTAL FLEX G-5, EA111 VHT CCNA 1.0 L 8V SOHC L4 FLEX, 2012-2012.<\/td>\n<\/tr>\n<tr>\n<td>VOLKSWAGEN VOYAGE TRENDLINE G-4, EA111 VHT CCRA 1.6 L 8V SOHC L4 FLEX, 2016-2019.<\/td>\n<\/tr>\n<tr>\n<td>VOLKSWAGEN FOX RUTA TOTAL FLEX G-1, EA111 BPA 1.6 L 8V SOHC L4 FLEX, 2007-2009.<\/td>\n<\/tr>\n<tr>\n<td>VOLKSWAGEN GOL I-MOTION G-5, EA111 VHT CCRA 1.6 L 8V SOHC L4 FLEX, 2008-2014.<\/td>\n<\/tr>\n<tr>\n<td>VOLKSWAGEN FOX PLUS TOTAL FLEX G-1, EA111 BNX 1.0 L 8V SOHC L4 FLEX, 2005-2009.<\/td>\n<\/tr>\n<tr>\n<td>VOLKSWAGEN POLO I-MOTION , EA111 VHT CCRA 1.6 L 8V SOHC L4 FLEX, 2013-2015.<\/td>\n<\/tr>\n<tr>\n<td>VOLKSWAGEN GOLF TOTAL FLEX G-4, EA111 VHT CCRA 1.6 L 8V SOHC L4 FLEX, 2009-2014.<\/td>\n<\/tr>\n<tr>\n<td>VOLKSWAGEN GOL ROCK EN RIO TOTAL FLEX G-5, EA111 VHT CCNA 1.0 L 8V SOHC L4 FLEX, 2011-2011.<\/td>\n<\/tr>\n<tr>\n<td>VOLKSWAGEN SPACEFOX COMFORTLINE I-MOTION , EA111 VHT CCRA 1.6 L 8V SOHC L4 FLEX, 2014-2018.<\/td>\n<\/tr>\n<tr>\n<td>VOLKSWAGEN FOX SPORTLINE TOTAL FLEX G-1, EA111 BJA 1.6 L 8V SOHC L4 FLEX, 2004-2004.<\/td>\n<\/tr>\n<tr>\n<td>VOLKSWAGEN POLO SPORT.I-MOTION , EA111 VHT CCRA 1.6 L 8V SOHC L4 FLEX, 2014-2015.<\/td>\n<\/tr>\n<tr>\n<td>VOLKSWAGEN SPACEFOX TRENDLINE , EA111 VHT CCRA 1.6 L 8V SOHC L4 FLEX, 2016-2020.<\/td>\n<\/tr>\n<tr>\n<td>VOLKSWAGEN GOL SELECTION TOTAL FLEX G-5, EA111 VHT CCNA 1.0 L 8V SOHC L4 FLEX, 2010-2010.<\/td>\n<\/tr>\n<tr>\n<td>VOLKSWAGEN GOLF TECH G-4, EA111 VHT CCRA 1.6 L 8V SOHC L4 FLEX, 2008-2009. TSC10R7<\/td>\n<\/tr>\n<tr>\n<td>VOLKSWAGEN FOX SPORTLINE TOTAL FLEX G-1, EA111 BPA 1.6 L 8V SOHC L4 FLEX, 2005-2007.<\/td>\n<\/tr>\n<tr>\n<td>VOLKSWAGEN SPACEFOX TRENDLINE I-MOTION , EA111 VHT CCRA 1.6 L 8V SOHC L4 FLEX, 2016-2020. TSC10R7<\/td>\n<\/tr>\n<tr>\n<td>VOLKSWAGEN POLO MID , EA111 VHT CCRA 1.6 L 8V SOHC L4 FLEX, 2009-2011. TSC10R7 TSC10R7<\/td>\n<\/tr>\n<tr>\n<td>VOLKSWAGEN VOYAGE SELECTION G-3, EA111 TEC CCNA 1.0 L 8V SOHC L4 FLEX, 2013-2013.<\/td>\n<\/tr>\n<tr>\n<td>VOLKSWAGEN GOLF SPORTLINE G-4, EA111 VHT CCRA 1.6 L 8V SOHC L4 FLEX, 2012-2014.<\/td>\n<\/tr>\n<tr>\n<td>VOLKSWAGEN VOYAGE SELECTION G-3, EA111 VHT CCRA 1.6 L 8V SOHC L4 FLEX, 2013-2013.<\/td>\n<\/tr>\n<tr>\n<td>VOLKSWAGEN FOX SPORTLINE TOTAL FLEX G-1, EA111 BNX 1.0 L 8V SOHC L4 FLEX, 2006-2007.<\/td>\n<\/tr>\n<tr>\n<td>VOLKSWAGEN VOYAGE SELECTION I-MOTION G-3, EA111 VHT CCRA 1.6 L 8V SOHC L4 FLEX, 2013-2013.<\/td>\n<\/tr>\n<tr>\n<td>VOLKSWAGEN VOYAGE CITY G-3, EA111 VHT CCRA 1.6 L 8V SOHC L4 FLEX, 2020-2021. TSC10R7<\/td>\n<\/tr>\n<\/tbody>\n<\/table>\n<p>&nbsp;<\/p>\n<div>ATENCI\u00d3N:<\/div>\n<div>Recomendamos que la instalaci\u00f3n del TSC10R7 sea realizada por un profesional capacitado y especializado.<\/div>\n<div>Solo realiza la compra de este producto TSC10R7 aseg\u00farate de que es compatible con tu veh\u00edculo, si tienes alguna duda, no dudes en ponerte en contacto con nosotros. Nuestro horario de apertura es de lunes a viernes de 8 a 18 h.<\/div>\n<div><\/div>\n<div>Sobre nosotros<\/div>\n<div>COM Automotive est\u00e1 especializada en piezas de autom\u00f3vil de dise\u00f1o original para el sector de la reparaci\u00f3n posventa, clientes industriales y fabricantes de veh\u00edculos especiales OEM.<\/div>\n<div>Nuestro equipo tiene m\u00e1s de 28 a\u00f1os de experiencia en la fabricaci\u00f3n y el suministro de piezas de automoci\u00f3n a escala mundial.<\/div>\n<div>Nuestra MISI\u00d3N es ofrecer productos de dise\u00f1o original con una calidad impecable y una sustituci\u00f3n personalizada.<\/div>\n<div>Nuestra VISI\u00d3N es promover el crecimiento y un valor inigualable para nuestros clientes.<\/div>\n","protected":false},"excerpt":{"rendered":"<p>TSC10R7-COM. En stock. Ref: T001006004, TSC10R7, 02T911023E, 02T911023D, 02T911023EX, 02T911023G, 02T911023GX, 02T911023Q, F000AL0502, TSC10R7, D7ES6, 495107, ZEN 32015, ZM 8021101, EURO 20544, DITA 20262 &#8211; compatible con: VOLKSWAGEN FOX. Marca: COM Automotive &#8211; Producto con calidad y dise\u00f1o originales. Compatible con Valeo<\/p>\n","protected":false},"featured_media":19164,"comment_status":"open","ping_status":"closed","template":"","meta":[],"product_brand":[],"product_cat":[8119],"product_tag":[12738,12737,12739,12740,12741,12742,14549,12744,14553,12743,12745,14545,14547,12892,14543,12746,12736,12748,12747,14554],"class_list":{"0":"post-15690","1":"product","2":"type-product","3":"status-publish","4":"has-post-thumbnail","6":"product_cat-motor-de-arranque","7":"product_tag-02t911023d-es","8":"product_tag-02t911023e-es","9":"product_tag-02t911023ex-es","10":"product_tag-02t911023g-es","11":"product_tag-02t911023gx-es","12":"product_tag-02t911023q-es","13":"product_tag-438179-es","14":"product_tag-495107-es","15":"product_tag-5z0911023-es","16":"product_tag-d7es6-es","17":"product_tag-euro-20544-es","18":"product_tag-f000al0402-es","19":"product_tag-f000al0415-es","20":"product_tag-f000al0502-es","21":"product_tag-f000cd0800-es","22":"product_tag-t001006004-es","23":"product_tag-tsc10r7-es","24":"product_tag-tsc10r7-com-es","25":"product_tag-zen-32015-es","26":"product_tag-zm-8021101-es","28":"first","29":"instock","30":"taxable","31":"shipping-taxable","32":"purchasable","33":"product-type-simple"},"_links":{"self":[{"href":"https:\/\/com-automotive.com\/es\/wp-json\/wp\/v2\/product\/15690","targetHints":{"allow":["GET"]}}],"collection":[{"href":"https:\/\/com-automotive.com\/es\/wp-json\/wp\/v2\/product"}],"about":[{"href":"https:\/\/com-automotive.com\/es\/wp-json\/wp\/v2\/types\/product"}],"replies":[{"embeddable":true,"href":"https:\/\/com-automotive.com\/es\/wp-json\/wp\/v2\/comments?post=15690"}],"wp:featuredmedia":[{"embeddable":true,"href":"https:\/\/com-automotive.com\/es\/wp-json\/wp\/v2\/media\/19164"}],"wp:attachment":[{"href":"https:\/\/com-automotive.com\/es\/wp-json\/wp\/v2\/media?parent=15690"}],"wp:term":[{"taxonomy":"product_brand","embeddable":true,"href":"https:\/\/com-automotive.com\/es\/wp-json\/wp\/v2\/product_brand?post=15690"},{"taxonomy":"product_cat","embeddable":true,"href":"https:\/\/com-automotive.com\/es\/wp-json\/wp\/v2\/product_cat?post=15690"},{"taxonomy":"product_tag","embeddable":true,"href":"https:\/\/com-automotive.com\/es\/wp-json\/wp\/v2\/product_tag?post=15690"}],"curies":[{"name":"wp","href":"https:\/\/api.w.org\/{rel}","templated":true}]}}