{"id":15686,"date":"2023-11-01T14:51:09","date_gmt":"2023-11-01T17:51:09","guid":{"rendered":"https:\/\/com-automotive.com\/motor-de-arranque-de-12v-10d-0001121440-51865316-para-new-uno-strada-idea-fiorino-04\/"},"modified":"2023-11-01T14:51:09","modified_gmt":"2023-11-01T17:51:09","slug":"motor-de-arranque-de-12v-10d-0001121440-51865316-para-new-uno-strada-idea-fiorino-04","status":"publish","type":"product","link":"https:\/\/com-automotive.com\/es\/motor-de-arranque-de-12v-10d-0001121440-51865316-para-new-uno-strada-idea-fiorino-04\/","title":{"rendered":"Motor de arranque de 12V 10D 0001121440 51865316 para New Uno Strada Idea Fiorino 04&gt;<span class=\"product-sku\" style=\"display: block; font-size: 0.85em; color: #777; margin-top: 5px; margin-bottom: 5px;\">SKU: 6000.1440-COM<\/span>"},"content":{"rendered":"<h1><strong>COM-AUTOMOTIVE, calidad de dise\u00f1o original.<\/strong><\/h1>\n<p>0001121440 Motor de arranque de 12V 3KW 10 dientes Dise\u00f1o: BOSCH SEG Tipo: RF70-M15 &#8211; OEM: FIAT<\/p>\n<h2>Preguntas m\u00e1s frecuentes<\/h2>\n<h3><strong>\u00bfCu\u00e1les son las referencias cruzadas?<\/strong><\/h3>\n<p>0001121439, 0001121440, 51865316, 51865316, 1986S00792, ZEN 31022, Euro 20524, Euro 20558<\/p>\n<h2><strong>Tabla de aplicaci\u00f3n<\/strong><\/h2>\n<table width=\"793\">\n<tbody>\n<tr>\n<td width=\"793\">FIAT STRADA CS RST II FLEX , FUEGO 178 F 3011 1.4 L 8V SOHC L4 FLEX, 2006-2012.<\/td>\n<\/tr>\n<tr>\n<td>FIAT GRAND SIENA ATRACTIVE , FIRE EVO 310 A 2011 1.4 L 8V SOHC L4 FLEX, 2012-2016.<\/td>\n<\/tr>\n<tr>\n<td>FIAT TORO FREEDOM G-1, FPT INDUSTRIAL E-TORQ 370 A 0011 1.8 L 16V SOHC L4 FLEX, 2015-2023.<\/td>\n<\/tr>\n<tr>\n<td>JEEP RENEGADE 1.8 AT , FPT INDUSTRIAL E-TORQ 370 A 0011 1.8 L 16V DOHC L4 FLEX, 2019-2023.<\/td>\n<\/tr>\n<tr>\n<td>FIAT IDEA ELX FLEX , FIRE 178 F 3011 1.4 L 8V SOHC L4 FLEX, 2005-2011.<\/td>\n<\/tr>\n<tr>\n<td>FIAT SIENA EL , FIRE EVO 310 A 2011 1.4 L 8V SOHC L4 FLEX, 2012-2019.<\/td>\n<\/tr>\n<tr>\n<td>JEEP RENEGADE LONGITUDE G-1, E-TORQ 370 A 0011 1.8 L 16V DOHC L4 FLEX, 2017-2023.<\/td>\n<\/tr>\n<tr>\n<td>FIAT SIENA ELX RST II FLEX , FUEGO 178 F 3011 1.4 L 8V SOHC L4 FLEX, 2005-2010.<\/td>\n<\/tr>\n<tr>\n<td>FIAT STRADA CD ADVENTURE LOCKER , E-TORQ 370 A 0011 1.8 L 16V DOHC L4 FLEX, 2010-2013.<\/td>\n<\/tr>\n<tr>\n<td>JEEP RENEGADE SPORT G-1, E-TORQ 370 A 0011 1.8 L 16V DOHC L4 FLEX, 2017-2023.<\/td>\n<\/tr>\n<tr>\n<td>FIAT STRADA CE RST II FLEX , FUEGO 178 F 3011 1.4 L 8V SOHC L4 FLEX, 2005-2011.<\/td>\n<\/tr>\n<tr>\n<td>FIAT GRAND SIENA ESSENCE , E-TORQ 310 A 5011 1.6 L 16V SOHC L4 FLEX, 2012-2023.<\/td>\n<\/tr>\n<tr>\n<td>FIAT PALIO ELX RST III G-2, FUEGO 178 F 3011 1.4 L 8V SOHC L4 FLEX, 2007-2008.<\/td>\n<\/tr>\n<tr>\n<td>FIAT PALIO ESSENCE G-4, E-TORQ 310 A 5011 1.6 L 16V DOHC L4 FLEX, 2012-2019.<\/td>\n<\/tr>\n<tr>\n<td>FIAT STRADA CD ADVENTURE G-5, E-TORQ 370 A 0011 1.8 L 16V DOHC L4 FLEX, 2016-2023.<\/td>\n<\/tr>\n<tr>\n<td>FIAT IDEA ATRACTIVE , FUEGO 178 F 3011 1.4 L 8V SOHC L4 FLEX, 2010-2019.<\/td>\n<\/tr>\n<tr>\n<td>FIAT PUNTO ESSENCE G-1, E-TORQ 310 A 5011 1.6 L 16V SOHC L4 FLEX, 2010-2015.<\/td>\n<\/tr>\n<tr>\n<td>FIAT PALIO SPORTING G-4, E-TORQ 310 A 5011 1.6 L 16V SOHC L4 FLEX, 2012-2019.<\/td>\n<\/tr>\n<tr>\n<td>JEEP RENEGADE SPORT , E-TORQ 370 A 0011 1.8 L 16V DOHC L4 FLEX, 2015-2016.<\/td>\n<\/tr>\n<tr>\n<td>FIAT ARGO PRECISION G-1, FPT INDUSTRIAL E-TORQ 370 A 0011 1.8 L 16V SOHC L4 FLEX, 2017-2023.<\/td>\n<\/tr>\n<tr>\n<td>JEEP RENEGADE LONGITUDE , E-TORQ 370 A 0011 1.8 L 16V DOHC L4 FLEX, 2015-2016.<\/td>\n<\/tr>\n<tr>\n<td>FIAT TORO OPENING EDITION G-1, FPT INDUSTRIAL E-TORQ 370 A 0011 1.8 L 16V SOHC L4 FLEX, 2015-2018.<\/td>\n<\/tr>\n<tr>\n<td>FIAT PALIO ELX RST II G-2, FUEGO 178 F 3011 1.4 L 8V SOHC L4 FLEX, 2005-2008.<\/td>\n<\/tr>\n<tr>\n<td>JEEP RENEGADE LIMITED G-1, E-TORQ 370 A 0011 1.8 L 16V DOHC L4 FLEX, 2017-2023.<\/td>\n<\/tr>\n<tr>\n<td>FIAT IDEA ADVENTURE , E-TORQ 370 A 0011 1.8 L 16V DOHC L4 FLEX, 2010-2015.<\/td>\n<\/tr>\n<tr>\n<td>FIAT CRONOS PRECISION G-1, FPT INDUSTRIAL E-TORQ 370 A 0011 1.8 L 16V SOHC L4 FLEX, 2018-2023.<\/td>\n<\/tr>\n<tr>\n<td>FIAT STRADA CE ADVENTURE G-5, E-TORQ 370 A 0011 1.8 L 16V DOHC L4 FLEX, 2016-2019.<\/td>\n<\/tr>\n<tr>\n<td>FIAT PALIO FIN DE SEMANA ELX FLEX , FIRE 178 F 3011 1.4 L 8V SOHC L4 FLEX, 2005-2008.<\/td>\n<\/tr>\n<tr>\n<td>FIAT PALIO WEEKEND ADVENTURE , E-TORQ 310 A 5011 1.6 L 16V SOHC L4 FLEX, 2012-2016.<\/td>\n<\/tr>\n<tr>\n<td>FIAT ARGO HGT G-1, FPT INDUSTRIAL E-TORQ 370 A 0011 1.8 L 16V SOHC L4 FLEX, 2017-2023.<\/td>\n<\/tr>\n<tr>\n<td>FIAT DOBLO ESSENCE 1.8 16V G-2, E-TORQ 370 A 0011 1.8 L 16V DOHC L4 FLEX, 2016-2023.<\/td>\n<\/tr>\n<tr>\n<td>FIAT STRADA CE TREK FLEX RST II , FUEGO 178 F 3011 1.4 L 8V SOHC L4 FLEX, 2005-2008.<\/td>\n<\/tr>\n<tr>\n<td>FIAT STRADA ADVENTURE DUALOGIC G-5, E-TORQ 370 A 0011 1.8 L 16V DOHC L4 FLEX, 2016-2018.<\/td>\n<\/tr>\n<tr>\n<td>FIAT GRAND SIENA ESSENCE DUALOGIC , E-TORQ 310 A 5011 1.6 L 16V SOHC L4 FLEX, 2012-2019.<\/td>\n<\/tr>\n<tr>\n<td>FIAT SIENA SUBLIME DUALOGIC , E-TORQ 310 A 5011 1.6 L 16V SOHC L4 FLEX, 2017-2019.<\/td>\n<\/tr>\n<tr>\n<td>FIAT STRADA ADVENTURE LOCKER , E-TORQ 370 A 0011 1.8 L 16V DOHC L4 FLEX, 2010-2013.<\/td>\n<\/tr>\n<tr>\n<td>FIAT LINEA ESSENCE , E-TORQ 370 A 0011 1.8 L 16V DOHC L4 FLEX, 2011-2016.<\/td>\n<\/tr>\n<tr>\n<td>FIAT DOBLO ADVENTURE , E-TORQ 370 A 0011 1.8 L 16V DOHC L4 FLEX, 2010-2015.<\/td>\n<\/tr>\n<tr>\n<td>FIAT BRAVO ESSENCE G-1, E-TORQ 370 A 0011 1.8 L 16V DOHC L4 FLEX, 2010-2016.<\/td>\n<\/tr>\n<tr>\n<td>FIAT IDEA ESSENCE , E-TORQ 310 A 5011 1.6 L 16V DOHC L4 FLEX, 2010-2015.<\/td>\n<\/tr>\n<tr>\n<td>FIAT SIENA SUBLIME , E-TORQ 310 A 5011 1.6 L 16V SOHC L4 FLEX, 2017-2018.<\/td>\n<\/tr>\n<tr>\n<td>FIAT STRADA CD TREKKING , E-TORQ 310 A 5011 1.6 L 16V SOHC L4 FLEX, 2012-2019.<\/td>\n<\/tr>\n<tr>\n<td>FIAT STRADA CS RST FLEX , FUEGO 178 F 3011 1.4 L 8V SOHC L4 FLEX, 2005-2006.<\/td>\n<\/tr>\n<tr>\n<td>FIAT PALIO WEEKEND TREKKING , E-TORQ 310 A 5011 1.6 L 16V SOHC L4 FLEX, 2012-2016.<\/td>\n<\/tr>\n<tr>\n<td>FIAT PALIO WEEKEND ADVENTURE LOCKER DUALOGIC , E-TORQ 370 A 0011 1.8 L 16V DOHC L4 FLEX, 2010-2019.<\/td>\n<\/tr>\n<tr>\n<td>FIAT PALIO WEEKEND ADVENTURE LOCKER , E-TORQ 370 A 0011 1.8 L 16V DOHC L4 FLEX, 2010-2019.<\/td>\n<\/tr>\n<tr>\n<td>FIAT ARGO OPENING EDITION G-1, FPT INDUSTRIAL E-TORQ 370 A 0011 1.8 L 16V SOHC L4 FLEX, 2017-2018.<\/td>\n<\/tr>\n<tr>\n<td>FIAT PUNTO ESSENCE DUAL G-1, E-TORQ 370 A 0011 1.8 L 16V DOHC L4 FLEX, 2010-2015.<\/td>\n<\/tr>\n<tr>\n<td>FIAT DOBLO ADVENTURE FLEX III , E-TORQ 370 A 0011 1.8 L 16V DOHC L4 FLEX, 2011-2012.<\/td>\n<\/tr>\n<tr>\n<td>FIAT DOBLO ESSENCE , E-TORQ 370 A 0011 1.8 L 16V DOHC L4 FLEX, 2013-2015.<\/td>\n<\/tr>\n<tr>\n<td>FIAT DOBLO ESSENCE FLEX III , E-TORQ 370 A 0011 1.8 L 16V DOHC L4 FLEX, 2011-2013.<\/td>\n<\/tr>\n<tr>\n<td>FIAT PALIO WEEKEND TREKKING RST III , E-TORQ 310 A 5011 1.6 L 16V SOHC L4 FLEX, 2010-2012.<\/td>\n<\/tr>\n<tr>\n<td>JEEP RENEGADE 75 A\u00d1OS G-1, E-TORQ 370 A 0011 1.8 L 16V DOHC L4 FLEX, 2016-2018.<\/td>\n<\/tr>\n<tr>\n<td>FIAT IDEA ADVENTURE DUAL , E-TORQ 370 A 0011 1.8 L 16V DOHC L4 FLEX, 2010-2012.<\/td>\n<\/tr>\n<tr>\n<td>FIAT STRADA CE RST FLEX , FIRE 178 F 3011 1.4 L 8V SOHC L4 FLEX, 2005-2009.<\/td>\n<\/tr>\n<tr>\n<td>FIAT PUNTO HLX G-1, TREN MOTRIZ J2 1.8 L 8V SOHC L4 FLEX, 2007-2010.<\/td>\n<\/tr>\n<tr>\n<td>FIAT PALIO WEEKEND ADVENTURE , E-TORQ 370 A 0011 1.8 L 16V DOHC L4 FLEX, 2016-2020.<\/td>\n<\/tr>\n<tr>\n<td>JEEP RENEGADE EDICI\u00d3N LIMITADA G-1, E-TORQ 370 A 0011 1.8 L 16V DOHC L4 FLEX, 2015-2016.<\/td>\n<\/tr>\n<tr>\n<td>FIAT STRADA TREK FLEX RST , FUEGO 178 F 3011 1.4 L 8V SOHC L4 FLEX, 2005-2008.<\/td>\n<\/tr>\n<tr>\n<td>FIAT PUNTO BLACKMOTION G-2, E-TORQ 370 A 0011 1.8 L 16V DOHC L4 FLEX, 2013-2017.<\/td>\n<\/tr>\n<tr>\n<td>FIAT STRADA ADVENTURE CD DUALOGIC , CADENA CINEM\u00c1TICA H2 1.8 L 16V DOHC L4 FLEX, 2013-2015.<\/td>\n<\/tr>\n<tr>\n<td>FIAT STRADA ADVENTURE CD LOCKER , POWERTRAIN H2 1.8 L 16V DOHC L4 FLEX, 2013-2015.<\/td>\n<\/tr>\n<tr>\n<td>FIAT PUNTO ITALIA G-2, FIRE EVO 310 A 2011 1.4 L 8V SOHC L4 FLEX, 2014-2017.<\/td>\n<\/tr>\n<tr>\n<td>JEEP RENEGADE LONGITUDE EDICI\u00d3N LIMITADA G-1, E-TORQ 370 A 0011 1.8 L 16V DOHC L4 FLEX, 2015-2016.<\/td>\n<\/tr>\n<tr>\n<td>FIAT PUNTO SPORTING G-2, E-TORQ 370 A 0011 1.8 L 16V DOHC L4 FLEX, 2014-2017.<\/td>\n<\/tr>\n<tr>\n<td>FIAT PUNTO ATRACTIVE G-2, FIRE EVO 327 A 2011 1.4 L 8V SOHC L4 FLEX, 2014-2020.<\/td>\n<\/tr>\n<tr>\n<td>FIAT BRAVO SPORTING G-1, E-TORQ 370 A 0011 1.8 L 16V DOHC L4 FLEX, 2012-2016.<\/td>\n<\/tr>\n<tr>\n<td>FIAT PUNTO ESSENCE SP G-2, E-TORQ EVO 310 A 5011 1.6 L 16V DOHC L4 FLEX, 2014-2019.<\/td>\n<\/tr>\n<tr>\n<td>FIAT STRADA CD TREKKING LOCKER , E-TORQ 310 A 5011 1.6 L 16V SOHC L4 FLEX, 2012-2015.<\/td>\n<\/tr>\n<tr>\n<td>FIAT PUNTO T-JET G-2, T-JET 1.4 L 16V DOHC L4 GASOLINA, 2014-2017.<\/td>\n<\/tr>\n<tr>\n<td>FIAT BRAVO ESSENCE DUALOGIC G-1, E-TORQ 370 A 0011 1.8 L 16V DOHC L4 FLEX, 2010-2013.<\/td>\n<\/tr>\n<tr>\n<td>FIAT DOBLO CARGO , E-TORQ 370 A 0011 1.8 L 16V DOHC L4 FLEX, 2010-2015.<\/td>\n<\/tr>\n<tr>\n<td>JEEP RENEGADE 1.8 G-1, E-TORQ 370 A 0011 1.8 L 16V DOHC L4 FLEX, 2017-2023.<\/td>\n<\/tr>\n<tr>\n<td>FIAT PALIO WEEKEND ADVENTURE DUALOGIC , E-TORQ 370 A 0011 1.8 L 16V DOHC L4 FLEX, 2016-2019.<\/td>\n<\/tr>\n<tr>\n<td>FIAT LINEA ABSOLUTE DUALOGIC , E-TORQ 370 A 0011 1.8 L 16V DOHC L4 FLEX, 2014-2016.<\/td>\n<\/tr>\n<tr>\n<td>FIAT PALIO ESSENCE DUAL G-4, E-TORQ 310 A 5011 1.6 L 16V SOHC L4 FLEX, 2012-2018.<\/td>\n<\/tr>\n<tr>\n<td>FIAT IDEA SUBLIME , E-TORQ 310 A 5011 1.6 L 16V SOHC L4 FLEX, 2014-2018.<\/td>\n<\/tr>\n<tr>\n<td>FIAT IDEA ESSENCE DUALOGIC , E-TORQ 310 A 5011 1.6 L 16V SOHC L4 FLEX, 2010-2013.<\/td>\n<\/tr>\n<tr>\n<td>FIAT LINEA ABSOLUTE DUAL , E-TORQ 370 A 0011 1.8 L 16V DOHC L4 FLEX, 2010-2013.<\/td>\n<\/tr>\n<tr>\n<td>FIAT STRADA ADVENTURE CE , E-TORQ 370 A 0011 1.8 L 16V DOHC L4 FLEX, 2013-2015.<\/td>\n<\/tr>\n<tr>\n<td>FIAT ARGO TREKKING G-1, FPT INDUSTRIAL E-TORQ 370 A 0011 1.8 L 16V SOHC L4 FLEX, 2020-2023.<\/td>\n<\/tr>\n<tr>\n<td>FIAT PUNTO SPORTING G-1, TREN MOTRIZ J2 1.8 L 8V SOHC L4 FLEX, 2007-2010.<\/td>\n<\/tr>\n<tr>\n<td>FIAT DOBLO ADVENTURE 1.8 16V G-2, E-TORQ 370 A 0011 1.8 L 16V DOHC L4 FLEX, 2016-2020.<\/td>\n<\/tr>\n<tr>\n<td>FIAT PALIO SPORTING DUAL G-4, E-TORQ 310 A 5011 1.6 L 16V SOHC L4 FLEX, 2012-2018.<\/td>\n<\/tr>\n<tr>\n<td>FIAT STRADA ADVENTURE CE LOCKER , E-TORQ 370 A 0011 1.8 L 16V DOHC L4 FLEX, 2013-2015.<\/td>\n<\/tr>\n<tr>\n<td>FIAT STRADA ADVENTURE CE DUALOGIC , E-TORQ 370 A 0011 1.8 L 16V DOHC L4 FLEX, 2013-2015.<\/td>\n<\/tr>\n<tr>\n<td>FIAT LINEA ESSENCE DUAL , E-TORQ 370 A 0011 1.8 L 16V DOHC L4 FLEX, 2011-2013.<\/td>\n<\/tr>\n<tr>\n<td>FIAT PUNTO SPORTING G-1, E-TORQ 370 A 0011 1.8 L 16V DOHC L4 FLEX, 2010-2015.<\/td>\n<\/tr>\n<tr>\n<td>FIAT CRONOS HGT G-1, FPT INDUSTRIAL E-TORQ 370 A 0011 1.8 L 16V SOHC L4 FLEX, 2019-2023.<\/td>\n<\/tr>\n<tr>\n<td>FIAT GRAND SIENA ITALIA , E-TORQ 310 A 5011 1.6 L 16V SOHC L4 FLEX, 2014-2016.<\/td>\n<\/tr>\n<tr>\n<td>FIAT PUNTO SPORTING DUALOGIC G-1, E-TORQ 370 A 0011 1.8 L 16V DOHC L4 FLEX, 2010-2015.<\/td>\n<\/tr>\n<tr>\n<td>FIAT CRONOS DRIVE G-1, FPT INDUSTRIAL E-TORQ 370 A 0011 1.8 L 16V SOHC L4 FLEX, 2019-2023.<\/td>\n<\/tr>\n<tr>\n<td>FIAT BRAVO ABSOLUTE DUALOGIC G-1, E-TORQ 370 A 0011 1.8 L 16V DOHC L4 FLEX, 2010-2013.<\/td>\n<\/tr>\n<tr>\n<td>FIAT IDEA SUBLIME DUALOGIC , E-TORQ 310 A 5011 1.6 L 16V SOHC L4 FLEX, 2014-2018.<\/td>\n<\/tr>\n<tr>\n<td>FIAT STRADA ADVENTURE EXTREME CE DUALOGIC , E-TORQ 370 A 0011 1.8 L 16V DOHC L4 FLEX, 2015-2015.<\/td>\n<\/tr>\n<tr>\n<td>FIAT PALIO WEEKEND ESSENCE , E-TORQ 310 A 5011 1.6 L 16V SOHC L4 FLEX, 2011-2012.<\/td>\n<\/tr>\n<tr>\n<td>FIAT PUNTO ESSENCE DUALOGIC G-2, E-TORQ 1.6 L 16V SOHC L4 FLEX, 2016-2019.<\/td>\n<\/tr>\n<tr>\n<td>FIAT STRADA ADVENTURE EXTREME CD , E-TORQ 370 A 0011 1.8 L 16V DOHC L4 FLEX, 2015-2015.<\/td>\n<\/tr>\n<tr>\n<td>FIAT DOBLO CARGO G-2, E-TORQ 370 A 0011 1.8 L 16V DOHC L4 FLEX, 2016-2019.<\/td>\n<\/tr>\n<tr>\n<td>FIAT STRADA ADVENTURE EXTREME CD DUALOGIC , E-TORQ 370 A 0011 1.8 L 16V DOHC L4 FLEX, 2015-2015.<\/td>\n<\/tr>\n<tr>\n<td>FIAT STRADA ADVENTURE EXTREME CE , E-TORQ 370 A 0011 1.8 L 16V DOHC L4 FLEX, 2015-2015.<\/td>\n<\/tr>\n<tr>\n<td>FIAT SIENA ESSENCE , E-TORQ 310 A 5011 1.6 L 16V SOHC L4 FLEX, 2010-2012.<\/td>\n<\/tr>\n<tr>\n<td>FIAT PUNTO ESSENCE DUAL G-1, E-TORQ 310 A 5011 1.6 L 16V SOHC L4 FLEX, 2010-2012.<\/td>\n<\/tr>\n<tr>\n<td>JEEP RENEGADE CUSTOM G-1, E-TORQ 370 A 0011 1.8 L 16V DOHC L4 FLEX, 2017-2019.<\/td>\n<\/tr>\n<tr>\n<td>FIAT LINEA LX , E-TORQ 370 A 0011 1.8 L 16V DOHC L4 FLEX, 2010-2011.<\/td>\n<\/tr>\n<tr>\n<td>FIAT CRONOS (PCD) G-1, FPT INDUSTRIAL E-TORQ 370 A 0011 1.8 L 16V SOHC L4 FLEX, 2019-2023.<\/td>\n<\/tr>\n<tr>\n<td>FIAT DOBLO HLX , E-TORQ 370 A 0011 1.8 L 16V DOHC L4 FLEX, 2010-2012.<\/td>\n<\/tr>\n<tr>\n<td>FIAT PALIO ESSENCE G-3, E-TORQ 310 A 5011 1.6 L 16V SOHC L4 FLEX, 2010-2011.<\/td>\n<\/tr>\n<tr>\n<td>FIAT SIENA ATRACTIVE DUAL , E-TORQ 310 A 5011 1.6 L 16V SOHC L4 FLEX, 2010-2012.<\/td>\n<\/tr>\n<tr>\n<td>FIAT LINEA ESSENCE DUALOGIC G-2, E-TORQ 370 A 0011 1.8 L 16V DOHC L4 FLEX, 2015-2016.<\/td>\n<\/tr>\n<tr>\n<td>FIAT DOBLO CARGO G-3, E-TORQ 370 A 0011 1.8 L 16V SOHC L4 FLEX, 2020-2023.<\/td>\n<\/tr>\n<tr>\n<td>FIAT LINEA DUALOGIC , E-TORQ 370 A 0011 1.8 L 16V DOHC L4 FLEX, 2010-2012.<\/td>\n<\/tr>\n<tr>\n<td>FIAT BRAVO ABSOLUTE G-1, E-TORQ 370 A 0011 1.8 L 16V DOHC L4 FLEX, 2010-2012.<\/td>\n<\/tr>\n<tr>\n<td>FIAT BRAVO SPORTING DUALOGIC G-1, E-TORQ 370 A 0011 1.8 L 16V DOHC L4 FLEX, 2012-2013.<\/td>\n<\/tr>\n<tr>\n<td>FIAT LINEA HLX DUALOGIC , E-TORQ 370 A 0011 1.8 L 16V DOHC L4 FLEX, 2010-2012.<\/td>\n<\/tr>\n<tr>\n<td>FIAT LINEA HLX , E-TORQ 370 A 0011 1.8 L 16V DOHC L4 FLEX, 2010-2011.<\/td>\n<\/tr>\n<tr>\n<td>FIAT PUNTO ESSENCE G-1, E-TORQ 370 A 0011 1.8 L 16V DOHC L4 FLEX, 2010-2012.<\/td>\n<\/tr>\n<tr>\n<td>FIAT PALIO ESSENCE DUAL G-3, E-TORQ 310 A 5011 1.6 L 16V SOHC L4 FLEX, 2010-2011.<\/td>\n<\/tr>\n<tr>\n<td>FIAT LINEA ESSENCE G-2, E-TORQ 370 A 0011 1.8 L 16V DOHC L4 FLEX, 2015-2019.<\/td>\n<\/tr>\n<tr>\n<td>JEEP RENEGADE NIGHT EAGLE G-1, E-TORQ 370 A 0011 1.8 L 16V DOHC L4 FLEX, 2017-2023.<\/td>\n<\/tr>\n<tr>\n<td>FIAT PALIO WEEKEND ESSENCE DUAL , E-TORQ 310 A 5011 1.6 L 16V SOHC L4 FLEX, 2011-2012.<\/td>\n<\/tr>\n<tr>\n<td>FIAT STRADA CE SPORTING , E-TORQ 370 A 0011 1.8 L 16V DOHC L4 FLEX, 2010-2011.<\/td>\n<\/tr>\n<tr>\n<td>FIAT BRAVO BLACKMOTION G-2, E-TORQ 370 A 0011 1.8 L 16V DOHC L4 FLEX, 2014-2016.<\/td>\n<\/tr>\n<tr>\n<td>FIAT IDEA SPORTING , E-TORQ 370 A 0011 1.8 L 16V DOHC L4 FLEX, 2010-2012.<\/td>\n<\/tr>\n<tr>\n<td>FIAT LINEA BLACKMOTION G-2, E-TORQ 370 A 0011 1.8 L 16V DOHC L4 FLEX, 2015-2016.<\/td>\n<\/tr>\n<tr>\n<td>FIAT PUNTO BLACKMOTION DUALOGIC G-2, E-TORQ 370 A 0011 1.8 L 16V DOHC L4 FLEX, 2016-2017.<\/td>\n<\/tr>\n<tr>\n<td>FIAT LINEA BLACKMOTION DUALOGIC G-2, E-TORQ 370 A 0011 1.8 L 16V DOHC L4 FLEX, 2015-2016.<\/td>\n<\/tr>\n<tr>\n<td>FIAT LINEA ABSOLUTE DUALOGIC G-2, E-TORQ 370 A 0011 1.8 L 16V DOHC L4 FLEX, 2015-2016.<\/td>\n<\/tr>\n<tr>\n<td>FIAT IDEA SPORTING DUALOGIC , E-TORQ 310 A 5011 1.6 L 16V SOHC L4 FLEX, 2010-2012.<\/td>\n<\/tr>\n<tr>\n<td>FIAT BRAVO WOLVERINE DUOLOGIC G-1, E-TORQ 370 A 0011 1.8 L 16V DOHC L4 FLEX, 2013-2013.<\/td>\n<\/tr>\n<tr>\n<td>FIAT SIENA SPORTING , E-TORQ 310 A 5011 1.6 L 16V DOHC L4 FLEX, 2010-2011.<\/td>\n<\/tr>\n<tr>\n<td>FIAT SIENA SPORTING DUAL , E-TORQ 310 A 5011 1.6 L 16V DOHC L4 FLEX, 2010-2011.<\/td>\n<\/tr>\n<tr>\n<td>FIAT IDEA ADVENTURE EXTREME , E-TORQ 370 A 0011 1.8 L 16V DOHC L4 FLEX, 2019-2019.<\/td>\n<\/tr>\n<\/tbody>\n<\/table>\n<div><\/div>\n<div>ATENCI\u00d3N:<\/div>\n<div>Recomendamos que la instalaci\u00f3n la realice un profesional formado y especializado.<\/div>\n<div>S\u00f3lo compra este producto si est\u00e1s seguro de que es compatible con tu veh\u00edculo. Si tienes alguna duda, no dudes en ponerte en contacto con nosotros. Nuestro horario de apertura es de lunes a viernes de 8 a 18 h.<\/div>\n<div><\/div>\n<div>Sobre nosotros<\/div>\n<div>COM Automotive est\u00e1 especializada en piezas de autom\u00f3vil de dise\u00f1o original para el sector de la reparaci\u00f3n posventa, clientes industriales y fabricantes de veh\u00edculos especiales OEM.<\/div>\n<div>Nuestro equipo tiene m\u00e1s de 28 a\u00f1os de experiencia en la fabricaci\u00f3n y el suministro de piezas de automoci\u00f3n a escala mundial.<\/div>\n<div>Nuestra MISI\u00d3N es ofrecer productos de dise\u00f1o original con una calidad impecable y una sustituci\u00f3n personalizada.<\/div>\n<div>Nuestra VISI\u00d3N es promover el crecimiento y un valor inigualable para nuestros clientes.<\/div>\n","protected":false},"excerpt":{"rendered":"<p>0001121440-COM. En stock. Ref: 0001121439, 0001121440, 51865316, 1986S00792, ZEN 31022, EURO 20524, EURO 20558, DITA 20303 &#8211; compatible con: FIAT. Marca: COM Automotive &#8211; Producto con calidad y dise\u00f1o originales. Compatible con Bosch<\/p>\n","protected":false},"featured_media":18573,"comment_status":"open","ping_status":"closed","template":"","meta":[],"product_brand":[],"product_cat":[8119],"product_tag":[13339],"class_list":{"0":"post-15686","1":"product","2":"type-product","3":"status-publish","4":"has-post-thumbnail","6":"product_cat-motor-de-arranque","7":"product_tag-euro-20524-es","9":"first","10":"instock","11":"taxable","12":"shipping-taxable","13":"purchasable","14":"product-type-simple"},"_links":{"self":[{"href":"https:\/\/com-automotive.com\/es\/wp-json\/wp\/v2\/product\/15686","targetHints":{"allow":["GET"]}}],"collection":[{"href":"https:\/\/com-automotive.com\/es\/wp-json\/wp\/v2\/product"}],"about":[{"href":"https:\/\/com-automotive.com\/es\/wp-json\/wp\/v2\/types\/product"}],"replies":[{"embeddable":true,"href":"https:\/\/com-automotive.com\/es\/wp-json\/wp\/v2\/comments?post=15686"}],"wp:featuredmedia":[{"embeddable":true,"href":"https:\/\/com-automotive.com\/es\/wp-json\/wp\/v2\/media\/18573"}],"wp:attachment":[{"href":"https:\/\/com-automotive.com\/es\/wp-json\/wp\/v2\/media?parent=15686"}],"wp:term":[{"taxonomy":"product_brand","embeddable":true,"href":"https:\/\/com-automotive.com\/es\/wp-json\/wp\/v2\/product_brand?post=15686"},{"taxonomy":"product_cat","embeddable":true,"href":"https:\/\/com-automotive.com\/es\/wp-json\/wp\/v2\/product_cat?post=15686"},{"taxonomy":"product_tag","embeddable":true,"href":"https:\/\/com-automotive.com\/es\/wp-json\/wp\/v2\/product_tag?post=15686"}],"curies":[{"name":"wp","href":"https:\/\/api.w.org\/{rel}","templated":true}]}}