{"id":15685,"date":"2023-11-01T14:50:59","date_gmt":"2023-11-01T17:50:59","guid":{"rendered":"https:\/\/com-automotive.com\/motor-de-arranque-de-12v-10d-f000al0129-f000al0150-para-ford-cargo-1721-815\/"},"modified":"2023-11-01T14:50:59","modified_gmt":"2023-11-01T17:50:59","slug":"motor-de-arranque-de-12v-10d-f000al0129-f000al0150-para-ford-cargo-1721-815","status":"publish","type":"product","link":"https:\/\/com-automotive.com\/es\/motor-de-arranque-de-12v-10d-f000al0129-f000al0150-para-ford-cargo-1721-815\/","title":{"rendered":"Motor de arranque de 12V 10D F000AL0129 F000AL0150 para Ford Cargo 1721 815<span class=\"product-sku\" style=\"display: block; font-size: 0.85em; color: #777; margin-top: 5px; margin-bottom: 5px;\">SKU: 6000.0129-COM<\/span>"},"content":{"rendered":"<h1><strong>COM-AUTOMOTIVE, calidad de dise\u00f1o original.<\/strong><\/h1>\n<p>F000AL0129 Motor de arranque de 12V 2KW 10 dientes Dise\u00f1o: BOSCH SEG Tipo: RF78-M25 &#8211; OEM: FORD<\/p>\n<h2>Preguntas m\u00e1s frecuentes<\/h2>\n<h3><strong>\u00bfCu\u00e1les son las referencias cruzadas?<\/strong><\/h3>\n<p>F000AL0150, F000AL0129, 7C4511001CB, 2R0911023A, 4C4511001BA, 7C4511001CA, 7C4511001CB, 7C4511001CA, 8200478, ZEN 31032, Euro 20623, Euro 20643<\/p>\n<h2><strong>Tabla de aplicaci\u00f3n<\/strong><\/h2>\n<table width=\"793\">\n<tbody>\n<tr>\n<td width=\"793\">VOLKSWAGEN CONSTELLATION 24-250 , CUMMINS INTERACT 6 ISBe 6 5.9 L 24V SOHV L6 DIESEL, 2006-2019.<\/td>\n<\/tr>\n<tr>\n<td>FORD CARGO C 816 , CUMMINS ISB 4.5 ISBE 4.5 4.5 L 16V SOHV L4 DIESEL, 2012-2020.<\/td>\n<\/tr>\n<tr>\n<td>FORD CARGO C 815 E , CUMMINS INTERACT 4 ISBe 4 3.9 L 16V SOHV L4 DIESEL, 2005-2019.<\/td>\n<\/tr>\n<tr>\n<td>FORD CARGO C 2428 E , CUMMINS INTERACT 6 ISBe 6 5.9 L 24V SOHV L6 DIESEL, 2006-2019.<\/td>\n<\/tr>\n<tr>\n<td>FORD CARGO C 2422 E , CUMMINS INTERACT 6 ISBe 6 5.9 L 24V SOHV L6 DIESEL, 2006-2015.<\/td>\n<\/tr>\n<tr>\n<td>FORD CARGO C 1317 E , CUMMINS INTERACT 4 ISBe 4 3.9 L 16V SOHV L4 DIESEL, 2005-2019.<\/td>\n<\/tr>\n<tr>\n<td>FORD CARGO C 1119 , CUMMINS ISB 4.5 ISBE 4.5 4.5 L 16V SOHV L4 DIESEL, 2014-2021.<\/td>\n<\/tr>\n<tr>\n<td>FORD CARGO C 2628 E , CUMMINS INTERACT 6 ISBe 6 5.9 L 24V SOHV L6 DIESEL, 2006-2015.<\/td>\n<\/tr>\n<tr>\n<td>FORD CARGO C 1319 , CUMMINS ISB 4.5 ISBE 4.5 4.5 L 16V SOHV L4 DIESEL, 2012-2019.<\/td>\n<\/tr>\n<tr>\n<td>FORD CARGO C 1722 E , CUMMINS INTERACT 6 ISBe 6 5.9 L 24V SOHV L6 DIESEL, 2006-2015.<\/td>\n<\/tr>\n<tr>\n<td>FORD CARGO C 1517 E , CUMMINS INTERACT 4 ISBe 4 3.9 L 16V SOHV L4 DIESEL, 2005-2015.<\/td>\n<\/tr>\n<tr>\n<td>VOLKSWAGEN WORKER 17-250 E , CUMMINS INTERACT 6 ISBe 6 5.9 L 24V SOHV L6 DIESEL, 2004-2016.<\/td>\n<\/tr>\n<tr>\n<td>FORD CARGO C 1717 E , CUMMINS INTERACT 4 ISBe 4 3.9 L 16V SOHV L4 DIESEL, 2005-2019.<\/td>\n<\/tr>\n<tr>\n<td>FORD CARGO C 2622 E , CUMMINS INTERACT 6 ISBe 6 5.9 L 24V SOHV L6 DIESEL, 2006-2018.<\/td>\n<\/tr>\n<tr>\n<td>FORD CARGO C 1519 , CUMMINS ISB 4.5 ISBE 4.5 4.5 L 16V SOHV L4 DIESEL, 2012-2020.<\/td>\n<\/tr>\n<tr>\n<td>FORD CARGO C 1719 , CUMMINS ISB 4.5 ISBE 4.5 4.5 L 16V SOHV L4 DIESEL, 2012-2020.<\/td>\n<\/tr>\n<tr>\n<td>VOLKSWAGEN CONSTELLATION 17-250 , CUMMINS INTERACT 6 ISBe 6 5.9 L 24V SOHV L6 DIESEL, 2006-2019.<\/td>\n<\/tr>\n<tr>\n<td>FORD CARGO C 1419 S , CUMMINS ISB 4.5 ISBE 4.5 4.5 L 16V SOHV L4 DIESEL, 2016-2021.<\/td>\n<\/tr>\n<tr>\n<td>VOLKSWAGEN WORKER 24-250 E , CUMMINS INTERACT 6 ISBe 6 5.9 L 24V SOHV L6 DIESEL, 2005-2016.<\/td>\n<\/tr>\n<tr>\n<td>VOLKSWAGEN WORKER 23-250 E , CUMMINS INTERACT 6 ISBe 6 5.9 L 24V SOHV L6 DIESEL, 2004-2006.<\/td>\n<\/tr>\n<tr>\n<td>FORD CARGO C 1519 S , CUMMINS ISB 4.5 ISBE 4.5 4.5 L 16V SOHV L4 DIESEL, 2016-2020.<\/td>\n<\/tr>\n<tr>\n<td>FORD CARGO C 1719 S , CUMMINS ISB 4.5 ISBE 4.5 4.5 L 16V SOHV L4 DIESEL, 2016-2020.<\/td>\n<\/tr>\n<tr>\n<td>FORD CARGO C 816 TOPLINE CD , CUMMINS ISB 4.5 ISBE 4.5 4.5 L 16V SOHV L4 DIESEL, 2014-2019.<\/td>\n<\/tr>\n<tr>\n<td>FORD CARGO C 1119 TOPLINE CD , CUMMINS ISB 4.5 ISBE 4.5 4.5 L 16V SOHV L4 DIESEL, 2014-2019. F000AL0129<\/td>\n<\/tr>\n<tr>\n<td>FORD CARGO C 2422 , CUMMINS INTERACT 6 ISBe 6 5.9 L 24V SOHV L6 DIESEL, 2010-2015.<\/td>\n<\/tr>\n<tr>\n<td>FORD CARGO C 2628 CN , CUMMINS INTERACT 6 ISBe 6 5.9 L 24V SOHV L6 DIESEL, 2005-2019.<\/td>\n<\/tr>\n<tr>\n<td>FORD CARGO C 915 , CUMMINS INTERACT 4 ISBe 4 3.9 L 16V SOHV L4 DIESEL, 2014-2014.<\/td>\n<\/tr>\n<tr>\n<td>FORD CARGO C 1719 TORQSHIFT , CUMMINS ISB 4.5 ISBE 4.5 4.5 L 16V SOHV L4 DIESEL, 2020-2020.<\/td>\n<\/tr>\n<\/tbody>\n<\/table>\n<p>&nbsp;<\/p>\n<div>ATENCI\u00d3N:<\/div>\n<div>Recomendamos que la instalaci\u00f3n del F000AL0129 sea realizada por un profesional capacitado y especializado.<\/div>\n<div>Solo realiza la compra de este producto F000AL0129 seguro de que es compatible con tu veh\u00edculo, si tienes alguna duda, no dudes en ponerte en contacto con nosotros. Nuestro horario de apertura es de lunes a viernes de 8 a 18 h.<\/div>\n<div><\/div>\n<div>Sobre nosotros<\/div>\n<div>COM Automotive est\u00e1 especializada en piezas de autom\u00f3vil de dise\u00f1o original para el sector de la reparaci\u00f3n posventa, clientes industriales y fabricantes de veh\u00edculos especiales OEM.<\/div>\n<div>Nuestro equipo tiene m\u00e1s de 28 a\u00f1os de experiencia en la fabricaci\u00f3n y el suministro de piezas de automoci\u00f3n a escala mundial.<\/div>\n<div>Nuestra MISI\u00d3N es ofrecer productos de dise\u00f1o original con una calidad impecable y una sustituci\u00f3n personalizada.<\/div>\n<div>Nuestra VISI\u00d3N es promover el crecimiento y un valor inigualable para nuestros clientes.<\/div>\n","protected":false},"excerpt":{"rendered":"<p>F000AL0129-COM. En stock. Ref: F000AL0150, F000AL0129, 7C4511001CB, 2R0911023A, 4C4511001BA, 7C4511001CA, 7C4511001CA, 8200478, ZEN 31032, ZM 8048004, EURO 20623, EURO 20643, 35261120, 35262580, 35259430, DITA 20537 &#8211; compatible con: FORD. Marca: COM Automotive &#8211; Producto con calidad y dise\u00f1o originales. Compatible con Bosch<\/p>\n","protected":false},"featured_media":19046,"comment_status":"open","ping_status":"closed","template":"","meta":[],"product_brand":[],"product_cat":[8119],"product_tag":[12800,9266,13384,13386,13376,14696],"class_list":{"0":"post-15685","1":"product","2":"type-product","3":"status-publish","4":"has-post-thumbnail","6":"product_cat-motor-de-arranque","7":"product_tag-2r0911023a-es","8":"product_tag-35259430-es","9":"product_tag-35261120-es","10":"product_tag-35262580-es","11":"product_tag-8200478-es","12":"product_tag-9000083077-es","14":"first","15":"instock","16":"taxable","17":"shipping-taxable","18":"purchasable","19":"product-type-simple"},"_links":{"self":[{"href":"https:\/\/com-automotive.com\/es\/wp-json\/wp\/v2\/product\/15685","targetHints":{"allow":["GET"]}}],"collection":[{"href":"https:\/\/com-automotive.com\/es\/wp-json\/wp\/v2\/product"}],"about":[{"href":"https:\/\/com-automotive.com\/es\/wp-json\/wp\/v2\/types\/product"}],"replies":[{"embeddable":true,"href":"https:\/\/com-automotive.com\/es\/wp-json\/wp\/v2\/comments?post=15685"}],"wp:featuredmedia":[{"embeddable":true,"href":"https:\/\/com-automotive.com\/es\/wp-json\/wp\/v2\/media\/19046"}],"wp:attachment":[{"href":"https:\/\/com-automotive.com\/es\/wp-json\/wp\/v2\/media?parent=15685"}],"wp:term":[{"taxonomy":"product_brand","embeddable":true,"href":"https:\/\/com-automotive.com\/es\/wp-json\/wp\/v2\/product_brand?post=15685"},{"taxonomy":"product_cat","embeddable":true,"href":"https:\/\/com-automotive.com\/es\/wp-json\/wp\/v2\/product_cat?post=15685"},{"taxonomy":"product_tag","embeddable":true,"href":"https:\/\/com-automotive.com\/es\/wp-json\/wp\/v2\/product_tag?post=15685"}],"curies":[{"name":"wp","href":"https:\/\/api.w.org\/{rel}","templated":true}]}}