{"id":15684,"date":"2023-10-02T09:51:35","date_gmt":"2023-10-02T12:51:35","guid":{"rendered":"https:\/\/com-automotive.com\/motor-de-arranque-12v-11d-f000c60004-51997820-doblo-idea-palio-strada-siena-1-0-1-4-fire-01\/"},"modified":"2023-10-02T09:51:35","modified_gmt":"2023-10-02T12:51:35","slug":"motor-de-arranque-12v-11d-f000c60004-51997820-doblo-idea-palio-strada-siena-1-0-1-4-fire-01","status":"publish","type":"product","link":"https:\/\/com-automotive.com\/es\/motor-de-arranque-12v-11d-f000c60004-51997820-doblo-idea-palio-strada-siena-1-0-1-4-fire-01\/","title":{"rendered":"Motor de arranque 12V 11D F000C60004 51997820 Doblo Idea Palio Strada Siena 1.0 1.4 Fire 01&gt;<span class=\"product-sku\" style=\"display: block; font-size: 0.85em; color: #777; margin-top: 5px; margin-bottom: 5px;\">SKU: 6000.6004-COM<\/span>"},"content":{"rendered":"<h1>Calidad de dise\u00f1o original COM-AUTOMOTIVE.<\/h1>\n<h2>Preguntas m\u00e1s frecuentes<\/h2>\n<h3><strong>\u00bfCu\u00e1les son las referencias cruzadas?<\/strong><\/h3>\n<p>F000C60004, 0001192105, 51997820, 46432262, 46758241, 46763530, 46765839, 46796553, 46823544, 46843092, 55201771, 71722372, 46763530, 46796553, 51888975, 51997820, F000AL0309, 8000090P, ZEN 31010, Euro 20526, Euro 20572, F000. C60.004, 0001.192.105, F000. AL0.309<\/p>\n<h2><strong>Tabla de aplicaci\u00f3n:<\/strong><\/h2>\n<table border=\"0\" width=\"818\" cellspacing=\"0\" cellpadding=\"0\">\n<colgroup>\n<col width=\"231\">\n<col width=\"184\">\n<col width=\"272\">\n<col width=\"131\"><\/colgroup>\n<tbody>\n<tr>\n<td align=\"left\" width=\"231\" height=\"20\">FIAT<\/td>\n<td align=\"left\" width=\"184\">Doblo (Fase I)<\/td>\n<td align=\"left\" width=\"272\">Doblo 1.3 MPI 16V<\/td>\n<td align=\"left\" width=\"131\">11.2001 &#8211;<\/td>\n<\/tr>\n<tr>\n<td align=\"left\" height=\"20\">FIAT<\/td>\n<td align=\"left\">Dobl\u00f3 (Fase II)<\/td>\n<td align=\"left\">Doblo 1.4 MPI 8V Flex<\/td>\n<td align=\"left\">11.2009 &#8211;<\/td>\n<\/tr>\n<tr>\n<td align=\"left\" height=\"20\">FIAT<\/td>\n<td align=\"left\">Fiorino<\/td>\n<td align=\"left\">Fiorino 1.4 Flex<\/td>\n<td align=\"left\">12.2013 &#8211;<\/td>\n<\/tr>\n<tr>\n<td align=\"left\" height=\"20\">FIAT<\/td>\n<td align=\"left\">Fiorino Furgao<\/td>\n<td align=\"left\">Fiorino Furgao 1.3 MPI 8V<\/td>\n<td align=\"left\">02.2003 &#8211;<\/td>\n<\/tr>\n<tr>\n<td align=\"left\" height=\"20\">FIAT<\/td>\n<td align=\"left\">Fiorino Furgao<\/td>\n<td align=\"left\">Fiorino Van 1.3 MPI 8V Flex<\/td>\n<td align=\"left\">01.2007 &#8211;<\/td>\n<\/tr>\n<tr>\n<td align=\"left\" height=\"20\">FIAT<\/td>\n<td align=\"left\">Idea (Fase I)<\/td>\n<td align=\"left\">Idea 1.4 Flex<\/td>\n<td align=\"left\">09.2005 &#8211;<\/td>\n<\/tr>\n<tr>\n<td align=\"left\" height=\"20\">FIAT<\/td>\n<td align=\"left\">Palio (Fase I)<\/td>\n<td align=\"left\">Palio 1.0 MPI 16V<\/td>\n<td align=\"left\">08.2000 &#8211;<\/td>\n<\/tr>\n<tr>\n<td align=\"left\" height=\"20\">FIAT<\/td>\n<td align=\"left\">Palio (Fase I)<\/td>\n<td align=\"left\">Palio 1.0 MPI 8V<\/td>\n<td align=\"left\">03.2000 &#8211;<\/td>\n<\/tr>\n<tr>\n<td align=\"left\" height=\"20\">FIAT<\/td>\n<td align=\"left\">Palio (Fase I)<\/td>\n<td align=\"left\">Palio 1.3 MPI 16V<\/td>\n<td align=\"left\">03.2000 &#8211;<\/td>\n<\/tr>\n<tr>\n<td align=\"left\" height=\"20\">FIAT<\/td>\n<td align=\"left\">Palio (Fase I)<\/td>\n<td align=\"left\">Palio 1.3 MPI 8V<\/td>\n<td align=\"left\">09.2002 &#8211;<\/td>\n<\/tr>\n<tr>\n<td align=\"left\" height=\"20\">FIAT<\/td>\n<td align=\"left\">Palio (Fase I)<\/td>\n<td align=\"left\">Palio Fire 1.0 MPI 8V<\/td>\n<td align=\"left\">06.2002 &#8211;<\/td>\n<\/tr>\n<tr>\n<td align=\"left\" height=\"20\">FIAT<\/td>\n<td align=\"left\">Palio (Fase I)<\/td>\n<td align=\"left\">Palio Fire 1.0 MPI Flex<\/td>\n<td align=\"left\">03.2005 &#8211;<\/td>\n<\/tr>\n<tr>\n<td align=\"left\" height=\"20\">FIAT<\/td>\n<td align=\"left\">Fin de semana Palio (Fase I)<\/td>\n<td align=\"left\">Palio Weekend 1.0 MPI 16V<\/td>\n<td align=\"left\">09.2000 &#8211;<\/td>\n<\/tr>\n<tr>\n<td align=\"left\" height=\"20\">FIAT<\/td>\n<td align=\"left\">Fin de semana Palio (Fase I)<\/td>\n<td align=\"left\">Palio Weekend 1.3 MPI 16V<\/td>\n<td align=\"left\">03.2000 &#8211;<\/td>\n<\/tr>\n<tr>\n<td align=\"left\" height=\"20\">FIAT<\/td>\n<td align=\"left\">Fin de semana Palio (Fase I)<\/td>\n<td align=\"left\">Palio Weekend 1.3 MPI 8V<\/td>\n<td align=\"left\">09.2002 &#8211;<\/td>\n<\/tr>\n<tr>\n<td align=\"left\" height=\"20\">FIAT<\/td>\n<td align=\"left\">Palio (Fase II)<\/td>\n<td align=\"left\">Palio 1.0 MPI 8V<\/td>\n<td align=\"left\">11.2003 &#8211;<\/td>\n<\/tr>\n<tr>\n<td align=\"left\" height=\"20\">FIAT<\/td>\n<td align=\"left\">Palio (Fase II)<\/td>\n<td align=\"left\">Palio 1.0 MPI 8V Flex<\/td>\n<td align=\"left\">08.2005 &#8211;<\/td>\n<\/tr>\n<tr>\n<td align=\"left\" height=\"20\">FIAT<\/td>\n<td align=\"left\">Palio (Fase II)<\/td>\n<td align=\"left\">Palio 1.3 MPI 8V Flex<\/td>\n<td align=\"left\">11.2003 &#8211;<\/td>\n<\/tr>\n<tr>\n<td align=\"left\" height=\"20\">FIAT<\/td>\n<td align=\"left\">Palio (Fase II)<\/td>\n<td align=\"left\">Palio 1.4 MPI 8V Flex<\/td>\n<td align=\"left\">06.2005 &#8211;<\/td>\n<\/tr>\n<tr>\n<td align=\"left\" height=\"20\">FIAT<\/td>\n<td align=\"left\">Palio (Fase II)<\/td>\n<td align=\"left\">Palio Fire 1.0 MPI 8V Flex<\/td>\n<td align=\"left\">08.2006 &#8211;<\/td>\n<\/tr>\n<tr>\n<td align=\"left\" height=\"20\">FIAT<\/td>\n<td align=\"left\">Palio (Fase II)<\/td>\n<td align=\"left\">Palio Fire Economy 1.0 MPI 8V Flex<\/td>\n<td align=\"left\">01.2010 &#8211;<\/td>\n<\/tr>\n<tr>\n<td align=\"left\" height=\"20\">FIAT<\/td>\n<td align=\"left\">Palio (Fase III)<\/td>\n<td align=\"left\">Palio 1.0 MPI 8V Flex<\/td>\n<td align=\"left\">02.2007 &#8211;<\/td>\n<\/tr>\n<tr>\n<td align=\"left\" height=\"20\">FIAT<\/td>\n<td align=\"left\">Palio (Fase III)<\/td>\n<td align=\"left\">Palio 1.4 MPI 8V Flex<\/td>\n<td align=\"left\">02.2007 &#8211;<\/td>\n<\/tr>\n<tr>\n<td align=\"left\" height=\"20\">FIAT<\/td>\n<td align=\"left\">Palio (Fase IV)<\/td>\n<td align=\"left\">Palio (Fase IV) 1.0 Flex<\/td>\n<td align=\"left\">11.2011 &#8211;<\/td>\n<\/tr>\n<tr>\n<td align=\"left\" height=\"20\">FIAT<\/td>\n<td align=\"left\">Fin de semana de palio (Fase II)<\/td>\n<td align=\"left\">Palio Weekend 1.3 MPI 8V Flex<\/td>\n<td align=\"left\">03.2004 &#8211;<\/td>\n<\/tr>\n<tr>\n<td align=\"left\" height=\"20\">FIAT<\/td>\n<td align=\"left\">Fin de semana de palio (Fase II)<\/td>\n<td align=\"left\">Palio Weekend 1.4 MPI 8V Flex<\/td>\n<td align=\"left\">06.2005 &#8211;<\/td>\n<\/tr>\n<tr>\n<td align=\"left\" height=\"20\">FIAT<\/td>\n<td align=\"left\">Fin de semana de palio (Fase III)<\/td>\n<td align=\"left\">Palio Weekend 1.4 MPI 8V Flex<\/td>\n<td align=\"left\">05.2008 &#8211;<\/td>\n<\/tr>\n<tr>\n<td align=\"left\" height=\"20\">FIAT<\/td>\n<td align=\"left\">Fin de semana del Palio (Fase IV)<\/td>\n<td align=\"left\">Palio Weekend 1.4 Flex<\/td>\n<td align=\"left\">06.2012 &#8211;<\/td>\n<\/tr>\n<tr>\n<td align=\"left\" height=\"20\">FIAT<\/td>\n<td align=\"left\">Punto<\/td>\n<td align=\"left\">Punto 1.4 Flex<\/td>\n<td align=\"left\">08.2007 &#8211;<\/td>\n<\/tr>\n<tr>\n<td align=\"left\" height=\"20\">FIAT<\/td>\n<td align=\"left\">Siena (Fase I)<\/td>\n<td align=\"left\">Siena 1.0 MPI 16V<\/td>\n<td align=\"left\">03.2000 &#8211;<\/td>\n<\/tr>\n<tr>\n<td align=\"left\" height=\"20\">FIAT<\/td>\n<td align=\"left\">Siena (Fase I)<\/td>\n<td align=\"left\">Siena 1.3 MPI 16V<\/td>\n<td align=\"left\">03.2000 &#8211;<\/td>\n<\/tr>\n<tr>\n<td align=\"left\" height=\"20\">FIAT<\/td>\n<td align=\"left\">Siena (Fase I)<\/td>\n<td align=\"left\">Siena 1.3 MPI 8V<\/td>\n<td align=\"left\">09.2002 &#8211;<\/td>\n<\/tr>\n<tr>\n<td align=\"left\" height=\"20\">FIAT<\/td>\n<td align=\"left\">Siena (Fase I)<\/td>\n<td align=\"left\">Siena Fire 1.0 MPI 8V<\/td>\n<td align=\"left\">03.2002 &#8211;<\/td>\n<\/tr>\n<tr>\n<td align=\"left\" height=\"20\">FIAT<\/td>\n<td align=\"left\">Siena (Fase I)<\/td>\n<td align=\"left\">Siena Fire 1.0 MPI Flex<\/td>\n<td align=\"left\">03.2005 &#8211;<\/td>\n<\/tr>\n<tr>\n<td align=\"left\" height=\"20\">FIAT<\/td>\n<td align=\"left\">Siena (Fase II)<\/td>\n<td align=\"left\">Siena 1.0 MPI 8V<\/td>\n<td align=\"left\">03.2004 &#8211;<\/td>\n<\/tr>\n<tr>\n<td align=\"left\" height=\"20\">FIAT<\/td>\n<td align=\"left\">Siena (Fase II)<\/td>\n<td align=\"left\">Siena 1.0 MPI 8V Flex<\/td>\n<td align=\"left\">08.2005 &#8211;<\/td>\n<\/tr>\n<tr>\n<td align=\"left\" height=\"20\">FIAT<\/td>\n<td align=\"left\">Siena (Fase II)<\/td>\n<td align=\"left\">Siena 1.3 MPI 8V Flex<\/td>\n<td align=\"left\">03.2004 &#8211;<\/td>\n<\/tr>\n<tr>\n<td align=\"left\" height=\"20\">FIAT<\/td>\n<td align=\"left\">Siena (Fase II)<\/td>\n<td align=\"left\">Siena 1.4 MPI 8V Flex<\/td>\n<td align=\"left\">06.2005 &#8211;<\/td>\n<\/tr>\n<tr>\n<td align=\"left\" height=\"20\">FIAT<\/td>\n<td align=\"left\">Siena (Fase II)<\/td>\n<td align=\"left\">Siena 1.4 MPI 8V Tetrafuel<\/td>\n<td align=\"left\">08.2006 &#8211;<\/td>\n<\/tr>\n<tr>\n<td align=\"left\" height=\"20\">FIAT<\/td>\n<td align=\"left\">Siena (Fase II)<\/td>\n<td align=\"left\">Siena Fire 1.0 MPI 8V Flex<\/td>\n<td align=\"left\">08.2006 &#8211;<\/td>\n<\/tr>\n<tr>\n<td align=\"left\" height=\"20\">FIAT<\/td>\n<td align=\"left\">Siena (Fase III)<\/td>\n<td align=\"left\">Siena 1.0 MPI 8V Flex<\/td>\n<td align=\"left\">11.2007 &#8211;<\/td>\n<\/tr>\n<tr>\n<td align=\"left\" height=\"20\">FIAT<\/td>\n<td align=\"left\">Siena (Fase III)<\/td>\n<td align=\"left\">Siena 1.4 MPI 8V Flex<\/td>\n<td align=\"left\">11.2007 &#8211;<\/td>\n<\/tr>\n<tr>\n<td align=\"left\" height=\"20\">FIAT<\/td>\n<td align=\"left\">Siena (Fase III)<\/td>\n<td align=\"left\">Siena 1.4 MPI 8V Tetrafuel<\/td>\n<td align=\"left\">11.2007 &#8211;<\/td>\n<\/tr>\n<tr>\n<td align=\"left\" height=\"20\">FIAT<\/td>\n<td align=\"left\">Siena (Fase IV)<\/td>\n<td align=\"left\">Siena 1.0 Flex<\/td>\n<td align=\"left\">06.2012 &#8211;<\/td>\n<\/tr>\n<tr>\n<td align=\"left\" height=\"20\">FIAT<\/td>\n<td align=\"left\">Siena (Fase IV)<\/td>\n<td align=\"left\">Siena 1.4 Flex<\/td>\n<td align=\"left\">06.2012 &#8211;<\/td>\n<\/tr>\n<tr>\n<td align=\"left\" height=\"20\">FIAT<\/td>\n<td align=\"left\">Strada (Fase I)<\/td>\n<td align=\"left\">Strada 1.3 MPI 8V<\/td>\n<td align=\"left\">09.2002 &#8211;<\/td>\n<\/tr>\n<tr>\n<td align=\"left\" height=\"20\">FIAT<\/td>\n<td align=\"left\">Strada (Fase I)<\/td>\n<td align=\"left\">Strada 1.4 MPI 8V Flex<\/td>\n<td align=\"left\">06.2005 &#8211;<\/td>\n<\/tr>\n<tr>\n<td align=\"left\" height=\"20\">FIAT<\/td>\n<td align=\"left\">Strada (Fase II)<\/td>\n<td align=\"left\">Strada 1.4 MPI 8V Flex<\/td>\n<td align=\"left\">12.2005 &#8211;<\/td>\n<\/tr>\n<tr>\n<td align=\"left\" height=\"20\">FIAT<\/td>\n<td align=\"left\">Strada (Fase II)<\/td>\n<td align=\"left\">Strada Fire 1.4 MPI 8V Flex<\/td>\n<td align=\"left\">09.2006 &#8211;<\/td>\n<\/tr>\n<tr>\n<td align=\"left\" height=\"20\">FIAT<\/td>\n<td align=\"left\">Strada (Fase III)<\/td>\n<td align=\"left\">Strada 1.4 MPI 8V Flex<\/td>\n<td align=\"left\">08.2008 &#8211;<\/td>\n<\/tr>\n<tr>\n<td align=\"left\" height=\"20\">FIAT<\/td>\n<td align=\"left\">Strada (Fase IV)<\/td>\n<td align=\"left\">Strada 1.4 Flex<\/td>\n<td align=\"left\">06.2012 &#8211;<\/td>\n<\/tr>\n<tr>\n<td align=\"left\" height=\"20\">FIAT<\/td>\n<td align=\"left\">Uno<\/td>\n<td align=\"left\">Uno 1.0 Flex<\/td>\n<td align=\"left\">05.2010 &#8211;<\/td>\n<\/tr>\n<tr>\n<td align=\"left\" height=\"20\">FIAT<\/td>\n<td align=\"left\">Uno<\/td>\n<td align=\"left\">Uno 1.4 Flex<\/td>\n<td align=\"left\">05.2010 &#8211;<\/td>\n<\/tr>\n<tr>\n<td align=\"left\" height=\"20\">FIAT<\/td>\n<td align=\"left\">Uno<\/td>\n<td align=\"left\">Uno Economy 1.4 Flex<\/td>\n<td align=\"left\">10.2011 &#8211;<\/td>\n<\/tr>\n<tr>\n<td align=\"left\" height=\"20\">FIAT<\/td>\n<td align=\"left\">Uno (Fase I) Mille<\/td>\n<td align=\"left\">Uno Mille 1.0 MPI<\/td>\n<td align=\"left\">06.2001 &#8211;<\/td>\n<\/tr>\n<tr>\n<td align=\"left\" height=\"20\">FIAT<\/td>\n<td align=\"left\">Furgoneta Uno (Fase II)<\/td>\n<td align=\"left\">Uno Van 1.3 MPI 8V<\/td>\n<td align=\"left\">01.2004 &#8211;<\/td>\n<\/tr>\n<tr>\n<td align=\"left\" height=\"20\">FIAT<\/td>\n<td align=\"left\">Furgoneta Uno (Fase II)<\/td>\n<td align=\"left\">Uno Van 1.3 MPI 8V Flex<\/td>\n<td align=\"left\">01.2007 &#8211;<\/td>\n<\/tr>\n<tr>\n<td align=\"left\" height=\"20\">FIAT<\/td>\n<td align=\"left\">Uno (Fase II) Mille<\/td>\n<td align=\"left\">Uno Mille 1.0 MPI<\/td>\n<td align=\"left\">01.2004 &#8211;<\/td>\n<\/tr>\n<tr>\n<td align=\"left\" height=\"20\">FIAT<\/td>\n<td align=\"left\">Uno (Fase II) Mille<\/td>\n<td align=\"left\">Uno Mille 1.0 MPI Flex<\/td>\n<td align=\"left\">03.2005 &#8211;<\/td>\n<\/tr>\n<tr>\n<td align=\"left\" height=\"20\">FIAT<\/td>\n<td align=\"left\">Uno (Fase II) Mille<\/td>\n<td align=\"left\">Uno Mille Economy 1.0 MPI Flex<\/td>\n<td align=\"left\">01.2009 &#8211;<\/td>\n<\/tr>\n<tr>\n<td align=\"left\" height=\"20\">FIAT<\/td>\n<td align=\"left\">Uno Van<\/td>\n<td align=\"left\">Uno Van 1.4 Flex<\/td>\n<td align=\"left\">09.2014 &#8211;<\/td>\n<\/tr>\n<\/tbody>\n<\/table>\n<div><\/div>\n<div>ATENCI\u00d3N:<\/div>\n<div>Recomendamos que la instalaci\u00f3n de 0001192105 la realice un profesional formado y especializado.<\/div>\n<div>S\u00f3lo adquiera este producto en 0001192105 si est\u00e1 seguro de que es compatible con su veh\u00edculo. Si tiene alguna duda, no dude en ponerse en contacto con nosotros. Nuestro horario de apertura es de lunes a viernes de 8 a 18 h.<\/div>\n<div><\/div>\n<div>Sobre nosotros<\/div>\n<div>COM Automotive est\u00e1 especializada en piezas de autom\u00f3vil de dise\u00f1o original para el sector de la reparaci\u00f3n posventa, clientes industriales y fabricantes de veh\u00edculos especiales OEM.<\/div>\n<div>Nuestro equipo tiene m\u00e1s de 28 a\u00f1os de experiencia en la fabricaci\u00f3n y el suministro de piezas de automoci\u00f3n a escala mundial.<\/div>\n<div>Nuestra MISI\u00d3N es ofrecer productos de dise\u00f1o original con una calidad impecable y una sustituci\u00f3n personalizada.<\/div>\n<div>Nuestra VISI\u00d3N es promover el crecimiento y un valor inigualable para nuestros clientes.<\/div>\n","protected":false},"excerpt":{"rendered":"<p>F000C60004-COM. En stock. Ref: F000C60004, 0001192105, 51997820, 51888975, 51950159, 51950819, F000AL0320, F000CD09A3, F000CD09A0, F000C60001, 0001170414, 495108, 8000090P, ZEN 31010, ZEN 31024, ZM 8011503, EURO 20526, EURO 20572, DITA 20268 &#8211; compatible con: FIAT. Marca: COM Automotive &#8211; Producto con calidad y dise\u00f1o originales. Compatible con Bosch<\/p>\n","protected":false},"featured_media":19180,"comment_status":"open","ping_status":"closed","template":"","meta":[],"product_brand":[],"product_cat":[8119],"product_tag":[12689,12713,12717,34868,12690,12705,12710,12711,12688,34869,12721],"class_list":{"0":"post-15684","1":"product","2":"type-product","3":"status-publish","4":"has-post-thumbnail","6":"product_cat-motor-de-arranque","7":"product_tag-0001192105-es","8":"product_tag-495108-es","9":"product_tag-51888975-es","10":"product_tag-51950819-es","11":"product_tag-51997820-es","12":"product_tag-8000090p-es","13":"product_tag-euro-20572-es","14":"product_tag-f000c60001-es","15":"product_tag-f000c60004-es","16":"product_tag-f000cd09a0-es","17":"product_tag-zm-8011503-es","19":"first","20":"instock","21":"taxable","22":"shipping-taxable","23":"purchasable","24":"product-type-simple"},"_links":{"self":[{"href":"https:\/\/com-automotive.com\/es\/wp-json\/wp\/v2\/product\/15684","targetHints":{"allow":["GET"]}}],"collection":[{"href":"https:\/\/com-automotive.com\/es\/wp-json\/wp\/v2\/product"}],"about":[{"href":"https:\/\/com-automotive.com\/es\/wp-json\/wp\/v2\/types\/product"}],"replies":[{"embeddable":true,"href":"https:\/\/com-automotive.com\/es\/wp-json\/wp\/v2\/comments?post=15684"}],"wp:featuredmedia":[{"embeddable":true,"href":"https:\/\/com-automotive.com\/es\/wp-json\/wp\/v2\/media\/19180"}],"wp:attachment":[{"href":"https:\/\/com-automotive.com\/es\/wp-json\/wp\/v2\/media?parent=15684"}],"wp:term":[{"taxonomy":"product_brand","embeddable":true,"href":"https:\/\/com-automotive.com\/es\/wp-json\/wp\/v2\/product_brand?post=15684"},{"taxonomy":"product_cat","embeddable":true,"href":"https:\/\/com-automotive.com\/es\/wp-json\/wp\/v2\/product_cat?post=15684"},{"taxonomy":"product_tag","embeddable":true,"href":"https:\/\/com-automotive.com\/es\/wp-json\/wp\/v2\/product_tag?post=15684"}],"curies":[{"name":"wp","href":"https:\/\/api.w.org\/{rel}","templated":true}]}}