{"id":15677,"date":"2023-11-17T12:04:44","date_gmt":"2023-11-17T15:04:44","guid":{"rendered":"https:\/\/com-automotive.com\/nissan-murano-frontier-2-3-10272220767-4v-governor-despues-de-2017\/"},"modified":"2023-11-17T12:04:44","modified_gmt":"2023-11-17T15:04:44","slug":"nissan-murano-frontier-2-3-10272220767-4v-governor-despues-de-2017","status":"publish","type":"product","link":"https:\/\/com-automotive.com\/es\/nissan-murano-frontier-2-3-10272220767-4v-governor-despues-de-2017\/","title":{"rendered":"Nissan Murano Frontier 2.3 10272220767 4V Governor despu\u00e9s de 2017<span class=\"product-sku\" style=\"display: block; font-size: 0.85em; color: #777; margin-top: 5px; margin-bottom: 5px;\">SKU: 8100.0767-COM<\/span>"},"content":{"rendered":"<h1><strong>COM-AUTOMOTIVE, calidad de dise\u00f1o original.<\/strong><\/h1>\n<p>Regulador 14V VR1 NCS SUMITOMO-3<\/p>\n<h2>Preguntas m\u00e1s frecuentes<\/h2>\n<h3><strong>\u00bfCu\u00e1les son las referencias cruzadas?<\/strong><\/h3>\n<p>0272220767, 0272220767 IKRO, IK5767<\/p>\n<h2><strong>Tabla de aplicaci\u00f3n<\/strong><\/h2>\n<p>ALTERNADOR: F000. BL0.7ZS (NISSAN FRONTIER ATTACK 2.3 TURBO 4X4 AT7 , NISSAN YS23 YS23 2.3 L 16V DOHC L4 DIESEL, 2019-2023.<br \/>\nNISSAN FRONTIER LE 2.3 TURBO 4X4 AT7 , NISSAN YS23 YS23 2.3 L 16V DOHC L4 DIESEL, 2017-2023.<br \/>\nNISSAN FRONTIER XE 2.3 TURBO 4X4 AT7 , NISSAN YS23 YS23 2.3 L 16V DOHC L4 DIESEL, 2019-2023.<br \/>\nNISSAN FRONTIER SE 2.3 TURBO 4X4 AT7 , NISSAN YS23 YS23 2.3 L 16V DOHC L4 DIESEL, 2017-2023.<br \/>\nNISSAN FRONTIER S 2.3 TURBO 4X4 MT6 , NISSAN YS23 YS23 2.3 L 16V DOHC L4 DIESEL, 2019-2023. )<\/p>\n<p>F000. BL0.6X7<br \/>\nF000. BL0.7ZT<br \/>\nNISSAN: 23100 5JL0A&#8211;D<\/p>\n<p>ATENCI\u00d3N:<br \/>\nRecomendamos que la instalaci\u00f3n la realice un profesional formado y especializado.<br \/>\nS\u00f3lo compra este producto si est\u00e1s seguro de que es compatible con tu veh\u00edculo. Si tienes alguna duda, no dudes en ponerte en contacto con nosotros. Nuestro horario de apertura es de lunes a viernes de 8 a 18 h.<\/p>\n<p>Sobre nosotros<br \/>\nCOM Automotive est\u00e1 especializada en piezas de autom\u00f3vil de dise\u00f1o original para el sector de la reparaci\u00f3n posventa, clientes industriales y fabricantes de veh\u00edculos especiales OEM.<br \/>\nNuestro equipo tiene m\u00e1s de 28 a\u00f1os de experiencia en la fabricaci\u00f3n y el suministro de piezas de automoci\u00f3n a escala mundial.<br \/>\nNuestra MISI\u00d3N es ofrecer productos de dise\u00f1o original con una calidad impecable y una sustituci\u00f3n personalizada.<br \/>\nNuestra VISI\u00d3N es promover el crecimiento y un valor inigualable para nuestros clientes.<\/p>\n","protected":false},"excerpt":{"rendered":"<p>0272220767-COM. En stock. Ref: 0272220767, 0272220767, IK5767 &#8211; compatible con: NISSAN. Marca: COM Automotive &#8211; Producto con calidad y dise\u00f1o originales. Compatible con Bosch<\/p>\n","protected":false},"featured_media":20154,"comment_status":"open","ping_status":"closed","template":"","meta":[],"product_brand":[],"product_cat":[8489],"product_tag":[12674,12675],"class_list":{"0":"post-15677","1":"product","2":"type-product","3":"status-publish","4":"has-post-thumbnail","6":"product_cat-regulador","7":"product_tag-0272220767-es","8":"product_tag-ik5767-es","10":"first","11":"instock","12":"taxable","13":"shipping-taxable","14":"purchasable","15":"product-type-simple"},"_links":{"self":[{"href":"https:\/\/com-automotive.com\/es\/wp-json\/wp\/v2\/product\/15677","targetHints":{"allow":["GET"]}}],"collection":[{"href":"https:\/\/com-automotive.com\/es\/wp-json\/wp\/v2\/product"}],"about":[{"href":"https:\/\/com-automotive.com\/es\/wp-json\/wp\/v2\/types\/product"}],"replies":[{"embeddable":true,"href":"https:\/\/com-automotive.com\/es\/wp-json\/wp\/v2\/comments?post=15677"}],"wp:featuredmedia":[{"embeddable":true,"href":"https:\/\/com-automotive.com\/es\/wp-json\/wp\/v2\/media\/20154"}],"wp:attachment":[{"href":"https:\/\/com-automotive.com\/es\/wp-json\/wp\/v2\/media?parent=15677"}],"wp:term":[{"taxonomy":"product_brand","embeddable":true,"href":"https:\/\/com-automotive.com\/es\/wp-json\/wp\/v2\/product_brand?post=15677"},{"taxonomy":"product_cat","embeddable":true,"href":"https:\/\/com-automotive.com\/es\/wp-json\/wp\/v2\/product_cat?post=15677"},{"taxonomy":"product_tag","embeddable":true,"href":"https:\/\/com-automotive.com\/es\/wp-json\/wp\/v2\/product_tag?post=15677"}],"curies":[{"name":"wp","href":"https:\/\/api.w.org\/{rel}","templated":true}]}}