{"id":15676,"date":"2023-11-17T12:04:42","date_gmt":"2023-11-17T15:04:42","guid":{"rendered":"https:\/\/com-automotive.com\/regulador-0272220840-14v-90a-para-nissan-kicks-1-6-xtronic\/"},"modified":"2024-11-10T13:10:57","modified_gmt":"2024-11-10T16:10:57","slug":"regulador-0272220840-14v-90a-para-nissan-kicks-1-6-xtronic","status":"publish","type":"product","link":"https:\/\/com-automotive.com\/es\/regulador-0272220840-14v-90a-para-nissan-kicks-1-6-xtronic\/","title":{"rendered":"Regulador 0272220840 14V 90A para Nissan Kicks 1.6 Xtronic<span class=\"product-sku\" style=\"display: block; font-size: 0.85em; color: #777; margin-top: 5px; margin-bottom: 5px;\">SKU: 8100.0840-COM<\/span>"},"content":{"rendered":"<h1><strong>COM-AUTOMOTIVE, calidad de dise\u00f1o original.<\/strong><\/h1>\n<p>Regulador 14V VR1 LIN B3<\/p>\n<h2>Preguntas m\u00e1s frecuentes<\/h2>\n<h3><strong>\u00bfCu\u00e1les son las referencias cruzadas?<\/strong><\/h3>\n<p>0272220840, 0272220840 IKRO, IK5048<\/p>\n<h2><strong>Tabla de aplicaci\u00f3n<\/strong><\/h2>\n<table width=\"1003\">\n<tbody>\n<tr>\n<td width=\"1003\">ALTERNADOR: F000. BL0.4L9 (NISSAN KICKS SL G-1, HR16DE HR16DE 1.6L 16V DOHC L4 FLEX, 2016-2023.<\/td>\n<\/tr>\n<tr>\n<td>NISSAN KICKS S DIRECT G-1, HR16DE HR16DE 1.6 L 16V DOHC L4 FLEX, 2019-2023.<\/td>\n<\/tr>\n<tr>\n<td>NISSAN KICKS SV G-1, HR16DE HR16DE 1.6 L 16V DOHC L4 FLEX, 2017-2023.<\/td>\n<\/tr>\n<tr>\n<td>NISSAN KICKS S G-1, HR16DE HR16DE 1.6 L 16V DOHC L4 FLEX, 2017-2023.<\/td>\n<\/tr>\n<tr>\n<td>NISSAN VERSA S , HR16DE HR16DE 1.6 L 16V DOHC L4 FLEX, 2011-2014.<\/td>\n<\/tr>\n<tr>\n<td>NISSAN KICKS SV LIMITED G-1, HR16DE HR16DE 1.6 L 16V DOHC L4 FLEX, 2017-2018.<\/td>\n<\/tr>\n<tr>\n<td>NISSAN MARCH SV G-1, HR16DE HR16DE 1.6 L 16V DOHC L4 FLEX, 2011-2014.<\/td>\n<\/tr>\n<tr>\n<td>NISSAN KICKS RIO 2016 G-1, HR16DE HR16DE 1.6 L 16V DOHC L4 FLEX, 2017-2018.<\/td>\n<\/tr>\n<tr>\n<td>NISSAN KICKS ADVANCE 1.6 EN G-2, HR16DE HR16DE 1.6 L 16V DOHC L4 FLEX, 2021-2023.<\/td>\n<\/tr>\n<tr>\n<td>NISSAN MARCH S G-1, HR16DE HR16DE 1.6 L 16V DOHC L4 FLEX, 2012-2014.<\/td>\n<\/tr>\n<tr>\n<td>NISSAN LANZA EN EXCLUSIVA EL 1.6 EN G-2, HR16DE HR16DE 1.6 L 16V DOHC L4 FLEX, 2021-2023.<\/td>\n<\/tr>\n<tr>\n<td>NISSAN KICKS ACTIVE (PCD) 1.6 AT G-1, HR16DE HR16DE 1.6 L 16V DOHC L4 FLEX, 2020-2023.<\/td>\n<\/tr>\n<tr>\n<td>NISSAN VERSA SV , HR16DE HR16DE 1.6 L 16V DOHC L4 FLEX, 2012-2014.<\/td>\n<\/tr>\n<tr>\n<td>NISSAN KICKS SENSE 1.6 EN G-2, HR16DE HR16DE 1.6 L 16V DOHC L4 FLEX, 2021-2023.<\/td>\n<\/tr>\n<tr>\n<td>NISSAN MARCH SV , HR16DE HR16DE 1.6 L 16V DOHC L4 FLEX, 2019-2021.<\/td>\n<\/tr>\n<tr>\n<td>NISSAN MARCH SR G-1, HR16DE HR16DE 1.6 L 16V DOHC L4 FLEX, 2013-2014.<\/td>\n<\/tr>\n<tr>\n<td>NISSAN KICKS UCL G-1, HR16DE HR16DE 1.6 L 16V DOHC L4 FLEX, 2019-2023.<\/td>\n<\/tr>\n<tr>\n<td>NISSAN VERSA SL , HR16DE HR16DE 1.6 L 16V DOHC L4 FLEX, 2013-2014.<\/td>\n<\/tr>\n<tr>\n<td>NISSAN KICKS EDICI\u00d3N ESPECIAL G-1, HR16DE HR16DE 1.6 L 16V DOHC L4 FLEX, 2019-2023.<\/td>\n<\/tr>\n<tr>\n<td>NISSAN KICKS SENSE 1.6 G-2, HR16DE HR16DE 1.6 L 16V DOHC L4 FLEX, 2021-2023. )<\/td>\n<\/tr>\n<tr>\n<td><\/td>\n<\/tr>\n<tr>\n<td>F000. BL0.4AN (NISSAN KICKS SL G-1, HR16DE HR16DE 1.6L 16V DOHC L4 FLEX, 2016-2021.<\/td>\n<\/tr>\n<tr>\n<td>NISSAN KICKS S DIRECT G-1, HR16DE HR16DE 1.6 L 16V DOHC L4 FLEX, 2019-2021.<\/td>\n<\/tr>\n<tr>\n<td>NISSAN KICKS SV G-1, HR16DE HR16DE 1.6 L 16V DOHC L4 FLEX, 2017-2021.<\/td>\n<\/tr>\n<tr>\n<td>NISSAN KICKS S G-1, HR16DE HR16DE 1.6 L 16V DOHC L4 FLEX, 2017-2021.<\/td>\n<\/tr>\n<tr>\n<td>NISSAN KICKS SV LIMITED G-1, HR16DE HR16DE 1.6 L 16V DOHC L4 FLEX, 2017-2018.<\/td>\n<\/tr>\n<tr>\n<td>NISSAN KICKS RIO 2016 G-1, HR16DE HR16DE 1.6 L 16V DOHC L4 FLEX, 2017-2018.<\/td>\n<\/tr>\n<tr>\n<td>NISSAN KICKS ADVANCE 1.6 AT G-2, HR16DE HR16DE 1.6 L 16V DOHC L4 FLEX, 2021-2021.<\/td>\n<\/tr>\n<tr>\n<td>NISSAN LANZA EN EXCLUSIVA EL 1.6 EN G-2, HR16DE HR16DE 1.6 L 16V DOHC L4 FLEX, 2021-2021.<\/td>\n<\/tr>\n<tr>\n<td>NISSAN KICKS ACTIVE (PCD) 1.6 AT G-1, HR16DE HR16DE 1.6 L 16V DOHC L4 FLEX, 2020-2021.<\/td>\n<\/tr>\n<tr>\n<td>NISSAN KICKS SENSE 1.6 EN G-2, HR16DE HR16DE 1.6 L 16V DOHC L4 FLEX, 2021-2021.<\/td>\n<\/tr>\n<tr>\n<td>NISSAN KICKS UCL G-1, HR16DE HR16DE 1.6 L 16V DOHC L4 FLEX, 2019-2021.<\/td>\n<\/tr>\n<tr>\n<td>NISSAN KICKS EDICI\u00d3N ESPECIAL G-1, HR16DE HR16DE 1.6 L 16V DOHC L4 FLEX, 2019-2021.<\/td>\n<\/tr>\n<tr>\n<td>NISSAN KICKS SENSE 1.6 G-2, HR16DE HR16DE 1.6 L 16V DOHC L4 FLEX, 2021-2021. )<\/td>\n<\/tr>\n<tr>\n<td><\/td>\n<\/tr>\n<tr>\n<td>F000. BL0.4AF<\/td>\n<\/tr>\n<tr>\n<td>F000. BL0.4M0<\/td>\n<\/tr>\n<tr>\n<td>NISSAN: 23100 5R81A<\/td>\n<\/tr>\n<tr>\n<td>NISSAN: 23100 5RA0A<\/td>\n<\/tr>\n<\/tbody>\n<\/table>\n<p>&nbsp;<\/p>\n<div>ATENCI\u00d3N:<\/div>\n<div>Recomendamos que la instalaci\u00f3n la realice un profesional formado y especializado.<\/div>\n<div>S\u00f3lo compra este producto si est\u00e1s seguro de que es compatible con tu veh\u00edculo. Si tienes alguna duda, no dudes en ponerte en contacto con nosotros. Nuestro horario de apertura es de lunes a viernes de 8 a 18 h.<\/div>\n<div><\/div>\n<div>Sobre nosotros<\/div>\n<div>COM Automotive est\u00e1 especializada en piezas de autom\u00f3vil de dise\u00f1o original para el sector de la reparaci\u00f3n posventa, clientes industriales y fabricantes de veh\u00edculos especiales OEM.<\/div>\n<div>Nuestro equipo tiene m\u00e1s de 28 a\u00f1os de experiencia en la fabricaci\u00f3n y el suministro de piezas de automoci\u00f3n a escala mundial.<\/div>\n<div>Nuestra MISI\u00d3N es ofrecer productos de dise\u00f1o original con una calidad impecable y una sustituci\u00f3n personalizada.<\/div>\n<div>Nuestra VISI\u00d3N es promover el crecimiento y un valor inigualable para nuestros clientes.<\/div>\n","protected":false},"excerpt":{"rendered":"<p>0272220840-COM. En stock. Ref: 0272220840, 0272220840, IK5048 &#8211; compatible con: variado. Marca: COM Automotive &#8211; Producto con calidad y dise\u00f1o originales. Compatible con Bosch<\/p>\n","protected":false},"featured_media":20571,"comment_status":"open","ping_status":"closed","template":"","meta":[],"product_brand":[],"product_cat":[8489],"product_tag":[12671,42034,12673],"class_list":{"0":"post-15676","1":"product","2":"type-product","3":"status-publish","4":"has-post-thumbnail","6":"product_cat-regulador","7":"product_tag-0272220840-es","8":"product_tag-231005r81a","9":"product_tag-ik5048-es","11":"first","12":"instock","13":"taxable","14":"shipping-taxable","15":"purchasable","16":"product-type-simple"},"_links":{"self":[{"href":"https:\/\/com-automotive.com\/es\/wp-json\/wp\/v2\/product\/15676","targetHints":{"allow":["GET"]}}],"collection":[{"href":"https:\/\/com-automotive.com\/es\/wp-json\/wp\/v2\/product"}],"about":[{"href":"https:\/\/com-automotive.com\/es\/wp-json\/wp\/v2\/types\/product"}],"replies":[{"embeddable":true,"href":"https:\/\/com-automotive.com\/es\/wp-json\/wp\/v2\/comments?post=15676"}],"wp:featuredmedia":[{"embeddable":true,"href":"https:\/\/com-automotive.com\/es\/wp-json\/wp\/v2\/media\/20571"}],"wp:attachment":[{"href":"https:\/\/com-automotive.com\/es\/wp-json\/wp\/v2\/media?parent=15676"}],"wp:term":[{"taxonomy":"product_brand","embeddable":true,"href":"https:\/\/com-automotive.com\/es\/wp-json\/wp\/v2\/product_brand?post=15676"},{"taxonomy":"product_cat","embeddable":true,"href":"https:\/\/com-automotive.com\/es\/wp-json\/wp\/v2\/product_cat?post=15676"},{"taxonomy":"product_tag","embeddable":true,"href":"https:\/\/com-automotive.com\/es\/wp-json\/wp\/v2\/product_tag?post=15676"}],"curies":[{"name":"wp","href":"https:\/\/api.w.org\/{rel}","templated":true}]}}