{"id":15673,"date":"2023-11-02T15:42:08","date_gmt":"2023-11-02T18:42:08","guid":{"rendered":"https:\/\/com-automotive.com\/alternador-12v-150amp-f000bl073j-f000bl073e-al231973-john-deere-bosch-seg\/"},"modified":"2023-11-02T15:42:08","modified_gmt":"2023-11-02T18:42:08","slug":"alternador-12v-150amp-f000bl073j-f000bl073e-al231973-john-deere-bosch-seg","status":"publish","type":"product","link":"https:\/\/com-automotive.com\/es\/alternador-12v-150amp-f000bl073j-f000bl073e-al231973-john-deere-bosch-seg\/","title":{"rendered":"Alternador 12V 150Amp F000BL073J F000BL073E AL231973 JOHN DEERE BOSCH SEG<span class=\"product-sku\" style=\"display: block; font-size: 0.85em; color: #777; margin-top: 5px; margin-bottom: 5px;\">SKU: 8000.073J-COM<\/span>"},"content":{"rendered":"<h1>COM-AUTOMOTIVE, calidad de dise\u00f1o original.<\/h1>\n<p>F000BL073E Alternador de 12V 150Amp sin polea &#8211; Dise\u00f1o: BOSCH SEG &#8211; OEM: JOHN DEERE<\/p>\n<h2>Preguntas m\u00e1s frecuentes<\/h2>\n<h3><strong>\u00bfCu\u00e1les son las referencias cruzadas?<\/strong><\/h3>\n<p>F000BL073J, F000BL073E, AL231973, AL231973<\/p>\n<h2><strong>Tabla de aplicaci\u00f3n para F000BL073E  <\/strong><\/h2>\n<table width=\"997\">\n<tbody>\n<tr>\n<td width=\"997\">JOHN DEERE 6110 J , JOHN DEERE 4045 T DIESEL, 2010-2023.<\/td>\n<\/tr>\n<tr>\n<td>JOHN DEERE 7225 J , JOHN DEERE 6068 H DIESEL, 2010-2023.<\/td>\n<\/tr>\n<tr>\n<td>JOHN DEERE 5085 E , JOHN DEERE 4045 T DIESEL, 2010-2023.<\/td>\n<\/tr>\n<tr>\n<td>JOHN DEERE 6180 J , JOHN DEERE 6068 H DIESEL, 2011-2023.<\/td>\n<\/tr>\n<tr>\n<td>JOHN DEERE 6145 J , JOHN DEERE 6068 T DIESEL, 2010-2023.<\/td>\n<\/tr>\n<tr>\n<td>JOHN DEERE 6110 E , JOHN DEERE 4045 T DIESEL, 2015-2023.<\/td>\n<\/tr>\n<tr>\n<td>JOHN DEERE 5090 E , JOHN DEERE 4045 T DIESEL, 2012-2023.<\/td>\n<\/tr>\n<tr>\n<td>JOHN DEERE 1175 , JOHN DEERE 6068 T 6.8 L 12V SOHV L6 DIESEL, 1998-2014.<\/td>\n<\/tr>\n<tr>\n<td>JOHN DEERE 6415 4X4 , JOHN DEERE 4045 T DIESEL, 2005-2012.<\/td>\n<\/tr>\n<tr>\n<td>JOHN DEERE 7210 J , JOHN DEERE 6068 H DIESEL, 2012-2023.<\/td>\n<\/tr>\n<tr>\n<td>JOHN DEERE 7515 4X4 , JOHN DEERE 6068 T 6.8 L 12V SOHV L6 DIESEL, 2005-2010.<\/td>\n<\/tr>\n<tr>\n<td>JOHN DEERE 7195 J , JOHN DEERE 6068 H DIESEL, 2012-2023.<\/td>\n<\/tr>\n<tr>\n<td>JOHN DEERE 6100 E , JOHN DEERE 4045 T DIESEL, 2017-2023.<\/td>\n<\/tr>\n<tr>\n<td>JOHN DEERE 6165 J , JOHN DEERE 6068 H DIESEL, 2010-2023.<\/td>\n<\/tr>\n<tr>\n<td>JOHN DEERE 6125J 4X4 , JOHN DEERE 6068 T DIESEL, 2010-2016.<\/td>\n<\/tr>\n<tr>\n<td>JOHN DEERE 7505 4X4 , JOHN DEERE 6068 T 6.8 L 12V SOHV L6 DIESEL, 2002-2006.<\/td>\n<\/tr>\n<tr>\n<td>JOHN DEERE 6125 J , JOHN DEERE 4045 H DIESEL, 2015-2023.<\/td>\n<\/tr>\n<tr>\n<td>JOHN DEERE 1450 , JOHN DEERE 6068 T 6.8 L 12V SOHV L6 DIESEL, 2001-2010.<\/td>\n<\/tr>\n<tr>\n<td>JOHN DEERE 6300 4X4 , JOHN DEERE 4045 T 4.5 L 8V SOHV L4 DIESEL, 1996-2007.<\/td>\n<\/tr>\n<tr>\n<td>JOHN DEERE 9470 , JOHN DEERE 6068 T DIESEL, 2010-2014.<\/td>\n<\/tr>\n<tr>\n<td>JOHN DEERE 6405 4X4 , JOHN DEERE 4045 T 4.5 L 8V SOHV L4 DIESEL, 2002-2005.<\/td>\n<\/tr>\n<tr>\n<td>JOHN DEERE 6600 4X4 , JOHN DEERE 6068 T 6.8 L 12V SOHV L6 DIESEL, 1996-2003.<\/td>\n<\/tr>\n<tr>\n<td>JOHN DEERE 6605 4X4 , JOHN DEERE 6068 T 6.8 L 12V SOHV L6 DIESEL, 2002-2006.<\/td>\n<\/tr>\n<tr>\n<td>JOHN DEERE 7715 4X4 , JOHN DEERE 6068 T DIESEL, 2007-2012.<\/td>\n<\/tr>\n<tr>\n<td>JOHN DEERE 6615 4X4 , JOHN DEERE 6068 T DIESEL, 2005-2012.<\/td>\n<\/tr>\n<tr>\n<td>JOHN DEERE 7815 4X4 , JOHN DEERE 6068 T DIESEL, 2005-2013.<\/td>\n<\/tr>\n<tr>\n<td>JOHN DEERE 8335 4X4 DV 335CV , JOHN DEERE DIESEL, 2012-2015.<\/td>\n<\/tr>\n<tr>\n<td>JOHN DEERE 6150 J , JOHN DEERE 6068 PTE DIESEL, 2017-2023.<\/td>\n<\/tr>\n<tr>\n<td>JOHN DEERE 6205 J , JOHN DEERE 6068 H DIESEL, 2014-2023.<\/td>\n<\/tr>\n<tr>\n<td>JOHN DEERE 6130 J , JOHN DEERE 6068 T DIESEL, 2015-2023.<\/td>\n<\/tr>\n<tr>\n<td>JOHN DEERE 6130J 4X4 DV 130CV , JOHN DEERE DIESEL, 2011-2016.<\/td>\n<\/tr>\n<tr>\n<td>JOHN DEERE 1470 , JOHN DEERE 6068 T DIESEL, 2009-2014.<\/td>\n<\/tr>\n<tr>\n<td>JOHN DEERE S 680 , JOHN DEERE DIESEL, 2012-2023.<\/td>\n<\/tr>\n<tr>\n<td>JOHN DEERE 1185 , JOHN DEERE 6068 T 6.8 L 12V SOHV L6 DIESEL, 1998-2002.<\/td>\n<\/tr>\n<tr>\n<td>JOHN DEERE 6190 J , JOHN DEERE 6068 PTE DIESEL, 2017-2023.<\/td>\n<\/tr>\n<tr>\n<td>JOHN DEERE 7185 4X4 , JOHN DEERE 6068 T DIESEL, 2010-2013.<\/td>\n<\/tr>\n<tr>\n<td>JOHN DEERE 8320 R , JOHN DEERE DIESEL, 2010-2016.<\/td>\n<\/tr>\n<tr>\n<td>JOHN DEERE S 670 , JOHN DEERE DIESEL, 2014-2023.<\/td>\n<\/tr>\n<tr>\n<td>JOHN DEERE S 540 , JOHN DEERE DIESEL, 2014-2023.<\/td>\n<\/tr>\n<tr>\n<td>JOHN DEERE S 660 , JOHN DEERE DIESEL, 2014-2023.<\/td>\n<\/tr>\n<tr>\n<td>JOHN DEERE 7205 4X4 , JOHN DEERE 6068 T DIESEL, 2010-2013.<\/td>\n<\/tr>\n<tr>\n<td>JOHN DEERE 1165 , JOHN DEERE 6068 T 6.8 L 12V SOHV L6 DIESEL, 1998-2007.<\/td>\n<\/tr>\n<tr>\n<td>JOHN DEERE JD 8430\/4 , JOHN DEERE DIESEL, 2007-2011.<\/td>\n<\/tr>\n<tr>\n<td>JOHN DEERE 6115 J , JOHN DEERE 6068 PTE DIESEL, 2017-2023.<\/td>\n<\/tr>\n<tr>\n<td>JOHN DEERE S 550 , JOHN DEERE DIESEL, 2014-2023.<\/td>\n<\/tr>\n<tr>\n<td>JOHN DEERE 6210 J , JOHN DEERE 4045 PTE DIESEL, 2017-2023.<\/td>\n<\/tr>\n<tr>\n<td>JOHN DEERE 8295 R , JOHN DEERE DIESEL, 2014-2023.<\/td>\n<\/tr>\n<tr>\n<td>JOHN DEERE 6400 4X4 , JOHN DEERE 4045 T 4.5 L 8V SOHV L4 DIESEL, 2002-2002.<\/td>\n<\/tr>\n<tr>\n<td>JOHN DEERE CP690 , JOHN DEERE DIESEL, 2016-2023.<\/td>\n<\/tr>\n<tr>\n<td>JOHN DEERE S540 , JOHN DEERE DIESEL, 2016-2023.<\/td>\n<\/tr>\n<tr>\n<td>JOHN DEERE S550 , JOHN DEERE DIESEL, 2016-2023.<\/td>\n<\/tr>\n<tr>\n<td>JOHN DEERE S660 , JOHN DEERE DIESEL, 2016-2023.<\/td>\n<\/tr>\n<tr>\n<td>JOHN DEERE S670 , JOHN DEERE DIESEL, 2016-2023.<\/td>\n<\/tr>\n<tr>\n<td>JOHN DEERE S680 , JOHN DEERE DIESEL, 2016-2023.<\/td>\n<\/tr>\n<tr>\n<td>JOHN DEERE S690 , JOHN DEERE DIESEL, 2016-2023.<\/td>\n<\/tr>\n<tr>\n<td>JOHN DEERE 8260 4X4 DV 260CV , JOHN DEERE DIESEL, 2012-2013.<\/td>\n<\/tr>\n<tr>\n<td>JOHN DEERE 6170 J , JOHN DEERE 6068 PTE DIESEL, 2017-2023.<\/td>\n<\/tr>\n<tr>\n<td>JOHN DEERE 6135 J , JOHN DEERE 6068 PTE DIESEL, 2017-2023.<\/td>\n<\/tr>\n<tr>\n<td>JOHN DEERE 8270 R , JOHN DEERE DIESEL, 2010-2016.<\/td>\n<\/tr>\n<tr>\n<td>JOHN DEERE 7810 4X4 , JOHN DEERE 6068 T 6.8 L 12V SOHV L6 DIESEL, 2001-2003.<\/td>\n<\/tr>\n<tr>\n<td>JOHN DEERE 5705 4X2 , JOHN DEERE 4045 T 4.5 L 8V SOHV L4 DIESEL, 2002-2012.<\/td>\n<\/tr>\n<tr>\n<td>JOHN DEERE JD 8100 , JOHN DEERE DIESEL, 2016-2023.<\/td>\n<\/tr>\n<tr>\n<td>JOHN DEERE JD 8300 , JOHN DEERE DIESEL, 2016-2023.<\/td>\n<\/tr>\n<tr>\n<td>JOHN DEERE JD 8500 , JOHN DEERE DIESEL, 2016-2023.<\/td>\n<\/tr>\n<tr>\n<td>JOHN DEERE 6125 E , JOHN DEERE 4045 H DIESEL, 2016-2023.<\/td>\n<\/tr>\n<tr>\n<td>JOHN DEERE JD 8420\/4 , JOHN DEERE DIESEL, 2005-2006.<\/td>\n<\/tr>\n<tr>\n<td>JOHN DEERE 9510 4X4 DV 510CV , JOHN DEERE DIESEL, 2012-2013.<\/td>\n<\/tr>\n<tr>\n<td>JOHN DEERE JD 8245\/4 , JOHN DEERE DIESEL, 2010-2013.<\/td>\n<\/tr>\n<tr>\n<td>JOHN DEERE JD 8230\/4 , JOHN DEERE DIESEL, 2008-2009.<\/td>\n<\/tr>\n<tr>\n<td>JOHN DEERE 9460 4X4 DV 460CV , JOHN DEERE DIESEL, 2012-2014.<\/td>\n<\/tr>\n<tr>\n<td>JOHN DEERE 5403 F 4X4 , JOHN DEERE DIESEL, 2007-2007.<\/td>\n<\/tr>\n<tr>\n<td>JOHN DEERE 8345 R , JOHN DEERE DIESEL, 2016-2016.<\/td>\n<\/tr>\n<tr>\n<td>JOHN DEERE 8370 R , JOHN DEERE DIESEL, 2016-2016.<\/td>\n<\/tr>\n<tr>\n<td>JOHN DEERE 6100 J , JOHN DEERE 4045 T DIESEL, 2017-2023.<\/td>\n<\/tr>\n<tr>\n<td>JOHN DEERE JD 1650 CTS , JOHN DEERE DIESEL, 2005-2006.<\/td>\n<\/tr>\n<tr>\n<td>JOHN DEERE 5403 F , JOHN DEERE DIESEL, 2007-2007.<\/td>\n<\/tr>\n<tr>\n<td>JOHN DEERE 7500 4X4 , JOHN DEERE 6068 T 6.8 L 12V SOHV L6 DIESEL, 2007-2007.<\/td>\n<\/tr>\n<tr>\n<td>JOHN DEERE 9460 R , JOHN DEERE DIESEL, 2015-2015.<\/td>\n<\/tr>\n<tr>\n<td>JOHN DEERE JD 8320\/4 , JOHN DEERE DIESEL, 2013-2013.<\/td>\n<\/tr>\n<tr>\n<td>JOHN DEERE JD 9430 , JOHN DEERE DIESEL, 2013-2013.<\/td>\n<\/tr>\n<tr>\n<td>JOHN DEERE JD 9660 CTS , JOHN DEERE DIESEL, 2005-2005.<\/td>\n<\/tr>\n<\/tbody>\n<\/table>\n<p>&nbsp;<\/p>\n<div>ATENCI\u00d3N:<\/div>\n<div>Recomendamos que la instalaci\u00f3n la realice un profesional formado y especializado.<\/div>\n<div>Solo realiza la compra de este producto (F000BL073E) con la certeza de que es compatible con tu veh\u00edculo, si tienes alguna duda, no dudes en ponerte en contacto con nosotros. Nuestro horario de apertura es de lunes a viernes de 8 a 18 h.<\/div>\n<div><\/div>\n<div>Sobre nosotros<\/div>\n<div>COM Automotive est\u00e1 especializada en piezas de autom\u00f3vil de dise\u00f1o original para el sector de la reparaci\u00f3n posventa, clientes industriales y fabricantes de veh\u00edculos especiales OEM.<\/div>\n<div>Nuestro equipo tiene m\u00e1s de 28 a\u00f1os de experiencia en la fabricaci\u00f3n y el suministro de piezas de automoci\u00f3n a escala mundial.<\/div>\n<div>Nuestra MISI\u00d3N es ofrecer productos de dise\u00f1o original con una calidad impecable y una sustituci\u00f3n personalizada.<\/div>\n<div>Nuestra VISI\u00d3N es promover el crecimiento y un valor inigualable para nuestros clientes.<\/div>\n","protected":false},"excerpt":{"rendered":"<p>F000BL073E Alternador de 12V 150Amp sin polea &#8211; Dise\u00f1o: BOSCH SEG &#8211; OEM: JOHN DEERE<\/p>\n","protected":false},"featured_media":3607,"comment_status":"closed","ping_status":"closed","template":"","meta":[],"product_brand":[],"product_cat":[8109,8542],"product_tag":[12662,12666,12667,12668,12660,12664,12658],"class_list":{"0":"post-15673","1":"product","2":"type-product","3":"status-publish","4":"has-post-thumbnail","6":"product_cat-alternador-es-2","7":"product_cat-sempreco-es","8":"product_tag-al231973-es","9":"product_tag-f000-bl0-73e-es","10":"product_tag-f000-bl0-73e-com-es","11":"product_tag-f000-bl0-73j-es","12":"product_tag-f000bl073e-es","13":"product_tag-f000bl073e-com-es","14":"product_tag-f000bl073j-es","16":"first","17":"instock","18":"taxable","19":"shipping-taxable","20":"purchasable","21":"product-type-simple"},"_links":{"self":[{"href":"https:\/\/com-automotive.com\/es\/wp-json\/wp\/v2\/product\/15673","targetHints":{"allow":["GET"]}}],"collection":[{"href":"https:\/\/com-automotive.com\/es\/wp-json\/wp\/v2\/product"}],"about":[{"href":"https:\/\/com-automotive.com\/es\/wp-json\/wp\/v2\/types\/product"}],"replies":[{"embeddable":true,"href":"https:\/\/com-automotive.com\/es\/wp-json\/wp\/v2\/comments?post=15673"}],"wp:featuredmedia":[{"embeddable":true,"href":"https:\/\/com-automotive.com\/es\/wp-json\/wp\/v2\/media\/3607"}],"wp:attachment":[{"href":"https:\/\/com-automotive.com\/es\/wp-json\/wp\/v2\/media?parent=15673"}],"wp:term":[{"taxonomy":"product_brand","embeddable":true,"href":"https:\/\/com-automotive.com\/es\/wp-json\/wp\/v2\/product_brand?post=15673"},{"taxonomy":"product_cat","embeddable":true,"href":"https:\/\/com-automotive.com\/es\/wp-json\/wp\/v2\/product_cat?post=15673"},{"taxonomy":"product_tag","embeddable":true,"href":"https:\/\/com-automotive.com\/es\/wp-json\/wp\/v2\/product_tag?post=15673"}],"curies":[{"name":"wp","href":"https:\/\/api.w.org\/{rel}","templated":true}]}}