{"id":15670,"date":"2023-11-17T12:04:48","date_gmt":"2023-11-17T15:04:48","guid":{"rendered":"https:\/\/com-automotive.com\/regulador-14v-vr1-lin-b3\/"},"modified":"2023-11-17T12:04:48","modified_gmt":"2023-11-17T15:04:48","slug":"regulador-14v-vr1-lin-b3","status":"publish","type":"product","link":"https:\/\/com-automotive.com\/es\/regulador-14v-vr1-lin-b3\/","title":{"rendered":"Regulador 14V VR1 LIN B3<span class=\"product-sku\" style=\"display: block; font-size: 0.85em; color: #777; margin-top: 5px; margin-bottom: 5px;\">SKU: 8100.0881-COM<\/span>"},"content":{"rendered":"<h1><strong>COM-AUTOMOTIVE, calidad de dise\u00f1o original.<\/strong><\/h1>\n<p>REGULADOR 14V 0272220881 VOLKSWAGEN VIRTUS 1.6 16V DESPU\u00c9S DE 2018<\/p>\n<h2>Preguntas m\u00e1s frecuentes<\/h2>\n<h3><strong>\u00bfCu\u00e1les son las referencias cruzadas?<\/strong><\/h3>\n<p>0272220881, 0272220881 IKRO, IK5813<\/p>\n<h2><strong>Tabla de aplicaci\u00f3n<\/strong><\/h2>\n<table width=\"1003\">\n<tbody>\n<tr>\n<td width=\"1003\">ALTERNADOR: F000. BL0.4D3 (VOLKSWAGEN GOL 1.0 G-7, EA211 CSEA 1.0 L 12V DOHC L3 FLEX, 2019-2023.<\/td>\n<\/tr>\n<tr>\n<td>VOLKSWAGEN POLO COMFORTLINE 200 TSI G-4, EA211 DHSB 1.0 L 12V DOHC L3 FLEX, 2017-2023.<\/td>\n<\/tr>\n<tr>\n<td>VOLKSWAGEN POLO MPI G-4, EA211 CSEA 1.0 L 12V DOHC L3 FLEX, 2017-2023.<\/td>\n<\/tr>\n<tr>\n<td>VOLKSWAGEN VIRTUS HIGHLINE 200 TSI G-1, EA211 DHSB 1.0 L 12V DOHC L3 FLEX, 2017-2023.<\/td>\n<\/tr>\n<tr>\n<td>VOLKSWAGEN POLO MSI G-4, EA211 CNXC 1.6 L 16V DOHC L4 FLEX, 2017-2023.<\/td>\n<\/tr>\n<tr>\n<td>VOLKSWAGEN POLO HIGHLINE 200 TSI G-4, EA211 DHSB 1.0 L 12V DOHC L3 FLEX, 2017-2023.<\/td>\n<\/tr>\n<tr>\n<td>VOLKSWAGEN T-CROSS SENSE 200 TSI G-1, EA211 DHSB 1.0 L 12V DOHC L3 FLEX, 2020-2023.<\/td>\n<\/tr>\n<tr>\n<td>VOLKSWAGEN GOL COMFORTLINE I-MOTION G-7, EA211 CSEA 1.0 L 12V DOHC L3 FLEX, 2016-2018.<\/td>\n<\/tr>\n<tr>\n<td>VOLKSWAGEN T-CROSS COMFORTLINE 200 TSI G-1, EA211 DHSB 1.0 L 12V DOHC L3 FLEX, 2019-2023.<\/td>\n<\/tr>\n<tr>\n<td>VOLKSWAGEN VIRTUS MSI G-1, EA211 CNXC 1.6 L 16V DOHC L4 FLEX, 2019-2023.<\/td>\n<\/tr>\n<tr>\n<td>VOLKSWAGEN VIRTUS COMFORTLINE 200 TSI G-1, EA211 DHSB 1.0 L 12V DOHC L3 FLEX, 2019-2023.<\/td>\n<\/tr>\n<tr>\n<td>VOLKSWAGEN T-CROSS 200 TSI G-1, EA211 DHSB 1.0 L 12V DOHC L3 FLEX, 2019-2023.<\/td>\n<\/tr>\n<tr>\n<td>VOLKSWAGEN GOL TRENDLINE G-7, EA211 CSEA 1.0 L 12V DOHC L3 FLEX, 2016-2019.<\/td>\n<\/tr>\n<tr>\n<td>VOLKSWAGEN GOL COMFORTLINE G-7, EA211 CSEA 1.0 L 12V DOHC L3 FLEX, 2016-2019.<\/td>\n<\/tr>\n<tr>\n<td>\u00a1VOLKSWAGEN CROSS UP! 1.0 G-1, EA211 CSEA 1.0 L 12V DOHC L3 FLEX, 2014-2016.<\/td>\n<\/tr>\n<tr>\n<td>VOLKSWAGEN VIRTUS 1.6 AT G-1, EA211 CNXC 1.6 L 16V DOHC L4 FLEX, 2019-2023.<\/td>\n<\/tr>\n<tr>\n<td>VOLKSWAGEN GOL CONNECT G-7, EA211 CSEA 1.0 L 12V DOHC L3 FLEX, 2016-2018.<\/td>\n<\/tr>\n<tr>\n<td>VOLKSWAGEN POLO 1.6 AT G-4, EA211 CNXC 1.6 L 16V DOHC L4 FLEX, 2019-2023.<\/td>\n<\/tr>\n<tr>\n<td>VOLKSWAGEN FOX TRACK G-3, EA211 CSEA 1.0 L 12V DOHC L3 FLEX, 2015-2019.<\/td>\n<\/tr>\n<tr>\n<td>VOLKSWAGEN FOX BLUEMOTION G-2, EA211 CSEA 1.0 L 12V DOHC L3 FLEX, 2013-2013.<\/td>\n<\/tr>\n<tr>\n<td>VOLKSWAGEN VIRTUS SENSE G-1, EA211 CNXC 1.6 L 16V DOHC L4 FLEX, 2019-2023.<\/td>\n<\/tr>\n<tr>\n<td>\u00a1VOLKSWAGEN CROSS UP! I-MOTION G-1, EA211 CSEA 1.0 L 12V DOHC L3 FLEX, 2014-2016.<\/td>\n<\/tr>\n<tr>\n<td>VOLKSWAGEN POLO SENSE 200 TSI G-4, EA211 DHSB 1.0 L 12V DOHC L3 FLEX, 2019-2023.<\/td>\n<\/tr>\n<tr>\n<td>VOLKSWAGEN GOL TRACK G-7, EA211 CSEA 1.0 L 12V DOHC L3 FLEX, 2016-2023.<\/td>\n<\/tr>\n<tr>\n<td>VOLKSWAGEN FOX TRENDLINE G-3, EA211 CSEA 1.0 L 12V DOHC L3 FLEX, 2020-2023. )<\/td>\n<\/tr>\n<tr>\n<td><\/td>\n<\/tr>\n<tr>\n<td>F000. BL0.4D4<\/td>\n<\/tr>\n<tr>\n<td>VW: 04C 903 023 E<\/td>\n<\/tr>\n<\/tbody>\n<\/table>\n<p>&nbsp;<\/p>\n<div>ATENCI\u00d3N:<\/div>\n<div>Recomendamos que la instalaci\u00f3n la realice un profesional formado y especializado.<\/div>\n<div>S\u00f3lo compra este producto si est\u00e1s seguro de que es compatible con tu veh\u00edculo. Si tienes alguna duda, no dudes en ponerte en contacto con nosotros. Nuestro horario de apertura es de lunes a viernes de 8 a 18 h.<\/div>\n<div><\/div>\n<div>Sobre nosotros<\/div>\n<div>COM Automotive est\u00e1 especializada en piezas de autom\u00f3vil de dise\u00f1o original para el sector de la reparaci\u00f3n posventa, clientes industriales y fabricantes de veh\u00edculos especiales OEM.<\/div>\n<div>Nuestro equipo tiene m\u00e1s de 28 a\u00f1os de experiencia en la fabricaci\u00f3n y el suministro de piezas de automoci\u00f3n a escala mundial.<\/div>\n<div>Nuestra MISI\u00d3N es ofrecer productos de dise\u00f1o original con una calidad impecable y una sustituci\u00f3n personalizada.<\/div>\n<div>Nuestra VISI\u00d3N es promover el crecimiento y un valor inigualable para nuestros clientes.<\/div>\n","protected":false},"excerpt":{"rendered":"<p>0272220881-COM. En stock. Ref: 0272220881, 0272220881, IK5813 &#8211; compatible con: variado. Marca: COM Automotive &#8211; Producto con calidad y dise\u00f1o originales. Compatible con Bosch<\/p>\n","protected":false},"featured_media":20579,"comment_status":"open","ping_status":"closed","template":"","meta":[],"product_brand":[],"product_cat":[8489],"product_tag":[12647,13124,12651],"class_list":{"0":"post-15670","1":"product","2":"type-product","3":"status-publish","4":"has-post-thumbnail","6":"product_cat-regulador","7":"product_tag-0272220881-es","8":"product_tag-04c903023e-es","9":"product_tag-ik5813-es","11":"first","12":"instock","13":"taxable","14":"shipping-taxable","15":"purchasable","16":"product-type-simple"},"_links":{"self":[{"href":"https:\/\/com-automotive.com\/es\/wp-json\/wp\/v2\/product\/15670","targetHints":{"allow":["GET"]}}],"collection":[{"href":"https:\/\/com-automotive.com\/es\/wp-json\/wp\/v2\/product"}],"about":[{"href":"https:\/\/com-automotive.com\/es\/wp-json\/wp\/v2\/types\/product"}],"replies":[{"embeddable":true,"href":"https:\/\/com-automotive.com\/es\/wp-json\/wp\/v2\/comments?post=15670"}],"wp:featuredmedia":[{"embeddable":true,"href":"https:\/\/com-automotive.com\/es\/wp-json\/wp\/v2\/media\/20579"}],"wp:attachment":[{"href":"https:\/\/com-automotive.com\/es\/wp-json\/wp\/v2\/media?parent=15670"}],"wp:term":[{"taxonomy":"product_brand","embeddable":true,"href":"https:\/\/com-automotive.com\/es\/wp-json\/wp\/v2\/product_brand?post=15670"},{"taxonomy":"product_cat","embeddable":true,"href":"https:\/\/com-automotive.com\/es\/wp-json\/wp\/v2\/product_cat?post=15670"},{"taxonomy":"product_tag","embeddable":true,"href":"https:\/\/com-automotive.com\/es\/wp-json\/wp\/v2\/product_tag?post=15670"}],"curies":[{"name":"wp","href":"https:\/\/api.w.org\/{rel}","templated":true}]}}