{"id":15667,"date":"2023-10-24T02:12:12","date_gmt":"2023-10-24T05:12:12","guid":{"rendered":"https:\/\/com-automotive.com\/alternador-24v-150a-0124655595-0124655594-a0001508250-mb\/"},"modified":"2023-10-24T02:12:12","modified_gmt":"2023-10-24T05:12:12","slug":"alternador-24v-150a-0124655595-0124655594-a0001508250-mb","status":"publish","type":"product","link":"https:\/\/com-automotive.com\/es\/alternador-24v-150a-0124655595-0124655594-a0001508250-mb\/","title":{"rendered":"Alternador 24V 150A 0124655595 0124655594 A0001508250 MB<span class=\"product-sku\" style=\"display: block; font-size: 0.85em; color: #777; margin-top: 5px; margin-bottom: 5px;\">SKU: 8000.0595-COM<\/span>"},"content":{"rendered":"<h1>Calidad de dise\u00f1o original COM-AUTOMOTIVE.<\/h1>\n<p>0124655595 Alternador de 24V 150Amp con Polea &#8211; Dise\u00f1o: BOSCH SEG &#8211; OEM: MERCEDES MBB<\/p>\n<h2>Preguntas m\u00e1s frecuentes<\/h2>\n<h3><strong>\u00bfCu\u00e1les son las referencias cruzadas?<\/strong><\/h3>\n<p>0124655594, 0124655595, A0001508250, 1508250 A0001508250<\/p>\n<h2><strong>TABLA DE APLICACI\u00d3N<\/strong><\/h2>\n<table style=\"height: 2920px;\" width=\"1210\">\n<tbody>\n<tr>\n<td width=\"779\">MERCEDES BENZ L 1620 , MERCEDES BENZ OM 906 LA OM 906 LA 6.4 L 18V SOHV L6 DIESEL, 2006-2017.<\/td>\n<\/tr>\n<tr>\n<td>MERCEDES BENZ ATEGO 2426\/36 , MERCEDES BENZ OM 926 LA BLUETEC 5 OM 926 LA 7.2 L 18V SOHV L6 DIESEL, 2012-2023.<\/td>\n<\/tr>\n<tr>\n<td>MERCEDES BENZ ATEGO 2425 , MERCEDES BENZ OM 906 LA OM 906 LA 6.4 L 18V SOHV L6 DIESEL, 2005-2017.<\/td>\n<\/tr>\n<tr>\n<td>MERCEDES BENZ O 500 M 1826 , MERCEDES BENZ OM 926 LA BLUETEC 5 OM 926 LA 7.2 L 18V SOHV L6 DIESEL, 2012-2019.<\/td>\n<\/tr>\n<tr>\n<td>MERCEDES BENZ ATRON 2324\/51 , MERCEDES BENZ OM 926 LA BLUETEC 5 OM 926 LA 7.2 L 18V SOHV L6 DIESEL, 2012-2018.<\/td>\n<\/tr>\n<tr>\n<td>MERCEDES BENZ DE 1724 EV , MERCEDES BENZ OM 926 LA BLUETEC 5 OM 926 LA 7.2 L 18V SOHV L6 DIESEL, 2012-2018.<\/td>\n<\/tr>\n<tr>\n<td>MERCEDES BENZ ATRON 2729\/36 , MERCEDES BENZ OM 926 LA BLUETEC 5 OM 926 LA 7.2 L 18V SOHV L6 DIESEL, 2013-2023.<\/td>\n<\/tr>\n<tr>\n<td>MERCEDES BENZ AXOR 2831 , MERCEDES BENZ OM 926 LA OM 926 LA 7.2 L 18V SOHV L6 DIESEL, 2006-2020.<\/td>\n<\/tr>\n<tr>\n<td>MERCEDES BENZ AXOR 1933\/36 , MERCEDES BENZ OM 926 LA OM 926 LA 7.2 L 18V SOHV L6 DIESEL, 2005-2012.<\/td>\n<\/tr>\n<tr>\n<td>MERCEDES BENZ AXOR 1933\/36 , MERCEDES BENZ OM 926 LA BLUETEC 5 OM 926 LA 7.2 L 18V SOHV L6 DIESEL, 2012-2023.<\/td>\n<\/tr>\n<tr>\n<td>MERCEDES BENZ 2423 K , MERCEDES BENZ OM 906 LA OM 906 LA 6.4 L 18V SOHV L6 DIESEL, 1999-2020.<\/td>\n<\/tr>\n<tr>\n<td>MERCEDES BENZ 2726 , MERCEDES BENZ OM 906 LA OM 906 LA 6.4 L 18V SOHV L6 DIESEL, 2008-2019.<\/td>\n<\/tr>\n<tr>\n<td>MERCEDES BENZ ATEGO 3030\/48 , MERCEDES BENZ OM 926 LA BLUETEC 5 OM 926 LA 7.2 L 18V SOHV L6 DIESEL, 2016-2023.<\/td>\n<\/tr>\n<tr>\n<td>MERCEDES BENZ ATEGO 2430\/36 , MERCEDES BENZ OM 926 LA BLUETEC 5 OM 926 LA 7.2 L 18V SOHV L6 DIESEL, 2013-2019.<\/td>\n<\/tr>\n<tr>\n<td>MERCEDES BENZ ATEGO 2430\/36 ECONFORT , MERCEDES BENZ OM 926 LA BLUETEC 5 OM 926 LA 7.2 L 18V SOHV L6 DIESEL, 2015-2023.<\/td>\n<\/tr>\n<tr>\n<td>MERCEDES BENZ AXOR 3131\/36 , MERCEDES BENZ OM 926 LA BLUETEC 5 OM 926 LA 7.2 L 18V SOHV L6 DIESEL, 2011-2023.<\/td>\n<\/tr>\n<tr>\n<td>MERCEDES BENZ O 500 M 1726 , MERCEDES BENZ OM 906 LA OM 906 LA 6.4 L 18V SOHV L6 DIESEL, 2006-2013.<\/td>\n<\/tr>\n<tr>\n<td>MERCEDES BENZ ATEGO 2426\/48 , MERCEDES BENZ OM 926 LA BLUETEC 5 OM 926 LA 7.2 L 18V SOHV L6 DIESEL, 2012-2019.<\/td>\n<\/tr>\n<tr>\n<td>MERCEDES BENZ O 500 R 1830 , MERCEDES BENZ OM 926 LA BLUETEC 5 OM 926 LA 7.2 L 18V SOHV L6 DIESEL, 2015-2023.<\/td>\n<\/tr>\n<tr>\n<td>MERCEDES BENZ ATEGO 2426\/54 , MERCEDES BENZ OM 926 LA BLUETEC 5 OM 926 LA 7.2 L 18V SOHV L6 DIESEL, 2012-2019.<\/td>\n<\/tr>\n<tr>\n<td>MERCEDES BENZ O 500 R 1830 , MERCEDES BENZ OM 926 LA OM 926 LA 7.2 L 18V SOHV L6 DIESEL, 2005-2013.<\/td>\n<\/tr>\n<tr>\n<td>MERCEDES BENZ ATEGO 1729\/36 , MERCEDES BENZ OM 926 LA BLUETEC 5 OM 926 LA 7.2 L 18V SOHV L6 DIESEL, 2012-2023.<\/td>\n<\/tr>\n<tr>\n<td>MERCEDES BENZ AXOR 3131\/48 , MERCEDES BENZ OM 926 LA BLUETEC 5 OM 926 LA 7.2 L 18V SOHV L6 DIESEL, 2014-2019.<\/td>\n<\/tr>\n<tr>\n<td>MERCEDES BENZ DE 1724 L , MERCEDES BENZ OM 926 LA BLUETEC 5 OM 926 LA 7.2 L 18V SOHV L6 DIESEL, 2015-2018.<\/td>\n<\/tr>\n<tr>\n<td>MERCEDES BENZ O 500 M 1725 , MERCEDES BENZ OM 906 LA OM 906 LA 6.4 L 18V SOHV L6 DIESEL, 2001-2008.<\/td>\n<\/tr>\n<tr>\n<td>MERCEDES BENZ ATEGO 1726\/36 , MERCEDES BENZ OM 926 LA BLUETEC 5 OM 926 LA 7.2 L 18V SOHV L6 DIESEL, 2011-2023.<\/td>\n<\/tr>\n<tr>\n<td>MERCEDES BENZ O 500 U 1726 , MERCEDES BENZ OM 906 LA OM 906 LA 6.4 L 18V SOHV L6 DIESEL, 2007-2013.<\/td>\n<\/tr>\n<tr>\n<td>MERCEDES BENZ ATRON 2729\/48 , MERCEDES BENZ OM 926 LA BLUETEC 5 OM 926 LA 7.2 L 18V SOHV L6 DIESEL, 2013-2018.<\/td>\n<\/tr>\n<tr>\n<td>MERCEDES BENZ ATEGO 1725 , MERCEDES BENZ OM 906 LA OM 906 LA 6.4 L 18V SOHV L6 DIESEL, 2004-2019.<\/td>\n<\/tr>\n<tr>\n<td>MERCEDES BENZ ATEGO 2429 36\/48\/54 , MERCEDES BENZ OM 926 LA BLUETEC 5 OM 926 LA 7.2 L 18V SOHV L6 DIESEL, 2012-2019.<\/td>\n<\/tr>\n<tr>\n<td>MERCEDES BENZ ATEGO 2428 , MERCEDES BENZ OM 926 LA OM 926 LA 7.2 L 18V SOHV L6 DIESEL, 2007-2015.<\/td>\n<\/tr>\n<tr>\n<td>MERCEDES BENZ O 500 ARTICULADO , MERCEDES BENZ OM 926 LA OM 926 LA 7.2 L 18V SOHV L6 DIESEL, 2006-2013.<\/td>\n<\/tr>\n<tr>\n<td>MERCEDES BENZ ATEGO 1726\/42 TRACCI\u00d3N TOTAL , MERCEDES BENZ OM 926 LA BLUETEC 5 OM 926 LA 7.2 L 18V SOHV L6 DIESEL, 2013-2023.<\/td>\n<\/tr>\n<tr>\n<td>MERCEDES BENZ ATEGO 3030\/54 , MERCEDES BENZ OM 926 LA BLUETEC 5 OM 926 LA 7.2 L 18V SOHV L6 DIESEL, 2016-2019.<\/td>\n<\/tr>\n<tr>\n<td>MERCEDES BENZ O 500 R , MERCEDES BENZ OM 926 LA BLUETEC 5 OM 926 LA 7.2 L 18V SOHV L6 DIESEL, 2012-2023.<\/td>\n<\/tr>\n<tr>\n<td>MERCEDES BENZ 2428 , MERCEDES BENZ OM 906 LA OM 906 LA 6.4 L 18V SOHV L6 DIESEL, 2001-2006.<\/td>\n<\/tr>\n<tr>\n<td>MERCEDES BENZ ATEGO 3026\/48 , MERCEDES BENZ OM 926 LA BLUETEC 5 OM 926 LA 7.2 L 18V SOHV L6 DIESEL, 2016-2023.<\/td>\n<\/tr>\n<tr>\n<td>MERCEDES BENZ ATEGO 1726\/42 , MERCEDES BENZ OM 926 LA BLUETEC 5 OM 926 LA 7.2 L 18V SOHV L6 DIESEL, 2011-2019.<\/td>\n<\/tr>\n<tr>\n<td>MERCEDES BENZ ATEGO 1726\/48 , MERCEDES BENZ OM 926 LA BLUETEC 5 OM 926 LA 7.2 L 18V SOHV L6 DIESEL, 2011-2019.<\/td>\n<\/tr>\n<tr>\n<td>MERCEDES BENZ ATEGO 1726\/54 , MERCEDES BENZ OM 926 LA BLUETEC 5 OM 926 LA 7.2 L 18V SOHV L6 DIESEL, 2011-2019.<\/td>\n<\/tr>\n<tr>\n<td>MERCEDES BENZ AXOR 2533\/48 , MERCEDES BENZ OM 926 LA OM 926 LA 7.2 L 18V SOHV L6 DIESEL, 2005-2016.<\/td>\n<\/tr>\n<tr>\n<td>MERCEDES BENZ DE 1724 , MERCEDES BENZ OM 926 LA BLUETEC 5 OM 926 LA 7.2 L 18V SOHV L6 DIESEL, 2015-2023.<\/td>\n<\/tr>\n<tr>\n<td>MERCEDES BENZ ATEGO 2430\/48 , MERCEDES BENZ OM 926 LA BLUETEC 5 OM 926 LA 7.2 L 18V SOHV L6 DIESEL, 2015-2019.<\/td>\n<\/tr>\n<tr>\n<td>MERCEDES BENZ O 500 M BUGGY , MERCEDES BENZ OM 926 LA BLUETEC 5 OM 926 LA 7.2 L 18V SOHV L6 DIESEL, 2012-2016.<\/td>\n<\/tr>\n<tr>\n<td>MERCEDES BENZ 1728 , MERCEDES BENZ OM 906 LA OM 906 LA 6.4 L 18V SOHV L6 DIESEL, 2003-2006.<\/td>\n<\/tr>\n<tr>\n<td>MERCEDES BENZ AXOR 2826 , MERCEDES BENZ OM 906 LA OM 906 LA 6.4 L 18V SOHV L6 DIESEL, 2006-2019.<\/td>\n<\/tr>\n<tr>\n<td>MERCEDES BENZ ATEGO 2430\/48 ECONFORT , MERCEDES BENZ OM 926 LA BLUETEC 5 OM 926 LA 7.2 L 18V SOHV L6 DIESEL, 2015-2019.<\/td>\n<\/tr>\n<tr>\n<td>MERCEDES BENZ O 500 R 1632 , MERCEDES BENZ OM 926 LA OM 926 LA 7.2 L 18V SOHV L6 DIESEL, 2002-2005.<\/td>\n<\/tr>\n<tr>\n<td>MERCEDES BENZ ATEGO 2430\/54 , MERCEDES BENZ OM 926 LA BLUETEC 5 OM 926 LA 7.2 L 18V SOHV L6 DIESEL, 2015-2019.<\/td>\n<\/tr>\n<tr>\n<td>MERCEDES BENZ ATEGO 1729\/48 , MERCEDES BENZ OM 926 LA BLUETEC 5 OM 926 LA 7.2 L 18V SOHV L6 DIESEL, 2013-2019.<\/td>\n<\/tr>\n<tr>\n<td>MERCEDES BENZ ATEGO 3026\/54 , MERCEDES BENZ OM 926 LA BLUETEC 5 OM 926 LA 7.2 L 18V SOHV L6 DIESEL, 2016-2019.<\/td>\n<\/tr>\n<tr>\n<td>MERCEDES BENZ O 500 U 1826 , MERCEDES BENZ OM 926 LA BLUETEC 5 OM 926 LA 7.2 L 18V SOHV L6 DIESEL, 2015-2018.<\/td>\n<\/tr>\n<tr>\n<td>MERCEDES BENZ ATEGO 2430\/54 ECONFORT , MERCEDES BENZ OM 926 LA BLUETEC 5 OM 926 LA 7.2 L 18V SOHV L6 DIESEL, 2015-2019.<\/td>\n<\/tr>\n<tr>\n<td>MERCEDES BENZ O 500 M 1826 BUGGY , MERCEDES BENZ OM 926 LA BLUETEC 5 OM 926 LA 7.2 L 18V SOHV L6 DIESEL, 2015-2016.<\/td>\n<\/tr>\n<tr>\n<td>MERCEDES BENZ O 500 U , MERCEDES BENZ OM 926 LA BLUETEC 5 OM 926 LA 7.2 L 18V SOHV L6 DIESEL, 2012-2016.<\/td>\n<\/tr>\n<tr>\n<td>MERCEDES BENZ AXOR 2533\/48 SUSPENSI\u00d3N MET\u00c1LICA , MERCEDES BENZ OM 926 LA BLUETEC 5 OM 926 LA 7.2 L 18V SOHV L6 DIESEL, 2011-2023.<\/td>\n<\/tr>\n<tr>\n<td>MERCEDES BENZ AXOR 2831 K , MERCEDES BENZ OM 926 LA BLUETEC 5 OM 926 LA 7.2 L 18V SOHV L6 DIESEL, 2014-2019.<\/td>\n<\/tr>\n<tr>\n<td>MERCEDES BENZ ATEGO 1728 , MERCEDES BENZ OM 926 LA OM 926 LA 7.2 L 18V SOHV L6 DIESEL, 2007-2010.<\/td>\n<\/tr>\n<tr>\n<td>MERCEDES BENZ AXOR 2533\/48 SUSPENSI\u00d3N NEUM\u00c1TICA , MERCEDES BENZ OM 926 LA BLUETEC 5 OM 926 LA 7.2 L 18V SOHV L6 DIESEL, 2011-2019.<\/td>\n<\/tr>\n<tr>\n<td>MERCEDES BENZ O 500 U 1725 , MERCEDES BENZ OM 906 LA OM 906 LA 6.4 L 18V SOHV L6 DIESEL, 2001-2010.<\/td>\n<\/tr>\n<tr>\n<td>MERCEDES BENZ ATEGO 1730\/36 , MERCEDES BENZ OM 926 LA BLUETEC 5 OM 926 LA 7.2 L 18V SOHV L6 DIESEL, 2016-2023.<\/td>\n<\/tr>\n<tr>\n<td>MERCEDES BENZ 2726 K , MERCEDES BENZ OM 906 LA OM 906 LA 6.4 L 18V SOHV L6 DIESEL, 2007-2019.<\/td>\n<\/tr>\n<tr>\n<td>MERCEDES BENZ O 500 M 1728 , MERCEDES BENZ OM 906 LA OM 906 LA 6.4 L 18V SOHV L6 DIESEL, 2005-2005.<\/td>\n<\/tr>\n<tr>\n<td>MERCEDES BENZ AXOR 2831 B , MERCEDES BENZ OM 926 LA BLUETEC 5 OM 926 LA 7.2 L 18V SOHV L6 DIESEL, 2014-2019.<\/td>\n<\/tr>\n<\/tbody>\n<\/table>\n<div>ATENCI\u00d3N:<\/div>\n<div>Recomendamos que la instalaci\u00f3n del 0124655595 sea realizada por un profesional capacitado y especializado.<\/div>\n<div>Solo realiza la compra de este producto 0124655595 seguro de que es compatible con tu veh\u00edculo, si tienes alguna duda, no dudes en ponerte en contacto con nosotros. Nuestro horario de apertura es de lunes a viernes de 8 a 18 h.<\/div>\n<div><\/div>\n<div>Sobre nosotros<\/div>\n<div>COM Automotive est\u00e1 especializada en piezas de autom\u00f3vil de dise\u00f1o original para el sector de la reparaci\u00f3n posventa, clientes industriales y fabricantes de veh\u00edculos especiales OEM.<\/div>\n<div>Nuestro equipo tiene m\u00e1s de 28 a\u00f1os de experiencia en la fabricaci\u00f3n y el suministro de piezas de automoci\u00f3n a escala mundial.<\/div>\n<div>Nuestra MISI\u00d3N es ofrecer productos de dise\u00f1o original con una calidad impecable y una sustituci\u00f3n personalizada.<\/div>\n<div>Nuestra VISI\u00d3N es promover el crecimiento y un valor inigualable para nuestros clientes.<\/div>\n","protected":false},"excerpt":{"rendered":"<p>0124655595-COM. En stock. Ref: 0124655594, 0124655595, A0001508250 &#8211; compatible con: MERCEDES MBB. Marca: COM Automotive &#8211; Producto con calidad y dise\u00f1o originales. Compatible con Bosch<\/p>\n","protected":false},"featured_media":18355,"comment_status":"open","ping_status":"closed","template":"","meta":[],"product_brand":[],"product_cat":[8109],"product_tag":[36826],"class_list":{"0":"post-15667","1":"product","2":"type-product","3":"status-publish","4":"has-post-thumbnail","6":"product_cat-alternador-es-2","7":"product_tag-a0001508250-es","9":"first","10":"instock","11":"taxable","12":"shipping-taxable","13":"purchasable","14":"product-type-simple"},"_links":{"self":[{"href":"https:\/\/com-automotive.com\/es\/wp-json\/wp\/v2\/product\/15667","targetHints":{"allow":["GET"]}}],"collection":[{"href":"https:\/\/com-automotive.com\/es\/wp-json\/wp\/v2\/product"}],"about":[{"href":"https:\/\/com-automotive.com\/es\/wp-json\/wp\/v2\/types\/product"}],"replies":[{"embeddable":true,"href":"https:\/\/com-automotive.com\/es\/wp-json\/wp\/v2\/comments?post=15667"}],"wp:featuredmedia":[{"embeddable":true,"href":"https:\/\/com-automotive.com\/es\/wp-json\/wp\/v2\/media\/18355"}],"wp:attachment":[{"href":"https:\/\/com-automotive.com\/es\/wp-json\/wp\/v2\/media?parent=15667"}],"wp:term":[{"taxonomy":"product_brand","embeddable":true,"href":"https:\/\/com-automotive.com\/es\/wp-json\/wp\/v2\/product_brand?post=15667"},{"taxonomy":"product_cat","embeddable":true,"href":"https:\/\/com-automotive.com\/es\/wp-json\/wp\/v2\/product_cat?post=15667"},{"taxonomy":"product_tag","embeddable":true,"href":"https:\/\/com-automotive.com\/es\/wp-json\/wp\/v2\/product_tag?post=15667"}],"curies":[{"name":"wp","href":"https:\/\/api.w.org\/{rel}","templated":true}]}}