{"id":15663,"date":"2023-10-24T19:04:09","date_gmt":"2023-10-24T22:04:09","guid":{"rendered":"https:\/\/com-automotive.com\/alternador-24v-80a-f000bl0770-f000bl0769-para-mb-atego-axor-accelo-2016\/"},"modified":"2023-10-24T19:04:09","modified_gmt":"2023-10-24T22:04:09","slug":"alternador-24v-80a-f000bl0770-f000bl0769-para-mb-atego-axor-accelo-2016","status":"publish","type":"product","link":"https:\/\/com-automotive.com\/es\/alternador-24v-80a-f000bl0770-f000bl0769-para-mb-atego-axor-accelo-2016\/","title":{"rendered":"Alternador 24V 80A F000BL0770 F000BL0769 para MB Atego AXOR Accelo 2016&gt;<span class=\"product-sku\" style=\"display: block; font-size: 0.85em; color: #777; margin-top: 5px; margin-bottom: 5px;\">SKU: 8000.0769-COM<\/span>"},"content":{"rendered":"<p>Alternador 24V 80Amp. F000BL0770 MBB Axor 3340 3344 2044 2544 2040 2540 1933 Todos | Original: 0124555044 \/ 0 124 555 044<\/p>\n<h1>COM-AUTOMOTIVE, calidad de dise\u00f1o original.<\/h1>\n<h2>Preguntas m\u00e1s frecuentes<\/h2>\n<h3><strong>\u00bfCu\u00e1les son las referencias cruzadas?<\/strong><\/h3>\n<p>F000BL0769, F000BL0770, A0001508450, 0001504650, 0001508450, A0001504650, 1508450, 0124555087, 0124555079, 0124555044, 0124555016, 19070021, ZEN 41027, ZM 9010605, 0124555044<\/p>\n<h2><strong>TABLA DE APLICACI\u00d3N<\/strong><\/h2>\n<table style=\"height: 742px;\" width=\"1005\">\n<tbody>\n<tr>\n<td width=\"114\">MERCEDES BENZ<\/td>\n<td width=\"114\">Serie L de 13t<\/td>\n<td width=\"114\">1318<\/td>\n<td width=\"114\">01.2006 &#8211;<\/td>\n<\/tr>\n<tr>\n<td width=\"114\">MERCEDES BENZ<\/td>\n<td width=\"114\">Serie L de 16t<\/td>\n<td width=\"114\">1618 M<\/td>\n<td width=\"114\">01.2006 &#8211;<\/td>\n<\/tr>\n<tr>\n<td width=\"114\">MERCEDES BENZ<\/td>\n<td width=\"114\">Serie L de 16t<\/td>\n<td width=\"114\">L 1620<\/td>\n<td width=\"114\">01.2006 &#8211;<\/td>\n<\/tr>\n<tr>\n<td width=\"114\">MERCEDES BENZ<\/td>\n<td width=\"114\">Serie 17<\/td>\n<td width=\"114\">1728<\/td>\n<td width=\"114\">01.2006 &#8211;<\/td>\n<\/tr>\n<tr>\n<td width=\"114\">MERCEDES BENZ<\/td>\n<td width=\"114\">Serie 24t<\/td>\n<td width=\"114\">2423<\/td>\n<td width=\"114\">01.2006 &#8211;<\/td>\n<\/tr>\n<tr>\n<td width=\"114\">MERCEDES BENZ<\/td>\n<td width=\"114\">Serie 24t<\/td>\n<td width=\"114\">2428<\/td>\n<td width=\"114\">01.2006 &#8211;<\/td>\n<\/tr>\n<tr>\n<td width=\"114\">MERCEDES BENZ<\/td>\n<td width=\"114\">Serie 9t<\/td>\n<td width=\"114\">914 C\/LO<\/td>\n<td width=\"114\">01.2006 &#8211;<\/td>\n<\/tr>\n<tr>\n<td width=\"114\">MERCEDES BENZ<\/td>\n<td width=\"114\">Serie 9t<\/td>\n<td width=\"114\">915 E<\/td>\n<td width=\"114\">01.2006 &#8211;<\/td>\n<\/tr>\n<tr>\n<td width=\"114\">MERCEDES BENZ<\/td>\n<td width=\"114\">Serie 9t<\/td>\n<td width=\"114\">915 E<\/td>\n<td width=\"114\">02.1998 &#8211; 12.2005<\/td>\n<\/tr>\n<tr>\n<td width=\"114\">MERCEDES BENZ<\/td>\n<td width=\"114\">Serie 9t<\/td>\n<td width=\"114\">LO 915<\/td>\n<td width=\"114\">01.2006 &#8211;<\/td>\n<\/tr>\n<tr>\n<td width=\"114\">MERCEDES BENZ<\/td>\n<td width=\"114\">Serie 9t<\/td>\n<td width=\"114\">LO 916<\/td>\n<td width=\"114\">01.2012 &#8211;<\/td>\n<\/tr>\n<tr>\n<td width=\"114\">MERCEDES BENZ<\/td>\n<td width=\"114\">Accelo<\/td>\n<td width=\"114\">915 C (Accelo)<\/td>\n<td width=\"114\">01.2006 &#8211;<\/td>\n<\/tr>\n<tr>\n<td width=\"114\">MERCEDES BENZ<\/td>\n<td width=\"114\">Atego<\/td>\n<td width=\"114\">1315 (Atego)<\/td>\n<td width=\"114\">01.2006 &#8211;<\/td>\n<\/tr>\n<tr>\n<td width=\"114\">MERCEDES BENZ<\/td>\n<td width=\"114\">Atego<\/td>\n<td width=\"114\">1418 (Atego)<\/td>\n<td width=\"114\">01.2006 &#8211;<\/td>\n<\/tr>\n<tr>\n<td width=\"114\">MERCEDES BENZ<\/td>\n<td width=\"114\">Atego<\/td>\n<td width=\"114\">1518 (Atego)<\/td>\n<td width=\"114\">01.2006 &#8211;<\/td>\n<\/tr>\n<tr>\n<td width=\"114\">MERCEDES BENZ<\/td>\n<td width=\"114\">Atego<\/td>\n<td width=\"114\">1728 (Atego)<\/td>\n<td width=\"114\">06.2007 &#8211;<\/td>\n<\/tr>\n<tr>\n<td width=\"114\">MERCEDES BENZ<\/td>\n<td width=\"114\">Atego<\/td>\n<td width=\"114\">2425 (Atego)<\/td>\n<td width=\"114\">01.2006 &#8211;<\/td>\n<\/tr>\n<tr>\n<td width=\"114\">MERCEDES BENZ<\/td>\n<td width=\"114\">Atego<\/td>\n<td width=\"114\">2425 (Atego)<\/td>\n<td width=\"114\">09.2004 &#8211; 12.2005<\/td>\n<\/tr>\n<tr>\n<td width=\"114\">MERCEDES BENZ<\/td>\n<td width=\"114\">Atego<\/td>\n<td width=\"114\">2428 (Atego)<\/td>\n<td width=\"114\">06.2007 &#8211;<\/td>\n<\/tr>\n<tr>\n<td width=\"114\">MERCEDES BENZ<\/td>\n<td width=\"114\">Axor<\/td>\n<td width=\"114\">1933 (Axor)<\/td>\n<td width=\"114\">01.2006 &#8211;<\/td>\n<\/tr>\n<tr>\n<td width=\"114\">MERCEDES BENZ<\/td>\n<td width=\"114\">Axor<\/td>\n<td width=\"114\">2533 (Axor)<\/td>\n<td width=\"114\">01.2006 &#8211;<\/td>\n<\/tr>\n<tr>\n<td width=\"114\">MERCEDES BENZ<\/td>\n<td width=\"114\">Axor<\/td>\n<td width=\"114\">2826 (Axor)<\/td>\n<td width=\"114\">01.2006 &#8211;<\/td>\n<\/tr>\n<tr>\n<td width=\"114\">MERCEDES BENZ<\/td>\n<td width=\"114\">Axor<\/td>\n<td width=\"114\">2831 (Axor)<\/td>\n<td width=\"114\">01.2006 &#8211;<\/td>\n<\/tr>\n<tr>\n<td width=\"114\">MERCEDES BENZ<\/td>\n<td width=\"114\">Axor<\/td>\n<td width=\"114\">2831 (Axor)<\/td>\n<td width=\"114\">01.2012 &#8211;<\/td>\n<\/tr>\n<tr>\n<td width=\"114\">MERCEDES BENZ<\/td>\n<td width=\"114\">La serie 500<\/td>\n<td width=\"114\">El 500 R<\/td>\n<td width=\"114\">01.2006 &#8211;<\/td>\n<\/tr>\n<tr>\n<td width=\"114\">MERCEDES BENZ<\/td>\n<td width=\"114\">La serie 500<\/td>\n<td width=\"114\">El 500 U<\/td>\n<td width=\"114\">01.2006 &#8211;<\/td>\n<\/tr>\n<tr>\n<td width=\"114\">MERCEDES BENZ<\/td>\n<td width=\"114\">Serie OF<\/td>\n<td width=\"114\">DE 1417<\/td>\n<td width=\"114\">01.2006 &#8211;<\/td>\n<\/tr>\n<tr>\n<td width=\"114\">MERCEDES BENZ<\/td>\n<td width=\"114\">Serie OF<\/td>\n<td width=\"114\">DE 1418<\/td>\n<td width=\"114\">01.2006 &#8211;<\/td>\n<\/tr>\n<tr>\n<td width=\"114\">MERCEDES BENZ<\/td>\n<td width=\"114\">Serie OF<\/td>\n<td width=\"114\">DE 1722<\/td>\n<td width=\"114\">01.2006 &#8211;<\/td>\n<\/tr>\n<tr>\n<td width=\"114\">MERCEDES BENZ<\/td>\n<td width=\"114\">Serie OH<\/td>\n<td width=\"114\">OH 1418<\/td>\n<td width=\"114\">01.2006 &#8211;<\/td>\n<\/tr>\n<\/tbody>\n<\/table>\n<p>&nbsp;<\/p>\n<div>ATENCI\u00d3N:<\/div>\n<div>Recomendamos que la instalaci\u00f3n la realice un profesional formado y especializado.<\/div>\n<div>S\u00f3lo compra este producto si est\u00e1s seguro de que es compatible con tu veh\u00edculo. Si tienes alguna duda, no dudes en ponerte en contacto con nosotros. Nuestro horario de apertura es de lunes a viernes de 8 a 18 h.<\/div>\n<div><\/div>\n<div>Sobre nosotros<\/div>\n<div>COM Automotive est\u00e1 especializada en piezas de autom\u00f3vil de dise\u00f1o original para el sector de la reparaci\u00f3n posventa, clientes industriales y fabricantes de veh\u00edculos especiales OEM.<\/div>\n<div>Nuestro equipo tiene m\u00e1s de 28 a\u00f1os de experiencia en la fabricaci\u00f3n y el suministro de piezas de automoci\u00f3n a escala mundial.<\/div>\n<div>Nuestra MISI\u00d3N es ofrecer productos de dise\u00f1o original con una calidad impecable y una sustituci\u00f3n personalizada.<\/div>\n<div>Nuestra VISI\u00d3N es promover el crecimiento y un valor inigualable para nuestros clientes.<\/div>\n","protected":false},"excerpt":{"rendered":"<p>F000BL0770-COM. En stock. Ref: F000BL0769, F000BL0770, A0001508450, 0001504650, A0001504650, 0124555087, 0124555079, 0124555044, 0124555016, 19070021, ZEN 41027, ZM 9010605 &#8211; compatible con: Mercedes. Marca: COM Automotive &#8211; Producto con calidad y dise\u00f1o originales. Compatible con Bosch<\/p>\n","protected":false},"featured_media":19169,"comment_status":"open","ping_status":"closed","template":"","meta":[],"product_brand":[],"product_cat":[8109],"product_tag":[12620,10427,12631,12629,12627,12625,10421,10325,10431,10424,12622,12618,10429,12614,12616,12636,10418,10434,12633,12635],"class_list":{"0":"post-15663","1":"product","2":"type-product","3":"status-publish","4":"has-post-thumbnail","6":"product_cat-alternador-es-2","7":"product_tag-0001504650-es","8":"product_tag-0001541849-es","9":"product_tag-0124555016-es","10":"product_tag-0124555044-es","11":"product_tag-0124555079-es","12":"product_tag-0124555087-es","13":"product_tag-1600341-es","14":"product_tag-19070021-es","15":"product_tag-2tb903339a-es","16":"product_tag-51261110012-es","17":"product_tag-a0001504650-es","18":"product_tag-a0001508450-es","19":"product_tag-a0001541849-es","20":"product_tag-f000bl0769-es","21":"product_tag-f000bl0770-es","22":"product_tag-f000bl0770-com-es","23":"product_tag-f00m136244-es","24":"product_tag-zen-3974-es","25":"product_tag-zen-41027-es","26":"product_tag-zm-9010605-es","28":"first","29":"instock","30":"taxable","31":"shipping-taxable","32":"purchasable","33":"product-type-simple"},"_links":{"self":[{"href":"https:\/\/com-automotive.com\/es\/wp-json\/wp\/v2\/product\/15663","targetHints":{"allow":["GET"]}}],"collection":[{"href":"https:\/\/com-automotive.com\/es\/wp-json\/wp\/v2\/product"}],"about":[{"href":"https:\/\/com-automotive.com\/es\/wp-json\/wp\/v2\/types\/product"}],"replies":[{"embeddable":true,"href":"https:\/\/com-automotive.com\/es\/wp-json\/wp\/v2\/comments?post=15663"}],"wp:featuredmedia":[{"embeddable":true,"href":"https:\/\/com-automotive.com\/es\/wp-json\/wp\/v2\/media\/19169"}],"wp:attachment":[{"href":"https:\/\/com-automotive.com\/es\/wp-json\/wp\/v2\/media?parent=15663"}],"wp:term":[{"taxonomy":"product_brand","embeddable":true,"href":"https:\/\/com-automotive.com\/es\/wp-json\/wp\/v2\/product_brand?post=15663"},{"taxonomy":"product_cat","embeddable":true,"href":"https:\/\/com-automotive.com\/es\/wp-json\/wp\/v2\/product_cat?post=15663"},{"taxonomy":"product_tag","embeddable":true,"href":"https:\/\/com-automotive.com\/es\/wp-json\/wp\/v2\/product_tag?post=15663"}],"curies":[{"name":"wp","href":"https:\/\/api.w.org\/{rel}","templated":true}]}}