{"id":15660,"date":"2023-10-24T02:14:28","date_gmt":"2023-10-24T05:14:28","guid":{"rendered":"https:\/\/com-automotive.com\/alternador-0124555096-0124555095-5288273-24v-80a-para-carga-f350-f4000-f12000-f14000-05\/"},"modified":"2023-10-24T02:14:28","modified_gmt":"2023-10-24T05:14:28","slug":"alternador-0124555096-0124555095-5288273-24v-80a-para-carga-f350-f4000-f12000-f14000-05","status":"publish","type":"product","link":"https:\/\/com-automotive.com\/es\/alternador-0124555096-0124555095-5288273-24v-80a-para-carga-f350-f4000-f12000-f14000-05\/","title":{"rendered":"Alternador 0124555096 0124555095 5288273 24V 80A para carga F350 F4000 F12000 F14000 05&gt;<span class=\"product-sku\" style=\"display: block; font-size: 0.85em; color: #777; margin-top: 5px; margin-bottom: 5px;\">SKU: 8000.5096-COM<\/span>"},"content":{"rendered":"<p>&gt;h1 COM-AUTOMOTIVE, calidad de dise\u00f1o original.<\/p>\n<p>0124555096 Alternador de 24 V y 80 amperios con polea &#8211; Dise\u00f1o: BOSCH SEG &#8211; OEM: FORD<\/p>\n<h2>Preguntas m\u00e1s frecuentes<\/h2>\n<h3><strong>\u00bfCu\u00e1les son las referencias cruzadas?<\/strong><\/h3>\n<p>0124555095, 0124555096, 5288273, 5288273<\/p>\n<h2><strong>Tabla de aplicaci\u00f3n<\/strong><\/h2>\n<p>FORD F-4000 EUROMEC III , CUMMINS SERIE B 3.9 3.9 L 8V SOHV L4 DIESEL, 2005-2015.<br \/>\nFORD F-350 CC XL , CUMMINS SERIE B 3.9 3.9 L 8V SOHV L4 DIESEL, 2005-2011.<br \/>\nFORD CARGO C 712 E , CUMMINS SERIE B 3.9 3.9 L 12V SOHV L4 DIESEL, 2010-2013.<br \/>\nFORD F-350 , CUMMINS SERIE B 3.9 3.9 L 16V SOHV L4 DIESEL, 2009-2011.<br \/>\nFORD F-4000 , CUMMINS SERIE B 3.9 3.9 L 16V SOHV L4 DIESEL, 2008-2015.<br \/>\nFORD CARGO C 712 E , CUMMINS SERIE B 3.9 3.9 L 8V SOHV L4 DIESEL, 2007-2009.<\/p>\n<div>ATENCI\u00d3N:<\/div>\n<div>Recomendamos que la instalaci\u00f3n la realice un profesional formado y especializado.<\/div>\n<div>S\u00f3lo compra este producto si est\u00e1s seguro de que es compatible con tu veh\u00edculo. Si tienes alguna duda, no dudes en ponerte en contacto con nosotros. Nuestro horario de apertura es de lunes a viernes de 8 a 18 h.<\/div>\n<div><\/div>\n<div>Sobre nosotros<\/div>\n<div>COM Automotive est\u00e1 especializada en piezas de autom\u00f3vil de dise\u00f1o original para el sector de la reparaci\u00f3n posventa, clientes industriales y fabricantes de veh\u00edculos especiales OEM.<\/div>\n<div>Nuestro equipo tiene m\u00e1s de 28 a\u00f1os de experiencia en la fabricaci\u00f3n y el suministro de piezas de automoci\u00f3n a escala mundial.<\/div>\n<div>Nuestra MISI\u00d3N es ofrecer productos de dise\u00f1o original con una calidad impecable y una sustituci\u00f3n personalizada.<\/div>\n<div>Nuestra VISI\u00d3N es promover el crecimiento y un valor inigualable para nuestros clientes.<\/div>\n","protected":false},"excerpt":{"rendered":"<p>0124555096-COM. En stock. Ref: 0124555095, 0124555096, 5288273, 5288279 &#8211; compatible con: FORD. Marca: COM Automotive &#8211; Producto con calidad y dise\u00f1o originales. Compatible con Bosch<\/p>\n","protected":false},"featured_media":18879,"comment_status":"open","ping_status":"closed","template":"","meta":[],"product_brand":[],"product_cat":[8109],"product_tag":[9864],"class_list":{"0":"post-15660","1":"product","2":"type-product","3":"status-publish","4":"has-post-thumbnail","6":"product_cat-alternador-es-2","7":"product_tag-5288273-es","9":"first","10":"instock","11":"taxable","12":"shipping-taxable","13":"purchasable","14":"product-type-simple"},"_links":{"self":[{"href":"https:\/\/com-automotive.com\/es\/wp-json\/wp\/v2\/product\/15660","targetHints":{"allow":["GET"]}}],"collection":[{"href":"https:\/\/com-automotive.com\/es\/wp-json\/wp\/v2\/product"}],"about":[{"href":"https:\/\/com-automotive.com\/es\/wp-json\/wp\/v2\/types\/product"}],"replies":[{"embeddable":true,"href":"https:\/\/com-automotive.com\/es\/wp-json\/wp\/v2\/comments?post=15660"}],"wp:featuredmedia":[{"embeddable":true,"href":"https:\/\/com-automotive.com\/es\/wp-json\/wp\/v2\/media\/18879"}],"wp:attachment":[{"href":"https:\/\/com-automotive.com\/es\/wp-json\/wp\/v2\/media?parent=15660"}],"wp:term":[{"taxonomy":"product_brand","embeddable":true,"href":"https:\/\/com-automotive.com\/es\/wp-json\/wp\/v2\/product_brand?post=15660"},{"taxonomy":"product_cat","embeddable":true,"href":"https:\/\/com-automotive.com\/es\/wp-json\/wp\/v2\/product_cat?post=15660"},{"taxonomy":"product_tag","embeddable":true,"href":"https:\/\/com-automotive.com\/es\/wp-json\/wp\/v2\/product_tag?post=15660"}],"curies":[{"name":"wp","href":"https:\/\/api.w.org\/{rel}","templated":true}]}}