{"id":15659,"date":"2023-10-24T02:03:24","date_gmt":"2023-10-24T05:03:24","guid":{"rendered":"https:\/\/com-automotive.com\/alternador-24v-110a-0124655012-0124655500-21429787-para-volvo-fh-nh-fm-2006\/"},"modified":"2023-10-24T02:03:24","modified_gmt":"2023-10-24T05:03:24","slug":"alternador-24v-110a-0124655012-0124655500-21429787-para-volvo-fh-nh-fm-2006","status":"publish","type":"product","link":"https:\/\/com-automotive.com\/es\/alternador-24v-110a-0124655012-0124655500-21429787-para-volvo-fh-nh-fm-2006\/","title":{"rendered":"Alternador 24V 110A 0124655012 0124655500 21429787 para Volvo FH NH FM &gt;2006<span class=\"product-sku\" style=\"display: block; font-size: 0.85em; color: #777; margin-top: 5px; margin-bottom: 5px;\">SKU: 8000.5012-COM<\/span>"},"content":{"rendered":"<h1>Calidad de dise\u00f1o original COM-AUTOMOTIVE.<\/h1>\n<p>0124655012 Alternador de 24V 110A con Polea &#8211; Dise\u00f1o: BOSCH SEG &#8211; OEM: VOLVO<\/p>\n<h2>Preguntas m\u00e1s frecuentes<\/h2>\n<h3><strong>\u00bfCu\u00e1les son las referencias cruzadas?<\/strong><\/h3>\n<p>0124655500, 0124655012, 21429787, A004TR5392, A004TR5392ZT, A4TR5392, A4TR5392ZT, 5010589551, 7420466317, 7420862899, 20849352, 21429787, 20466317, 20849352, 0124655012, 0124655019, 0124655505, 1986A01034, DRB0003, Euro 70609<\/p>\n<h2><strong>TABLA DE APLICACI\u00d3N<\/strong><\/h2>\n<table width=\"779\">\n<tbody>\n<tr>\n<td width=\"779\">VOLVO FH 440 6X2T , VOLVO D 13 A D 13 A 12.8 L 24V SOHC L6 DIESEL, 2006-2015.<\/td>\n<\/tr>\n<tr>\n<td>VOLVO FH 400 6X2T , VOLVO D 13 A D 13 A 12.8 L 24V SOHC L6 DIESEL, 2006-2016.<\/td>\n<\/tr>\n<tr>\n<td>VOLVO FH 440 6X4T , VOLVO D 13 A D 13 A 12.8 L 24V SOHC L6 DIESEL, 2006-2013.<\/td>\n<\/tr>\n<tr>\n<td>VOLVO FH 400 4X2T , VOLVO D 13 A D 13 A 12.8 L 24V SOHC L6 DIESEL, 2006-2017.<\/td>\n<\/tr>\n<tr>\n<td>VOLVO FH 520 6X4T , VOLVO D 13 A D 13 A 12.8 L 24V SOHC L6 DIESEL, 2006-2013.<\/td>\n<\/tr>\n<tr>\n<td>VOLVO FH 440 4X2T , VOLVO D 13 A D 13 A 12.8 L 24V SOHC L6 DIESEL, 2006-2012.<\/td>\n<\/tr>\n<tr>\n<td>VOLVO FH 480 6X4T , VOLVO D 13 A D 13 A 12.8 L 24V SOHC L6 DIESEL, 2006-2015.<\/td>\n<\/tr>\n<tr>\n<td>VOLVO FM 440 6X4R , VOLVO D 13 A D 13 A 12.8 L 24V SOHC L6 DIESEL, 2006-2015.<\/td>\n<\/tr>\n<tr>\n<td>VOLVO FM 480 6X4T , VOLVO D 13 A D 13 A 12.8 L 24V SOHC L6 DIESEL, 2006-2012.<\/td>\n<\/tr>\n<tr>\n<td>VOLVO FM 440 6X4T , VOLVO D 13 A D 13 A 12.8 L 24V SOHC L6 DIESEL, 2006-2012.<\/td>\n<\/tr>\n<tr>\n<td>VOLVO FH 520 6X2T , VOLVO D 13 A D 13 A 12.8 L 24V SOHC L6 DIESEL, 2006-2018.<\/td>\n<\/tr>\n<tr>\n<td>VOLVO FMX 440 , VOLVO D 13 A D 13 A 12.8 L 24V SOHC L6 DIESEL, 2011-2011.<\/td>\n<\/tr>\n<tr>\n<td>VOLVO FMX 400 , VOLVO D 13 A D 13 A 12.8 L 24V SOHC L6 DIESEL, 2011-2011.<\/td>\n<\/tr>\n<tr>\n<td>VOLVO FM 400 RIGID , VOLVO D 13 A D 13 A 12.8 L 24V SOHC L6 DIESEL, 2006-2015.<\/td>\n<\/tr>\n<tr>\n<td>VOLVO FM 480 8X4R , VOLVO D 13 A D 13 A 12.8 L 24V SOHC L6 DIESEL, 2006-2015.<\/td>\n<\/tr>\n<tr>\n<td>VOLVO FM 480 6X4R , VOLVO D 13 A D 13 A 12.8 L 24V SOHC L6 DIESEL, 2006-2015.<\/td>\n<\/tr>\n<tr>\n<td>VOLVO FM 440 8X4R , VOLVO D 13 A D 13 A 12.8 L 24V SOHC L6 DIESEL, 2006-2019.<\/td>\n<\/tr>\n<tr>\n<td>VOLVO FH 520 6X4R , VOLVO D 13 A D 13 A 12.8 L 24V SOHC L6 DIESEL, 2006-2012.<\/td>\n<\/tr>\n<tr>\n<td>VOLVO FMX 480 , VOLVO D 13 A D 13 A 12.8 L 24V SOHC L6 DIESEL, 2011-2011.<\/td>\n<\/tr>\n<tr>\n<td>VOLVO FH 480 6X2T , VOLVO D 13 A D 13 A 12.8 L 24V SOHC L6 DIESEL, 2006-2015.<\/td>\n<\/tr>\n<tr>\n<td>VOLVO FH 520 4X2T , VOLVO D 13 A D 13 A 12.8 L 24V SOHC L6 DIESEL, 2006-2012.<\/td>\n<\/tr>\n<tr>\n<td>VOLVO FH 400 6X4T , VOLVO D 13 A D 13 A 12.8 L 24V SOHC L6 DIESEL, 2006-2015.<\/td>\n<\/tr>\n<tr>\n<td>TRACTOR VOLVO FM 400 , VOLVO D 13 A D 13 A 12.8 L 24V SOHC L6 DIESEL, 2006-2012.<\/td>\n<\/tr>\n<tr>\n<td>VOLVO FH 480 4X2T , VOLVO D 13 A D 13 A 12.8 L 24V SOHC L6 DIESEL,<\/td>\n<\/tr>\n<\/tbody>\n<\/table>\n<p>&nbsp;<\/p>\n<div>ATENCI\u00d3N:<\/div>\n<div>Recomendamos que la instalaci\u00f3n del 0124655012 sea realizada por un profesional capacitado y especializado.<\/div>\n<div>Solo realiza la compra de este producto 0124655012 aseg\u00farate de que es compatible con tu veh\u00edculo, si tienes alguna duda, no dudes en ponerte en contacto con nosotros. Nuestro horario de apertura es de lunes a viernes de 8 a 18 h.<\/div>\n<div><\/div>\n<div>Sobre nosotros<\/div>\n<div>COM Automotive est\u00e1 especializada en piezas de autom\u00f3vil de dise\u00f1o original para el sector de la reparaci\u00f3n posventa, clientes industriales y fabricantes de veh\u00edculos especiales OEM.<\/div>\n<div>Nuestro equipo tiene m\u00e1s de 28 a\u00f1os de experiencia en la fabricaci\u00f3n y el suministro de piezas de automoci\u00f3n a escala mundial.<\/div>\n<div>Nuestra MISI\u00d3N es ofrecer productos de dise\u00f1o original con una calidad impecable y una sustituci\u00f3n personalizada.<\/div>\n<div>Nuestra VISI\u00d3N es promover el crecimiento y un valor inigualable para nuestros clientes.<\/div>\n","protected":false},"excerpt":{"rendered":"<p>0124655012-COM. En stock. Ref: 0124655500, 0124655012, 21429787, A004TR5392, A004TR5392ZT, A4TR5392, A4TR5392ZT, 5010589551, 7420466317, 7420862899, 20849352, 0124655012, 0124655019, 0124655505, 1986A01034, 11204384, AAN5825, IA1512, DRB0003, EURO 70609 &#8211; compatible con: VOLVO. Marca: COM Automotive &#8211; Producto con calidad y dise\u00f1o originales. Compatible con Bosch<\/p>\n","protected":false},"featured_media":18899,"comment_status":"open","ping_status":"closed","template":"","meta":[],"product_brand":[],"product_cat":[8109],"product_tag":[12591,12608,12589,12609,12615,12605,12593,12601,12603,12604,12595,12597,12599,12600,12617,12611,10152,12619],"class_list":{"0":"post-15659","1":"product","2":"type-product","3":"status-publish","4":"has-post-thumbnail","6":"product_cat-alternador-es-2","7":"product_tag-0124655012-es","8":"product_tag-0124655019-es","9":"product_tag-0124655500-es","10":"product_tag-0124655505-es","11":"product_tag-11204384-es","12":"product_tag-20849352-es","13":"product_tag-21429787-es","14":"product_tag-5010589551-es","15":"product_tag-7420466317-es","16":"product_tag-7420862899-es","17":"product_tag-a004tr5392-es","18":"product_tag-a004tr5392zt-es","19":"product_tag-a4tr5392-es","20":"product_tag-a4tr5392zt-es","21":"product_tag-aan5825-es","22":"product_tag-drb0003-es","23":"product_tag-euro-70609-es","24":"product_tag-ia1512-es","26":"first","27":"instock","28":"taxable","29":"shipping-taxable","30":"purchasable","31":"product-type-simple"},"_links":{"self":[{"href":"https:\/\/com-automotive.com\/es\/wp-json\/wp\/v2\/product\/15659","targetHints":{"allow":["GET"]}}],"collection":[{"href":"https:\/\/com-automotive.com\/es\/wp-json\/wp\/v2\/product"}],"about":[{"href":"https:\/\/com-automotive.com\/es\/wp-json\/wp\/v2\/types\/product"}],"replies":[{"embeddable":true,"href":"https:\/\/com-automotive.com\/es\/wp-json\/wp\/v2\/comments?post=15659"}],"wp:featuredmedia":[{"embeddable":true,"href":"https:\/\/com-automotive.com\/es\/wp-json\/wp\/v2\/media\/18899"}],"wp:attachment":[{"href":"https:\/\/com-automotive.com\/es\/wp-json\/wp\/v2\/media?parent=15659"}],"wp:term":[{"taxonomy":"product_brand","embeddable":true,"href":"https:\/\/com-automotive.com\/es\/wp-json\/wp\/v2\/product_brand?post=15659"},{"taxonomy":"product_cat","embeddable":true,"href":"https:\/\/com-automotive.com\/es\/wp-json\/wp\/v2\/product_cat?post=15659"},{"taxonomy":"product_tag","embeddable":true,"href":"https:\/\/com-automotive.com\/es\/wp-json\/wp\/v2\/product_tag?post=15659"}],"curies":[{"name":"wp","href":"https:\/\/api.w.org\/{rel}","templated":true}]}}