{"id":15645,"date":"2023-12-28T18:19:45","date_gmt":"2023-12-28T21:19:45","guid":{"rendered":"https:\/\/com-automotive.com\/motor-de-arranque-24v-12t-6008136632-komatsu\/"},"modified":"2024-06-02T12:02:00","modified_gmt":"2024-06-02T15:02:00","slug":"motor-de-arranque-24v-12t-6008136632-komatsu","status":"publish","type":"product","link":"https:\/\/com-automotive.com\/es\/motor-de-arranque-24v-12t-6008136632-komatsu\/","title":{"rendered":"Motor de arranque 24V 12T 6008136632 Komatsu<span class=\"product-sku\" style=\"display: block; font-size: 0.85em; color: #777; margin-top: 5px; margin-bottom: 5px;\">SKU: 6008136632-COM<\/span>"},"content":{"rendered":"<h1><strong>COM-AUTOMOTIVE, calidad de dise\u00f1o original.<\/strong><\/h1>\n<p>Komatsu PC300 PC400 D61 D65E GD605A GD623A GD663A PC310 PC410 PC650 PC750 Motor Komatsu 6D105 6D125 6D170 6D140 6D125<\/p>\n<h2>Preguntas m\u00e1s frecuentes<\/h2>\n<h3><strong>\u00bfCu\u00e1les son las referencias cruzadas?<\/strong><\/h3>\n<p>6008136630, 6008136632, 6008133632, 6008133681, 6008133682, 6008134530, 6008134532, 6008134670, 6008134671, 6008134672, 6008134680, 6008134682, 6008134790, 6008134791\/ 6008134792, 6008136610 \/6008136611, 6008136612, 6008136631 \/6008136632, 0230003152, 0230003180, 0230003270, 0230003280, 0230003281, 0230003285, 0230003330, 0230003331, 0230003332, 0230004530, 0230006530, 0230006531, 0230007020, 0230007021, 0230007022, 6008133631, 0230003180, 0230003181, 0230003182, 0230003183, 0230003184, 0230003185, 0230003186, 0230003187, 0230003188<\/p>\n<h2><strong>Tabla de aplicaci\u00f3n<\/strong><\/h2>\n<p>Komatsu PC300 PC400 D61 D65E GD605A GD623A GD663A PC310 PC410 PC650 PC750 Motor Komatsu 6D105 6D125 6D170 6D140 6D125<\/p>\n<div><\/div>\n<div>ATENCI\u00d3N:<\/div>\n<div>Recomendamos que la instalaci\u00f3n la realice un profesional formado y especializado.<\/div>\n<div>S\u00f3lo compra este producto si est\u00e1s seguro de que es compatible con tu veh\u00edculo. Si tienes alguna duda, no dudes en ponerte en contacto con nosotros. Nuestro horario de apertura es de lunes a viernes de 8 a 18 h.<\/div>\n<div><\/div>\n<div>Sobre nosotros<\/div>\n<div>COM Automotive est\u00e1 especializada en piezas de autom\u00f3vil de dise\u00f1o original para el sector de la reparaci\u00f3n posventa, clientes industriales y fabricantes de veh\u00edculos especiales OEM.<\/div>\n<div>Nuestro equipo tiene m\u00e1s de 28 a\u00f1os de experiencia en la fabricaci\u00f3n y el suministro de piezas de automoci\u00f3n a escala mundial.<\/div>\n<div>Nuestra MISI\u00d3N es ofrecer productos de dise\u00f1o original con una calidad impecable y una sustituci\u00f3n personalizada.<\/div>\n<div>Nuestra VISI\u00d3N es promover el crecimiento y un valor inigualable para nuestros clientes.<\/div>\n","protected":false},"excerpt":{"rendered":"<p>6008136632-COM. En stock. Dise\u00f1o de producto de calidad original, marca: COM Automotive, referencia cruzada: 6008136632-COM, 6008136630, 6008136632, 6008133632, 6008133681, 6008133682, 6008134530, 6008134532, 6008134670, 6008134671, 6008134672, 6008134680, 6008134682, 6008134790, 6008134791, 6008134792, 6008136610, 6008136611, 6008136612, 6008136631, 6008136632, 0230003152, 0230003180, 0230003270, 0230003280, 0230003281, 0230003285, 0230003330, 0230003331, 0230003332, 0230004530, 0230006530, 0230006531, 0230007020, 0230007021, 0230007022, 6008133631, 0230003180, 0230003181, 0230003182, 0230003183, 0230003184, 0230003185, 0230003186, 0230003187, 0230003188 &#8211; Ref. de dise\u00f1o: Nikko &#8211; OEM: Komatsu<\/p>\n","protected":false},"featured_media":5185,"comment_status":"open","ping_status":"closed","template":"","meta":[],"product_brand":[],"product_cat":[8119,8542],"product_tag":[12498,12499,12514,12515,12516,12517,12518,12519,12520,12521,12500,12501,12502,12503,12504,12505,12506,12507,12508,12509,12510,12511,12512,12513,12470,12472,12474,12475,12476,12479,12481,12483,12485,12487,12488,12489,12490,12492,12494,12496,12466,12497,12468],"class_list":{"0":"post-15645","1":"product","2":"type-product","3":"status-publish","4":"has-post-thumbnail","6":"product_cat-motor-de-arranque","7":"product_cat-sempreco-es","8":"product_tag-0230003152-es","9":"product_tag-0230003180-es","10":"product_tag-0230003181-es","11":"product_tag-0230003182-es","12":"product_tag-0230003183-es","13":"product_tag-0230003184-es","14":"product_tag-0230003185-es","15":"product_tag-0230003186-es","16":"product_tag-0230003187-es","17":"product_tag-0230003188-es","18":"product_tag-0230003270-es","19":"product_tag-0230003280-es","20":"product_tag-0230003281-es","21":"product_tag-0230003285-es","22":"product_tag-0230003330-es","23":"product_tag-0230003331-es","24":"product_tag-0230003332-es","25":"product_tag-0230004530-es","26":"product_tag-0230006530-es","27":"product_tag-0230006531-es","28":"product_tag-0230007020-es","29":"product_tag-0230007021-es","30":"product_tag-0230007022-es","31":"product_tag-6008133631-es","32":"product_tag-6008133632-es","33":"product_tag-6008133681-es","34":"product_tag-6008133682-es","35":"product_tag-6008134530-es","36":"product_tag-6008134532-es","37":"product_tag-6008134670-es","38":"product_tag-6008134671-es","39":"product_tag-6008134672-es","40":"product_tag-6008134680-es","41":"product_tag-6008134682-es","42":"product_tag-6008134790-es","43":"product_tag-6008134791-es","44":"product_tag-6008134792-es","45":"product_tag-6008136610-es","46":"product_tag-6008136611-es","47":"product_tag-6008136612-es","48":"product_tag-6008136630-es","49":"product_tag-6008136631-6008136632-es","50":"product_tag-6008136632-es","52":"first","53":"instock","54":"taxable","55":"shipping-taxable","56":"purchasable","57":"product-type-simple"},"_links":{"self":[{"href":"https:\/\/com-automotive.com\/es\/wp-json\/wp\/v2\/product\/15645","targetHints":{"allow":["GET"]}}],"collection":[{"href":"https:\/\/com-automotive.com\/es\/wp-json\/wp\/v2\/product"}],"about":[{"href":"https:\/\/com-automotive.com\/es\/wp-json\/wp\/v2\/types\/product"}],"replies":[{"embeddable":true,"href":"https:\/\/com-automotive.com\/es\/wp-json\/wp\/v2\/comments?post=15645"}],"wp:featuredmedia":[{"embeddable":true,"href":"https:\/\/com-automotive.com\/es\/wp-json\/wp\/v2\/media\/5185"}],"wp:attachment":[{"href":"https:\/\/com-automotive.com\/es\/wp-json\/wp\/v2\/media?parent=15645"}],"wp:term":[{"taxonomy":"product_brand","embeddable":true,"href":"https:\/\/com-automotive.com\/es\/wp-json\/wp\/v2\/product_brand?post=15645"},{"taxonomy":"product_cat","embeddable":true,"href":"https:\/\/com-automotive.com\/es\/wp-json\/wp\/v2\/product_cat?post=15645"},{"taxonomy":"product_tag","embeddable":true,"href":"https:\/\/com-automotive.com\/es\/wp-json\/wp\/v2\/product_tag?post=15645"}],"curies":[{"name":"wp","href":"https:\/\/api.w.org\/{rel}","templated":true}]}}