{"id":15639,"date":"2023-12-28T18:04:13","date_gmt":"2023-12-28T21:04:13","guid":{"rendered":"https:\/\/com-automotive.com\/motor-de-arranque-de-24v-10t-para-cargadora-de-ruedas-caterpillar-914-924-924f-3116-3114\/"},"modified":"2023-12-28T18:04:13","modified_gmt":"2023-12-28T21:04:13","slug":"motor-de-arranque-de-24v-10t-para-cargadora-de-ruedas-caterpillar-914-924-924f-3116-3114","status":"publish","type":"product","link":"https:\/\/com-automotive.com\/es\/motor-de-arranque-de-24v-10t-para-cargadora-de-ruedas-caterpillar-914-924-924f-3116-3114\/","title":{"rendered":"Motor de arranque de 24V 10T para cargadora de ruedas Caterpillar 914 924 924F 3116 3114<span class=\"product-sku\" style=\"display: block; font-size: 0.85em; color: #777; margin-top: 5px; margin-bottom: 5px;\">SKU: 6000.5730-COM<\/span>"},"content":{"rendered":"<h1><strong>COM-AUTOMOTIVE, calidad de dise\u00f1o original.<\/strong><\/h1>\n<p>&nbsp;<\/p>\n<h2>Preguntas m\u00e1s frecuentes<\/h2>\n<h3><strong>\u00bfCu\u00e1les son las referencias cruzadas?<\/strong><\/h3>\n<p>1280005731, 10826, 7899903717459, 3E5381, 1280005731, 1280005732, LE13050162, 1280005733, 1280005732, ZM 8014105, DICTA 20568<\/p>\n<h2><strong>Tabla de aplicaci\u00f3n<\/strong><\/h2>\n<p>CARGADOR DE ORUGAS 914\/924\/924F MOTORES 3114\/3116 CUMMINS IT12B CAT 3114 89&gt;93, IT24B CAT 3114 94&gt;97, IT28F CAT 3116 93&gt;96 MOTORES INDUSTRIALES CATERPILLAR 3114 91&gt;05, 3116 91&gt;05, 3176 91&gt;93 MOTORES MARINOS CATERPILLAR 3114 4CIL 268CI, 3116 6CIL 403CI 6.6L, MARINO 3176 6CIL 629CI 10.3L 1991&gt;1993, EXCAVADORA CATERPILLAR 214B\/320 CAT 3116 1991&gt;1998, 325 L CAT 3116 1991&gt;1995, EL240B CAT 3116 1989&gt;1992, RETROEXCAVADORA CATERPILLAR 924F MOTOR 3114 1994&gt;2000, CATERPILLAR FARM 75\/75C\/85C TRACTORES CON MOTOR CHALLENGER 3176 1990&gt;1997<\/p>\n<div><\/div>\n<div>ATENCI\u00d3N:<\/div>\n<div>Recomendamos que la instalaci\u00f3n la realice un profesional formado y especializado.<\/div>\n<div>S\u00f3lo compra este producto si est\u00e1s seguro de que es compatible con tu veh\u00edculo. Si tienes alguna duda, no dudes en ponerte en contacto con nosotros. Nuestro horario de apertura es de lunes a viernes de 8 a 18 h.<\/div>\n<div><\/div>\n<div>Sobre nosotros<\/div>\n<div>COM Automotive est\u00e1 especializada en piezas de autom\u00f3vil de dise\u00f1o original para el sector de la reparaci\u00f3n posventa, clientes industriales y fabricantes de veh\u00edculos especiales OEM.<\/div>\n<div>Nuestro equipo tiene m\u00e1s de 28 a\u00f1os de experiencia en la fabricaci\u00f3n y el suministro de piezas de automoci\u00f3n a escala mundial.<\/div>\n<div>Nuestra MISI\u00d3N es ofrecer productos de dise\u00f1o original con una calidad impecable y una sustituci\u00f3n personalizada.<\/div>\n<div>Nuestra VISI\u00d3N es promover el crecimiento y un valor inigualable para nuestros clientes.<\/div>\n","protected":false},"excerpt":{"rendered":"<p>1280005730-COM. En stock. Ref: 1280005730, 1280005731, 10826, 7899903717459, 3E5381, 1280005730, 1280005731, 1280005732, LE13050162, 1280005733, 1280005732, 1280005730, ZM 8014105, DITA 20568 &#8211; compatible con: Caterpillar. Marca: COM Automotive &#8211; Producto con calidad y dise\u00f1o originales. Compatible con Denso<\/p>\n","protected":false},"featured_media":20710,"comment_status":"open","ping_status":"closed","template":"","meta":[],"product_brand":[],"product_cat":[8119],"product_tag":[12423,12421,12425,12433,12436,12431,12429,12439,12435,12437],"class_list":{"0":"post-15639","1":"product","2":"type-product","3":"status-publish","4":"has-post-thumbnail","6":"product_cat-motor-de-arranque","7":"product_tag-1280005730-es","8":"product_tag-1280005730-com-es","9":"product_tag-1280005731-es","10":"product_tag-1280005732-es","11":"product_tag-1280005733-es","12":"product_tag-3e5381-es","13":"product_tag-7899903717459-es","14":"product_tag-dita-20568-es","15":"product_tag-le13050162-es","16":"product_tag-zm-8014105-es","18":"first","19":"instock","20":"taxable","21":"shipping-taxable","22":"purchasable","23":"product-type-simple"},"_links":{"self":[{"href":"https:\/\/com-automotive.com\/es\/wp-json\/wp\/v2\/product\/15639","targetHints":{"allow":["GET"]}}],"collection":[{"href":"https:\/\/com-automotive.com\/es\/wp-json\/wp\/v2\/product"}],"about":[{"href":"https:\/\/com-automotive.com\/es\/wp-json\/wp\/v2\/types\/product"}],"replies":[{"embeddable":true,"href":"https:\/\/com-automotive.com\/es\/wp-json\/wp\/v2\/comments?post=15639"}],"wp:featuredmedia":[{"embeddable":true,"href":"https:\/\/com-automotive.com\/es\/wp-json\/wp\/v2\/media\/20710"}],"wp:attachment":[{"href":"https:\/\/com-automotive.com\/es\/wp-json\/wp\/v2\/media?parent=15639"}],"wp:term":[{"taxonomy":"product_brand","embeddable":true,"href":"https:\/\/com-automotive.com\/es\/wp-json\/wp\/v2\/product_brand?post=15639"},{"taxonomy":"product_cat","embeddable":true,"href":"https:\/\/com-automotive.com\/es\/wp-json\/wp\/v2\/product_cat?post=15639"},{"taxonomy":"product_tag","embeddable":true,"href":"https:\/\/com-automotive.com\/es\/wp-json\/wp\/v2\/product_tag?post=15639"}],"curies":[{"name":"wp","href":"https:\/\/api.w.org\/{rel}","templated":true}]}}