{"id":15636,"date":"2023-12-28T18:05:49","date_gmt":"2023-12-28T21:05:49","guid":{"rendered":"https:\/\/com-automotive.com\/motor-de-arranque-de-12v-8t-m0t84381-carretilla-elevadora-yale-hyster-con-motor-mazda\/"},"modified":"2023-12-28T18:05:49","modified_gmt":"2023-12-28T21:05:49","slug":"motor-de-arranque-de-12v-8t-m0t84381-carretilla-elevadora-yale-hyster-con-motor-mazda","status":"publish","type":"product","link":"https:\/\/com-automotive.com\/es\/motor-de-arranque-de-12v-8t-m0t84381-carretilla-elevadora-yale-hyster-con-motor-mazda\/","title":{"rendered":"Motor de arranque de 12V 8T M0T84381 carretilla elevadora YALE HYSTER con motor MAZDA<span class=\"product-sku\" style=\"display: block; font-size: 0.85em; color: #777; margin-top: 5px; margin-bottom: 5px;\">SKU: 6000.84381-COM<\/span>"},"content":{"rendered":"<h1><strong>COM-AUTOMOTIVE, calidad de dise\u00f1o original.<\/strong><\/h1>\n<p>YALE HYSTER CON MOTOR MAZDA MITSUBISHI 1362069 2314322 3068345 3114995 M3M10476 M3T10476D<\/p>\n<h2>Preguntas m\u00e1s frecuentes<\/h2>\n<h3><strong>\u00bfCu\u00e1les son las referencias cruzadas?<\/strong><\/h3>\n<p>1362069, 2314322, 3068345, 3114995, M3M10476, M3T10476D, 220102437R, 918139600, M3T10476, M3T10475, M0T92581, M3T10473, ZM 8010621, 8079001, 860872<\/p>\n<h2><strong>Tabla de aplicaci\u00f3n<\/strong><\/h2>\n<p>YALE HYSTER CON MOTOR MAZDA MITSUBISHI 1362069 2314322 3068345 3114995 M3M10476 M3T10476D<\/p>\n<div><\/div>\n<div>ATENCI\u00d3N:<\/div>\n<div>Recomendamos que la instalaci\u00f3n la realice un profesional formado y especializado.<\/div>\n<div>S\u00f3lo compra este producto si est\u00e1s seguro de que es compatible con tu veh\u00edculo. Si tienes alguna duda, no dudes en ponerte en contacto con nosotros. Nuestro horario de apertura es de lunes a viernes de 8 a 18 h.<\/div>\n<div><\/div>\n<div>Sobre nosotros<\/div>\n<div>COM Automotive est\u00e1 especializada en piezas de autom\u00f3vil de dise\u00f1o original para el sector de la reparaci\u00f3n posventa, clientes industriales y fabricantes de veh\u00edculos especiales OEM.<\/div>\n<div>Nuestro equipo tiene m\u00e1s de 28 a\u00f1os de experiencia en la fabricaci\u00f3n y el suministro de piezas de automoci\u00f3n a escala mundial.<\/div>\n<div>Nuestra MISI\u00d3N es ofrecer productos de dise\u00f1o original con una calidad impecable y una sustituci\u00f3n personalizada.<\/div>\n<div>Nuestra VISI\u00d3N es promover el crecimiento y un valor inigualable para nuestros clientes.<\/div>\n","protected":false},"excerpt":{"rendered":"<p>M0T84381-COM. En stock. Ref: M0T84381, 1362069, 2314322, 3068345, 3114995, M3M10476, M3T10476D, 220102437R, 918139600, M0T84381, M3T10476, M3T10475, M0T84381A, M0T92581, M3T10473, ZM 8010621, 8079001, 860872 &#8211; compatible con: Yale. Marca: COM Automotive &#8211; Producto con calidad y dise\u00f1o originales. Compatible con Mitsubishi<\/p>\n","protected":false},"featured_media":19114,"comment_status":"open","ping_status":"closed","template":"","meta":[],"product_brand":[],"product_cat":[8119],"product_tag":[12407,12417,12409,12410,12411,12432,12434,12419,12405,12404,12424,12426,12413,12428,12422,12420,12415,12430],"class_list":{"0":"post-15636","1":"product","2":"type-product","3":"status-publish","4":"has-post-thumbnail","6":"product_cat-motor-de-arranque","7":"product_tag-1362069-es","8":"product_tag-220102437r-es","9":"product_tag-2314322-es","10":"product_tag-3068345-es","11":"product_tag-3114995-es","12":"product_tag-8079001-es","13":"product_tag-860872-es","14":"product_tag-918139600-es","15":"product_tag-m0t84381-es","16":"product_tag-m0t84381-com-es","17":"product_tag-m0t84381a-es","18":"product_tag-m0t92581-es","19":"product_tag-m3m10476-es","20":"product_tag-m3t10473-es","21":"product_tag-m3t10475-es","22":"product_tag-m3t10476-es","23":"product_tag-m3t10476d-es","24":"product_tag-zm-8010621-es","26":"first","27":"instock","28":"taxable","29":"shipping-taxable","30":"purchasable","31":"product-type-simple"},"_links":{"self":[{"href":"https:\/\/com-automotive.com\/es\/wp-json\/wp\/v2\/product\/15636","targetHints":{"allow":["GET"]}}],"collection":[{"href":"https:\/\/com-automotive.com\/es\/wp-json\/wp\/v2\/product"}],"about":[{"href":"https:\/\/com-automotive.com\/es\/wp-json\/wp\/v2\/types\/product"}],"replies":[{"embeddable":true,"href":"https:\/\/com-automotive.com\/es\/wp-json\/wp\/v2\/comments?post=15636"}],"wp:featuredmedia":[{"embeddable":true,"href":"https:\/\/com-automotive.com\/es\/wp-json\/wp\/v2\/media\/19114"}],"wp:attachment":[{"href":"https:\/\/com-automotive.com\/es\/wp-json\/wp\/v2\/media?parent=15636"}],"wp:term":[{"taxonomy":"product_brand","embeddable":true,"href":"https:\/\/com-automotive.com\/es\/wp-json\/wp\/v2\/product_brand?post=15636"},{"taxonomy":"product_cat","embeddable":true,"href":"https:\/\/com-automotive.com\/es\/wp-json\/wp\/v2\/product_cat?post=15636"},{"taxonomy":"product_tag","embeddable":true,"href":"https:\/\/com-automotive.com\/es\/wp-json\/wp\/v2\/product_tag?post=15636"}],"curies":[{"name":"wp","href":"https:\/\/api.w.org\/{rel}","templated":true}]}}