{"id":15624,"date":"2023-12-28T18:19:37","date_gmt":"2023-12-28T21:19:37","guid":{"rendered":"https:\/\/com-automotive.com\/motor-de-arranque-de-24v-10t-2280006170-motor-komatsu-cummins\/"},"modified":"2024-06-02T12:01:12","modified_gmt":"2024-06-02T15:01:12","slug":"motor-de-arranque-de-24v-10t-2280006170-motor-komatsu-cummins","status":"publish","type":"product","link":"https:\/\/com-automotive.com\/es\/motor-de-arranque-de-24v-10t-2280006170-motor-komatsu-cummins\/","title":{"rendered":"Motor de arranque de 24V 10T 2280006170 Motor Komatsu Cummins<span class=\"product-sku\" style=\"display: block; font-size: 0.85em; color: #777; margin-top: 5px; margin-bottom: 5px;\">SKU: 6000.6170-COM<\/span>"},"content":{"rendered":"<h1><strong>COM-AUTOMOTIVE, calidad de dise\u00f1o original.<\/strong><\/h1>\n<p>Motor Komatsu PC200 PC180 WA200 WA180 WA120 WA250 WA253 Cummins<\/p>\n<h2>Preguntas m\u00e1s frecuentes<\/h2>\n<h3><strong>\u00bfCu\u00e1les son las referencias cruzadas?<\/strong><\/h3>\n<p>2280006170, 2280006172, 2280006671, 2280006671, 2280006670, 2280006670, 3675248RX, 3920644, 3922474, 220000633, 2280000630, 228000 0631, 2280000632, 2280000632, 2280000630, 2280001750, 2280001750, 2280001751, 2280001752, 2280001751, 2280001752, 2280001753, 2280001753, 6008634210, 6008634110, 6008634510, 6733816510, CUMMINS: 3675248RX, 3920644, J934119, 3934119, 3957592, 3957593, 3970101, 3675758RX, 3922474, F042.000.120, F042000120, 280000632, 2280000631, 2280000630, 2280007902, 2280007901,  2280007900, 2280001750, 2280001751, 2280001752, 2280006640, 2280006641, 2280006670, 2280006671, ZM 8014101<\/p>\n<h2><strong>Tabla de aplicaci\u00f3n<\/strong><\/h2>\n<p>Motor de arranque de 24V 10T 2280006170 Komatsu Cummins Komatsu PC200 PC180 WA200 WA180 WA120 WA250 WA253 Cummins Motor<\/p>\n<div><\/div>\n<div>ATENCI\u00d3N:<\/div>\n<div>Recomendamos que la instalaci\u00f3n la realice un profesional formado y especializado.<\/div>\n<div>S\u00f3lo compra este producto si est\u00e1s seguro de que es compatible con tu veh\u00edculo. Si tienes alguna duda, no dudes en ponerte en contacto con nosotros. Nuestro horario de apertura es de lunes a viernes de 8 a 18 h.<\/div>\n<div><\/div>\n<div>Sobre nosotros<\/div>\n<div>COM Automotive est\u00e1 especializada en piezas de autom\u00f3vil de dise\u00f1o original para el sector de la reparaci\u00f3n posventa, clientes industriales y fabricantes de veh\u00edculos especiales OEM.<\/div>\n<div>Nuestro equipo tiene m\u00e1s de 28 a\u00f1os de experiencia en la fabricaci\u00f3n y el suministro de piezas de automoci\u00f3n a escala mundial.<\/div>\n<div>Nuestra MISI\u00d3N es ofrecer productos de dise\u00f1o original con una calidad impecable y una sustituci\u00f3n personalizada.<\/div>\n<div>Nuestra VISI\u00d3N es promover el crecimiento y un valor inigualable para nuestros clientes.<\/div>\n","protected":false},"excerpt":{"rendered":"<p>2280006170-COM. En stock. Ref: 2280006170, 2280006172, 2280006671, 2280006670, 3675248RX, 3920644, 3922474, 220000633, 2280000630, 228000 0631, 2280000632, 2280000633, 2280001750, 2280001751, 2280001752, 2280001753, 6008634210, 6008634110, 6008634510, 6733816510, CUMMINS: 3675248RX, J934119, 3934119, 3957592, 3957593, 3970101, 3675758RX, F042000120, 280000632, 2280000631, 2280000630, 2280000633, 2280007902, 2280007901, 2280007900, 2280001750, 2280001751, 2280001752, 2280006640, 2280006641, 2280006670, 2280006671, ZM 8014101 &#8211; Compatible con: Komatsu. Marca: COM Automotive &#8211; Producto con calidad y dise\u00f1o originales. Compatible con Denso<\/p>\n","protected":false},"featured_media":20621,"comment_status":"open","ping_status":"closed","template":"","meta":[],"product_brand":[],"product_cat":[8119],"product_tag":[12334,12337,12336,12364,12338,14032,12339,12340,12341,12342,12322,12324,12491,12493,12326,12325,12370,12369,12367,12361,12328,12353,12330,12332,12349,12350,12351,12352,12344,12343,12345,12346,12347,12358,12348,12495],"class_list":{"0":"post-15624","1":"product","2":"type-product","3":"status-publish","4":"has-post-thumbnail","6":"product_cat-motor-de-arranque","7":"product_tag-220000633-es","8":"product_tag-228000-0631-es","9":"product_tag-2280000630-es","10":"product_tag-2280000631-es","11":"product_tag-2280000632-es","12":"product_tag-2280000633-es","13":"product_tag-2280001750-es","14":"product_tag-2280001751-es","15":"product_tag-2280001752-es","16":"product_tag-2280001753-es","17":"product_tag-2280006170-es","18":"product_tag-2280006172-es","19":"product_tag-2280006640-es","20":"product_tag-2280006641-es","21":"product_tag-2280006670-es","22":"product_tag-2280006671-es","23":"product_tag-2280007900-es","24":"product_tag-2280007901-es","25":"product_tag-2280007902-es","26":"product_tag-280000632-es","27":"product_tag-3675248rx-es","28":"product_tag-3675758rx-es","29":"product_tag-3920644-es","30":"product_tag-3922474-es","31":"product_tag-3934119-es","32":"product_tag-3957592-es","33":"product_tag-3957593-es","34":"product_tag-3970101-es","35":"product_tag-6008634110-es","36":"product_tag-6008634210-es","37":"product_tag-6008634510-es","38":"product_tag-6733816510-es","39":"product_tag-cummins-3675248rx-es","40":"product_tag-f042000120-es","41":"product_tag-j934119-es","42":"product_tag-zm-8014101-es","44":"first","45":"instock","46":"taxable","47":"shipping-taxable","48":"purchasable","49":"product-type-simple"},"_links":{"self":[{"href":"https:\/\/com-automotive.com\/es\/wp-json\/wp\/v2\/product\/15624","targetHints":{"allow":["GET"]}}],"collection":[{"href":"https:\/\/com-automotive.com\/es\/wp-json\/wp\/v2\/product"}],"about":[{"href":"https:\/\/com-automotive.com\/es\/wp-json\/wp\/v2\/types\/product"}],"replies":[{"embeddable":true,"href":"https:\/\/com-automotive.com\/es\/wp-json\/wp\/v2\/comments?post=15624"}],"wp:featuredmedia":[{"embeddable":true,"href":"https:\/\/com-automotive.com\/es\/wp-json\/wp\/v2\/media\/20621"}],"wp:attachment":[{"href":"https:\/\/com-automotive.com\/es\/wp-json\/wp\/v2\/media?parent=15624"}],"wp:term":[{"taxonomy":"product_brand","embeddable":true,"href":"https:\/\/com-automotive.com\/es\/wp-json\/wp\/v2\/product_brand?post=15624"},{"taxonomy":"product_cat","embeddable":true,"href":"https:\/\/com-automotive.com\/es\/wp-json\/wp\/v2\/product_cat?post=15624"},{"taxonomy":"product_tag","embeddable":true,"href":"https:\/\/com-automotive.com\/es\/wp-json\/wp\/v2\/product_tag?post=15624"}],"curies":[{"name":"wp","href":"https:\/\/api.w.org\/{rel}","templated":true}]}}