{"id":15613,"date":"2023-12-28T18:27:57","date_gmt":"2023-12-28T21:27:57","guid":{"rendered":"https:\/\/com-automotive.com\/limpiador-de-motor-12v-40w-5vias-9390453086-mb-actron\/"},"modified":"2024-07-31T14:39:45","modified_gmt":"2024-07-31T17:39:45","slug":"limpiador-de-motor-12v-40w-5vias-9390453086-mb-actron","status":"publish","type":"product","link":"https:\/\/com-automotive.com\/es\/limpiador-de-motor-12v-40w-5vias-9390453086-mb-actron\/","title":{"rendered":"Limpiador de motor 12V 40W 5v\u00edas 9390453086 MB Actron<span class=\"product-sku\" style=\"display: block; font-size: 0.85em; color: #777; margin-top: 5px; margin-bottom: 5px;\">SKU: 9000.3086-COM<\/span>"},"content":{"rendered":"<h1><strong>COM-AUTOMOTIVE, calidad de dise\u00f1o original.<\/strong><\/h1>\n<p> Motor limpiaparabrisas 12V 40W 5WAYS 9390453086 MERCEDES ATRON <\/p>\n<h2>Preguntas m\u00e1s frecuentes<\/h2>\n<h3><strong>\u00bfCu\u00e1les son las referencias cruzadas?<\/strong><\/h3>\n<p> A6948247001, 6948247001, Euro 202086, GE5086 <\/p>\n<h2><strong>Tabla de aplicaci\u00f3n<\/strong><\/h2>\n<p> MERCEDES BENZ: 1214 C 1997-&gt;2005, DE 1718 A 1999-&gt;2005, 1718 K 1995-&gt;2005, 1720 1998-&gt;2005, 1723 1998-&gt;2005, L 1218- 1998&gt;2005, L 1218 2001-&gt;2005, L 1418- 1998&gt;2005, L 1420- 2001&gt;2005, L 1620 1996-&gt;2005, L 1622 2001-&gt;2005  <\/p>\n<div><\/div>\n<div>ATENCI\u00d3N:<\/div>\n<div>Recomendamos que la instalaci\u00f3n de 0001192105 la realice un profesional formado y especializado.<\/div>\n<div>S\u00f3lo adquiera este producto en 0001192105 si est\u00e1 seguro de que es compatible con su veh\u00edculo. Si tiene alguna duda, no dude en ponerse en contacto con nosotros. Nuestro horario de apertura es de lunes a viernes de 8 a 18 h.<\/div>\n<div><\/div>\n<div>Sobre nosotros<\/div>\n<div>COM Automotive est\u00e1 especializada en piezas de autom\u00f3vil de dise\u00f1o original para el sector de la reparaci\u00f3n posventa, clientes industriales y fabricantes de veh\u00edculos especiales OEM.<\/div>\n<div>Nuestro equipo tiene m\u00e1s de 28 a\u00f1os de experiencia en la fabricaci\u00f3n y el suministro de piezas de automoci\u00f3n a escala mundial.<\/div>\n<div>Nuestra MISI\u00d3N es ofrecer productos de dise\u00f1o original con una calidad impecable y una sustituci\u00f3n personalizada.<\/div>\n<div>Nuestra VISI\u00d3N es promover el crecimiento y un valor inigualable para nuestros clientes.<\/div>\n","protected":false},"excerpt":{"rendered":"<p>9390453086-COM. En stock. Ref: 9390453086, A6948247001, 9390453086, EURO 202086, GE5086 &#8211; compatible con: Mercedes. Marca: COM Automotive &#8211; Producto con calidad y dise\u00f1o originales. Compatible con: Bosch<\/p>\n","protected":false},"featured_media":20787,"comment_status":"open","ping_status":"closed","template":"","meta":[],"product_brand":[],"product_cat":[8498],"product_tag":[27506,12243,12245,12249,12250],"class_list":{"0":"post-15613","1":"product","2":"type-product","3":"status-publish","4":"has-post-thumbnail","6":"product_cat-motor-limpiador","7":"product_tag-9390453086-es","8":"product_tag-9390453086-com-es","9":"product_tag-a6948247001-es","10":"product_tag-euro-202086-es","11":"product_tag-ge5086-es","13":"first","14":"instock","15":"taxable","16":"shipping-taxable","17":"purchasable","18":"product-type-simple"},"_links":{"self":[{"href":"https:\/\/com-automotive.com\/es\/wp-json\/wp\/v2\/product\/15613","targetHints":{"allow":["GET"]}}],"collection":[{"href":"https:\/\/com-automotive.com\/es\/wp-json\/wp\/v2\/product"}],"about":[{"href":"https:\/\/com-automotive.com\/es\/wp-json\/wp\/v2\/types\/product"}],"replies":[{"embeddable":true,"href":"https:\/\/com-automotive.com\/es\/wp-json\/wp\/v2\/comments?post=15613"}],"wp:featuredmedia":[{"embeddable":true,"href":"https:\/\/com-automotive.com\/es\/wp-json\/wp\/v2\/media\/20787"}],"wp:attachment":[{"href":"https:\/\/com-automotive.com\/es\/wp-json\/wp\/v2\/media?parent=15613"}],"wp:term":[{"taxonomy":"product_brand","embeddable":true,"href":"https:\/\/com-automotive.com\/es\/wp-json\/wp\/v2\/product_brand?post=15613"},{"taxonomy":"product_cat","embeddable":true,"href":"https:\/\/com-automotive.com\/es\/wp-json\/wp\/v2\/product_cat?post=15613"},{"taxonomy":"product_tag","embeddable":true,"href":"https:\/\/com-automotive.com\/es\/wp-json\/wp\/v2\/product_tag?post=15613"}],"curies":[{"name":"wp","href":"https:\/\/api.w.org\/{rel}","templated":true}]}}