{"id":15612,"date":"2023-12-28T18:27:58","date_gmt":"2023-12-28T21:27:58","guid":{"rendered":"https:\/\/com-automotive.com\/motor-limpiaparabrisas-de-12v-y-5-vias-9390453019-camiones-volkswagen-agrale\/"},"modified":"2024-08-09T19:19:01","modified_gmt":"2024-08-09T22:19:01","slug":"motor-limpiaparabrisas-de-12v-y-5-vias-9390453019-camiones-volkswagen-agrale","status":"publish","type":"product","link":"https:\/\/com-automotive.com\/es\/motor-limpiaparabrisas-de-12v-y-5-vias-9390453019-camiones-volkswagen-agrale\/","title":{"rendered":"MOTOR LIMPIAPARABRISAS DE 12V Y 5 V\u00cdAS 9390453019 CAMIONES VOLKSWAGEN AGRALE<span class=\"product-sku\" style=\"display: block; font-size: 0.85em; color: #777; margin-top: 5px; margin-bottom: 5px;\">SKU: 9000.3019-COM<\/span>"},"content":{"rendered":"<h1><strong>COM-AUTOMOTIVE, calidad de dise\u00f1o original.<\/strong><\/h1>\n<p>MOTOR LIMPIAPARABRISAS DE 12V Y 5 V\u00cdAS 9390453019 CAMIONES VOLKSWAGEN AGRALE<\/p>\n<h2>Preguntas m\u00e1s frecuentes<\/h2>\n<h3><strong>\u00bfCu\u00e1les son las referencias cruzadas?<\/strong><\/h3>\n<p>TAC955113, Euro 202070, GE5050<\/p>\n<h2><strong>Tabla de aplicaci\u00f3n<\/strong><\/h2>\n<p>VW: 1994- 12.140 H&gt;2000, 12.140 T 1997-&gt;2000, 12.170 BT 1997-&gt;2000, 12.180 1999-&gt;2000, 13.150 2000-&gt;2005, 13.170 2000-&gt;2001, 13.180 2000-&gt;2005, 14.150 1991-&gt;2000, 14.170 BT 1997-&gt;2000, 14.180 1999-&gt;2000, 14.200 1991-&gt;1994, 14.220 1991-&gt;2000, 15.170 2000-&gt;2001, 15.180 2000-&gt;2005, 16.200 1997-&gt;2000, 16.210 1988-&gt;2000, 16.220 1991-&gt;2000, 24.220 1991-&gt;2006, 26.300 2000-&gt;2001, 35.300 1991-&gt;2000, 40.300 1999-&gt;2001, 7.100 1994-&gt;2002, 8.100 1997-&gt;2000, 8.140 1994-&gt;2000<\/p>\n<div><\/div>\n<div>ATENCI\u00d3N:<\/div>\n<div>Recomendamos que la instalaci\u00f3n de 0001192105 la realice un profesional formado y especializado.<\/div>\n<div>S\u00f3lo adquiera este producto en 0001192105 si est\u00e1 seguro de que es compatible con su veh\u00edculo. Si tiene alguna duda, no dude en ponerse en contacto con nosotros. Nuestro horario de apertura es de lunes a viernes de 8 a 18 h.<\/div>\n<div><\/div>\n<div>Sobre nosotros<\/div>\n<div>COM Automotive est\u00e1 especializada en piezas de autom\u00f3vil de dise\u00f1o original para el sector de la reparaci\u00f3n posventa, clientes industriales y fabricantes de veh\u00edculos especiales OEM.<\/div>\n<div>Nuestro equipo tiene m\u00e1s de 28 a\u00f1os de experiencia en la fabricaci\u00f3n y el suministro de piezas de automoci\u00f3n a escala mundial.<\/div>\n<div>Nuestra MISI\u00d3N es ofrecer productos de dise\u00f1o original con una calidad impecable y una sustituci\u00f3n personalizada.<\/div>\n<div>Nuestra VISI\u00d3N es promover el crecimiento y un valor inigualable para nuestros clientes.<\/div>\n","protected":false},"excerpt":{"rendered":"<p>9390453019-COM. En stock. Ref: 9390453019, TAC955113, Euro 202070, GE5050 &#8211; compatible con: Volkswagen. Marca: COM Automotive &#8211; Producto con calidad y dise\u00f1o originales. Compatible con: Bosch<\/p>\n","protected":false},"featured_media":20791,"comment_status":"open","ping_status":"closed","template":"","meta":[],"product_brand":[],"product_cat":[8498],"product_tag":[12236,12240,12242,12238],"class_list":{"0":"post-15612","1":"product","2":"type-product","3":"status-publish","4":"has-post-thumbnail","6":"product_cat-motor-limpiador","7":"product_tag-9390453019-com-es","8":"product_tag-eurocopa-202070","9":"product_tag-ge5050-es","10":"product_tag-tac955113-es","12":"first","13":"instock","14":"taxable","15":"shipping-taxable","16":"purchasable","17":"product-type-simple"},"_links":{"self":[{"href":"https:\/\/com-automotive.com\/es\/wp-json\/wp\/v2\/product\/15612","targetHints":{"allow":["GET"]}}],"collection":[{"href":"https:\/\/com-automotive.com\/es\/wp-json\/wp\/v2\/product"}],"about":[{"href":"https:\/\/com-automotive.com\/es\/wp-json\/wp\/v2\/types\/product"}],"replies":[{"embeddable":true,"href":"https:\/\/com-automotive.com\/es\/wp-json\/wp\/v2\/comments?post=15612"}],"wp:featuredmedia":[{"embeddable":true,"href":"https:\/\/com-automotive.com\/es\/wp-json\/wp\/v2\/media\/20791"}],"wp:attachment":[{"href":"https:\/\/com-automotive.com\/es\/wp-json\/wp\/v2\/media?parent=15612"}],"wp:term":[{"taxonomy":"product_brand","embeddable":true,"href":"https:\/\/com-automotive.com\/es\/wp-json\/wp\/v2\/product_brand?post=15612"},{"taxonomy":"product_cat","embeddable":true,"href":"https:\/\/com-automotive.com\/es\/wp-json\/wp\/v2\/product_cat?post=15612"},{"taxonomy":"product_tag","embeddable":true,"href":"https:\/\/com-automotive.com\/es\/wp-json\/wp\/v2\/product_tag?post=15612"}],"curies":[{"name":"wp","href":"https:\/\/api.w.org\/{rel}","templated":true}]}}