{"id":15611,"date":"2023-12-28T18:27:57","date_gmt":"2023-12-28T21:27:57","guid":{"rendered":"https:\/\/com-automotive.com\/motor-limpiaparabrisas-de-12v-40w-5vias-f006b20022-vw-entrega-2011\/"},"modified":"2024-06-10T21:50:49","modified_gmt":"2024-06-11T00:50:49","slug":"motor-limpiaparabrisas-de-12v-40w-5vias-f006b20022-vw-entrega-2011","status":"publish","type":"product","link":"https:\/\/com-automotive.com\/es\/motor-limpiaparabrisas-de-12v-40w-5vias-f006b20022-vw-entrega-2011\/","title":{"rendered":"Motor limpiaparabrisas de 12V 40W 5VIAS F006B20022 VW ENTREGA 2011&gt;<span class=\"product-sku\" style=\"display: block; font-size: 0.85em; color: #777; margin-top: 5px; margin-bottom: 5px;\">SKU: 9000.0022-COM<\/span>"},"content":{"rendered":"<h1><strong>COM-AUTOMOTIVE, calidad de dise\u00f1o original.<\/strong><\/h1>\n<p>Motor limpiaparabrisas de 12V 40W 5VIAS F006B20022 VW ENTREGA 2011&gt;<\/p>\n<h2>Preguntas m\u00e1s frecuentes<\/h2>\n<h3><strong>\u00bfCu\u00e1les son las referencias cruzadas?<\/strong><\/h3>\n<p>2R0955113A, 6011011072882, Euro 202822, GE5222<\/p>\n<h2><strong>Tabla de aplicaci\u00f3n<\/strong><\/h2>\n<p>VW: 2005- Entrega&gt;2016, Entrega Euro V 2011-&gt;2018, Trabajador 7.100 2002, Trabajador 7.110 2002-&gt;2006, Trabajador 7.120 2002, Trabajador 8.120 2002-&gt;, Trabajador 8.150 2002-&gt;2018, Trabajador 9.150 2003-&gt;2018, Trabajador 13.170 2003-&gt;2009, Trabajador 13.180 2003-&gt;2009, Trabajador 15.170 2003-&gt;2009, Trabajador 15.180 2003-&gt;2009, Trabajador 15.190 2003-&gt;2009, 17.180-2006 Trabajador&gt;2018, Trabajador 17.220 2006-&gt;2018, Trabajador 24.220 2006-&gt;2018<br \/>\nAGRALE: Marrua 2.8 2005-2011&gt;<\/p>\n<div><\/div>\n<div>ATENCI\u00d3N:<\/div>\n<div>Recomendamos que la instalaci\u00f3n de 0001192105 la realice un profesional formado y especializado.<\/div>\n<div>S\u00f3lo adquiera este producto en 0001192105 si est\u00e1 seguro de que es compatible con su veh\u00edculo. Si tiene alguna duda, no dude en ponerse en contacto con nosotros. Nuestro horario de apertura es de lunes a viernes de 8 a 18 h.<\/div>\n<div><\/div>\n<div>Sobre nosotros<\/div>\n<div>COM Automotive est\u00e1 especializada en piezas de autom\u00f3vil de dise\u00f1o original para el sector de la reparaci\u00f3n posventa, clientes industriales y fabricantes de veh\u00edculos especiales OEM.<\/div>\n<div>Nuestro equipo tiene m\u00e1s de 28 a\u00f1os de experiencia en la fabricaci\u00f3n y el suministro de piezas de automoci\u00f3n a escala mundial.<\/div>\n<div>Nuestra MISI\u00d3N es ofrecer productos de dise\u00f1o original con una calidad impecable y una sustituci\u00f3n personalizada.<\/div>\n<div>Nuestra VISI\u00d3N es promover el crecimiento y un valor inigualable para nuestros clientes.<\/div>\n","protected":false},"excerpt":{"rendered":"<p>F006B20022-COM. En stock. Ref: F006B20022, 2R0955113A, 6011011072882, Euro 202822, GE5222 &#8211; compatible con: VW Delivery. Marca: COM Automotive &#8211; Producto con calidad y dise\u00f1o originales. Compatible con: Bosch<\/p>\n","protected":false},"featured_media":20792,"comment_status":"open","ping_status":"closed","template":"","meta":[],"product_brand":[],"product_cat":[8498],"product_tag":[12235,12237,12239,12234,12241],"class_list":{"0":"post-15611","1":"product","2":"type-product","3":"status-publish","4":"has-post-thumbnail","6":"product_cat-motor-limpiador","7":"product_tag-2r0955113a-es","8":"product_tag-6011011072882-es","9":"product_tag-euro-202822-es","10":"product_tag-f006b20022-com-es","11":"product_tag-ge5222-es","13":"first","14":"instock","15":"taxable","16":"shipping-taxable","17":"purchasable","18":"product-type-simple"},"_links":{"self":[{"href":"https:\/\/com-automotive.com\/es\/wp-json\/wp\/v2\/product\/15611","targetHints":{"allow":["GET"]}}],"collection":[{"href":"https:\/\/com-automotive.com\/es\/wp-json\/wp\/v2\/product"}],"about":[{"href":"https:\/\/com-automotive.com\/es\/wp-json\/wp\/v2\/types\/product"}],"replies":[{"embeddable":true,"href":"https:\/\/com-automotive.com\/es\/wp-json\/wp\/v2\/comments?post=15611"}],"wp:featuredmedia":[{"embeddable":true,"href":"https:\/\/com-automotive.com\/es\/wp-json\/wp\/v2\/media\/20792"}],"wp:attachment":[{"href":"https:\/\/com-automotive.com\/es\/wp-json\/wp\/v2\/media?parent=15611"}],"wp:term":[{"taxonomy":"product_brand","embeddable":true,"href":"https:\/\/com-automotive.com\/es\/wp-json\/wp\/v2\/product_brand?post=15611"},{"taxonomy":"product_cat","embeddable":true,"href":"https:\/\/com-automotive.com\/es\/wp-json\/wp\/v2\/product_cat?post=15611"},{"taxonomy":"product_tag","embeddable":true,"href":"https:\/\/com-automotive.com\/es\/wp-json\/wp\/v2\/product_tag?post=15611"}],"curies":[{"name":"wp","href":"https:\/\/api.w.org\/{rel}","templated":true}]}}