{"id":15608,"date":"2023-12-28T18:27:57","date_gmt":"2023-12-28T21:27:57","guid":{"rendered":"https:\/\/com-automotive.com\/motor-limpiaparabrisas-12v-40w-5vias-9390453021-ford-cargo\/"},"modified":"2024-06-10T21:50:54","modified_gmt":"2024-06-11T00:50:54","slug":"motor-limpiaparabrisas-12v-40w-5vias-9390453021-ford-cargo","status":"publish","type":"product","link":"https:\/\/com-automotive.com\/es\/motor-limpiaparabrisas-12v-40w-5vias-9390453021-ford-cargo\/","title":{"rendered":"Motor limpiaparabrisas 12V 40W 5VIAS 9390453021 Ford Cargo<span class=\"product-sku\" style=\"display: block; font-size: 0.85em; color: #777; margin-top: 5px; margin-bottom: 5px;\">SKU: 9000.3021-COM<\/span>"},"content":{"rendered":"<h1><strong>COM-AUTOMOTIVE, calidad de dise\u00f1o original.<\/strong><\/h1>\n<p>Limpiaparabrisas motor 12V 40W 5VIAS 9390453021 FORD CARGO<\/p>\n<h2>Preguntas m\u00e1s frecuentes<\/h2>\n<h3><strong>\u00bfCu\u00e1les son las referencias cruzadas?<\/strong><\/h3>\n<p>XC4517504BC, Euro 202421, GE5121<\/p>\n<h2><strong>Tabla de aplicaci\u00f3n<\/strong><\/h2>\n<p>FORD: 1215 1986- Correo&gt;1992, Puesto 1415 1986-&gt;1992, Puesto 1419 1990-&gt;1992, Puesto 1617 1991-&gt;1991, Puesto 1622 1991-&gt;1991, Puesto 2322 1991-&gt;1991, Puesto 2422 1991-&gt;1991, Puesto 3530 1991-&gt;1991, Posici\u00f3n C 1215 1992-&gt;2000, Cargo C 1217 1995-&gt;2002, Cargo C 1317 2003-&gt;2006, Posici\u00f3n C 1317 y 2005-&gt;2011, Posici\u00f3n C 1415 1992-&gt;2002, Cargo C 1417 1995-&gt;2002, Cargo C 1421 1999-&gt;2002, Posici\u00f3n C 1422 1991-&gt;2000, Cargo C 1517- 2003&gt;2006, Posici\u00f3n C 1517 y 2005-&gt;2011, Posici\u00f3n C 1521 2003-&gt;2006, Cargo C 1617 1991-&gt;2002, Posici\u00f3n C 1621 1999-&gt;2002, Posici\u00f3n C 1622 1991-&gt;2002, Cargo C 1630 1993-&gt;2002, Posici\u00f3n C 1717 2003-&gt;2006, Cargo C 1717 y 2005-&gt;2011, Posici\u00f3n C 1721 1998-&gt;2006, Carga C 1722 2003-&gt;2005, Cargo C 2322 1991-&gt;1994, Cargo C 2422 1991-&gt;2006, Cargo C 2425 1993-&gt;2002, Cargo C 2622 2003-&gt;2006, Cargo C 2626 2002-&gt;2006, Cargo C 2630 1997-&gt;2002, Cargo C 2631 2002-&gt;2006, Cargo C 3224 1992-&gt;1997, Cargo C 3530 1991-&gt;1996, Cargo C 4030 1995-&gt;2002, Cargo C 4031 2003-&gt;2006, Cargo C 4031 Max Ton 2003-&gt;2006, Cargo C 814 1996-&gt;2000, Cargo C 815-2000&gt;2005, Cargo C 815 y 2005-&gt;<\/p>\n<div><\/div>\n<div>ATENCI\u00d3N:<\/div>\n<div>Recomendamos que la instalaci\u00f3n de 0001192105 la realice un profesional formado y especializado.<\/div>\n<div>S\u00f3lo adquiera este producto en 0001192105 si est\u00e1 seguro de que es compatible con su veh\u00edculo. Si tiene alguna duda, no dude en ponerse en contacto con nosotros. Nuestro horario de apertura es de lunes a viernes de 8 a 18 h.<\/div>\n<div><\/div>\n<div>Sobre nosotros<\/div>\n<div>COM Automotive est\u00e1 especializada en piezas de autom\u00f3vil de dise\u00f1o original para el sector de la reparaci\u00f3n posventa, clientes industriales y fabricantes de veh\u00edculos especiales OEM.<\/div>\n<div>Nuestro equipo tiene m\u00e1s de 28 a\u00f1os de experiencia en la fabricaci\u00f3n y el suministro de piezas de automoci\u00f3n a escala mundial.<\/div>\n<div>Nuestra MISI\u00d3N es ofrecer productos de dise\u00f1o original con una calidad impecable y una sustituci\u00f3n personalizada.<\/div>\n<div>Nuestra VISI\u00d3N es promover el crecimiento y un valor inigualable para nuestros clientes.<\/div>\n","protected":false},"excerpt":{"rendered":"<p>9390453021-COM. En stock. Ref: 9390453021, XC4517504BC, Euro 202421, GE5121 &#8211; compatible con: Ford. Marca: COM Automotive &#8211; Producto con calidad y dise\u00f1o originales. Compatible con: Bosch<\/p>\n","protected":false},"featured_media":20786,"comment_status":"open","ping_status":"closed","template":"","meta":[],"product_brand":[],"product_cat":[8498],"product_tag":[12217,12221,12223,12219],"class_list":{"0":"post-15608","1":"product","2":"type-product","3":"status-publish","4":"has-post-thumbnail","6":"product_cat-motor-limpiador","7":"product_tag-9390453021-com-es","8":"product_tag-euro-202421-es","9":"product_tag-ge5121-es","10":"product_tag-xc4517504bc-es","12":"first","13":"instock","14":"taxable","15":"shipping-taxable","16":"purchasable","17":"product-type-simple"},"_links":{"self":[{"href":"https:\/\/com-automotive.com\/es\/wp-json\/wp\/v2\/product\/15608","targetHints":{"allow":["GET"]}}],"collection":[{"href":"https:\/\/com-automotive.com\/es\/wp-json\/wp\/v2\/product"}],"about":[{"href":"https:\/\/com-automotive.com\/es\/wp-json\/wp\/v2\/types\/product"}],"replies":[{"embeddable":true,"href":"https:\/\/com-automotive.com\/es\/wp-json\/wp\/v2\/comments?post=15608"}],"wp:featuredmedia":[{"embeddable":true,"href":"https:\/\/com-automotive.com\/es\/wp-json\/wp\/v2\/media\/20786"}],"wp:attachment":[{"href":"https:\/\/com-automotive.com\/es\/wp-json\/wp\/v2\/media?parent=15608"}],"wp:term":[{"taxonomy":"product_brand","embeddable":true,"href":"https:\/\/com-automotive.com\/es\/wp-json\/wp\/v2\/product_brand?post=15608"},{"taxonomy":"product_cat","embeddable":true,"href":"https:\/\/com-automotive.com\/es\/wp-json\/wp\/v2\/product_cat?post=15608"},{"taxonomy":"product_tag","embeddable":true,"href":"https:\/\/com-automotive.com\/es\/wp-json\/wp\/v2\/product_tag?post=15608"}],"curies":[{"name":"wp","href":"https:\/\/api.w.org\/{rel}","templated":true}]}}