{"id":15607,"date":"2023-12-28T18:27:58","date_gmt":"2023-12-28T21:27:58","guid":{"rendered":"https:\/\/com-automotive.com\/motor-limpiaparabrisas-12v-35w-9390453023-mercedes-high-cab\/"},"modified":"2024-06-10T21:50:38","modified_gmt":"2024-06-11T00:50:38","slug":"motor-limpiaparabrisas-12v-35w-9390453023-mercedes-high-cab","status":"publish","type":"product","link":"https:\/\/com-automotive.com\/es\/motor-limpiaparabrisas-12v-35w-9390453023-mercedes-high-cab\/","title":{"rendered":"Motor limpiaparabrisas 12V 35W 9390453023 MERCEDES HIGH CAB<span class=\"product-sku\" style=\"display: block; font-size: 0.85em; color: #777; margin-top: 5px; margin-bottom: 5px;\">SKU: 9000.3023-COM<\/span>"},"content":{"rendered":"<h1><strong>COM-AUTOMOTIVE, calidad de dise\u00f1o original.<\/strong><\/h1>\n<p>Motor limpiaparabrisas 12V 35W 9390453023 MERCEDES HIGH CAB<\/p>\n<h2>Preguntas m\u00e1s frecuentes<\/h2>\n<h3><strong>\u00bfCu\u00e1les son las referencias cruzadas?<\/strong><\/h3>\n<p>A3458247201, 6001011014000, Euro 202023, GE5023<\/p>\n<h2><strong>Tabla de aplicaci\u00f3n<\/strong><\/h2>\n<p>MB 1316, 1414, 1513, 1517, 2013, 2020, 263, 365, 708E, 812, 1218 AGRALE-DEUTZ: 1600 A 1985-1995&gt;, 1600 D 1985-1995&gt;, 1800 D 1988-1998&gt;, 4500 D 1994-2004&gt;, 5000 D 1994-2004&gt;<\/p>\n<p>MERCEDES-BENZ: 709- 1988&gt;1998, 712 1992-&gt;2002, 912 1988-&gt;2003, 914 1994-&gt;2004, L 1111 1974-&gt;1980, L 1113 1974-&gt;1978, L 1114- 1987&gt;1997, L 1117 1988-&gt;1998, L 1118 1987-&gt;1997, L 1313- 1974&gt;1987, L 1313 A 1974-&gt;1998, L 1314- 1987&gt;1997, L 1316- 1974&gt;1998, L 1316 A 1974-&gt;1999, L 1317- 1986&gt;1995, L 1318- 1987&gt;1997, L 1319 1976-&gt;1997, L 1320 1987-&gt;1997, L 1419 1976-&gt;1996, L 1513 1974-&gt;1987, L 1516 1974-&gt;1999, L 1518 1987-&gt;1997, L 1519 1976-&gt;1987, L 1520 1987-&gt;1997, L 1525 1987-&gt;1997, L 2013 1974-&gt;1987, L 2014 1987-&gt;1997, L 2016 1974-&gt;1999, L 2019 1976-&gt;1987, L 2020 1987-&gt;1997, L 2213 1974-&gt;1987, L 2214 1987-&gt;1997, L 2216 1974-&gt;1999, L 2217 1985-&gt;1995, L 2219 1976-&gt;1987, L 2220 1987-&gt;1997, L 608 D 1973-&gt;1987, LA 1113 1974-&gt;1987, LA 1313- 1974&gt;1987, LA 1513- 1974&gt;1987, LA 1520 1987-&gt;1997, LA 2013 1974-&gt;1987, LA 2213 1974-&gt;1987, LB 2218 1987-&gt;1997, LK 2218-&gt;1997, LO 809 1988-&gt;1998, LO 812 1988-&gt;1998, LP 1219- 1988&gt;1998, LS 1313 A 1985-&gt;1987, LS 1518- 1987&gt;1997, LS 1525- 1987&gt;1997, El 355- 1974&gt;1994, El 362- 1975&gt;1995, Los 364- 1976&gt;1995, Los 365- 1987&gt;1997, OH 1419- 1976&gt;1996, OH 1517- 1977&gt;1997, OH 355- 1974&gt;1994<\/p>\n<div><\/div>\n<div>ATENCI\u00d3N:<\/div>\n<div>Recomendamos que la instalaci\u00f3n de 0001192105 la realice un profesional formado y especializado.<\/div>\n<div>S\u00f3lo adquiera este producto en 0001192105 si est\u00e1 seguro de que es compatible con su veh\u00edculo. Si tiene alguna duda, no dude en ponerse en contacto con nosotros. Nuestro horario de apertura es de lunes a viernes de 8 a 18 h.<\/div>\n<div><\/div>\n<div>Sobre nosotros<\/div>\n<div>COM Automotive est\u00e1 especializada en piezas de autom\u00f3vil de dise\u00f1o original para el sector de la reparaci\u00f3n posventa, clientes industriales y fabricantes de veh\u00edculos especiales OEM.<\/div>\n<div>Nuestro equipo tiene m\u00e1s de 28 a\u00f1os de experiencia en la fabricaci\u00f3n y el suministro de piezas de automoci\u00f3n a escala mundial.<\/div>\n<div>Nuestra MISI\u00d3N es ofrecer productos de dise\u00f1o original con una calidad impecable y una sustituci\u00f3n personalizada.<\/div>\n<div>Nuestra VISI\u00d3N es promover el crecimiento y un valor inigualable para nuestros clientes.<\/div>\n","protected":false},"excerpt":{"rendered":"<p>9390453023-COM. En stock. Ref: 9390453023, A3458247201, 6001011014000, Euro 202023, GE5023 &#8211; compatible con: Mercedes. Marca: COM Automotive &#8211; Producto con calidad y dise\u00f1o originales. Compatible con: Bosch<\/p>\n","protected":false},"featured_media":19737,"comment_status":"open","ping_status":"closed","template":"","meta":[],"product_brand":[],"product_cat":[8498],"product_tag":[12220,12216,12218,12222,12224],"class_list":{"0":"post-15607","1":"product","2":"type-product","3":"status-publish","4":"has-post-thumbnail","6":"product_cat-motor-limpiador","7":"product_tag-6001011014000-es","8":"product_tag-9390453023-com-es","9":"product_tag-a3458247201-es","10":"product_tag-euro-202023-es","11":"product_tag-ge5023-es","13":"first","14":"instock","15":"taxable","16":"shipping-taxable","17":"purchasable","18":"product-type-simple"},"_links":{"self":[{"href":"https:\/\/com-automotive.com\/es\/wp-json\/wp\/v2\/product\/15607","targetHints":{"allow":["GET"]}}],"collection":[{"href":"https:\/\/com-automotive.com\/es\/wp-json\/wp\/v2\/product"}],"about":[{"href":"https:\/\/com-automotive.com\/es\/wp-json\/wp\/v2\/types\/product"}],"replies":[{"embeddable":true,"href":"https:\/\/com-automotive.com\/es\/wp-json\/wp\/v2\/comments?post=15607"}],"wp:featuredmedia":[{"embeddable":true,"href":"https:\/\/com-automotive.com\/es\/wp-json\/wp\/v2\/media\/19737"}],"wp:attachment":[{"href":"https:\/\/com-automotive.com\/es\/wp-json\/wp\/v2\/media?parent=15607"}],"wp:term":[{"taxonomy":"product_brand","embeddable":true,"href":"https:\/\/com-automotive.com\/es\/wp-json\/wp\/v2\/product_brand?post=15607"},{"taxonomy":"product_cat","embeddable":true,"href":"https:\/\/com-automotive.com\/es\/wp-json\/wp\/v2\/product_cat?post=15607"},{"taxonomy":"product_tag","embeddable":true,"href":"https:\/\/com-automotive.com\/es\/wp-json\/wp\/v2\/product_tag?post=15607"}],"curies":[{"name":"wp","href":"https:\/\/api.w.org\/{rel}","templated":true}]}}