{"id":15599,"date":"2023-12-28T18:27:53","date_gmt":"2023-12-28T21:27:53","guid":{"rendered":"https:\/\/com-automotive.com\/servomotor-de-aleta-de-24-v-0132801141-enfriamiento\/"},"modified":"2026-02-10T14:48:22","modified_gmt":"2026-02-10T17:48:22","slug":"servomotor-de-aleta-de-24-v-0132801141-enfriamiento","status":"publish","type":"product","link":"https:\/\/com-automotive.com\/es\/servomotor-de-aleta-de-24-v-0132801141-enfriamiento\/","title":{"rendered":"ServoMotor Flap 24V compatoble con 0132801141 para aire condicionado<span class=\"product-sku\" style=\"display: block; font-size: 0.85em; color: #777; margin-top: 5px; margin-bottom: 5px;\">SKU: 9100.0141-COM<\/span>"},"content":{"rendered":"<h1><strong>COM-AUTOMOTIVE, calidad de dise\u00f1o original.<\/strong><\/h1>\n<h2>Preguntas m\u00e1s frecuentes<\/h2>\n<h3><strong>\u00bfCu\u00e1les son las referencias cruzadas?<\/strong><\/h3>\n<p>0132801141, 022-00010-000, 02200010000, 503126971, 83259706001, 068201142, 0068201142, 1491886, 0132.801.142, 0132801142<\/p>\n<h2><strong>Tabla de aplicaci\u00f3n<\/strong><\/h2>\n<p>Motor renovador de aire, motor de ventilador Scania Volvo Iveco Mercedes, aplicaciones industriales<\/p>\n<div><\/div>\n<div>ATENCI\u00d3N:<\/div>\n<div>Recomendamos que a instala\u00e7\u00e3o do 0001192105 seja feita por um profissional treinado e especializado.<\/div>\n<div>Somente realize a compra deste produto 0001192105 com a certeza que ele seja compat\u00edvel com seu veiculo, caso tenha d\u00favidas, n\u00e3o hesite em nos procurar. Nuestro horario de apertura es de lunes a viernes de 8 a 18 h.<\/div>\n<div><\/div>\n<div>Sobre nosotros<\/div>\n<div>COM Automotive est\u00e1 especializada en piezas de autom\u00f3vil de dise\u00f1o original para el sector de la reparaci\u00f3n posventa, clientes industriales y fabricantes de veh\u00edculos especiales OEM.<\/div>\n<div>Nuestro equipo tiene m\u00e1s de 28 a\u00f1os de experiencia en la fabricaci\u00f3n y el suministro de piezas de automoci\u00f3n a escala mundial.<\/div>\n<div>Nuestra MISI\u00d3N es ofrecer productos de dise\u00f1o original con una calidad impecable y una sustituci\u00f3n personalizada.<\/div>\n<div>Nuestra VISI\u00d3N es promover el crecimiento y un valor inigualable para nuestros clientes.<\/div>\n","protected":false},"excerpt":{"rendered":"<p>9100.0141-COM. Compat\u00edvel com: 022-00010-000, 02200010000, 503126971, 83259706001, 068201142, 0068201142, 1491886, 0132801141, 91000141 .  Marca: COM Automotive &#8211; Producto con calidad y dise\u00f1o originales.<\/p>\n","protected":false},"featured_media":19406,"comment_status":"open","ping_status":"closed","template":"","meta":[],"product_brand":[],"product_cat":[8497],"product_tag":[27510,12172,12180,12188,27501,27503,27508,27511,27505,27507,43523,43525,43524],"class_list":{"0":"post-15599","1":"product","2":"type-product","3":"status-publish","4":"has-post-thumbnail","6":"product_cat-hvac-motor","7":"product_tag-0068201142-es","8":"product_tag-0132801141-es","9":"product_tag-0132801141-com-es","10":"product_tag-0132801142-es","11":"product_tag-022-00010-000-es","12":"product_tag-02200010000-es","13":"product_tag-068201142-es","14":"product_tag-1491886-es","15":"product_tag-503126971-es","16":"product_tag-83259706001-es","17":"product_tag-9100-0141-com","18":"product_tag-43525","19":"product_tag-91000141-com","21":"first","22":"instock","23":"taxable","24":"shipping-taxable","25":"purchasable","26":"product-type-simple"},"_links":{"self":[{"href":"https:\/\/com-automotive.com\/es\/wp-json\/wp\/v2\/product\/15599","targetHints":{"allow":["GET"]}}],"collection":[{"href":"https:\/\/com-automotive.com\/es\/wp-json\/wp\/v2\/product"}],"about":[{"href":"https:\/\/com-automotive.com\/es\/wp-json\/wp\/v2\/types\/product"}],"replies":[{"embeddable":true,"href":"https:\/\/com-automotive.com\/es\/wp-json\/wp\/v2\/comments?post=15599"}],"wp:featuredmedia":[{"embeddable":true,"href":"https:\/\/com-automotive.com\/es\/wp-json\/wp\/v2\/media\/19406"}],"wp:attachment":[{"href":"https:\/\/com-automotive.com\/es\/wp-json\/wp\/v2\/media?parent=15599"}],"wp:term":[{"taxonomy":"product_brand","embeddable":true,"href":"https:\/\/com-automotive.com\/es\/wp-json\/wp\/v2\/product_brand?post=15599"},{"taxonomy":"product_cat","embeddable":true,"href":"https:\/\/com-automotive.com\/es\/wp-json\/wp\/v2\/product_cat?post=15599"},{"taxonomy":"product_tag","embeddable":true,"href":"https:\/\/com-automotive.com\/es\/wp-json\/wp\/v2\/product_tag?post=15599"}],"curies":[{"name":"wp","href":"https:\/\/api.w.org\/{rel}","templated":true}]}}