{"id":15593,"date":"2023-10-23T17:23:06","date_gmt":"2023-10-23T20:23:06","guid":{"rendered":"https:\/\/com-automotive.com\/alternador-12v-90a-f000bl04k9-f000bl04l1-plumero-sandero-logan-16-flex-1016\/"},"modified":"2025-07-09T09:01:37","modified_gmt":"2025-07-09T12:01:37","slug":"alternador-12v-90a-f000bl04k9-f000bl04l1-plumero-sandero-logan-16-flex-1016","status":"publish","type":"product","link":"https:\/\/com-automotive.com\/es\/alternador-12v-90a-f000bl04k9-f000bl04l1-plumero-sandero-logan-16-flex-1016\/","title":{"rendered":"Alternador 12V 90A compatible con F000BL04K9 para Duster Oroch Sandero Logan 1.6L Flex 10&gt;16<span class=\"product-sku\" style=\"display: block; font-size: 0.85em; color: #777; margin-top: 5px; margin-bottom: 5px;\">SKU: 8000.0408-COM<\/span>"},"content":{"rendered":"<h1><strong>COM-AUTOMOTIVE, producto con Calidad y Dise\u00f1o Original.<\/strong><\/h1>\n<p>Alternador 12V 90A compatible con F000BL04K9 F000BL04L1 para Duster Oroch Sandero Logan 1.6L Flex 10&gt;16<\/p>\n<h2>Preguntas m\u00e1s frecuentes<\/h2>\n<h3><strong>\u00bfCu\u00e1les son las referencias cruzadas de este producto de la marca COM Automotive?<\/strong><\/h3>\n<p>231002299R, 231008432R, 231007175R, 231007633R, 1986A01066, F000BL04CU, F000BL0408, F000BL04M7, F000BL04C9, F000BL04E9, F000BL04F0, F000BL04L1, 1986A01068, F000BL04K9, 446541, DRA0854, ZEN 42003, EURO 70014, DITA 10144, 20399N, 80000408<\/p>\n<h2><strong>Tabla de aplicaci\u00f3n<\/strong><\/h2>\n<p>RENAULT SANDERO EXPRESI\u00d3N HI-TORQUE G-1, K4M K4M 1.6 L 16V DOHC L4 FLEX, 2011-2014.<br \/>\nRENAULT SANDERO STEPWAY G-1, K4M K4M 1.6 L 16V DOHC L4 FLEX, 2008-2014.<br \/>\nRENAULT LOGAN EXPRESSION G-1, K7M K7M 1.6 L 8V SOHC L4 FLEX, 2007-2013.<br \/>\nRENAULT DUSTER DYNAMIQUE G-1, K4M 1.6 L 16V DOHC L4 FLEX, 2011-2013.<br \/>\nRENAULT SANDERO EXPRESI\u00d3N G-1, K7M K7M 1.6 L 8V SOHC L4 FLEX, 2007-2011.<br \/>\nRENAULT CAPTUR INTENSE G-1, SCE H4M SCE H4M 1.6 L 16V DOHC L4 FLEX, 2017-2023.<br \/>\nRENAULT SANDERO DYNAMIQUE HI-POWER G-2, K7M K7M 1.6 L 8V SOHC L4 FLEX, 2014-2015.<br \/>\nRENAULT DUSTER DYNAMIQUE G-3, SCE H4M SCE H4M 1.6 L 16V DOHC L4 FLEX, 2017-2023.<br \/>\nRENAULT CAPTUR LIFE G-1, SCE H4M SCE H4M 1.6 L 16V DOHC L4 FLEX, 2019-2023.<br \/>\nRENAULT SANDERO EXPRESI\u00d3N HI-POWER G-2, K7M K7M 1.6 L 8V SOHC L4 FLEX, 2014-2015.<br \/>\nRENAULT KANGOO EXPRESS G-2, K4M 1.6 L 16V DOHC L4 FLEX, 2007-2014.<br \/>\nRENAULT DUSTER OUTDOOR G-2, K4M K4M 1.6 L 16V DOHC L4 FLEX, 2014-2015.<br \/>\nRENAULT CAPTUR ZEN G-1, SCE H4M SCE H4M 1.6 L 16V DOHC L4 FLEX, 2017-2023.<br \/>\nRENAULT DUSTER EXPRESI\u00d3N G-3, SCE H4M SCE H4M 1.6 L 16V DOHC L4 FLEX, 2017-2023.<br \/>\nRENAULT SANDERO EXPRESI\u00d3N EASY R G-2, SCE H4M SCE H4M 1.6 L 16V DOHC L4 FLEX, 2017-2019.<br \/>\nRENAULT LOGAN AUTHENTIQUE G2 G-2, K7M K7M 1.6 L 8V SOHC L4 FLEX, 2013-2015.<br \/>\nRENAULT SANDERO PRIVILEGE HI-TORQUE G-1, K4M K4M 1.6 L 16V DOHC L4 FLEX, 2011-2014.<br \/>\nRENAULT SANDERO DYNAMIQUE EASY R G-2, K7M HI-POWER K7M 1.6 L 8V SOHC L4 FLEX, 2014-2015.<br \/>\nRENAULT LOGAN DYNAMIQUE EASY R G2 G-2, K7M K7M 1.6 L 8V SOHC L4 FLEX, 2014-2015.<br \/>\nRENAULT SANDERO STEPWAY G-3, K7M K7M 1.6 L 8V SOHC L4 FLEX, 2014-2015.<br \/>\nRENAULT SANDERO EXPRESI\u00d3N EASY R G-2, K7M HI-POWER K7M 1.6 L 8V SOHC L4 FLEX, 2014-2015.<br \/>\nRENAULT SANDERO DYNAMIQUE EASY R G-2, SCE H4M SCE H4M 1.6 L 16V DOHC L4 FLEX, 2017-2018.<br \/>\nRENAULT LOGAN EXCLUSIVE G2 G-2, K7M K7M 1.6 L 8V SOHC L4 FLEX, 2014-2015.<br \/>\nRENAULT SANDERO EXPRESI\u00d3N G-2, SCE H4M SCE H4M 1.6 L 16V DOHC L4 FLEX, 2017-2023.<br \/>\nRENAULT DUSTER ICONIC G-4, SCE H4M SCE H4M 1.6 L 16V DOHC L4 FLEX, 2020-2023.<br \/>\nRENAULT DUSTER DYNAMIQUE G-3, K4M 1.6 L 16V DOHC L4 FLEX, 2016-2019.<br \/>\nRENAULT DUSTER ZEN G-4, SCE H4M SCE H4M 1.6 L 16V DOHC L4 FLEX, 2020-2023.<br \/>\nRENAULT GRAN TOUR DYNAMIQUE HI-FLEX , K4M K4M 1.6 L 16V DOHC L4 FLEX, 2011-2013.<br \/>\nRENAULT DUSTER EXPRESSION G-3, K4M K4M 1.6 L 16V DOHC L4 FLEX, 2016-2018.<br \/>\nRENAULT LOGAN ZEN G-4, SCE H4M SCE H4M 1.6 L 16V DOHC L4 FLEX, 2019-2023.<br \/>\nRENAULT SANDERO DYNAMIQUE HI-POWER G-2, K7M HI-POWER K7M 1.6 L 8V SOHC L4 FLEX, 2016-2016.<br \/>\nRENAULT SYMBOL PRIVILEGE , K4M K4M 1.6 L 16V DOHC L4 FLEX, 2009-2014.<br \/>\nRENAULT SANDERO DYNAMIQUE G-2, SCE H4M SCE H4M 1.6 L 16V DOHC L4 FLEX, 2017-2019.<br \/>\nRENAULT SANDERO PRIVILEGE HI-FLEX AUTO G-1, K4M K4M 1.6 L 16V DOHC L4 FLEX, 2011-2014.<br \/>\nRENAULT SANDERO STEPWAY EASY R G-3, SCE H4M SCE H4M 1.6 L 16V DOHC L4 FLEX, 2017-2023.<br \/>\nRENAULT SANDERO GT LINE G-1, K4M K4M 1.6 L 16V DOHC L4 FLEX, 2010-2014.<br \/>\nRENAULT SANDERO EXPRESI\u00d3N HI-POWER G-2, K7M HI-POWER K7M 1.6 L 8V SOHC L4 FLEX, 2016-2016.<br \/>\nRENAULT MEGANE BERLINA FIII DYNAMIQUE HY-FLEX , K4M K4M 1.6 L 16V DOHC L4 FLEX, 2006-2010.<br \/>\nRENAULT SANDERO PRIVILEGE HI-FLEX G-1, K7M K7M 1.6 L 8V SOHC L4 FLEX, 2007-2011.<br \/>\nRENAULT KANGOO EXPRESS 3 PUERTAS G-2, K4M 1.6 L 16V DOHC L4 FLEX, 2014-2023.<br \/>\nRENAULT CLIO PRIVILEGE HI-FLEX , K4M K4M 1.6 L 16V DOHC L4 FLEX, 2004-2009.<br \/>\nRENAULT MEGANE GRAND TOUR DYNAMIQUE , K4M K4M 1.6 L 16V DOHC L4 FLEX, 2007-2012.<br \/>\nRENAULT CAPTUR BOSE G-1, SCE H4M SCE H4M 1.6 L 16V DOHC L4 FLEX, 2019-2023.<br \/>\nRENAULT LOGAN EXCLUSIVE EASY R G2 G-2, K7M K7M 1.6 L 8V SOHC L4 FLEX, 2014-2015.<br \/>\nRENAULT SANDERO STEPWAY TWEED G-3, K7M K7M 1.6 L 8V SOHC L4 FLEX, 2014-2015.<br \/>\nRENAULT SANDERO STEPWAY G-3, SCE H4M SCE H4M 1.6 L 16V DOHC L4 FLEX, 2017-2023.<br \/>\nRENAULT DUSTER EXPRESSION G-1, K4M K4M 1.6 L 16V DOHC L4 FLEX, 2011-2013.<br \/>\nRENAULT SANDERO STEPWAY TWEED EN. G-3, K4M K4M 1.6 L 16V DOHC L4 FLEX, 2014-2015.<br \/>\nRENAULT SANDERO ZEN G-3, SCE H4M SCE H4M 1.6 L 16V DOHC L4 FLEX, 2019-2023.<br \/>\nRENAULT SANDERO STEPWAY ZEN G-4, SCE H4M SCE H4M 1.6 L 16V DOHC L4 FLEX, 2019-2023.<br \/>\nRENAULT SYMBOL EXPRESSION HI-FLEX , K7M K7M 1.6 L 8V SOHC L4 FLEX, 2009-2012.<br \/>\nRENAULT SANDERO STEPWAY EXPRESI\u00d3N G-3, SCE H4M SCE H4M 1.6 L 16V DOHC L4 FLEX, 2017-2023.<br \/>\nRENAULT SANDERO DYNAMIQUE EASY R G-2, K7M K7M 1.6 L 8V SOHC L4 FLEX, 2016-2016.<br \/>\nRENAULT SYMBOL EXPRESSION , K4M K4M 1.6 L 16V DOHC L4 FLEX, 2009-2015.<br \/>\nRENAULT OROCH EXPRESSION G-1, K4M K4M 1.6 L 16V DOHC L4 FLEX, 2015-2016.<br \/>\nRENAULT SANDERO STEPWAY G-3, K7M HI-POWER K7M 1.6 L 8V SOHC L4 FLEX, 2016-2016.<br \/>\nRENAULT SANDERO EXPRESI\u00d3N EASY R G-2, K7M K7M 1.6 L 8V SOHC L4 FLEX, 2016-2016.<br \/>\nRENAULT CLIO EXPRESSION HI-FLEX , K4M K4M 1.6 L 16V DOHC L4 FLEX, 2004-2009.<br \/>\nRENAULT LOGAN PRIVILEGE G1 G-1, K4M K4M 1.6 L 16V DOHC L4 FLEX, 2007-2011.<br \/>\nRENAULT DUSTER TECH ROAD G-2, K4M 1.6 L 16V DOHC L4 FLEX, 2013-2015.<br \/>\nRENAULT SANDERO GT LINE G-2, SCE H4M SCE H4M 1.6 L 16V DOHC L4 FLEX, 2017-2019.<br \/>\nRENAULT SANDERO EXPRESSION HI-FLEX G-1, K4M K4M 1.6 L 16V DOHC L4 FLEX, 2009-2010.<br \/>\nRENAULT DUSTER AUTHENTIQUE G-3, SCE H4M SCE H4M 1.6 L 16V DOHC L4 FLEX, 2019-2023.<br \/>\nRENAULT CLIO AUTHENTIQUE HI-FLEX , K4M K4M 1.6 L 16V DOHC L4 FLEX, 2004-2009.<br \/>\nRENAULT SCENIC EXPRESSION HI-FLEX , K4M K4M 1.6 L 16V DOHC L4 FLEX, 2005-2010.<br \/>\nRENAULT LOGAN EXPRESSION EASY R G3 G-3, K7M K7M 1.6 L 8V SOHC L4 FLEX, 2016-2016.<br \/>\nRENAULT MEGANE BERLINA FII EXPRESSION HY-FLEX , K4M K4M 1.6 L 16V DOHC L4 FLEX, 2006-2010.<br \/>\nRENAULT SANDERO PRIVILEGE G-1, K4M K4M 1.6 L 16V DOHC L4 FLEX, 2007-2010.<br \/>\nRENAULT DUSTER INTENSE G-4, SCE H4M SCE H4M 1.6 L 16V DOHC L4 FLEX, 2020-2023.<br \/>\nRENAULT LOGAN EXPRESSION G2 G-2, K7M K7M 1.6 L 8V SOHC L4 FLEX, 2012-2014.<br \/>\nRENAULT SANDERO STEPWAY EASY R G-3, K7M K7M 1.6 L 8V SOHC L4 FLEX, 2014-2015.<br \/>\nRENAULT SCENIC HI FLEX , K4M K4M 1.6 L 16V DOHC L4 FLEX, 2005-2010.<br \/>\nRENAULT SANDERO INTENSE G-3, SCE H4M SCE H4M 1.6 L 16V DOHC L4 FLEX, 2019-2023.<br \/>\nRENAULT SANDERO STEPWAY TWEED EN. G-3, K4M HI-POWER K4M 1.6 L 16V DOHC L4 FLEX, 2016-2016.<br \/>\nRENAULT SANDERO STEPWAY TWEED G-3, K7M HI-POWER K7M 1.6 L 8V SOHC L4 FLEX, 2016-2016.<br \/>\nRENAULT LOGAN EXPRESSION EASY R G2 G-2, K7M K7M 1.6 L 8V SOHC L4 FLEX, 2014-2015.<br \/>\nRENAULT OROCH DYNAMIQUE G-1, K4M 1.6 L 16V DOHC L4 FLEX, 2015-2016.<br \/>\nRENAULT LOGAN PRIVILEGE G-1, K7M K7M 1.6 L 8V SOHC L4 FLEX, 2007-2009.<br \/>\nRENAULT LOGAN EXCLUSIVE G3 G-3, K7M K7M 1.6 L 8V SOHC L4 FLEX, 2016-2016.<br \/>\nRENAULT SCENIC PRIVILEGE-FLEX , K4M K4M 1.6 L 16V DOHC L4 FLEX, 2005-2010.<br \/>\nRENAULT SANDERO STEPWAY ICONIC G-4, SCE H4M SCE H4M 1.6 L 16V DOHC L4 FLEX, 2019-2023.<br \/>\nRENAULT SANDERO STEPWAY RIP CURL G-3, K7M K7M 1.6 L 8V SOHC L4 FLEX, 2015-2015.<br \/>\nRENAULT DUSTER 1.6 G-1, K4M K4M 1.6 L 16V DOHC L4 FLEX, 2011-2013.<br \/>\nRENAULT LOGAN ICONIC G-4, SCE H4M SCE H4M 1.6 L 16V DOHC L4 FLEX, 2019-2023.<br \/>\nRENAULT SANDERO STEPWAY INTENSE G-4, SCE H4M SCE H4M 1.6 L 16V DOHC L4 FLEX, 2019-2023.<br \/>\nRENAULT SANDERO STEPWAY EASY R G-3, K7M HI-POWER K7M 1.6 L 8V SOHC L4 FLEX, 2016-2016.<br \/>\nRENAULT SANDERO AUTHENTIQUE G-1, K4M K4M 1.6 L 16V DOHC L4 FLEX, 2007-2010.<br \/>\nRENAULT LOGAN EXPRESSION G1 G-1, K4M K4M 1.6 L 16V DOHC L4 FLEX, 2007-2009.<br \/>\nRENAULT SANDERO STEPWAY RIP CURL G-3, K7M HI-POWER K7M 1.6 L 8V SOHC L4 FLEX, 2016-2016.<br \/>\nRENAULT LOGAN EXCLUSIVE EASY R G3 G-3, K7M K7M 1.6 L 8V SOHC L4 FLEX, 2016-2016.<br \/>\nRENAULT LOGAN EXPRESSION G3 G-3, K7M K7M 1.6 L 8V SOHC L4 FLEX, 2016-2016.<br \/>\nRENAULT LOGAN AUTHENTIQUE G3 G-3, K7M K7M 1.6 L 8V SOHC L4 FLEX, 2016-2016.<br \/>\nRENAULT MEGANE GRAND TOUR EXPRESSION , K4M K4M 1.6 L 16V DOHC L4 FLEX, 2009-2011.<br \/>\nRENAULT DUSTER DAKAR G-2, K4M 1.6 L 16V DOHC L4 FLEX, 2016-2016.<br \/>\nRENAULT LOGAN DYNAMIQUE EASY R G3 G-3, K7M K7M 1.6 L 8V SOHC L4 FLEX, 2016-2016.<br \/>\nRENAULT LOGAN INTENSE G-4, SCE H4M SCE H4M 1.6 L 16V DOHC L4 FLEX, 2019-2023.<br \/>\nRENAULT KANGOO EXPRESSION G-2, K4M 1.6 L 16V DOHC L4 FLEX, 2007-2010.<br \/>\nRENAULT KANGOO AUTHENTIQUE HI-FLEX G-2, K4M K4M 1.6 L 16V DOHC L4 FLEX, 2007-2010.<br \/>\nRENAULT FLUENCE EXPRESSION &#8211; TAXI G-1, K4M K4M 1.6 L 16V DOHC L4 FLEX, 2012-2014.<br \/>\nRENAULT MEGANE SEDAN EXPRESSION , K4M K4M 1.6 L 16V DOHC L4 FLEX, 2008-2009.<br \/>\nRENAULT MEGANE SEDAN FIII EXPRESSION , K4M K4M 1.6 L 16V DOHC L4 FLEX, 2007-2007.<br \/>\nRENAULT CLIO HI-FLEX , K4M K4M 1.6 L 16V DOHC L4 FLEX, 2004-2005.<br \/>\nRENAULT DUSTER GOPRO G-4, SCE H4M SCE H4M 1.6 L 16V DOHC L4 FLEX, 2019-2019.<br \/>\nRENAULT MEGANE SEDAN FIII DYNAMIQUE , K4M K4M 1.6 L 16V DOHC L4 FLEX, 2009-2009.<br \/>\nRENAULT MEGANE SEDAN FII EXPRESSION , K4M K4M 1.6 L 16V DOHC L4 FLEX, 2006-2006.<br \/>\nRENAULT MEGANE SEDAN FIII PRIVILEGE , K4M K4M 1.6 L 16V DOHC L4 FLEX, 2008-2008.<br \/>\nRENAULT CLIO DYNNAMIQUE HI-FLEXFLEX , K4M K4M 1.6 L 16V DOHC L4 FLEX, 2004-2006.<\/p>\n<div><strong>ATENCI\u00d3N:<\/strong><\/div>\n<div>Recomendamos que la instalaci\u00f3n del producto sea realizada por un profesional capacitado y especializado.<\/div>\n<div>Solo realiza la compra de este producto con la certeza de que es compatible con tu veh\u00edculo, si tienes alguna duda, no dudes en ponerte en contacto con nosotros. Nuestro horario de apertura es de lunes a viernes de 8 a 18 h.<\/div>\n<div><\/div>\n<div><strong>SOBRE NOSOTROS:<\/strong><\/div>\n<div>COM Automotive est\u00e1 especializada en piezas de autom\u00f3vil de dise\u00f1o original para el sector de la reparaci\u00f3n posventa, clientes industriales y fabricantes de veh\u00edculos especiales OEM.<\/div>\n<div>Nuestro equipo tiene m\u00e1s de 28 a\u00f1os de experiencia en la fabricaci\u00f3n y el suministro de piezas de automoci\u00f3n a escala mundial.<\/div>\n<div>Nuestra <strong>MISI\u00d3N <\/strong> es ofrecer productos de dise\u00f1o original con una calidad impecable y una sustituci\u00f3n personalizada.<\/div>\n<div>Nuestra <strong>VISI\u00d3N<\/strong> es promover el crecimiento y un valor inigualable para nuestros clientes.<\/div>\n<div><\/div>\n<div><strong>DISE\u00d1O ORIGINAL<\/strong><\/div>\n<div>El t\u00e9rmino \u00abDise\u00f1o Original\u00bb se refiere a la percepci\u00f3n \u00fanica e innovadora y a la propuesta de valor de los productos de COM Automotive, as\u00ed como a la experiencia ofrecida durante su compra. Esto abarca no solo el empaque y la est\u00e9tica del producto, sino tambi\u00e9n la autenticidad y creatividad de la marca. COM Automotive busca ofrecer productos de alta calidad que satisfagan las necesidades de la industria del mercado de repuestos, aline\u00e1ndose con su Visi\u00f3n, Misi\u00f3n y Valores.  <\/div>\n<div><\/div>\n<div><strong>NOTAR:<\/strong><\/div>\n<div>C\u00f3digo de Protecci\u00f3n al Consumidor (CDC): La Ley N\u00b0 8.078, de 11 de septiembre de 1990, establece que la informaci\u00f3n proporcionada al consumidor debe ser clara y precisa. El art\u00edculo 31 del CDC exige que la publicidad y el etiquetado de los productos y servicios sean veraces y no induzcan a error al consumidor. Esto incluye asegurarse de que la informaci\u00f3n sobre la compatibilidad, la marca y las caracter\u00edsticas se describa correctamente para evitar malentendidos. El uso del t\u00e9rmino \u00abcompatible\u00bb tambi\u00e9n est\u00e1 regulado por los grandes mercados en el mercado para la catalogaci\u00f3n adecuada de productos y la aplicaci\u00f3n automotriz.   <\/div>\n","protected":false},"excerpt":{"rendered":"<p>8000.0408-COM. Compatible con: 231002299R, 231008432R, 231007175R, 231007633R, 1986A01066, F000BL04CU, F000BL0408, F000BL04M7, F000BL04C9, F000BL04E9, F000BL04F0, F000BL04L1, 1986A01068, F000BL04K9, 446541, DRA0854, ZEN 42003, EURO 70014, DITA 10144, 20399N, 80000408.  Marca: COM Automotive &#8211; Producto con calidad y dise\u00f1o originales.<\/p>\n","protected":false},"featured_media":19057,"comment_status":"open","ping_status":"closed","template":"","meta":[],"product_brand":[],"product_cat":[8109],"product_tag":[37044,12136,37052,10462,10464,37043,12134,37051,37054,37056,37055,37053,10213,10218,37046,37048,37045,37049,37050,12132,12130,37047,10217],"class_list":{"0":"post-15593","1":"product","2":"type-product","3":"status-publish","4":"has-post-thumbnail","6":"product_cat-alternador-es-2","7":"product_tag-1986a01066-es","8":"product_tag-1986a01068-es","9":"product_tag-20399n-es","10":"product_tag-231002299r-es","11":"product_tag-231007175r-es","12":"product_tag-231007633r-es","13":"product_tag-231008432r-es","14":"product_tag-446541-es","15":"product_tag-8000-0408-com-es","16":"product_tag-80000408-es","17":"product_tag-80000408-com-es","18":"product_tag-dita-10144-es","19":"product_tag-dra0854-es","20":"product_tag-euro-70014-es","21":"product_tag-f000bl0408-es","22":"product_tag-f000bl04c9-es","23":"product_tag-f000bl04cu-es","24":"product_tag-f000bl04e9-es","25":"product_tag-f000bl04f0-es","26":"product_tag-f000bl04k9-es","27":"product_tag-f000bl04l1-es","28":"product_tag-f000bl04m7-es","29":"product_tag-zen-42003-es","31":"first","32":"instock","33":"taxable","34":"shipping-taxable","35":"purchasable","36":"product-type-simple"},"_links":{"self":[{"href":"https:\/\/com-automotive.com\/es\/wp-json\/wp\/v2\/product\/15593","targetHints":{"allow":["GET"]}}],"collection":[{"href":"https:\/\/com-automotive.com\/es\/wp-json\/wp\/v2\/product"}],"about":[{"href":"https:\/\/com-automotive.com\/es\/wp-json\/wp\/v2\/types\/product"}],"replies":[{"embeddable":true,"href":"https:\/\/com-automotive.com\/es\/wp-json\/wp\/v2\/comments?post=15593"}],"wp:featuredmedia":[{"embeddable":true,"href":"https:\/\/com-automotive.com\/es\/wp-json\/wp\/v2\/media\/19057"}],"wp:attachment":[{"href":"https:\/\/com-automotive.com\/es\/wp-json\/wp\/v2\/media?parent=15593"}],"wp:term":[{"taxonomy":"product_brand","embeddable":true,"href":"https:\/\/com-automotive.com\/es\/wp-json\/wp\/v2\/product_brand?post=15593"},{"taxonomy":"product_cat","embeddable":true,"href":"https:\/\/com-automotive.com\/es\/wp-json\/wp\/v2\/product_cat?post=15593"},{"taxonomy":"product_tag","embeddable":true,"href":"https:\/\/com-automotive.com\/es\/wp-json\/wp\/v2\/product_tag?post=15593"}],"curies":[{"name":"wp","href":"https:\/\/api.w.org\/{rel}","templated":true}]}}