{"id":15590,"date":"2023-11-17T12:04:36","date_gmt":"2023-11-17T15:04:36","guid":{"rendered":"https:\/\/com-automotive.com\/regulador-de-f00ma45254-man-hd10-24v\/"},"modified":"2023-11-17T12:04:36","modified_gmt":"2023-11-17T15:04:36","slug":"regulador-de-f00ma45254-man-hd10-24v","status":"publish","type":"product","link":"https:\/\/com-automotive.com\/es\/regulador-de-f00ma45254-man-hd10-24v\/","title":{"rendered":"Regulador de F00MA45254 MAN HD10 24V<span class=\"product-sku\" style=\"display: block; font-size: 0.85em; color: #777; margin-top: 5px; margin-bottom: 5px;\">SKU: F00MA45254-COM<\/span>"},"content":{"rendered":"<h1><strong>COM-AUTOMOTIVE, calidad de dise\u00f1o original.<\/strong><\/h1>\n<p>Regulador 28V BR28-N1 MFR HD10LEB<\/p>\n<h2>Preguntas m\u00e1s frecuentes<\/h2>\n<h3><strong>\u00bfCu\u00e1les son las referencias cruzadas?<\/strong><\/h3>\n<p>F00M485232, F00MA45254, 1986AE0104, IKRO, IK5308<\/p>\n<h2><strong>Tabla de aplicaci\u00f3n<\/strong><\/h2>\n<p>ALTERNADOR: 0124.655.597 (MAN TGX 28-440 XL , MAN D26 76 440 D26 76 440 12.4 L 24V DOHC L6 DIESEL, 2013-2023.<br \/>\nMAN TGX 29-480 XL , MAN D26 76 480 D26 76 480 12,4 L 24V DOHC L6 DIESEL, 2016-2023.<br \/>\nMAN TGX 33-440 , MAN D26 76 440 D26 76 440 12,4 L 24V DOHC L6 DIESEL, 2012-2015.<br \/>\nMAN TGX 28-440 XLX , MAN D26 76 440 D26 76 440 12,4 L 24V DOHC L6 DIESEL, 2013-2019.<br \/>\nMAN TGX 29-480 XLX , MAN D26 76 480 D26 76 480 12.4 L 24V DOHC L6 DIESEL, 2016-2019.<br \/>\nMAN TGX 29-440 XL , MAN D26 76 440 D26 76 440 12,4 L 24V DOHC L6 DIESEL, 2012-2020.<br \/>\nMAN TGX 29-440 XLX , MAN D26 76 440 D26 76 440 12,4 L 24V DOHC L6 DIESEL, 2011-2018. )<\/p>\n<p>0124.655.598<br \/>\nVW: 2V5903015B<\/p>\n<p>ATENCI\u00d3N:<br \/>\nRecomendamos que la instalaci\u00f3n la realice un profesional formado y especializado.<br \/>\nS\u00f3lo compra este producto si est\u00e1s seguro de que es compatible con tu veh\u00edculo. Si tienes alguna duda, no dudes en ponerte en contacto con nosotros. Nuestro horario de apertura es de lunes a viernes de 8 a 18 h.<\/p>\n<p>Sobre nosotros<br \/>\nCOM Automotive est\u00e1 especializada en piezas de autom\u00f3vil de dise\u00f1o original para el sector de la reparaci\u00f3n posventa, clientes industriales y fabricantes de veh\u00edculos especiales OEM.<br \/>\nNuestro equipo tiene m\u00e1s de 28 a\u00f1os de experiencia en la fabricaci\u00f3n y el suministro de piezas de automoci\u00f3n a escala mundial.<br \/>\nNuestra MISI\u00d3N es ofrecer productos de dise\u00f1o original con una calidad impecable y una sustituci\u00f3n personalizada.<br \/>\nNuestra VISI\u00d3N es promover el crecimiento y un valor inigualable para nuestros clientes.<\/p>\n","protected":false},"excerpt":{"rendered":"<p>F00MA45254-COM. En stock. Ref: F00M485232, F00MA45254, 1986AE0104, PR520567, IK5308 &#8211; compatible con: MAN. Marca: COM Automotive &#8211; Producto con calidad y dise\u00f1o originales. Compatible con Bosch<\/p>\n","protected":false},"featured_media":11155,"comment_status":"closed","ping_status":"closed","template":"","meta":[],"product_brand":[],"product_cat":[8489,8542],"product_tag":[12113,10435,12110,12101,10450,12104,12107,12098,10447,12091,10448,12093,12095,12088,12082,10441,12085,10446,10444,8995],"class_list":{"0":"post-15590","1":"product","2":"type-product","3":"status-publish","4":"has-post-thumbnail","6":"product_cat-regulador","7":"product_cat-sempreco-es","8":"product_tag-1986-ae0-104-es","9":"product_tag-1986ae0104-es","10":"product_tag-f00m-a45-254-es","11":"product_tag-f00m-144-106-es","12":"product_tag-f00m-144-122-es","13":"product_tag-f00m-144-124-es","14":"product_tag-f00m-145-294-es","15":"product_tag-f00m-145-300-es","16":"product_tag-f00m-a45-252-es","17":"product_tag-f00m144106-es","18":"product_tag-f00m144122-es","19":"product_tag-f00m144124-es","20":"product_tag-f00m145294-es","21":"product_tag-f00m145300-es","22":"product_tag-f00m485232-es","23":"product_tag-f00ma45252-es","24":"product_tag-f00ma45254-es","25":"product_tag-ga300-es","26":"product_tag-ik5308-es","27":"product_tag-ikro-es","29":"first","30":"instock","31":"taxable","32":"shipping-taxable","33":"purchasable","34":"product-type-simple"},"_links":{"self":[{"href":"https:\/\/com-automotive.com\/es\/wp-json\/wp\/v2\/product\/15590","targetHints":{"allow":["GET"]}}],"collection":[{"href":"https:\/\/com-automotive.com\/es\/wp-json\/wp\/v2\/product"}],"about":[{"href":"https:\/\/com-automotive.com\/es\/wp-json\/wp\/v2\/types\/product"}],"replies":[{"embeddable":true,"href":"https:\/\/com-automotive.com\/es\/wp-json\/wp\/v2\/comments?post=15590"}],"wp:featuredmedia":[{"embeddable":true,"href":"https:\/\/com-automotive.com\/es\/wp-json\/wp\/v2\/media\/11155"}],"wp:attachment":[{"href":"https:\/\/com-automotive.com\/es\/wp-json\/wp\/v2\/media?parent=15590"}],"wp:term":[{"taxonomy":"product_brand","embeddable":true,"href":"https:\/\/com-automotive.com\/es\/wp-json\/wp\/v2\/product_brand?post=15590"},{"taxonomy":"product_cat","embeddable":true,"href":"https:\/\/com-automotive.com\/es\/wp-json\/wp\/v2\/product_cat?post=15590"},{"taxonomy":"product_tag","embeddable":true,"href":"https:\/\/com-automotive.com\/es\/wp-json\/wp\/v2\/product_tag?post=15590"}],"curies":[{"name":"wp","href":"https:\/\/api.w.org\/{rel}","templated":true}]}}