{"id":15588,"date":"2023-10-23T17:23:02","date_gmt":"2023-10-23T20:23:02","guid":{"rendered":"https:\/\/com-automotive.com\/alternador-12v-80a-0124315033-at01010039-para-toyota-hilux-2-5-3-0-16v-0511\/"},"modified":"2023-10-23T17:23:02","modified_gmt":"2023-10-23T20:23:02","slug":"alternador-12v-80a-0124315033-at01010039-para-toyota-hilux-2-5-3-0-16v-0511","status":"publish","type":"product","link":"https:\/\/com-automotive.com\/es\/alternador-12v-80a-0124315033-at01010039-para-toyota-hilux-2-5-3-0-16v-0511\/","title":{"rendered":"Alternador 12V 80A 0124315033 AT01010039 para Toyota Hilux 2.5 3.0 16V 05&gt;11<span class=\"product-sku\" style=\"display: block; font-size: 0.85em; color: #777; margin-top: 5px; margin-bottom: 5px;\">SKU: 8000.5034-COM<\/span>"},"content":{"rendered":"<h1>COM-AUTOMOTIVE, calidad de dise\u00f1o original.<\/h1>\n<p>0124315033 Alternador de 12V 80Amp con Polea &#8211; Dise\u00f1o: BOSCH SEG &#8211; OEM: TOYOTA HILUX<\/p>\n<h2>Preguntas m\u00e1s frecuentes<\/h2>\n<h3><strong>\u00bfCu\u00e1les son las referencias cruzadas?<\/strong><\/h3>\n<p>0124315046, 0124315033, 270600L040, 270600L020, 270600L021, 270600L022, 270600L030, 270600L050, 270600L060, 270600L060B, 270600L060C, 2706030040, 2706030050, 2706030120, 2706030150, 2706030151, ZEN 41005<\/p>\n<h2><strong>TABLA DE APLICACI\u00d3N<\/strong><\/h2>\n<table width=\"623\">\n<tbody>\n<tr>\n<td width=\"623\">TOYOTA HILUX SRV 4X4 EN LA PARTE SUPERIOR, D4D 1KD-FTV 3.0L 16V DOHC L4 DIESEL, 2005-2013.<\/td>\n<\/tr>\n<tr>\n<td>TOYOTA HILUX SW4 SRV AT, D4D 1KD-FTV 3.0L 16V DOHC L4 DIESEL, 2005-2012.<\/td>\n<\/tr>\n<tr>\n<td>TOYOTA HILUX 3.0 LIMITED AT, D4D 1KD-FTV 3.0 L 16V DOHC L4 DIESEL, 2014-2015.<\/td>\n<\/tr>\n<tr>\n<td>TOYOTA HILUX SRV 4X4 , D4D 1KD-FTV 3.0L 16V DOHC L4 DIESEL, 2005-2013.<\/td>\n<\/tr>\n<tr>\n<td>TOYOTA HILUX DX AC 4X4 , D4D 1KD-FTV 3.0 L 16V DOHC L4 DIESEL, 2005-2013.<\/td>\n<\/tr>\n<tr>\n<td>TOYOTA HILUX SRV 4X4 AT, D4D 1KD-FTV 3.0 L 16V DOHC L4 DIESEL, 2013-2015.<\/td>\n<\/tr>\n<tr>\n<td>TOYOTA HILUX SR 4X4 , D4D 1KD-FTV 3.0 L 16V DOHC L4 DIESEL, 2005-2013.<\/td>\n<\/tr>\n<tr>\n<td>TOYOTA HILUX TD DX ACPS, D4D 1KD-FTV 3.0L 16V DOHC L4 DIESEL, 2011-2013.<\/td>\n<\/tr>\n<tr>\n<td>TOYOTA LAND CRUISER PRADO D-4D, 1KD-FTV 1KD-FTV 3.0L 16V DOHC L4 DIESEL, 2003-2010.<\/td>\n<\/tr>\n<tr>\n<td>TOYOTA HILUX DX AC 4X2 , D4D 2KD-FTV 2.5L 16V DOHC L4 DIESEL, 2005-2011.<\/td>\n<\/tr>\n<tr>\n<td>TOYOTA HILUX SW4 SRV MT , D4D 1KD-FTV 3.0L 16V DOHC L4 DIESEL, 2005-2010.<\/td>\n<\/tr>\n<tr>\n<td>TOYOTA HILUX CD SRV TURBO, D4D 1KD-FTV 3.0L 16V DOHC L4 DIESEL, 2006-2007.<\/td>\n<\/tr>\n<tr>\n<td>TOYOTA HILUX CD SRV AT TURBO , D4D 1KD-FTV 3.0 L 16V DOHC L4 DIESEL, 2007-2007.<\/td>\n<\/tr>\n<\/tbody>\n<\/table>\n<p>ATENCI\u00d3N:<br \/>\nRecomendamos que la instalaci\u00f3n la realice un profesional formado y especializado.<br \/>\nS\u00f3lo compra este producto si est\u00e1s seguro de que es compatible con tu veh\u00edculo. Si tienes alguna duda, no dudes en ponerte en contacto con nosotros. Nuestro horario de apertura es de lunes a viernes de 8 a 18 h.<\/p>\n","protected":false},"excerpt":{"rendered":"<p>0124315033-COM. En stock. Ref: 0124315046, 0124315033, 270600L040, 270600L020, 270600L021, 270600L022, 270600L030, 270600L050, 270600L060, 270600L060B, 270600L060C, 2706030040, 2706030050, 2706030120, 2706030150, 2706030151, 0124315034, 101N10017, 27600L020, D10233, ZEN 41005, ZM 9010811, 8EL011711331, DITA 10133 &#8211; compatible con: TOYOTA HILUX. Marca: COM Automotive &#8211; Producto con calidad y dise\u00f1o originales. Compatible con Bosch<\/p>\n","protected":false},"featured_media":20306,"comment_status":"open","ping_status":"closed","template":"","meta":[],"product_brand":[],"product_cat":[8109],"product_tag":[12075,12114,33336,12072,33337,33342,12077,12079,12081,12083,9651,12086,12089,12092,12094,12096,12099,12102,12105,12108,33338,33340,33339,33341,33343,12111,12116],"class_list":{"0":"post-15588","1":"product","2":"type-product","3":"status-publish","4":"has-post-thumbnail","6":"product_cat-alternador-es-2","7":"product_tag-0124315033-es","8":"product_tag-0124315033-com-es","9":"product_tag-0124315034-es","10":"product_tag-0124315046-es","11":"product_tag-101n10017-es","12":"product_tag-23313n-es","13":"product_tag-270600l020-es","14":"product_tag-270600l021-es","15":"product_tag-270600l022-es","16":"product_tag-270600l030-es","17":"product_tag-270600l040-es","18":"product_tag-270600l050-es","19":"product_tag-270600l060-es","20":"product_tag-270600l060b-es","21":"product_tag-270600l060c-es","22":"product_tag-2706030040-es","23":"product_tag-2706030050-es","24":"product_tag-2706030120-es","25":"product_tag-2706030150-es","26":"product_tag-2706030151-es","27":"product_tag-27600l020-es","28":"product_tag-8el011711331-es","29":"product_tag-d10233-es","30":"product_tag-dita-10133-es","31":"product_tag-euro-70008-es","32":"product_tag-zen-41005-es","33":"product_tag-zm-9010811-es","35":"first","36":"instock","37":"taxable","38":"shipping-taxable","39":"purchasable","40":"product-type-simple"},"_links":{"self":[{"href":"https:\/\/com-automotive.com\/es\/wp-json\/wp\/v2\/product\/15588","targetHints":{"allow":["GET"]}}],"collection":[{"href":"https:\/\/com-automotive.com\/es\/wp-json\/wp\/v2\/product"}],"about":[{"href":"https:\/\/com-automotive.com\/es\/wp-json\/wp\/v2\/types\/product"}],"replies":[{"embeddable":true,"href":"https:\/\/com-automotive.com\/es\/wp-json\/wp\/v2\/comments?post=15588"}],"wp:featuredmedia":[{"embeddable":true,"href":"https:\/\/com-automotive.com\/es\/wp-json\/wp\/v2\/media\/20306"}],"wp:attachment":[{"href":"https:\/\/com-automotive.com\/es\/wp-json\/wp\/v2\/media?parent=15588"}],"wp:term":[{"taxonomy":"product_brand","embeddable":true,"href":"https:\/\/com-automotive.com\/es\/wp-json\/wp\/v2\/product_brand?post=15588"},{"taxonomy":"product_cat","embeddable":true,"href":"https:\/\/com-automotive.com\/es\/wp-json\/wp\/v2\/product_cat?post=15588"},{"taxonomy":"product_tag","embeddable":true,"href":"https:\/\/com-automotive.com\/es\/wp-json\/wp\/v2\/product_tag?post=15588"}],"curies":[{"name":"wp","href":"https:\/\/api.w.org\/{rel}","templated":true}]}}