{"id":15582,"date":"2023-11-17T12:04:18","date_gmt":"2023-11-17T15:04:18","guid":{"rendered":"https:\/\/com-automotive.com\/gobernador-14v-110a-ford-ranger-3-2-troller-despues-de-2013\/"},"modified":"2023-11-17T12:04:18","modified_gmt":"2023-11-17T15:04:18","slug":"gobernador-14v-110a-ford-ranger-3-2-troller-despues-de-2013","status":"publish","type":"product","link":"https:\/\/com-automotive.com\/es\/gobernador-14v-110a-ford-ranger-3-2-troller-despues-de-2013\/","title":{"rendered":"Gobernador 14V 110A Ford Ranger 3.2 Troller despu\u00e9s de 2013<span class=\"product-sku\" style=\"display: block; font-size: 0.85em; color: #777; margin-top: 5px; margin-bottom: 5px;\">SKU: 8100.0867-COM<\/span>"},"content":{"rendered":"<h1><strong>COM-AUTOMOTIVE, calidad de dise\u00f1o original.<\/strong><\/h1>\n<p>REGULADOR 0272220867 14V 110Amp Ford Ranger 3.2 Troller despu\u00e9s de 2013<\/p>\n<h2>Preguntas m\u00e1s frecuentes<\/h2>\n<h3><strong>\u00bfCu\u00e1les son las referencias cruzadas?<\/strong><\/h3>\n<p>0272220867, 0272.220.867, DB3910300AC. , IK5867, GA396<\/p>\n<h2><strong>Tabla de aplicaci\u00f3n<\/strong><\/h2>\n<table width=\"1003\">\n<tbody>\n<tr>\n<td width=\"1003\">ALTERNADOR: F000. BL0.6EY (FORD RANGER XLT 3.2 DIESEL AT , FORD DURATORQ SAFA 3.2 L 20V DOHC L5 DIESEL, 2016-2023.<\/td>\n<\/tr>\n<tr>\n<td>FORD RANGER LIMITED 3.2 DIESEL AT , FORD DURATORQ SAFA 3.2 L 20V DOHC L5 DIESEL, 2016-2023.<\/td>\n<\/tr>\n<tr>\n<td>FORD RANGER C.CAB LIMITED, FORD DURATORQ SAFA 3.2 L 20V DOHC L5 DIESEL, 2012-2016.<\/td>\n<\/tr>\n<tr>\n<td>FORD RANGER C.CAB XLT AUT. , FORD DURATORQ SAFA 3.2L 20V DOHC L5 DIESEL, 2012-2016.<\/td>\n<\/tr>\n<tr>\n<td>FORD RANGER C.CAB LIMITED AUT. , FORD DURATORQ SAFA 3.2L 20V DOHC L5 DIESEL, 2012-2016.<\/td>\n<\/tr>\n<tr>\n<td>FORD RANGER C.CAB XLT , FORD DURATORQ SAFA 3.2L 20V DOHC L5 DIESEL, 2012-2019.<\/td>\n<\/tr>\n<tr>\n<td>FORD RANGER R.CAB XLS, FORD DURATORQ SAFA 3.2L 20V DOHC L5 DIESEL, 2012-2020.<\/td>\n<\/tr>\n<tr>\n<td>FORD RANGER C.CAB XLS, FORD DURATORQ SAFA 3.2L 20V DOHC L5 DIESEL, 2012-2016.<\/td>\n<\/tr>\n<tr>\n<td>FORD RANGER TROPIVAN AT , FORD DURATORQ SAFA 3.2 L 20V DOHC L5 DIESEL, 2020-2023. )<\/td>\n<\/tr>\n<tr>\n<td><\/td>\n<\/tr>\n<tr>\n<td>F000. BL0.6ET (FORD RANGER XLS 2.2 DIESEL AT , FORD DURATORQ 2.2 L 16V DOHC L4 DIESEL, 2016-2023.<\/td>\n<\/tr>\n<tr>\n<td>FORD RANGER XLS 2.2 DIESEL MT , FORD DURATORQ 2.2 L 16V DOHC L4 DIESEL, 2016-2023.<\/td>\n<\/tr>\n<tr>\n<td>FORD RANGER XLS CD 2.2 , FORD DURATORQ GBVAJQW 2.2 L 16V DOHC L4 DIESEL, 2012-2016.<\/td>\n<\/tr>\n<tr>\n<td>FORD RANGER XLS 2.2 TD 4X2 CD G-2, FORD PUMA 2.2 L 16V DOHC L4 DIESEL, 2019-2023.<\/td>\n<\/tr>\n<tr>\n<td>FORD RANGER XL CHASIS 2.2 , FORD DURATORQ GBVAJQW 2.2 L 16V DOHC L4 DIESEL, 2014-2020.<\/td>\n<\/tr>\n<tr>\n<td>FORD RANGER XL CD G-2, FORD PUMA PUMA 2.2 L 16V DOHC L4 DIESEL, 2019-2020.<\/td>\n<\/tr>\n<tr>\n<td>FORD RANGER XLS 2.2 TD 4X2 CD , FORD DURATORQ 2.2 L 16V DOHC L4 DIESEL, 2017-2019.<\/td>\n<\/tr>\n<tr>\n<td>FORD RANGER XLS NEGRO G-2, FORD PUMA 2.2 L 16V DOHC L4 DIESEL, 2020-2023.<\/td>\n<\/tr>\n<tr>\n<td>FORD RANGER SPORTRAC 4X4 CD , FORD DURATORQ 2.2 L 16V DOHC L4 DIESEL, 2017-2019.<\/td>\n<\/tr>\n<tr>\n<td>FORD RANGER XL CS G-2, FORD PUMA PUMA 2.2L 16V DOHC L4 DIESEL, 2019-2019. )<\/td>\n<\/tr>\n<tr>\n<td><\/td>\n<\/tr>\n<tr>\n<td>F000. BL0.6BG<\/td>\n<\/tr>\n<tr>\n<td>F000. BL0.6BJ<\/td>\n<\/tr>\n<tr>\n<td>FORD: AB39 10300 AG<\/td>\n<\/tr>\n<tr>\n<td>FORD: DB39 10300 AC<\/td>\n<\/tr>\n<\/tbody>\n<\/table>\n<p>&nbsp;<\/p>\n<div>ATENCI\u00d3N:<\/div>\n<div>Recomendamos que la instalaci\u00f3n la realice un profesional formado y especializado.<\/div>\n<div>S\u00f3lo compra este producto si est\u00e1s seguro de que es compatible con tu veh\u00edculo. Si tienes alguna duda, no dudes en ponerte en contacto con nosotros. Nuestro horario de apertura es de lunes a viernes de 8 a 18 h.<\/div>\n<div><\/div>\n<div>Sobre nosotros<\/div>\n<div>COM Automotive est\u00e1 especializada en piezas de autom\u00f3vil de dise\u00f1o original para el sector de la reparaci\u00f3n posventa, clientes industriales y fabricantes de veh\u00edculos especiales OEM.<\/div>\n<div>Nuestro equipo tiene m\u00e1s de 28 a\u00f1os de experiencia en la fabricaci\u00f3n y el suministro de piezas de automoci\u00f3n a escala mundial.<\/div>\n<div>Nuestra MISI\u00d3N es ofrecer productos de dise\u00f1o original con una calidad impecable y una sustituci\u00f3n personalizada.<\/div>\n<div>Nuestra VISI\u00d3N es promover el crecimiento y un valor inigualable para nuestros clientes.<\/div>\n","protected":false},"excerpt":{"rendered":"<p>0272220867-COM. En stock. Ref: 0272220867, 0272220867, DB3910300AC, IK5867, GA396 &#8211; compatible con: variado. Marca: COM Automotive &#8211; Producto con calidad y dise\u00f1o originales. Compatible con Bosch<\/p>\n","protected":false},"featured_media":20694,"comment_status":"open","ping_status":"closed","template":"","meta":[],"product_brand":[],"product_cat":[8489],"product_tag":[12030,12028,12034,12032],"class_list":{"0":"post-15582","1":"product","2":"type-product","3":"status-publish","4":"has-post-thumbnail","6":"product_cat-regulador","7":"product_tag-0272220867-es","8":"product_tag-db3910300ac-es","9":"product_tag-ga396-es","10":"product_tag-ik5867-es","12":"first","13":"instock","14":"taxable","15":"shipping-taxable","16":"purchasable","17":"product-type-simple"},"_links":{"self":[{"href":"https:\/\/com-automotive.com\/es\/wp-json\/wp\/v2\/product\/15582","targetHints":{"allow":["GET"]}}],"collection":[{"href":"https:\/\/com-automotive.com\/es\/wp-json\/wp\/v2\/product"}],"about":[{"href":"https:\/\/com-automotive.com\/es\/wp-json\/wp\/v2\/types\/product"}],"replies":[{"embeddable":true,"href":"https:\/\/com-automotive.com\/es\/wp-json\/wp\/v2\/comments?post=15582"}],"wp:featuredmedia":[{"embeddable":true,"href":"https:\/\/com-automotive.com\/es\/wp-json\/wp\/v2\/media\/20694"}],"wp:attachment":[{"href":"https:\/\/com-automotive.com\/es\/wp-json\/wp\/v2\/media?parent=15582"}],"wp:term":[{"taxonomy":"product_brand","embeddable":true,"href":"https:\/\/com-automotive.com\/es\/wp-json\/wp\/v2\/product_brand?post=15582"},{"taxonomy":"product_cat","embeddable":true,"href":"https:\/\/com-automotive.com\/es\/wp-json\/wp\/v2\/product_cat?post=15582"},{"taxonomy":"product_tag","embeddable":true,"href":"https:\/\/com-automotive.com\/es\/wp-json\/wp\/v2\/product_tag?post=15582"}],"curies":[{"name":"wp","href":"https:\/\/api.w.org\/{rel}","templated":true}]}}