{"id":15579,"date":"2023-12-28T17:41:26","date_gmt":"2023-12-28T20:41:26","guid":{"rendered":"https:\/\/com-automotive.com\/alternador-12v-85a-9120080212-8el011712661-para-ranger-blazer-s10-con-bomba-de-vacio\/"},"modified":"2023-12-28T17:41:26","modified_gmt":"2023-12-28T20:41:26","slug":"alternador-12v-85a-9120080212-8el011712661-para-ranger-blazer-s10-con-bomba-de-vacio","status":"publish","type":"product","link":"https:\/\/com-automotive.com\/es\/alternador-12v-85a-9120080212-8el011712661-para-ranger-blazer-s10-con-bomba-de-vacio\/","title":{"rendered":"Alternador 12V 85A 9120080212 8EL011712661 para Ranger Blazer S10 con bomba de vac\u00edo<span class=\"product-sku\" style=\"display: block; font-size: 0.85em; color: #777; margin-top: 5px; margin-bottom: 5px;\">SKU: 8000.0115-COM<\/span>"},"content":{"rendered":"<h1><strong>COM-AUTOMOTIVE, calidad de dise\u00f1o original.<\/strong><\/h1>\n<h2>Preguntas m\u00e1s frecuentes<\/h2>\n<h3><strong>\u00bfCu\u00e1les son las referencias cruzadas?<\/strong><\/h3>\n<p>9120080212, 0011540401, 9120.080.212, F000. DL0.112, F000. LD0115, 9120.080.212, 9120.080.226, F000. DL0.100, F000. DL0.114, F000. DL0.116, F000. LD0.119, 9120080212, F000LD0112, F000LD0115, 9120080212, 9120080226, F000LD0100, F000LD0114, F000LD0116, F000LD0119, ZEN 41009, ZM 9010118, EURO 70019, 8EL011712661, DICTA 10146<\/p>\n<h2><strong>Tabla de aplicaci\u00f3n<\/strong><\/h2>\n<p>SILVERADO RANGER SPRINTER 310 312 S10 2.5 MAXION<\/p>\n<div><\/div>\n<div>ATENCI\u00d3N:<\/div>\n<div>Recomendamos que la instalaci\u00f3n la realice un profesional formado y especializado.<\/div>\n<div>S\u00f3lo compra este producto si est\u00e1s seguro de que es compatible con tu veh\u00edculo. Si tienes alguna duda, no dudes en ponerte en contacto con nosotros. Nuestro horario de apertura es de lunes a viernes de 8 a 18 h.<\/div>\n<div><\/div>\n<div>Sobre nosotros<\/div>\n<div>COM Automotive est\u00e1 especializada en piezas de autom\u00f3vil de dise\u00f1o original para el sector de la reparaci\u00f3n posventa, clientes industriales y fabricantes de veh\u00edculos especiales OEM.<\/div>\n<div>Nuestro equipo tiene m\u00e1s de 28 a\u00f1os de experiencia en la fabricaci\u00f3n y el suministro de piezas de automoci\u00f3n a escala mundial.<\/div>\n<div>Nuestra MISI\u00d3N es ofrecer productos de dise\u00f1o original con una calidad impecable y una sustituci\u00f3n personalizada.<\/div>\n<div>Nuestra VISI\u00d3N es promover el crecimiento y un valor inigualable para nuestros clientes.<\/div>\n","protected":false},"excerpt":{"rendered":"<p>9120080212-COM. En stock. Ref: 9120080212, 11540401, 0011540401, 9120080212, F000LD0112, F000LD0115, 9120080212, 9120080226, F000LD0100, F000LD0114, F000LD0116, F000LD0119, ZEN 41009, ZM 9010118, EURO 70019, 8EL011712661, DITA 10146 &#8211; compatible con: GM. Marca: COM Automotive &#8211; Producto con calidad y dise\u00f1o originales. Compatible con Bosch<\/p>\n","protected":false},"featured_media":20510,"comment_status":"open","ping_status":"closed","template":"","meta":[],"product_brand":[],"product_cat":[8109],"product_tag":[11999,12018,11998,12010,12019,12017,12011,12008,12012,12009,12013,12014,12015,12016],"class_list":{"0":"post-15579","1":"product","2":"type-product","3":"status-publish","4":"has-post-thumbnail","6":"product_cat-alternador-es-2","7":"product_tag-0011540401-es","8":"product_tag-8el011712661-es","9":"product_tag-9120080212-es","10":"product_tag-9120080226-es","11":"product_tag-dita-10146-es","12":"product_tag-euro-70019-es","13":"product_tag-f000ld0100-es","14":"product_tag-f000ld0112-es","15":"product_tag-f000ld0114-es","16":"product_tag-f000ld0115-es","17":"product_tag-f000ld0116-es","18":"product_tag-f000ld0119-es","19":"product_tag-zen-41009-es","20":"product_tag-zm-9010118-es","22":"first","23":"instock","24":"taxable","25":"shipping-taxable","26":"purchasable","27":"product-type-simple"},"_links":{"self":[{"href":"https:\/\/com-automotive.com\/es\/wp-json\/wp\/v2\/product\/15579","targetHints":{"allow":["GET"]}}],"collection":[{"href":"https:\/\/com-automotive.com\/es\/wp-json\/wp\/v2\/product"}],"about":[{"href":"https:\/\/com-automotive.com\/es\/wp-json\/wp\/v2\/types\/product"}],"replies":[{"embeddable":true,"href":"https:\/\/com-automotive.com\/es\/wp-json\/wp\/v2\/comments?post=15579"}],"wp:featuredmedia":[{"embeddable":true,"href":"https:\/\/com-automotive.com\/es\/wp-json\/wp\/v2\/media\/20510"}],"wp:attachment":[{"href":"https:\/\/com-automotive.com\/es\/wp-json\/wp\/v2\/media?parent=15579"}],"wp:term":[{"taxonomy":"product_brand","embeddable":true,"href":"https:\/\/com-automotive.com\/es\/wp-json\/wp\/v2\/product_brand?post=15579"},{"taxonomy":"product_cat","embeddable":true,"href":"https:\/\/com-automotive.com\/es\/wp-json\/wp\/v2\/product_cat?post=15579"},{"taxonomy":"product_tag","embeddable":true,"href":"https:\/\/com-automotive.com\/es\/wp-json\/wp\/v2\/product_tag?post=15579"}],"curies":[{"name":"wp","href":"https:\/\/api.w.org\/{rel}","templated":true}]}}