{"id":15577,"date":"2023-12-28T17:41:25","date_gmt":"2023-12-28T20:41:25","guid":{"rendered":"https:\/\/com-automotive.com\/alternador-de-2704054360-de-14v-100a-para-toyota-hilux-land-cruiser-3-0-c-bomba-de-vacio\/"},"modified":"2025-01-08T09:59:16","modified_gmt":"2025-01-08T12:59:16","slug":"alternador-de-2704054360-de-14v-100a-para-toyota-hilux-land-cruiser-3-0-c-bomba-de-vacio","status":"publish","type":"product","link":"https:\/\/com-automotive.com\/es\/alternador-de-2704054360-de-14v-100a-para-toyota-hilux-land-cruiser-3-0-c-bomba-de-vacio\/","title":{"rendered":"Alternador 14V 100A compatible 2704054360 para Hilux Land Cruiser 3.0 con bomba de vac\u00edo delantera<span class=\"product-sku\" style=\"display: block; font-size: 0.85em; color: #777; margin-top: 5px; margin-bottom: 5px;\">SKU: 8000.4360-COM<\/span>"},"content":{"rendered":"<h1><strong>COM-AUTOMOTIVE, calidad de dise\u00f1o original.<\/strong><\/h1>\n<h2>Preguntas m\u00e1s frecuentes<\/h2>\n<h3><strong>\u00bfCu\u00e1les son las referencias cruzadas?<\/strong><\/h3>\n<p>27060, 54340, 100213193, 2706054340, F042302156, 1002131930, ZM 9020402<\/p>\n<h2><strong>Tabla de aplicaci\u00f3n<\/strong><\/h2>\n<p>Alternador TOYOTA HILUX LAND CRUISER 3.0 de 14V 100Amp con bomba de vac\u00edo delantera<\/p>\n<div><\/div>\n<div>ATENCI\u00d3N:<\/div>\n<div>Recomendamos que la instalaci\u00f3n la realice un profesional formado y especializado.<\/div>\n<div>S\u00f3lo compra este producto si est\u00e1s seguro de que es compatible con tu veh\u00edculo. Si tienes alguna duda, no dudes en ponerte en contacto con nosotros. Nuestro horario de apertura es de lunes a viernes de 8 a 18 h.<\/div>\n<div><\/div>\n<div>Sobre nosotros<\/div>\n<div>COM Automotive est\u00e1 especializada en piezas de autom\u00f3vil de dise\u00f1o original para el sector de la reparaci\u00f3n posventa, clientes industriales y fabricantes de veh\u00edculos especiales OEM.<\/div>\n<div>Nuestro equipo tiene m\u00e1s de 28 a\u00f1os de experiencia en la fabricaci\u00f3n y el suministro de piezas de automoci\u00f3n a escala mundial.<\/div>\n<div>Nuestra MISI\u00d3N es ofrecer productos de dise\u00f1o original con una calidad impecable y una sustituci\u00f3n personalizada.<\/div>\n<div>Nuestra VISI\u00d3N es promover el crecimiento y un valor inigualable para nuestros clientes.<\/div>\n","protected":false},"excerpt":{"rendered":"<p>8000.4360-COM. En stock. Compatible con: 2704054360, 27060, 54340, 100213193, 2706054340, MBF042302156, 1002131930, ZEN 44004, ZM 9020402, EURO 70043. Marca: COM Automotive &#8211; Producto con calidad y dise\u00f1o originales.<\/p>\n","protected":false},"featured_media":20515,"comment_status":"open","ping_status":"closed","template":"","meta":[],"product_brand":[],"product_cat":[8109],"product_tag":[11992,11996,11985,33474,11989,11994,11990,33475,33477,33476,33473,11995,33472,11997],"class_list":{"0":"post-15577","1":"product","2":"type-product","3":"status-publish","4":"has-post-thumbnail","6":"product_cat-alternador-es-2","7":"product_tag-100213193-es","8":"product_tag-1002131930-es","9":"product_tag-2704054360-com-es","10":"product_tag-27040543602704054360-es","11":"product_tag-27060-es","12":"product_tag-2706054340-es","13":"product_tag-54340-es","14":"product_tag-8000-4360-com-es","15":"product_tag-80004360-es","16":"product_tag-80004360-com-es","17":"product_tag-euro-70043-es","18":"product_tag-f042302156-es","19":"product_tag-zen-44004-es","20":"product_tag-zm-9020402-es","22":"first","23":"instock","24":"taxable","25":"shipping-taxable","26":"purchasable","27":"product-type-simple"},"_links":{"self":[{"href":"https:\/\/com-automotive.com\/es\/wp-json\/wp\/v2\/product\/15577","targetHints":{"allow":["GET"]}}],"collection":[{"href":"https:\/\/com-automotive.com\/es\/wp-json\/wp\/v2\/product"}],"about":[{"href":"https:\/\/com-automotive.com\/es\/wp-json\/wp\/v2\/types\/product"}],"replies":[{"embeddable":true,"href":"https:\/\/com-automotive.com\/es\/wp-json\/wp\/v2\/comments?post=15577"}],"wp:featuredmedia":[{"embeddable":true,"href":"https:\/\/com-automotive.com\/es\/wp-json\/wp\/v2\/media\/20515"}],"wp:attachment":[{"href":"https:\/\/com-automotive.com\/es\/wp-json\/wp\/v2\/media?parent=15577"}],"wp:term":[{"taxonomy":"product_brand","embeddable":true,"href":"https:\/\/com-automotive.com\/es\/wp-json\/wp\/v2\/product_brand?post=15577"},{"taxonomy":"product_cat","embeddable":true,"href":"https:\/\/com-automotive.com\/es\/wp-json\/wp\/v2\/product_cat?post=15577"},{"taxonomy":"product_tag","embeddable":true,"href":"https:\/\/com-automotive.com\/es\/wp-json\/wp\/v2\/product_tag?post=15577"}],"curies":[{"name":"wp","href":"https:\/\/api.w.org\/{rel}","templated":true}]}}