{"id":15561,"date":"2023-11-15T20:26:28","date_gmt":"2023-11-15T23:26:28","guid":{"rendered":"https:\/\/com-automotive.com\/alternador-24v-120a-0124655131-0124655156-15196041-para-volvo-l60-l70-l90\/"},"modified":"2023-11-15T20:26:28","modified_gmt":"2023-11-15T23:26:28","slug":"alternador-24v-120a-0124655131-0124655156-15196041-para-volvo-l60-l70-l90","status":"publish","type":"product","link":"https:\/\/com-automotive.com\/es\/alternador-24v-120a-0124655131-0124655156-15196041-para-volvo-l60-l70-l90\/","title":{"rendered":"Alternador 24V 120A 0124655131 0124655156 15196041 para Volvo L60 L70 L90<span class=\"product-sku\" style=\"display: block; font-size: 0.85em; color: #777; margin-top: 5px; margin-bottom: 5px;\">SKU: 8000.5131-COM<\/span>"},"content":{"rendered":"<h1><strong>COM-AUTOMOTIVE, calidad de dise\u00f1o original.<\/strong><\/h1>\n<p>Alternador 0124655131 24V 120Amp sin polea &#8211; Dise\u00f1o: BOSCH SEG &#8211; OEM: VOLVO<\/p>\n<h2>Preguntas m\u00e1s frecuentes<\/h2>\n<h3><strong>\u00bfCu\u00e1les son las referencias cruzadas?<\/strong><\/h3>\n<p>0124655156, 0124655131, 15196041, 01183602, 21679866<\/p>\n<h2><strong>Tabla de aplicaci\u00f3n<\/strong><\/h2>\n<table width=\"1105\">\n<tbody>\n<tr>\n<td width=\"1105\">VOLVO A25 , VOLVO D11<\/td>\n<\/tr>\n<tr>\n<td>VOLVO A30 , VOLVO TD 102KH 9.6L DIESEL<\/td>\n<\/tr>\n<tr>\n<td>VOLVO A35 , VOLVO TD 122 GA 12.0L DIESEL<\/td>\n<\/tr>\n<tr>\n<td>VOLVO A40 , VOLVO TD 122 KF 12.0L DIESEL<\/td>\n<\/tr>\n<tr>\n<td>VOLVO EC140D , VOLVO D3.8E 3.7L DIESEL<\/td>\n<\/tr>\n<tr>\n<td>VOLVO EC160D , VOLVO D4H 4.0L DIESEL<\/td>\n<\/tr>\n<tr>\n<td>VOLVO EC220D , VOLVO D6H 5.7L DIESEL<\/td>\n<\/tr>\n<tr>\n<td>VOLVO EC250D , VOLVO D7 7.1L DIESEL<\/td>\n<\/tr>\n<tr>\n<td>VOLVO EC380D , VOLVO D13H 12.8L DIESEL<\/td>\n<\/tr>\n<tr>\n<td>VOLVO EC480D , VOLVO D13F 12.8L DIESEL<\/td>\n<\/tr>\n<tr>\n<td>VOLVO EC700B , VOLVO D16E EAE3 16.1L DIESEL<\/td>\n<\/tr>\n<tr>\n<td>VOLVO EC700C , VOLVO D16E EAE3 16.1L DIESEL<\/td>\n<\/tr>\n<tr>\n<td>VOLVO G930 , VOLVO D7 EGCE3 7.2L DIESEL<\/td>\n<\/tr>\n<tr>\n<td>VOLVO G940 , VOLVO D7 EGCE3 7.2L DIESEL<\/td>\n<\/tr>\n<tr>\n<td>VOLVO G946 , VOLVO D7 EGCE3 7.2L DIESEL<\/td>\n<\/tr>\n<tr>\n<td>VOLVO G960 , VOLVO D7 EGCE3 7.2L DIESEL<\/td>\n<\/tr>\n<tr>\n<td>VOLVO L110 , VOLVO D 7 DLBE 3 7.1L DIESEL<\/td>\n<\/tr>\n<tr>\n<td>VOLVO L120 , VOLVO D8J 7.8L DIESEL<\/td>\n<\/tr>\n<tr>\n<td>VOLVO L150 , VOLVO D13J 12.8L DIESEL<\/td>\n<\/tr>\n<tr>\n<td>VOLVO L180 , VOLVO D13J 12.8L DIESEL<\/td>\n<\/tr>\n<tr>\n<td>VOLVO L220 , VOLVO D 12 CLBE 2 12.0L DIESEL<\/td>\n<\/tr>\n<tr>\n<td>VOLVO L350 , VOLVO D16J 16.1L DIESEL<\/td>\n<\/tr>\n<tr>\n<td>VOLVO L60 , VOLVO D6E 5.7L DIESEL<\/td>\n<\/tr>\n<tr>\n<td>VOLVO L70 , VOLVO TD 63 KDE 5.5L DIESEL<\/td>\n<\/tr>\n<tr>\n<td>VOLVO L90 , VOLVO D6D 5.7L DIESEL<\/td>\n<\/tr>\n<\/tbody>\n<\/table>\n<div>ATENCI\u00d3N:<\/div>\n<div>Recomendamos que la instalaci\u00f3n de 0124655131 la realice un profesional formado y especializado.<\/div>\n<div>S\u00f3lo adquiera este producto en 0124655131 si est\u00e1 seguro de que es compatible con su veh\u00edculo. Si tiene alguna duda, no dude en ponerse en contacto con nosotros. Nuestro horario de apertura es de lunes a viernes de 8 a 18 h.<\/div>\n<div><\/div>\n<div>Sobre nosotros<\/div>\n<div>COM Automotive est\u00e1 especializada en piezas de autom\u00f3vil de dise\u00f1o original para el sector de la reparaci\u00f3n posventa, clientes industriales y fabricantes de veh\u00edculos especiales OEM.<\/div>\n<div>Nuestro equipo tiene m\u00e1s de 28 a\u00f1os de experiencia en la fabricaci\u00f3n y el suministro de piezas de automoci\u00f3n a escala mundial.<\/div>\n<div>Nuestra MISI\u00d3N es ofrecer productos de dise\u00f1o original con una calidad impecable y una sustituci\u00f3n personalizada.<\/div>\n<div>Nuestra VISI\u00d3N es promover el crecimiento y un valor inigualable para nuestros clientes.<\/div>\n","protected":false},"excerpt":{"rendered":"<p>0124655131-COM. En stock. Ref: 0124655156, 0124655131, 15196041, 01183602, 21679866, 1002111680, DAN2026, 8EL011711391 &#8211; compatible con: VOLVO. Marca: COM Automotive &#8211; Producto con calidad y dise\u00f1o originales. Compatible con Bosch<\/p>\n","protected":false},"featured_media":21274,"comment_status":"open","ping_status":"closed","template":"","meta":[],"product_brand":[],"product_cat":[8109],"product_tag":[11952,11950,11954,11949,11951,11953,10604],"class_list":{"0":"post-15561","1":"product","2":"type-product","3":"status-publish","4":"has-post-thumbnail","6":"product_cat-alternador-es-2","7":"product_tag-01183602-es","8":"product_tag-0124655131-es","9":"product_tag-0124655131-com-es","10":"product_tag-0124655156-es","11":"product_tag-15196041-es","12":"product_tag-21679866-es","13":"product_tag-8el011711391-es","15":"first","16":"instock","17":"taxable","18":"shipping-taxable","19":"purchasable","20":"product-type-simple"},"_links":{"self":[{"href":"https:\/\/com-automotive.com\/es\/wp-json\/wp\/v2\/product\/15561","targetHints":{"allow":["GET"]}}],"collection":[{"href":"https:\/\/com-automotive.com\/es\/wp-json\/wp\/v2\/product"}],"about":[{"href":"https:\/\/com-automotive.com\/es\/wp-json\/wp\/v2\/types\/product"}],"replies":[{"embeddable":true,"href":"https:\/\/com-automotive.com\/es\/wp-json\/wp\/v2\/comments?post=15561"}],"wp:featuredmedia":[{"embeddable":true,"href":"https:\/\/com-automotive.com\/es\/wp-json\/wp\/v2\/media\/21274"}],"wp:attachment":[{"href":"https:\/\/com-automotive.com\/es\/wp-json\/wp\/v2\/media?parent=15561"}],"wp:term":[{"taxonomy":"product_brand","embeddable":true,"href":"https:\/\/com-automotive.com\/es\/wp-json\/wp\/v2\/product_brand?post=15561"},{"taxonomy":"product_cat","embeddable":true,"href":"https:\/\/com-automotive.com\/es\/wp-json\/wp\/v2\/product_cat?post=15561"},{"taxonomy":"product_tag","embeddable":true,"href":"https:\/\/com-automotive.com\/es\/wp-json\/wp\/v2\/product_tag?post=15561"}],"curies":[{"name":"wp","href":"https:\/\/api.w.org\/{rel}","templated":true}]}}