{"id":15555,"date":"2023-11-15T20:22:22","date_gmt":"2023-11-15T23:22:22","guid":{"rendered":"https:\/\/com-automotive.com\/alternador-24v-120a-0124655120-0124655425-3662756-para-caterpillar-140k-160k-120k-986h\/"},"modified":"2023-11-15T20:22:22","modified_gmt":"2023-11-15T23:22:22","slug":"alternador-24v-120a-0124655120-0124655425-3662756-para-caterpillar-140k-160k-120k-986h","status":"publish","type":"product","link":"https:\/\/com-automotive.com\/es\/alternador-24v-120a-0124655120-0124655425-3662756-para-caterpillar-140k-160k-120k-986h\/","title":{"rendered":"Alternador 24V 120A 0124655120 0124655425 3662756 para Caterpillar 140K 160K 120K 986H<span class=\"product-sku\" style=\"display: block; font-size: 0.85em; color: #777; margin-top: 5px; margin-bottom: 5px;\">SKU: 8000.5120-COM<\/span>"},"content":{"rendered":"<h1><strong>COM-AUTOMOTIVE, calidad de dise\u00f1o original.<\/strong><\/h1>\n<p>Alternador 0124655120 24V 120Amp sin polea &#8211; Dise\u00f1o: BOSCH SEG &#8211; OEM: CATERPILLAR<\/p>\n<h2>Preguntas m\u00e1s frecuentes<\/h2>\n<h3><strong>\u00bfCu\u00e1les son las referencias cruzadas?<\/strong><\/h3>\n<p>0124655425, 0124655120, 3662756, 20R0957, 3445081, 366275601, 3662756, 3445081, T412091<\/p>\n<h2><strong>Tabla de aplicaci\u00f3n<\/strong><\/h2>\n<table width=\"782\">\n<tbody>\n<tr>\n<td width=\"782\">CATERPILLAR , 6M60-TL 7.6L DIESEL, .<\/td>\n<\/tr>\n<tr>\n<td>CATERPILLAR , CATERPILLAR DIESEL, .<\/td>\n<\/tr>\n<tr>\n<td>CATERPILLAR , CATERPILLAR C13 DIESEL, .<\/td>\n<\/tr>\n<tr>\n<td>ORUGA 12M , ORUGA DIESEL, .<\/td>\n<\/tr>\n<tr>\n<td>ORUGA 140K , ORUGA 3304DI DIESEL, .<\/td>\n<\/tr>\n<tr>\n<td>ORUGA 140K 2 , ORUGA 3304DI DIESEL, .<\/td>\n<\/tr>\n<tr>\n<td>CATERPILLAR 160K , CATERPILLAR C7.1 DIESEL, .<\/td>\n<\/tr>\n<tr>\n<td>ORUGA 324D L , ORUGA C7.1 DIESEL, .<\/td>\n<\/tr>\n<tr>\n<td>CATERPILLAR 326 , CATERPILLAR C7.1 DIESEL, .<\/td>\n<\/tr>\n<tr>\n<td>CATERPILLAR 326 GC , CATERPILLAR C7.1 DIESEL, .<\/td>\n<\/tr>\n<tr>\n<td>ORUGA 326D L , ORUGA C7.1 DIESEL, .<\/td>\n<\/tr>\n<tr>\n<td>CATERPILLAR 326GC , CATERPILLAR C7.1 DIESEL, .<\/td>\n<\/tr>\n<tr>\n<td>CATERPILLAR 328D LCR , CATERPILLAR C7 DIESEL, .<\/td>\n<\/tr>\n<tr>\n<td>ORUGA 329D , ORUGA C7.1 DIESEL, .<\/td>\n<\/tr>\n<tr>\n<td>ORUGA 329D L , ORUGA C7.1 DIESEL, .<\/td>\n<\/tr>\n<tr>\n<td>ORUGA 330 , ORUGA C7.1 DIESEL, .<\/td>\n<\/tr>\n<tr>\n<td>ORUGA 330 GC , ORUGA C7.1 DIESEL, .<\/td>\n<\/tr>\n<tr>\n<td>ORUGA 330 MHPU , ORUGA C7.1 DIESEL, .<\/td>\n<\/tr>\n<tr>\n<td>ORUGA 330GC , ORUGA C7.1 DIESEL, .<\/td>\n<\/tr>\n<tr>\n<td>ORUGA 333 , ORUGA C7.1 DIESEL, .<\/td>\n<\/tr>\n<tr>\n<td>CATERPILLAR 333 GC , CATERPILLAR C7.1 DIESEL, .<\/td>\n<\/tr>\n<tr>\n<td>ORUGA 538 , ORUGA C7.1 DIESEL, .<\/td>\n<\/tr>\n<tr>\n<td>ORUGA 548 , ORUGA C7.1 DIESEL, .<\/td>\n<\/tr>\n<tr>\n<td>ORUGA 558 , ORUGA C7.1 DIESEL, .<\/td>\n<\/tr>\n<tr>\n<td>CATERPILLAR M325D L MH , CATERPILLAR C7 DIESEL, .<\/td>\n<\/tr>\n<tr>\n<td>CATERPILLAR M325D MH , CATERPILLAR C7 DIESEL, .<\/td>\n<\/tr>\n<tr>\n<td>ORUGA MH3022 , ORUGA C4.4 DIESEL, .<\/td>\n<\/tr>\n<tr>\n<td>ORUGA MH3024 , ORUGA C4.4 DIESEL, .<\/td>\n<\/tr>\n<tr>\n<td>ORUGA MH3040 , ORUGA C7.1 DIESEL, .<\/td>\n<\/tr>\n<tr>\n<td>CATERPILLAR XQ375 , CATERPILLAR C13 DIESEL, . \u00ab<\/td>\n<\/tr>\n<\/tbody>\n<\/table>\n<p>&nbsp;<\/p>\n<div>ATENCI\u00d3N:<\/div>\n<div>Recomendamos que la instalaci\u00f3n la realice un profesional formado y especializado.<\/div>\n<div>S\u00f3lo compra este producto si est\u00e1s seguro de que es compatible con tu veh\u00edculo. Si tienes alguna duda, no dudes en ponerte en contacto con nosotros. Nuestro horario de apertura es de lunes a viernes de 8 a 18 h.<\/div>\n<div><\/div>\n<div>Sobre nosotros<\/div>\n<div>COM Automotive est\u00e1 especializada en piezas de autom\u00f3vil de dise\u00f1o original para el sector de la reparaci\u00f3n posventa, clientes industriales y fabricantes de veh\u00edculos especiales OEM.<\/div>\n<div>Nuestro equipo tiene m\u00e1s de 28 a\u00f1os de experiencia en la fabricaci\u00f3n y el suministro de piezas de automoci\u00f3n a escala mundial.<\/div>\n<div>Nuestra MISI\u00d3N es ofrecer productos de dise\u00f1o original con una calidad impecable y una sustituci\u00f3n personalizada.<\/div>\n<div>Nuestra VISI\u00d3N es promover el crecimiento y un valor inigualable para nuestros clientes.<\/div>\n","protected":false},"excerpt":{"rendered":"<p>0124655120-COM. En stock. Ref: 0124655425, 0124655120, 3662756, 20R0957, 3445081, 366275601, T412091 &#8211; compatible con: CATERPILLAR. Marca: COM Automotive &#8211; Producto con calidad y dise\u00f1o originales. Compatible con Bosch<\/p>\n","protected":false},"featured_media":20398,"comment_status":"open","ping_status":"closed","template":"","meta":[],"product_brand":[],"product_cat":[8109],"product_tag":[11899,11901,11898,11900,11894,11895,11896,21304,21306,11897],"class_list":{"0":"post-15555","1":"product","2":"type-product","3":"status-publish","4":"has-post-thumbnail","6":"product_cat-alternador-es-2","7":"product_tag-0124655120-es","8":"product_tag-0124655120-com-es","9":"product_tag-0124655425-es","10":"product_tag-20r0957-es","11":"product_tag-3445081-es","12":"product_tag-3662756-es","13":"product_tag-366275601-es","14":"product_tag-8600467-es","15":"product_tag-8717n-es","16":"product_tag-t412091-es","18":"first","19":"instock","20":"taxable","21":"shipping-taxable","22":"purchasable","23":"product-type-simple"},"_links":{"self":[{"href":"https:\/\/com-automotive.com\/es\/wp-json\/wp\/v2\/product\/15555","targetHints":{"allow":["GET"]}}],"collection":[{"href":"https:\/\/com-automotive.com\/es\/wp-json\/wp\/v2\/product"}],"about":[{"href":"https:\/\/com-automotive.com\/es\/wp-json\/wp\/v2\/types\/product"}],"replies":[{"embeddable":true,"href":"https:\/\/com-automotive.com\/es\/wp-json\/wp\/v2\/comments?post=15555"}],"wp:featuredmedia":[{"embeddable":true,"href":"https:\/\/com-automotive.com\/es\/wp-json\/wp\/v2\/media\/20398"}],"wp:attachment":[{"href":"https:\/\/com-automotive.com\/es\/wp-json\/wp\/v2\/media?parent=15555"}],"wp:term":[{"taxonomy":"product_brand","embeddable":true,"href":"https:\/\/com-automotive.com\/es\/wp-json\/wp\/v2\/product_brand?post=15555"},{"taxonomy":"product_cat","embeddable":true,"href":"https:\/\/com-automotive.com\/es\/wp-json\/wp\/v2\/product_cat?post=15555"},{"taxonomy":"product_tag","embeddable":true,"href":"https:\/\/com-automotive.com\/es\/wp-json\/wp\/v2\/product_tag?post=15555"}],"curies":[{"name":"wp","href":"https:\/\/api.w.org\/{rel}","templated":true}]}}