{"id":15553,"date":"2023-11-15T20:22:20","date_gmt":"2023-11-15T23:22:20","guid":{"rendered":"https:\/\/com-automotive.com\/alternador-12v-90amp-0124325064-0124325255-1c3510300ab-ford\/"},"modified":"2023-11-15T20:22:20","modified_gmt":"2023-11-15T23:22:20","slug":"alternador-12v-90amp-0124325064-0124325255-1c3510300ab-ford","status":"publish","type":"product","link":"https:\/\/com-automotive.com\/es\/alternador-12v-90amp-0124325064-0124325255-1c3510300ab-ford\/","title":{"rendered":"Alternador 12V 90Amp 0124325064 0124325255 1C3510300AB FORD<span class=\"product-sku\" style=\"display: block; font-size: 0.85em; color: #777; margin-top: 5px; margin-bottom: 5px;\">SKU: 0124325064-COM<\/span>"},"content":{"rendered":"<h1><strong>COM-AUTOMOTIVE, calidad de dise\u00f1o original.<\/strong><\/h1>\n<p>Alternador 0124325064 12V 90Amp con polea &#8211; Dise\u00f1o: BOSCH SEG &#8211; OEM: FORD<\/p>\n<h2>Preguntas m\u00e1s frecuentes<\/h2>\n<h3><strong>\u00bfCu\u00e1les son las referencias cruzadas?<\/strong><\/h3>\n<p>0124325255, 0124325064, 1C3510300AB, 1C3210300AA, 1C3510300AA, 1C35AA, 1C35AB, ZEN 41022, Euro 70612, Euro 70618<\/p>\n<h2><strong>Tabla de aplicaci\u00f3n<\/strong><\/h2>\n<table width=\"782\">\n<tbody>\n<tr>\n<td width=\"782\">FORD F-4000 , CUMMINS 4 BTAA 8V 4 BTAA 3.9 L 8V SOHV L4 DIESEL, 1996-2008.<\/td>\n<\/tr>\n<tr>\n<td>FORD F-4000 EUROMEC III , CUMMINS SERIE B 3.9 3.9 L 8V SOHV L4 DIESEL, 2005-2015.<\/td>\n<\/tr>\n<tr>\n<td>FORD F-350 CC XL , CUMMINS SERIE B 3.9 3.9 L 8V SOHV L4 DIESEL, 2005-2011.<\/td>\n<\/tr>\n<tr>\n<td>FORD F-350 , CUMMINS 4 BTAA 8V 4 BTAA 3.9 L 8V SOHV L4 DIESEL, 1998-2006.<\/td>\n<\/tr>\n<tr>\n<td>FORD F 250 SD XLT , MWM SPRINT EURO 2 6.07 TCA 4.2 L 18V DOHC L6 DIESEL, 1998-2006.<\/td>\n<\/tr>\n<tr>\n<td>FORD F 250 CS XLT 4X4 , CUMMINS 4 BTAA 16V 4 BTAA 3.9 L 16V DOHC L4 DIESEL, 2006-2012.<\/td>\n<\/tr>\n<tr>\n<td>FORD F-4000 , CUMMINS ISF 2.8 ISF 2.8 2.8 L 16V SOHV L4 DIESEL, 2014-2021.<\/td>\n<\/tr>\n<tr>\n<td>FORD F 250 LD XL , MWM SPRINT EURO 2 6.07 TCA 4.2 L 18V DOHC L6 DIESEL, 1999-2006.<\/td>\n<\/tr>\n<tr>\n<td>FORD CARGO C 815 , CUMMINS 4 BTAA 8V 4 BTAA 3.9 L 8V SOHV L4 DIESEL, 2000-2019.<\/td>\n<\/tr>\n<tr>\n<td>FORD F-350 , CUMMINS ISF 2.8 ISF 2.8 2.8 L 16V SOHV L4 DIESEL, 2014-2021.<\/td>\n<\/tr>\n<tr>\n<td>FORD F 250 CD XLT 4X4 , CUMMINS 4 BTAA 16V 4 BTAA 3.9 L 16V DOHC L4 DIESEL, 2006-2012.<\/td>\n<\/tr>\n<tr>\n<td>FORD F-12000 , CUMMINS 6 BTAA 6 BTAA 5.9 L 12V SOHV L6 DIESEL, 1999-2019.<\/td>\n<\/tr>\n<tr>\n<td>FORD F-350 , CUMMINS SERIE B 3.9 3.9 L 16V SOHV L4 DIESEL, 2009-2011.<\/td>\n<\/tr>\n<tr>\n<td>FORD F-4000 , CUMMINS SERIE B 3.9 3.9 L 16V SOHV L4 DIESEL, 2008-2015.<\/td>\n<\/tr>\n<tr>\n<td>FORD CARGO C 712 E , CUMMINS SERIE B 3.9 3.9 L 8V SOHV L4 DIESEL, 2007-2009.<\/td>\n<\/tr>\n<tr>\n<td>FORD CARGO C 814 , CUMMINS 4 BTAA 8V 4 BTAA 3.9 L 8V SOHV L4 DIESEL, 1996-2001.<\/td>\n<\/tr>\n<tr>\n<td>FORD F 250 CC XLT , MWM SPRINT EURO 2 6.07 TCA 4.2 L 18V DOHC L6 DIESEL, 2002-2006.<\/td>\n<\/tr>\n<tr>\n<td>FORD CARGO C 1317 , CUMMINS 6 BTAA 6 BTAA 5.9 L 12V SOHV L6 DIESEL, 2002-2020.<\/td>\n<\/tr>\n<tr>\n<td>FORD CARGO C 1617 , CUMMINS 6 BTAA 6 BTAA 5.9 L 12V SOHV L6 DIESEL, 1996-2003.<\/td>\n<\/tr>\n<tr>\n<td>FORD F-14000 , CUMMINS 6 BTAA 6 BTAA 5.9 L 12V SOHV L6 DIESEL, 1999-2005.<\/td>\n<\/tr>\n<tr>\n<td>FORD F 250 RC XL , CUMMINS 4 BTAA 16V 4 BTAA 3.9 L 16V DOHC L4 DIESEL, 2006-2010.<\/td>\n<\/tr>\n<tr>\n<td>FORD CARGO C 1717 , CUMMINS 6 BTAA 6 BTAA 5.9 L 12V SOHV L6 DIESEL, 2002-2006.<\/td>\n<\/tr>\n<tr>\n<td>FORD CARGO C 1215 , CUMMINS 6 BTAA 6 BTAA 5.9 L 12V SOHV L6 DIESEL, 2000-2002.<\/td>\n<\/tr>\n<tr>\n<td>FORD CARGO C 1621 , CUMMINS 6 BTAA 6 BTAA 5.9 L 12V SOHV L6 DIESEL, 2000-2003.<\/td>\n<\/tr>\n<tr>\n<td>FORD F 250 LD XL , CUMMINS 4 BTAA 8V 4 BTAA 3.9 L 8V SOHC L4 DIESEL, 1999-2003.<\/td>\n<\/tr>\n<tr>\n<td>FORD CARGO C 1517 , CUMMINS 6 BTAA 6 BTAA 5.9 L 12V SOHV L6 DIESEL, 2002-2006.<\/td>\n<\/tr>\n<tr>\n<td>FORD F 250 XL 4.2 V6 , 4.2L OHV 4.2 L 12V OHV V6 GASOLINA, 1998-2003.<\/td>\n<\/tr>\n<tr>\n<td>FORD CARGO C 1421 , CUMMINS 6 BTAA 6 BTAA 5.9 L 12V SOHV L6 DIESEL, 2000-2003.<\/td>\n<\/tr>\n<tr>\n<td>FORD CARGO C 1721 , CUMMINS 6 BTAA 6 BTAA 5.9 L 12V SOHV L6 DIESEL, 2002-2005.<\/td>\n<\/tr>\n<tr>\n<td>FORD F-16000 , CUMMINS 6 BTAA 6 BTAA 5.9 L 12V SOHV L6 DIESEL, 1999-2004.<\/td>\n<\/tr>\n<tr>\n<td>FORD CARGO C 1521 , CUMMINS 6 BTAA 6 BTAA 5.9 L 12V SOHV L6 DIESEL, 2003-2005.<\/td>\n<\/tr>\n<tr>\n<td>FORD F 250 LD XLT , CUMMINS 4 BTAA 8V 4 BTAA 3.9 L 8V SOHC L4 DIESEL, 1999-1999.<\/td>\n<\/tr>\n<tr>\n<td>FORD CARGO C 1417 , CUMMINS 6 BTAA 6 BTAA 5.9 L 12V SOHV L6 DIESEL, 1994-1997.<\/td>\n<\/tr>\n<tr>\n<td>FORD F 250 XLT 4.2 V6 , 4.2L OHV 4.2 L 12V OHV V6 GASOLINA, 1998-2002.<\/td>\n<\/tr>\n<tr>\n<td>FORD CARGO C 2421 , CUMMINS 6 BTAA 6 BTAA 5.9 L 12V SOHV L6 DIESEL, 2004-2005.<\/td>\n<\/tr>\n<tr>\n<td>FORD F 250 CC XL , CUMMINS 4 BTAA 16V 4 BTAA 3.9 L 16V DOHC L4 DIESEL, 2006-2010.<\/td>\n<\/tr>\n<tr>\n<td>FORD F 250 CC XL , MWM SPRINT EURO 2 6.07 TCA 4.2 L 18V DOHC L6 DIESEL, 2003-2006.<\/td>\n<\/tr>\n<tr>\n<td>FORD F-350 CC XLT , CUMMINS 4 BTAA 8V 4 BTAA 3.9 L SOHV L4 DIESEL, 2004-2004. \u00ab<\/td>\n<\/tr>\n<\/tbody>\n<\/table>\n<p>&nbsp;<\/p>\n<div>ATENCI\u00d3N:<\/div>\n<div>Recomendamos que la instalaci\u00f3n la realice un profesional formado y especializado.<\/div>\n<div>S\u00f3lo compra este producto si est\u00e1s seguro de que es compatible con tu veh\u00edculo. Si tienes alguna duda, no dudes en ponerte en contacto con nosotros. Nuestro horario de apertura es de lunes a viernes de 8 a 18 h.<\/div>\n<div><\/div>\n<div>Sobre nosotros<\/div>\n<div>COM Automotive est\u00e1 especializada en piezas de autom\u00f3vil de dise\u00f1o original para el sector de la reparaci\u00f3n posventa, clientes industriales y fabricantes de veh\u00edculos especiales OEM.<\/div>\n<div>Nuestro equipo tiene m\u00e1s de 28 a\u00f1os de experiencia en la fabricaci\u00f3n y el suministro de piezas de automoci\u00f3n a escala mundial.<\/div>\n<div>Nuestra MISI\u00d3N es ofrecer productos de dise\u00f1o original con una calidad impecable y una sustituci\u00f3n personalizada.<\/div>\n<div>Nuestra VISI\u00d3N es promover el crecimiento y un valor inigualable para nuestros clientes.<\/div>\n","protected":false},"excerpt":{"rendered":"<p>0124.325.064-COM Alternador 12V 90Amp con polea. En stock. Producto original de calidad de dise\u00f1o, Marca: COM Automotive , ref. cruzada: 0124325255, 0124325064, 1C3510300AB, 1C3210300AA, 1C3510300AA, 1C35AA, 1C35AB, ZEN 41022, ZM 9010806, EURO 70612, EURO 70618, 8EL011712671- Ref. dise\u00f1o: BOSCH &#8211; OEM: FORD<\/p>\n","protected":false},"featured_media":10600,"comment_status":"closed","ping_status":"closed","template":"","meta":[],"product_brand":[],"product_cat":[8109,8542],"product_tag":[11890,11872,11876,11878,11875,11880,11882],"class_list":{"0":"post-15553","1":"product","2":"type-product","3":"status-publish","4":"has-post-thumbnail","6":"product_cat-alternador-es-2","7":"product_cat-sempreco-es","8":"product_tag-0124-325-255-es","9":"product_tag-0124325255-es","10":"product_tag-1c3210300aa-es","11":"product_tag-1c3510300aa-es","12":"product_tag-1c3510300ab-es","13":"product_tag-1c35aa-es","14":"product_tag-1c35ab-es","16":"first","17":"instock","18":"taxable","19":"shipping-taxable","20":"purchasable","21":"product-type-simple"},"_links":{"self":[{"href":"https:\/\/com-automotive.com\/es\/wp-json\/wp\/v2\/product\/15553","targetHints":{"allow":["GET"]}}],"collection":[{"href":"https:\/\/com-automotive.com\/es\/wp-json\/wp\/v2\/product"}],"about":[{"href":"https:\/\/com-automotive.com\/es\/wp-json\/wp\/v2\/types\/product"}],"replies":[{"embeddable":true,"href":"https:\/\/com-automotive.com\/es\/wp-json\/wp\/v2\/comments?post=15553"}],"wp:featuredmedia":[{"embeddable":true,"href":"https:\/\/com-automotive.com\/es\/wp-json\/wp\/v2\/media\/10600"}],"wp:attachment":[{"href":"https:\/\/com-automotive.com\/es\/wp-json\/wp\/v2\/media?parent=15553"}],"wp:term":[{"taxonomy":"product_brand","embeddable":true,"href":"https:\/\/com-automotive.com\/es\/wp-json\/wp\/v2\/product_brand?post=15553"},{"taxonomy":"product_cat","embeddable":true,"href":"https:\/\/com-automotive.com\/es\/wp-json\/wp\/v2\/product_cat?post=15553"},{"taxonomy":"product_tag","embeddable":true,"href":"https:\/\/com-automotive.com\/es\/wp-json\/wp\/v2\/product_tag?post=15553"}],"curies":[{"name":"wp","href":"https:\/\/api.w.org\/{rel}","templated":true}]}}