{"id":15547,"date":"2023-11-15T20:28:40","date_gmt":"2023-11-15T23:28:40","guid":{"rendered":"https:\/\/com-automotive.com\/alternador-12v-150a-0121615011-para-volvo-s60-freelander-2-3-2l\/"},"modified":"2023-11-15T20:28:40","modified_gmt":"2023-11-15T23:28:40","slug":"alternador-12v-150a-0121615011-para-volvo-s60-freelander-2-3-2l","status":"publish","type":"product","link":"https:\/\/com-automotive.com\/es\/alternador-12v-150a-0121615011-para-volvo-s60-freelander-2-3-2l\/","title":{"rendered":"Alternador 12V 150A 0121615011 para Volvo S60 Freelander 2 3.2L<span class=\"product-sku\" style=\"display: block; font-size: 0.85em; color: #777; margin-top: 5px; margin-bottom: 5px;\">SKU: 8000.0011-COM<\/span>"},"content":{"rendered":"<h1><strong>COM-AUTOMOTIVE, calidad de dise\u00f1o original.<\/strong><\/h1>\n<p>Alternador 0121615011 12V 150Amp sin polea &#8211; Dise\u00f1o: BOSCH SEG &#8211; OEM: VOLVO<\/p>\n<h2>Preguntas m\u00e1s frecuentes<\/h2>\n<h3><strong>\u00bfCu\u00e1les son las referencias cruzadas?<\/strong><\/h3>\n<p>0121615111, 0121615011, 6G9N10300LA, 6G9NLA, LR002426, LR007089, LR031223, 31110082, 36000210, 360002100<\/p>\n<h2><strong>Tabla de aplicaci\u00f3n<\/strong><\/h2>\n<table width=\"1055\">\n<tbody>\n<tr>\n<td width=\"1055\">VOLVO XC60 T6 AWD 3.0 , B6304T2 B6304T2 3.0 L 24V DOHC L6 GASOLINA, 2009-2011.<\/td>\n<\/tr>\n<tr>\n<td>VOLVO XC60 T6 AWD 3.0 , B6304T4 B6304T4 3.0 L 24V DOHC L6 GASOLINA, 2011-2012.<\/td>\n<\/tr>\n<tr>\n<td>LAND ROVER FREELANDER 2 I6 S 3.2 , HSE B6324S 3.2 L 24V DOHC L6 GASOLINA, 2007-2008.<\/td>\n<\/tr>\n<tr>\n<td>VOLVO XC40 MOMENTUM T4 G-1, B4204T19 B4204T19 2.0 L 16V DOHC L4 GASOLINA, 2020-2023.<\/td>\n<\/tr>\n<tr>\n<td>VOLVO XC40 INSCRIPCI\u00d3N T4 G-1, B4204T19 B4204T19 2.0 L 16V DOHC L4 GASOLINA, 2020-2023.<\/td>\n<\/tr>\n<tr>\n<td>VOLVO XC40 T4 2.0 , B4204T19 B4204T19 2.0 L 16V DOHC L4 GASOLINA, 2018-2023.<\/td>\n<\/tr>\n<tr>\n<td>VOLVO XC60 T6 INSCRIPCI\u00d3N 2.0 G-1, B4204T9 B4204T9 2.0 L 16V DOHC L4 GASOLINA, 2016-2018.<\/td>\n<\/tr>\n<tr>\n<td>VOLVO XC60 T6 R-DESIGN 3.0 G-1 , B6304T4 B6304T4 3.0 L 24V DOHC L6 GASOLINA, 2013-2014.<\/td>\n<\/tr>\n<tr>\n<td>VOLVO XC60 T6 TOP 3.0 , B6304T4 B6304T4 3.0 L 24V DOHC L6 GASOLINA, 2014-2015.<\/td>\n<\/tr>\n<tr>\n<td>VOLVO XC60 T6 R-DESIGN 3.0 G-2 , B6304T4 B6304T4 3.0 L 24V DOHC L6 GASOLINA, 2014-2015.<\/td>\n<\/tr>\n<tr>\n<td>VOLVO XC60 T6 R-DESING 2.0 G-1, B4204T9 B4204T9 2.0 L 16V DOHC L4 GASOLINA, 2016-2018.<\/td>\n<\/tr>\n<tr>\n<td>VOLVO S60 T4 MOMENTUM 2.0 G-2, B4204T19 B4204T19 2.0 L 16V DOHC L4 GASOLINA, 2019-2023.<\/td>\n<\/tr>\n<tr>\n<td>VOLVO V40 T4 MOMENTUM 2.0 G-1, B4204T19 B4204T19 2.0 L 16V DOHC L4 GASOLINA, 2016-2020.<\/td>\n<\/tr>\n<tr>\n<td>VOLVO XC90 3.2 AWD , 3.2 24V B6324S 3.2 L 24V DOHC L6 GASOLINA, 2007-2010.<\/td>\n<\/tr>\n<tr>\n<td>VOLVO S60 T6 R-DESIGN 3.0 , B6304T4 B6304T4 3.0 L 24V DOHC L6 GASOLINA, 2013-2015.<\/td>\n<\/tr>\n<tr>\n<td>VOLVO XC90 3.2 AWD , 3.2 24V B6324S5 3.2 L 24V DOHC L6 GASOLINA, 2011-2015.<\/td>\n<\/tr>\n<tr>\n<td>VOLVO XC90 3.2 FWD , 3.2 24V B6324S 3.2 L 24V DOHC L6 GASOLINA, 2007-2009.<\/td>\n<\/tr>\n<tr>\n<td>VOLVO V60 T6 R-DESIGN 3.0 , B6304T4 B6304T4 3.0 L 24V DOHC L6 GASOLINA, 2013-2014.<\/td>\n<\/tr>\n<tr>\n<td>VOLVO V60 T6 R-DESIGN DRIVE-E 3.0 , B6304T4 B6304T4 3.0 L 24V DOHC L6 GASOLINA, 2014-2015.<\/td>\n<\/tr>\n<tr>\n<td>VOLVO V40 T4 KINETIC 2.0 , B4204T19 B4204T19 2.0 L 16V DOHC L4 GASOLINA, 2019-2019.<\/td>\n<\/tr>\n<tr>\n<td>VOLVO XC70 T6 AWD , 3.0 24V TURBO DB6304T2 3.0 L 24V DOHC L6 GASOLINA, 2008-2009.<\/td>\n<\/tr>\n<tr>\n<td>VOLVO V60 T6 R-DESIGN 2.0 , B4204T19 B4204T19 2.0 L 16V DOHC L4 GASOLINA, 2016-2018.<\/td>\n<\/tr>\n<tr>\n<td>VOLVO S80 3.2 , 3.2 24V B6324S 3.2 L 24V DOHC L6 GASOLINA, 2006-2008.<\/td>\n<\/tr>\n<\/tbody>\n<\/table>\n<p>&nbsp;<\/p>\n<div>ATENCI\u00d3N:<\/div>\n<div>Recomendamos que la instalaci\u00f3n de 0121615011 sea realizada por un profesional formado y especializado.<\/div>\n<div>S\u00f3lo adquiera este producto en 0121615011 si est\u00e1 seguro de que es compatible con su veh\u00edculo. Si tiene alguna duda, no dude en ponerse en contacto con nosotros. Nuestro horario de apertura es de lunes a viernes de 8 a 18 h.<\/div>\n<div><\/div>\n<div>Sobre nosotros<\/div>\n<div>COM Automotive est\u00e1 especializada en piezas de autom\u00f3vil de dise\u00f1o original para el sector de la reparaci\u00f3n posventa, clientes industriales y fabricantes de veh\u00edculos especiales OEM.<\/div>\n<div>Nuestro equipo tiene m\u00e1s de 28 a\u00f1os de experiencia en la fabricaci\u00f3n y el suministro de piezas de automoci\u00f3n a escala mundial.<\/div>\n<div>Nuestra MISI\u00d3N es ofrecer productos de dise\u00f1o original con una calidad impecable y una sustituci\u00f3n personalizada.<\/div>\n<div>Nuestra VISI\u00d3N es promover el crecimiento y un valor inigualable para nuestros clientes.<\/div>\n","protected":false},"excerpt":{"rendered":"<p>0121615011-COM. En stock. Ref: 0121615111, 0121615011, 6G9N10300LA, 6G9NLA, LR002426, LR007089, LR031223, 31110082, 36000210, 360002100 &#8211; compatible con: VOLVO. Marca: COM Automotive &#8211; Producto con calidad y dise\u00f1o originales. Compatible con Bosch<\/p>\n","protected":false},"featured_media":20432,"comment_status":"open","ping_status":"closed","template":"","meta":[],"product_brand":[],"product_cat":[8109],"product_tag":[11828,11847,11826,11839,11841,11843,11830,11831,11833,11835,11837],"class_list":{"0":"post-15547","1":"product","2":"type-product","3":"status-publish","4":"has-post-thumbnail","6":"product_cat-alternador-es-2","7":"product_tag-0121615011-es","8":"product_tag-0121615011-com-es","9":"product_tag-0121615111-es","10":"product_tag-31110082-es","11":"product_tag-36000210-es","12":"product_tag-360002100-es","13":"product_tag-6g9n10300la-es","14":"product_tag-6g9nla-es","15":"product_tag-lr002426-es","16":"product_tag-lr007089-es","17":"product_tag-lr031223-es","19":"first","20":"instock","21":"taxable","22":"shipping-taxable","23":"purchasable","24":"product-type-simple"},"_links":{"self":[{"href":"https:\/\/com-automotive.com\/es\/wp-json\/wp\/v2\/product\/15547","targetHints":{"allow":["GET"]}}],"collection":[{"href":"https:\/\/com-automotive.com\/es\/wp-json\/wp\/v2\/product"}],"about":[{"href":"https:\/\/com-automotive.com\/es\/wp-json\/wp\/v2\/types\/product"}],"replies":[{"embeddable":true,"href":"https:\/\/com-automotive.com\/es\/wp-json\/wp\/v2\/comments?post=15547"}],"wp:featuredmedia":[{"embeddable":true,"href":"https:\/\/com-automotive.com\/es\/wp-json\/wp\/v2\/media\/20432"}],"wp:attachment":[{"href":"https:\/\/com-automotive.com\/es\/wp-json\/wp\/v2\/media?parent=15547"}],"wp:term":[{"taxonomy":"product_brand","embeddable":true,"href":"https:\/\/com-automotive.com\/es\/wp-json\/wp\/v2\/product_brand?post=15547"},{"taxonomy":"product_cat","embeddable":true,"href":"https:\/\/com-automotive.com\/es\/wp-json\/wp\/v2\/product_cat?post=15547"},{"taxonomy":"product_tag","embeddable":true,"href":"https:\/\/com-automotive.com\/es\/wp-json\/wp\/v2\/product_tag?post=15547"}],"curies":[{"name":"wp","href":"https:\/\/api.w.org\/{rel}","templated":true}]}}