{"id":15546,"date":"2023-11-15T20:29:01","date_gmt":"2023-11-15T23:29:01","guid":{"rendered":"https:\/\/com-automotive.com\/alternador-12v-100a-19010112-3675156rx-para-caterpillar-3116-gmc-12170\/"},"modified":"2023-11-15T20:29:01","modified_gmt":"2023-11-15T23:29:01","slug":"alternador-12v-100a-19010112-3675156rx-para-caterpillar-3116-gmc-12170","status":"publish","type":"product","link":"https:\/\/com-automotive.com\/es\/alternador-12v-100a-19010112-3675156rx-para-caterpillar-3116-gmc-12170\/","title":{"rendered":"Alternador 12V 100A 19010112 3675156RX para Caterpillar 3116 GMC 12170<span class=\"product-sku\" style=\"display: block; font-size: 0.85em; color: #777; margin-top: 5px; margin-bottom: 5px;\">SKU: 8000.0112-COM<\/span>"},"content":{"rendered":"<h1><strong>COM-AUTOMOTIVE, calidad de dise\u00f1o original.<\/strong><\/h1>\n<p>Alternador 19010112 12V 100A con polea &#8211; Dise\u00f1o: Delco Remy &#8211; OEM: CATERPILLAR<\/p>\n<h2>Preguntas m\u00e1s frecuentes<\/h2>\n<h3><strong>\u00bfCu\u00e1les son las referencias cruzadas?<\/strong><\/h3>\n<p>T002000009, 19010112, 3675156RX, 19010112<\/p>\n<h2><strong>Tabla de aplicaci\u00f3n<\/strong><\/h2>\n<p>GMC 12-170 , CATERPILAR 3116 3116 6.6 L 18V SOHV L6 DIESEL, 1997-2005.<br \/>\nGMC 15-190 LWB , CATERPILAR 3116 HEUI 3116 HEUI 6.6 L 18V SOHV L6 DIESEL, 1997-1999.<br \/>\nGMC 14-190 , CATERPILAR 3116 3116 6.6 L 18V SOHV L6 DIESEL, 1997-2004.<br \/>\nGMC 16-220 , CATERPILAR 3116 3116 6.6 L 18V SOHV L6 DIESEL, 1997-2007.<br \/>\nGMC 12-170 LWB , CATERPILAR 3116 3116 6.6 L 18V SOHV L6 DIESEL, 1996-2002.<br \/>\nGMC 14-190 LWB , CATERPILAR 3116 3116 6.6 L 18V SOHV L6 DIESEL, 1996-1998.<br \/>\nGMC 16-220 LWB , CATERPILAR 3116 3116 6.6 L 18V SOHV L6 DIESEL, 1996-1999.<br \/>\nGMC 15-190 , CATERPILAR 3116 HEUI 3116 HEUI 6.6 L 18V SOHV L6 DIESEL, 1994-1997.<\/p>\n<p>&nbsp;<\/p>\n<div>ATENCI\u00d3N:<\/div>\n<div>Recomendamos que la instalaci\u00f3n la realice un profesional formado y especializado.<\/div>\n<div>S\u00f3lo compra este producto si est\u00e1s seguro de que es compatible con tu veh\u00edculo. Si tienes alguna duda, no dudes en ponerte en contacto con nosotros. Nuestro horario de apertura es de lunes a viernes de 8 a 18 h.<\/div>\n<div><\/div>\n<div>Sobre nosotros<\/div>\n<div>COM Automotive est\u00e1 especializada en piezas de autom\u00f3vil de dise\u00f1o original para el sector de la reparaci\u00f3n posventa, clientes industriales y fabricantes de veh\u00edculos especiales OEM.<\/div>\n<div>Nuestro equipo tiene m\u00e1s de 28 a\u00f1os de experiencia en la fabricaci\u00f3n y el suministro de piezas de automoci\u00f3n a escala mundial.<\/div>\n<div>Nuestra MISI\u00d3N es ofrecer productos de dise\u00f1o original con una calidad impecable y una sustituci\u00f3n personalizada.<\/div>\n<div>Nuestra VISI\u00d3N es promover el crecimiento y un valor inigualable para nuestros clientes.<\/div>\n","protected":false},"excerpt":{"rendered":"<p>19010112-COM. En stock. Ref: T002000009, 19010112, 3675156RX, 19010112, EURO 70607, DITA 10169 &#8211; compatible con: CATERPILLAR. Marca: COM Automotive &#8211; Producto con calidad y dise\u00f1o originales. Compatible con Delco Remy<\/p>\n","protected":false},"featured_media":20435,"comment_status":"open","ping_status":"closed","template":"","meta":[],"product_brand":[],"product_cat":[8109],"product_tag":[11825,11829,11827,11824],"class_list":{"0":"post-15546","1":"product","2":"type-product","3":"status-publish","4":"has-post-thumbnail","6":"product_cat-alternador-es-2","7":"product_tag-19010112-es","8":"product_tag-19010112-com-es","9":"product_tag-3675156rx-es","10":"product_tag-t002000009-es","12":"first","13":"instock","14":"taxable","15":"shipping-taxable","16":"purchasable","17":"product-type-simple"},"_links":{"self":[{"href":"https:\/\/com-automotive.com\/es\/wp-json\/wp\/v2\/product\/15546","targetHints":{"allow":["GET"]}}],"collection":[{"href":"https:\/\/com-automotive.com\/es\/wp-json\/wp\/v2\/product"}],"about":[{"href":"https:\/\/com-automotive.com\/es\/wp-json\/wp\/v2\/types\/product"}],"replies":[{"embeddable":true,"href":"https:\/\/com-automotive.com\/es\/wp-json\/wp\/v2\/comments?post=15546"}],"wp:featuredmedia":[{"embeddable":true,"href":"https:\/\/com-automotive.com\/es\/wp-json\/wp\/v2\/media\/20435"}],"wp:attachment":[{"href":"https:\/\/com-automotive.com\/es\/wp-json\/wp\/v2\/media?parent=15546"}],"wp:term":[{"taxonomy":"product_brand","embeddable":true,"href":"https:\/\/com-automotive.com\/es\/wp-json\/wp\/v2\/product_brand?post=15546"},{"taxonomy":"product_cat","embeddable":true,"href":"https:\/\/com-automotive.com\/es\/wp-json\/wp\/v2\/product_cat?post=15546"},{"taxonomy":"product_tag","embeddable":true,"href":"https:\/\/com-automotive.com\/es\/wp-json\/wp\/v2\/product_tag?post=15546"}],"curies":[{"name":"wp","href":"https:\/\/api.w.org\/{rel}","templated":true}]}}