{"id":15544,"date":"2023-11-15T20:28:25","date_gmt":"2023-11-15T23:28:25","guid":{"rendered":"https:\/\/com-automotive.com\/alternador-12v-150a-19020310-para-carterpillar-international-4000\/"},"modified":"2023-11-15T20:28:25","modified_gmt":"2023-11-15T23:28:25","slug":"alternador-12v-150a-19020310-para-carterpillar-international-4000","status":"publish","type":"product","link":"https:\/\/com-automotive.com\/es\/alternador-12v-150a-19020310-para-carterpillar-international-4000\/","title":{"rendered":"Alternador 12V 150A 19020310 para Carterpillar International 4000<span class=\"product-sku\" style=\"display: block; font-size: 0.85em; color: #777; margin-top: 5px; margin-bottom: 5px;\">SKU: 8000.20310-COM<\/span>"},"content":{"rendered":"<h1><strong>COM-AUTOMOTIVE, calidad de dise\u00f1o original.<\/strong><\/h1>\n<p>Alternador 19020310 12V 150A sin polea &#8211; Dise\u00f1o: Delco Remy &#8211; OEM: CATERPILLAR<\/p>\n<h2>Preguntas m\u00e1s frecuentes<\/h2>\n<h3><strong>\u00bfCu\u00e1les son las referencias cruzadas?<\/strong><\/h3>\n<p>T002000011, 19020310, 3675240RX, 10459217, 19020310<\/p>\n<h2><strong>Tabla de aplicaci\u00f3n<\/strong><\/h2>\n<table width=\"1105\">\n<tbody>\n<tr>\n<td width=\"1105\">FORD F-600 , PERKINS 6.357 6.357 5.8 L 12V SOHV L6 DIESEL, 1970-1979.<\/td>\n<\/tr>\n<tr>\n<td>CHEVROLET C-60 , GENERAL MOTORS 292 292 4.9 L 12V SOHC L6 GASOLINA, 1971-1995.<\/td>\n<\/tr>\n<tr>\n<td>FORD F-600 , MWM SERIE 229 D 229-6 5.9 L 12V SOHV L6 DIESEL, 1962-1978.<\/td>\n<\/tr>\n<tr>\n<td>INTERNATIONAL 9800I 6X4 MEC\u00c1NICO , CUMMINS ISM 420 ISM11E5 420 10.8 L 24V SOHV L6 DIESEL, 2010-2016.<\/td>\n<\/tr>\n<tr>\n<td>FORD F-700 , PERKINS 6.357 6.357 5.8 L 12V SOHV L6 DIESEL, 1977-1980.<\/td>\n<\/tr>\n<tr>\n<td>INTERNATIONAL 4700 16E 200 , MWM DT 466 Y DT 466 E 7.6 L 12V SOHV L6 DIESEL, 1999-2002.<\/td>\n<\/tr>\n<tr>\n<td>CHEVROLET C-60 , GENERAL MOTORS 292 292 4.9 L 12V SOHC L6 GASOLINA, 1960-1979.<\/td>\n<\/tr>\n<tr>\n<td>INTERNATIONAL 9800I 6X2 MEC\u00c1NICA , CUMMINS ISM 420 ISM11E5 420 10.8 L 24V SOHV L6 DIESEL, 2010-2016.<\/td>\n<\/tr>\n<tr>\n<td>INTERNATIONAL 9800 60E 405\/ 75E 405 , CUMMINS ISMe 405 ISMe 405 10.8 L 24V SOHV L6 DIESEL, 2001-2002.<\/td>\n<\/tr>\n<tr>\n<td>INTERNATIONAL 9800 45E 380 , CUMMINS ISMe 380 ISMe 380 10.8 L 24V SOHV L6 DIESEL, 1998-2002.<\/td>\n<\/tr>\n<tr>\n<td>INTERNATIONAL 4900 24E 270 , MWM DT 466 Y DT 466 E 7.6 L 12V SOHV L6 DIESEL, 1999-2002.<\/td>\n<\/tr>\n<tr>\n<td>INTERNATIONAL 9200 , CUMMINS ISMe 405 ISMe 405 10,8 L 24V SOHV L6 DIESEL, 1999-2001.<\/td>\n<\/tr>\n<tr>\n<td>INTERNATIONAL 9800I 6X4 ULTRASHIFT , CUMMINS ISM 420 ISM11E5 420 10.8 L 24V SOHV L6 DIESEL, 2014-2020.<\/td>\n<\/tr>\n<tr>\n<td>FORD F-600 , FORD FORD V8 FORD V8 4,5 L 16V OHC V8 GASOLINA, 1961-1961.<\/td>\n<\/tr>\n<tr>\n<td>INTERNATIONAL 4700 16E 215 , MWM DT 466 Y DT 466 E 7.6 L 12V SOHV L6 DIESEL, 1998-1999.<\/td>\n<\/tr>\n<tr>\n<td>INTERNATIONAL 4900 16E 270 , MWM DT 466 Y DT 466 E 7.6 L 12V SOHV L6 DIESEL, 1999-2002.<\/td>\n<\/tr>\n<tr>\n<td>INTERNATIONAL 9800I 6X2 ULTRASHIFT , CUMMINS ISM 420 ISM11E5 420 10.8 L 24V SOHV L6 DIESEL, 2014-2016.<\/td>\n<\/tr>\n<tr>\n<td>KENWORTH C500 , CUMMINS ISX 15 ISX 15 14.9 L 24V SOHV L6 DIESEL, 2016-2016.<\/td>\n<\/tr>\n<tr>\n<td>KENWORTH T800 , CUMMINS ISX 500 15.0 L 24V SOHV L6 DIESEL, 2016-2016.<\/td>\n<\/tr>\n<tr>\n<td>AGCO ALLIS 8360 , CUMMINS N14 DIESEL, .<\/td>\n<\/tr>\n<tr>\n<td>AGCO ALLIS 8425 , CUMMINS 14.0L DIESEL, .<\/td>\n<\/tr>\n<tr>\n<td>AGCO ALLIS R72 , CUMMINS DIESEL, .<\/td>\n<\/tr>\n<tr>\n<td>CATERPILLAR CHALLENGER 35\/45 , CATERPILLAR 3116 DIESEL, 1995-1998.<\/td>\n<\/tr>\n<tr>\n<td>CATERPILLAR CHALLENGER 55 , CATERPILLAR 3126 DIESEL, 1996-1998.<\/td>\n<\/tr>\n<tr>\n<td>CHEVROLET , CHEVROLET P6000 7.0L GASOLINA, .<\/td>\n<\/tr>\n<tr>\n<td>CHEVROLET B6000 , DIESEL 6.0L, .<\/td>\n<\/tr>\n<tr>\n<td>CHEVROLET B7 , 8L , .<\/td>\n<\/tr>\n<tr>\n<td>CHEVROLET C50 , DETROIT DIESEL 4-53N DIESEL, .<\/td>\n<\/tr>\n<tr>\n<td>CHEVROLET C6500 KODIAK , CATERPILLAR 3126 DIESEL, .<\/td>\n<\/tr>\n<tr>\n<td>CHEVROLET C70 , CATERPILLAR 3208 DIESEL, .<\/td>\n<\/tr>\n<tr>\n<td>CHEVROLET C7500 KODIAK , CATERPILLAR 3116 DIESEL, 1996.<\/td>\n<\/tr>\n<tr>\n<td>CHEVROLET P60 , CHEVROLET 7.0L GASOLINA, .<\/td>\n<\/tr>\n<tr>\n<td>CHEVROLET T6500 , CHEVROLET ISUZU KE4330 7.8L DIESEL, .<\/td>\n<\/tr>\n<tr>\n<td>CHEVROLET T7500 , CHEVROLET ISUZU KE4330 7.8L DIESEL, .<\/td>\n<\/tr>\n<tr>\n<td>CHEVROLET W7500 , DIESEL 6.5L, .<\/td>\n<\/tr>\n<tr>\n<td>FORD 8670 , 7.5L DIESEL, .<\/td>\n<\/tr>\n<tr>\n<td>FORD 8770 , 7.5L DIESEL, 1993-2002.<\/td>\n<\/tr>\n<tr>\n<td>FORD 8870 , 7.5L DIESEL, 1993-2002.<\/td>\n<\/tr>\n<tr>\n<td>FORD 8970 , 7.5L DIESEL, 1993-2002.<\/td>\n<\/tr>\n<tr>\n<td>FORD 9480 , CUMMINS NTA855-A 14.0L DIESEL, 1994-1995.<\/td>\n<\/tr>\n<tr>\n<td>FORD 9680 , CUMMINS NTA855-A 14.0L DIESEL, 1994-1995.<\/td>\n<\/tr>\n<tr>\n<td>FORD 9880 , CUMMINS NTA855-A 14.0L DIESEL, 1994-1995.<\/td>\n<\/tr>\n<tr>\n<td>FORD B6000 , CUMMINS 5.9L DIESEL, .<\/td>\n<\/tr>\n<tr>\n<td>FORD B700 , 6.6L DIESEL, .<\/td>\n<\/tr>\n<tr>\n<td>FORD B800 , FORD 5.9L DIESEL, 1999.<\/td>\n<\/tr>\n<tr>\n<td>FORD F800 , 5.9L DIESEL, .<\/td>\n<\/tr>\n<tr>\n<td>FORD F900 , 5.4L DIESEL, .<\/td>\n<\/tr>\n<tr>\n<td>FORD L6000 , CUMMINS 10L DIESEL, .<\/td>\n<\/tr>\n<tr>\n<td>FORD L7000 , CATERPILLAR 3208 DIESEL, .<\/td>\n<\/tr>\n<tr>\n<td>FORD L8000 , FORD 7.8L DIESEL, .<\/td>\n<\/tr>\n<tr>\n<td>FORD L9000 , CUMMINS NH230 DIESEL, .<\/td>\n<\/tr>\n<tr>\n<td>FREIGHTLINER C112 , CUMMINS CUMMINS ISLE5 8.9L DIESEL, .<\/td>\n<\/tr>\n<tr>\n<td>FREIGHTLINER C120 , DETROIT DIESEL SERIE 55 12.8L DIESEL, .<\/td>\n<\/tr>\n<tr>\n<td>FREIGHTLINER FC80 , CUMMINS ISB5.9 5.9L DIESEL, .<\/td>\n<\/tr>\n<tr>\n<td>FREIGHTLINER FL50 , CUMMINS 5.3L DIESEL, .<\/td>\n<\/tr>\n<tr>\n<td>FREIGHTLINER FL60 , CUMMINS 5.9L DIESEL, .<\/td>\n<\/tr>\n<tr>\n<td>FREIGHTLINER FL70 , CUMMINS ISB5.9 5.9L DIESEL, .<\/td>\n<\/tr>\n<tr>\n<td>FREIGHTLINER FL80 , CUMMINS ISB5.9 5.9L DIESEL, .<\/td>\n<\/tr>\n<tr>\n<td>FREIGHTLINER FL90 , CUMMINS 8.3L DIESEL, .<\/td>\n<\/tr>\n<tr>\n<td>FREIGHTLINER FLA120 , CATERPILLAR 3176 10.3L DIESEL, .<\/td>\n<\/tr>\n<tr>\n<td>FREIGHTLINER FLB 112 , 10.0L DIESEL, .<\/td>\n<\/tr>\n<tr>\n<td>FREIGHTLINER FLB120 , CUMMINS N14 DIESEL, .<\/td>\n<\/tr>\n<tr>\n<td>FREIGHTLINER FLC112 , DIESEL, .<\/td>\n<\/tr>\n<tr>\n<td>FREIGHTLINER FLC120 , CUMMINS 855 DIESEL, .<\/td>\n<\/tr>\n<tr>\n<td>FREIGHTLINER FLD112 , CUMMINS M11 DIESEL, .<\/td>\n<\/tr>\n<tr>\n<td>FREIGHTLINER FLD120 , DETROIT DIESEL SERIE 60 12.7L DIESEL, .<\/td>\n<\/tr>\n<tr>\n<td>FREIGHTLINER SERIE FLT , DIESEL, .<\/td>\n<\/tr>\n<tr>\n<td>FREIGHTLINER WF(C,P,T) , CUMMINS NH250 DIESEL, .<\/td>\n<\/tr>\n<tr>\n<td>GMC , GMC P6000 7.0L DIESEL, 1994.<\/td>\n<\/tr>\n<tr>\n<td>GMC , GMC P6500 7.0L DIESEL, .<\/td>\n<\/tr>\n<tr>\n<td>GMC ASTRO , 4.3L , .<\/td>\n<\/tr>\n<tr>\n<td>GMC B6000 , 6.0L DIESEL, .<\/td>\n<\/tr>\n<tr>\n<td>GMC B7 , 7.0L DIESEL, .<\/td>\n<\/tr>\n<tr>\n<td>GMC BRIGADIER , CUMMINS L10 10.0L DIESEL, .<\/td>\n<\/tr>\n<tr>\n<td>GMC C5000 , 6.6L DIESEL, .<\/td>\n<\/tr>\n<tr>\n<td>GMC C6000 , 5.7L DIESEL, .<\/td>\n<\/tr>\n<tr>\n<td>GMC C6000 , CATERPILLAR 3208 10.4L DIESEL, 1992.<\/td>\n<\/tr>\n<tr>\n<td>GMC C6500 , 6.6L DIESEL, .<\/td>\n<\/tr>\n<tr>\n<td>GMC C7000 , CATERPILLAR 3208 10.4L DIESEL, .<\/td>\n<\/tr>\n<tr>\n<td>GMC C7500 , CATERPILLAR 3208 10.4L DIESEL, .<\/td>\n<\/tr>\n<tr>\n<td>GMC GENERAL , DETROIT DIESEL 8V92 DIESEL, .<\/td>\n<\/tr>\n<tr>\n<td>GMC T6500 , ISUZU 7.8L DIESEL, 2005.<\/td>\n<\/tr>\n<tr>\n<td>GMC T7500 , ISUZU 7.8L DIESEL, 2005.<\/td>\n<\/tr>\n<tr>\n<td>INTERNATIONAL 1652 , INTERNATIONAL T444 7.3L DIESEL, 1998.<\/td>\n<\/tr>\n<tr>\n<td>INTERNATIONAL 1654 , INTERNATIONAL 7.3L DIESEL, .<\/td>\n<\/tr>\n<tr>\n<td>INTERNATIONAL 2300 , CUMMINS L10 10.0L DIESEL, .<\/td>\n<\/tr>\n<tr>\n<td>INTERNATIONAL 2375 , CUMMINS L10 10.0L DIESEL, .<\/td>\n<\/tr>\n<tr>\n<td>INTERNATIONAL 2575 , CUMMINS L10 10.0L DIESEL, .<\/td>\n<\/tr>\n<tr>\n<td>INTERNATIONAL 3000-3900 , INTERNATIONAL T444E 7.3L DIESEL, .<\/td>\n<\/tr>\n<tr>\n<td>INTERNATIONAL 5000-5900 , CUMMINS 15.0L DIESEL, .<\/td>\n<\/tr>\n<tr>\n<td>INTERNATIONAL 7100-7700 , INTERNATIONAL DT466 7.6L DIESEL, .<\/td>\n<\/tr>\n<tr>\n<td>INTERNATIONAL 8100 , CUMMINS M11 DIESEL, .<\/td>\n<\/tr>\n<tr>\n<td>INTERNATIONAL 8100-8600 , CUMMINS M11 DIESEL, .<\/td>\n<\/tr>\n<tr>\n<td>INTERNATIONAL 9100 SBA , CUMMINS ISM 15.0L DIESEL, .<\/td>\n<\/tr>\n<tr>\n<td>INTERNATIONAL 9100-9000 , CUMMINS ISM 15.0L DIESEL, .<\/td>\n<\/tr>\n<tr>\n<td>INTERNATIONAL 9100I SBA , CUMMINS ISM 15.0L DIESEL, .<\/td>\n<\/tr>\n<tr>\n<td>INTERNATIONAL 9400 , CUMMINS ISM DIESEL, .<\/td>\n<\/tr>\n<tr>\n<td>INTERNATIONAL 9400I , CUMMINS ISX DIESEL, .<\/td>\n<\/tr>\n<tr>\n<td>INTERNATIONAL 9900 , CUMMINS ISM DIESEL, .<\/td>\n<\/tr>\n<tr>\n<td>INTERNATIONAL 9900I , CUMMINS ISX15 15.0L DIESEL, .<\/td>\n<\/tr>\n<tr>\n<td>JOHN DEERE 540E , JOHN DEERE 6059T 5.9L DIESEL, .<\/td>\n<\/tr>\n<tr>\n<td>JOHN DEERE 544E , JOHN DEERE 6059T 5.9L DIESEL, .<\/td>\n<\/tr>\n<tr>\n<td>JOHN DEERE 624E , JOHN DEERE 6068T 6.7L DIESEL, .<\/td>\n<\/tr>\n<tr>\n<td>JOHN DEERE 640E , JOHN DEERE 6068T 6.8L DIESEL, .<\/td>\n<\/tr>\n<tr>\n<td>JOHN DEERE 644E , JOHN DEERE 6466T 7.7L DIESEL, .<\/td>\n<\/tr>\n<tr>\n<td>JOHN DEERE 648E , JOHN DEERE 6068T 6.8L DIESEL, .<\/td>\n<\/tr>\n<tr>\n<td>JOHN DEERE 740E , JOHN DEERE 6076T 7.7L DIESEL, .<\/td>\n<\/tr>\n<tr>\n<td>JOHN DEERE 748E , JOHN DEERE 6076T 7.7L DIESEL, .<\/td>\n<\/tr>\n<tr>\n<td>KENWORTH K100 , CUMMINS N14 DIESEL, .<\/td>\n<\/tr>\n<tr>\n<td>KENWORTH L700 , CUMMINS N14 DIESEL, .<\/td>\n<\/tr>\n<tr>\n<td>KENWORTH T400 , CUMMINS LTA10 DIESEL, .<\/td>\n<\/tr>\n<tr>\n<td>KENWORTH T600 , CUMMINS DIESEL, .<\/td>\n<\/tr>\n<tr>\n<td>KENWORTH W900 , CUMMINS 6B 5.9L DIESEL, .<\/td>\n<\/tr>\n<tr>\n<td>MACK , DIESEL, .<\/td>\n<\/tr>\n<tr>\n<td>MACK DM , DIESEL, .<\/td>\n<\/tr>\n<tr>\n<td>MACK SERIE F , DIESEL, .<\/td>\n<\/tr>\n<tr>\n<td>MACK SERIE MB , DIESEL, .<\/td>\n<\/tr>\n<tr>\n<td>MACK SERIE MC , DIESEL, .<\/td>\n<\/tr>\n<tr>\n<td>MACK SERIE MH , DIESEL, .<\/td>\n<\/tr>\n<tr>\n<td>MACK SERIE MR , DIESEL, .<\/td>\n<\/tr>\n<tr>\n<td>MACK SERIE R , DIESEL, .<\/td>\n<\/tr>\n<tr>\n<td>MACK SERIE RB , DIESEL, .<\/td>\n<\/tr>\n<tr>\n<td>MACK SERIE RD , DIESEL, .<\/td>\n<\/tr>\n<tr>\n<td>MACK SERIE RL , DIESEL, .<\/td>\n<\/tr>\n<tr>\n<td>MACK SERIE RM , DIESEL, .<\/td>\n<\/tr>\n<tr>\n<td>MACK SERIE RS , DIESEL, .<\/td>\n<\/tr>\n<tr>\n<td>MACK SERIE RW , DIESEL, .<\/td>\n<\/tr>\n<tr>\n<td>MACK SERIE U , DIESEL, .<\/td>\n<\/tr>\n<tr>\n<td>NEW HOLLAND 9282 , CUMMINS C8.3 8.3L DIESEL, .<\/td>\n<\/tr>\n<tr>\n<td>NEW HOLLAND 9482 , CUMMINS M11 10.8L DIESEL, .<\/td>\n<\/tr>\n<tr>\n<td>NEW HOLLAND 9682 , CUMMINS N14 14.0L DIESEL, .<\/td>\n<\/tr>\n<tr>\n<td>NEW HOLLAND 9882 , CUMMINS N14 14.0L DIESEL, .<\/td>\n<\/tr>\n<tr>\n<td>PETERBILT 320 , CUMMINS ISM DIESEL, .<\/td>\n<\/tr>\n<tr>\n<td>PETERBILT 357 , CUMMINS LN 100 DIESEL, .<\/td>\n<\/tr>\n<tr>\n<td>PETERBILT 362 , CUMMINS DIESEL, .<\/td>\n<\/tr>\n<tr>\n<td>PETERBILT 372 , 12.7L DIESEL, .<\/td>\n<\/tr>\n<tr>\n<td>PETERBILT 377 , CATERPILLAR 3406 DIESEL, .<\/td>\n<\/tr>\n<tr>\n<td>PETERBILT 378 , CUMMINS N14 DIESEL, .<\/td>\n<\/tr>\n<tr>\n<td>PETERBILT 379 , CUMMINS ISM DIESEL, . 19020310 19020310 19020310 19020310 19020310<\/td>\n<\/tr>\n<\/tbody>\n<\/table>\n<div>ATENCI\u00d3N:<\/div>\n<div>Recomendamos que la instalaci\u00f3n de 19020310 la realice un profesional formado y especializado.<\/div>\n<div>S\u00f3lo adquiera este producto en 19020310 si est\u00e1 seguro de que es compatible con su veh\u00edculo. Si tiene alguna duda, no dude en ponerse en contacto con nosotros. Nuestro horario de apertura es de lunes a viernes de 8 a 18 h.<\/div>\n<div><\/div>\n<div>Sobre nosotros<\/div>\n<div>COM Automotive est\u00e1 especializada en piezas de autom\u00f3vil de dise\u00f1o original para el sector de la reparaci\u00f3n posventa, clientes industriales y fabricantes de veh\u00edculos especiales OEM.<\/div>\n<div>Nuestro equipo tiene m\u00e1s de 28 a\u00f1os de experiencia en la fabricaci\u00f3n y el suministro de piezas de automoci\u00f3n a escala mundial.<\/div>\n<div>Nuestra MISI\u00d3N es ofrecer productos de dise\u00f1o original con una calidad impecable y una sustituci\u00f3n personalizada.<\/div>\n<div>Nuestra VISI\u00d3N es promover el crecimiento y un valor inigualable para nuestros clientes.<\/div>\n","protected":false},"excerpt":{"rendered":"<p>19020310-COM. En stock. Ref: T002000011, 19020310, 3675240RX, 10459217, 19020310 &#8211; compatible con: CATERPILLAR. Marca: COM Automotive &#8211; Producto con calidad y dise\u00f1o originales. Compatible con Delco Remy<\/p>\n","protected":false},"featured_media":20431,"comment_status":"open","ping_status":"closed","template":"","meta":[],"product_brand":[],"product_cat":[8109,8542],"product_tag":[11806,11802,11810,11804,11800],"class_list":{"0":"post-15544","1":"product","2":"type-product","3":"status-publish","4":"has-post-thumbnail","6":"product_cat-alternador-es-2","7":"product_cat-sempreco-es","8":"product_tag-10459217-es","9":"product_tag-19020310-es","10":"product_tag-19020310-com-es","11":"product_tag-3675240rx-es","12":"product_tag-t002000011-es","14":"first","15":"instock","16":"taxable","17":"shipping-taxable","18":"purchasable","19":"product-type-simple"},"_links":{"self":[{"href":"https:\/\/com-automotive.com\/es\/wp-json\/wp\/v2\/product\/15544","targetHints":{"allow":["GET"]}}],"collection":[{"href":"https:\/\/com-automotive.com\/es\/wp-json\/wp\/v2\/product"}],"about":[{"href":"https:\/\/com-automotive.com\/es\/wp-json\/wp\/v2\/types\/product"}],"replies":[{"embeddable":true,"href":"https:\/\/com-automotive.com\/es\/wp-json\/wp\/v2\/comments?post=15544"}],"wp:featuredmedia":[{"embeddable":true,"href":"https:\/\/com-automotive.com\/es\/wp-json\/wp\/v2\/media\/20431"}],"wp:attachment":[{"href":"https:\/\/com-automotive.com\/es\/wp-json\/wp\/v2\/media?parent=15544"}],"wp:term":[{"taxonomy":"product_brand","embeddable":true,"href":"https:\/\/com-automotive.com\/es\/wp-json\/wp\/v2\/product_brand?post=15544"},{"taxonomy":"product_cat","embeddable":true,"href":"https:\/\/com-automotive.com\/es\/wp-json\/wp\/v2\/product_cat?post=15544"},{"taxonomy":"product_tag","embeddable":true,"href":"https:\/\/com-automotive.com\/es\/wp-json\/wp\/v2\/product_tag?post=15544"}],"curies":[{"name":"wp","href":"https:\/\/api.w.org\/{rel}","templated":true}]}}