{"id":15541,"date":"2023-11-15T20:28:07","date_gmt":"2023-11-15T23:28:07","guid":{"rendered":"https:\/\/com-automotive.com\/alternador-12v-200a-0124625044-0124625228-al9963sb-para-case-new-holland-caterpillar\/"},"modified":"2023-11-15T20:28:07","modified_gmt":"2023-11-15T23:28:07","slug":"alternador-12v-200a-0124625044-0124625228-al9963sb-para-case-new-holland-caterpillar","status":"publish","type":"product","link":"https:\/\/com-automotive.com\/es\/alternador-12v-200a-0124625044-0124625228-al9963sb-para-case-new-holland-caterpillar\/","title":{"rendered":"Alternador 12V 200A 0124625044 0124625228 AL9963SB para Case New Holland Caterpillar<span class=\"product-sku\" style=\"display: block; font-size: 0.85em; color: #777; margin-top: 5px; margin-bottom: 5px;\">SKU: 8000.5044-COM<\/span>"},"content":{"rendered":"<h1><strong>COM-AUTOMOTIVE, calidad de dise\u00f1o original.<\/strong><\/h1>\n<p>Alternador 0124625044 12V 200Amp sin polea &#8211; Dise\u00f1o: BOSCH SEG &#8211; OEM: JOHN DEERE<\/p>\n<h2>Preguntas m\u00e1s frecuentes<\/h2>\n<h3><strong>\u00bfCu\u00e1les son las referencias cruzadas?<\/strong><\/h3>\n<p>0124625228, 0124625044, AL9963SB, 5264312, AL9963SB, 8600307, 8600313, DR8600313, 0124.625.228, 0124.625.044<\/p>\n<h2><strong>Tabla de aplicaci\u00f3n<\/strong><\/h2>\n<div>\n<table width=\"1105\">\n<tbody>\n<tr>\n<td width=\"1105\">HARVESTER LKW , CUMMINS M111 M111 11.1 L 12V SOHV L6 DIESEL, 1960-1965.<\/td>\n<\/tr>\n<tr>\n<td>NEW HOLLAND 87715398 87715398B CASE VOLVO PENTA MARINE<\/td>\n<\/tr>\n<tr>\n<td><\/td>\n<\/tr>\n<tr>\n<td>CATERPILLAR CATERPILLAR de 2002 a 2016<\/td>\n<\/tr>\n<tr>\n<td>CUMMINS SERIE K de 2002 a 2002<\/td>\n<\/tr>\n<tr>\n<td>Jonh Deere de 2002 a 2012<\/td>\n<\/tr>\n<tr>\n<td>Cosechadora John Deere de 2002 a 2013<\/td>\n<\/tr>\n<tr>\n<td>CASO: COSECHADORA DE GRANO<\/td>\n<\/tr>\n<tr>\n<td>ORUGA: 3116, 3126<\/td>\n<\/tr>\n<tr>\n<td>CUMMINS: Serie K<\/td>\n<\/tr>\n<\/tbody>\n<\/table>\n<p>&nbsp;<\/p>\n<\/div>\n<div>ATENCI\u00d3N:<\/div>\n<div>Recomendamos que la instalaci\u00f3n la realice un profesional formado y especializado.<\/div>\n<div>S\u00f3lo compra este producto si est\u00e1s seguro de que es compatible con tu veh\u00edculo. Si tienes alguna duda, no dudes en ponerte en contacto con nosotros. Nuestro horario de apertura es de lunes a viernes de 8 a 18 h.<\/div>\n<div><\/div>\n<div>Sobre nosotros<\/div>\n<div>COM Automotive est\u00e1 especializada en piezas de autom\u00f3vil de dise\u00f1o original para el sector de la reparaci\u00f3n posventa, clientes industriales y fabricantes de veh\u00edculos especiales OEM.<\/div>\n<div>Nuestro equipo tiene m\u00e1s de 28 a\u00f1os de experiencia en la fabricaci\u00f3n y el suministro de piezas de automoci\u00f3n a escala mundial.<\/div>\n<div>Nuestra MISI\u00d3N es ofrecer productos de dise\u00f1o original con una calidad impecable y una sustituci\u00f3n personalizada.<\/div>\n<div>Nuestra VISI\u00d3N es promover el crecimiento y un valor inigualable para nuestros clientes.<\/div>\n","protected":false},"excerpt":{"rendered":"<p>0124625044-COM. En stock. Ref: 0124625228, 0124625044, AL9963SB, 5264312, 8600307, 8600313, DR8600313, 87715398, 28SI, ZM 9080501, DITA 10223 &#8211; compatible con: JOHN DEERE. Marca: COM Automotive &#8211; Producto con calidad y dise\u00f1o originales. Compatible con Bosch<\/p>\n","protected":false},"featured_media":18888,"comment_status":"open","ping_status":"closed","template":"","meta":[],"product_brand":[],"product_cat":[8109,8542],"product_tag":[11786,11778,11784,11776,10196,20923,11782,11783,10180,11774,20924,11780,10187,20925,20926],"class_list":{"0":"post-15541","1":"product","2":"type-product","3":"status-publish","4":"has-post-thumbnail","6":"product_cat-alternador-es-2","7":"product_cat-sempreco-es","8":"product_tag-0124-625-228-es","9":"product_tag-0124625044-es","10":"product_tag-0124625044-com-es","11":"product_tag-0124625228-es","12":"product_tag-28si-es","13":"product_tag-4846aah-es","14":"product_tag-5264312-es","15":"product_tag-8600307-es","16":"product_tag-8600313-es","17":"product_tag-87715398-es","18":"product_tag-a0014846aah-es","19":"product_tag-al9963sb-es","20":"product_tag-dr8600313-es","21":"product_tag-lba2117-es","22":"product_tag-lba2117gh-es","24":"first","25":"instock","26":"taxable","27":"shipping-taxable","28":"purchasable","29":"product-type-simple"},"_links":{"self":[{"href":"https:\/\/com-automotive.com\/es\/wp-json\/wp\/v2\/product\/15541","targetHints":{"allow":["GET"]}}],"collection":[{"href":"https:\/\/com-automotive.com\/es\/wp-json\/wp\/v2\/product"}],"about":[{"href":"https:\/\/com-automotive.com\/es\/wp-json\/wp\/v2\/types\/product"}],"replies":[{"embeddable":true,"href":"https:\/\/com-automotive.com\/es\/wp-json\/wp\/v2\/comments?post=15541"}],"wp:featuredmedia":[{"embeddable":true,"href":"https:\/\/com-automotive.com\/es\/wp-json\/wp\/v2\/media\/18888"}],"wp:attachment":[{"href":"https:\/\/com-automotive.com\/es\/wp-json\/wp\/v2\/media?parent=15541"}],"wp:term":[{"taxonomy":"product_brand","embeddable":true,"href":"https:\/\/com-automotive.com\/es\/wp-json\/wp\/v2\/product_brand?post=15541"},{"taxonomy":"product_cat","embeddable":true,"href":"https:\/\/com-automotive.com\/es\/wp-json\/wp\/v2\/product_cat?post=15541"},{"taxonomy":"product_tag","embeddable":true,"href":"https:\/\/com-automotive.com\/es\/wp-json\/wp\/v2\/product_tag?post=15541"}],"curies":[{"name":"wp","href":"https:\/\/api.w.org\/{rel}","templated":true}]}}