{"id":15538,"date":"2023-11-15T20:27:55","date_gmt":"2023-11-15T23:27:55","guid":{"rendered":"https:\/\/com-automotive.com\/alternador-24v-80a-0124555013-51261017271-para-man-tgx-tgl-tgm-2011\/"},"modified":"2023-11-15T20:27:55","modified_gmt":"2023-11-15T23:27:55","slug":"alternador-24v-80a-0124555013-51261017271-para-man-tgx-tgl-tgm-2011","status":"publish","type":"product","link":"https:\/\/com-automotive.com\/es\/alternador-24v-80a-0124555013-51261017271-para-man-tgx-tgl-tgm-2011\/","title":{"rendered":"Alternador 24V 80A 0124555013 51261017271 para MAN TGX TGL TGM 2011&gt;<span class=\"product-sku\" style=\"display: block; font-size: 0.85em; color: #777; margin-top: 5px; margin-bottom: 5px;\">SKU: 8000.5013-COM<\/span>"},"content":{"rendered":"<h1><strong>COM-AUTOMOTIVE, calidad de dise\u00f1o original.<\/strong><\/h1>\n<p>Alternador 0124555013 24V 80Amp sin polea &#8211; Dise\u00f1o: BOSCH SEG &#8211; OEM: MERCEDES MBB<\/p>\n<h2>Preguntas m\u00e1s frecuentes<\/h2>\n<h3><strong>\u00bfCu\u00e1les son las referencias cruzadas?<\/strong><\/h3>\n<p>0124555130, 0124555013, 51261017271, 51261017249, 51261019271<\/p>\n<h2><strong>Tabla de aplicaci\u00f3n<\/strong><\/h2>\n<table width=\"1105\">\n<tbody>\n<tr>\n<td width=\"1105\">MAN TGX 28-440 XL , MAN D26 76 440 D26 76 440 12,4 L 24V DOHC L6 DIESEL, 2013-2023.<\/td>\n<\/tr>\n<tr>\n<td>MAN TGX 29-480 XL , MAN D26 76 480 D26 76 480 12,4 L 24V DOHC L6 DIESEL, 2016-2023.<\/td>\n<\/tr>\n<tr>\n<td>MAN TGX 33-440 , MAN D26 76 440 D26 76 440 12,4 L 24V DOHC L6 DIESEL, 2012-2015.<\/td>\n<\/tr>\n<tr>\n<td>MAN TGX 28-440 XLX , MAN D26 76 440 D26 76 440 12,4 L 24V DOHC L6 DIESEL, 2013-2019.<\/td>\n<\/tr>\n<tr>\n<td>MAN TGX 29-480 XLX , MAN D26 76 480 D26 76 480 12.4 L 24V DOHC L6 DIESEL, 2016-2019.<\/td>\n<\/tr>\n<tr>\n<td>MAN TGX 29-440 XL , MAN D26 76 440 D26 76 440 12,4 L 24V DOHC L6 DIESEL, 2012-2020.<\/td>\n<\/tr>\n<tr>\n<td>MAN TGX 29-440 XLX , MAN D26 76 440 D26 76 440 12,4 L 24V DOHC L6 DIESEL, 2011-2018.<\/td>\n<\/tr>\n<\/tbody>\n<\/table>\n<div><\/div>\n<div><\/div>\n<div>ATENCI\u00d3N:<\/div>\n<div>Recomendamos que la instalaci\u00f3n la realice un profesional formado y especializado.<\/div>\n<div>S\u00f3lo compra este producto si est\u00e1s seguro de que es compatible con tu veh\u00edculo. Si tienes alguna duda, no dudes en ponerte en contacto con nosotros. Nuestro horario de apertura es de lunes a viernes de 8 a 18 h.<\/div>\n<div><\/div>\n<div>Sobre nosotros<\/div>\n<div>COM Automotive est\u00e1 especializada en piezas de autom\u00f3vil de dise\u00f1o original para el sector de la reparaci\u00f3n posventa, clientes industriales y fabricantes de veh\u00edculos especiales OEM.<\/div>\n<div>Nuestro equipo tiene m\u00e1s de 28 a\u00f1os de experiencia en la fabricaci\u00f3n y el suministro de piezas de automoci\u00f3n a escala mundial.<\/div>\n<div>Nuestra MISI\u00d3N es ofrecer productos de dise\u00f1o original con una calidad impecable y una sustituci\u00f3n personalizada.<\/div>\n<div>Nuestra VISI\u00d3N es promover el crecimiento y un valor inigualable para nuestros clientes.<\/div>\n","protected":false},"excerpt":{"rendered":"<p>0124555013-COM. En stock. Ref: 0124555130, 0124555013, 51261017271, 51261017249, 51261019271 &#8211; compatible con: MAN. Marca: COM Automotive &#8211; Producto con calidad y dise\u00f1o originales. Compatible con Bosch<\/p>\n","protected":false},"featured_media":20428,"comment_status":"open","ping_status":"closed","template":"","meta":[],"product_brand":[],"product_cat":[8109],"product_tag":[11754,11757,11753,11755,10439,11756],"class_list":{"0":"post-15538","1":"product","2":"type-product","3":"status-publish","4":"has-post-thumbnail","6":"product_cat-alternador-es-2","7":"product_tag-0124555013-es","8":"product_tag-0124555013-com-es","9":"product_tag-0124555130-es","10":"product_tag-51261017249-es","11":"product_tag-51261017271-es","12":"product_tag-51261019271-es","14":"first","15":"instock","16":"taxable","17":"shipping-taxable","18":"purchasable","19":"product-type-simple"},"_links":{"self":[{"href":"https:\/\/com-automotive.com\/es\/wp-json\/wp\/v2\/product\/15538","targetHints":{"allow":["GET"]}}],"collection":[{"href":"https:\/\/com-automotive.com\/es\/wp-json\/wp\/v2\/product"}],"about":[{"href":"https:\/\/com-automotive.com\/es\/wp-json\/wp\/v2\/types\/product"}],"replies":[{"embeddable":true,"href":"https:\/\/com-automotive.com\/es\/wp-json\/wp\/v2\/comments?post=15538"}],"wp:featuredmedia":[{"embeddable":true,"href":"https:\/\/com-automotive.com\/es\/wp-json\/wp\/v2\/media\/20428"}],"wp:attachment":[{"href":"https:\/\/com-automotive.com\/es\/wp-json\/wp\/v2\/media?parent=15538"}],"wp:term":[{"taxonomy":"product_brand","embeddable":true,"href":"https:\/\/com-automotive.com\/es\/wp-json\/wp\/v2\/product_brand?post=15538"},{"taxonomy":"product_cat","embeddable":true,"href":"https:\/\/com-automotive.com\/es\/wp-json\/wp\/v2\/product_cat?post=15538"},{"taxonomy":"product_tag","embeddable":true,"href":"https:\/\/com-automotive.com\/es\/wp-json\/wp\/v2\/product_tag?post=15538"}],"curies":[{"name":"wp","href":"https:\/\/api.w.org\/{rel}","templated":true}]}}