{"id":15535,"date":"2023-11-15T20:27:13","date_gmt":"2023-11-15T23:27:13","guid":{"rendered":"https:\/\/com-automotive.com\/alternador-12v-140a-0124525566-0124525565-me230743-para-iveco-daily-4-0112\/"},"modified":"2023-11-15T20:27:13","modified_gmt":"2023-11-15T23:27:13","slug":"alternador-12v-140a-0124525566-0124525565-me230743-para-iveco-daily-4-0112","status":"publish","type":"product","link":"https:\/\/com-automotive.com\/es\/alternador-12v-140a-0124525566-0124525565-me230743-para-iveco-daily-4-0112\/","title":{"rendered":"Alternador 12V 140A 0124525566 0124525565 ME230743 para Iveco Daily 4 01&gt;12<span class=\"product-sku\" style=\"display: block; font-size: 0.85em; color: #777; margin-top: 5px; margin-bottom: 5px;\">SKU: 8000.5566-COM<\/span>"},"content":{"rendered":"<h1><strong>COM-AUTOMOTIVE, calidad de dise\u00f1o original.<\/strong><\/h1>\n<p>Alternador 0124525566 12V 75\/140A con polea &#8211; Dise\u00f1o: BOSCH SEG &#8211; OEM: IVECO<\/p>\n<h2>Preguntas m\u00e1s frecuentes<\/h2>\n<h3><strong>\u00bfCu\u00e1les son las referencias cruzadas?<\/strong><\/h3>\n<p>0124525565, 0124525566, ME230743<\/p>\n<h2><strong>Tabla de aplicaci\u00f3n<\/strong><\/h2>\n<table width=\"1105\">\n<tbody>\n<tr>\n<td width=\"1105\">IVECO DAILY 35S14 FURGONETA CS , FPT INDUSTRIAL F1C DS F1C DS 3.0 L 16V DOHC L4 DIESEL, 2012-2019.<\/td>\n<\/tr>\n<tr>\n<td>IVECO DAILY 70C16 4350 CITY CLASS , FPT INDUSTRIAL F1C E 0481 F1C E 0481 3.0 L 16V DOHC L4 DIESEL, 2008-2018.<\/td>\n<\/tr>\n<tr>\n<td>IVECO DAILY 35S14 FURGONETA CD , FPT INDUSTRIAL F1C DS F1C DS 3.0 L 16V DOHC L4 DIESEL, 2012-2018.<\/td>\n<\/tr>\n<tr>\n<td>IVECO DAILY 35S14 FURGONETA 3000 CS , FPT INDUSTRIAL F1C E 0481 F1C E 0481 3.0 L 16V DOHC L4 DIESEL, 2007-2011.<\/td>\n<\/tr>\n<tr>\n<td>IVECO DAILY 70C16 , FPT INDUSTRIAL F1C E 0481 F1C E 0481 3.0 L 16V SOHV L4 DIESEL, 2008-2013.<\/td>\n<\/tr>\n<tr>\n<td>IVECO DAILY 35S14 , FPT INDUSTRIAL F1C WG &#8211; EGR F1C WG &#8211; EGR 3.0 L 16V SOHV L4 DIESEL, 2016-2021.<\/td>\n<\/tr>\n<tr>\n<td>IVECO DAILY 35S14 FURGONETA 3450 CS , FPT INDUSTRIAL F1C E 0481 F1C E 0481 3.0 L 16V DOHC L4 DIESEL, 2007-2011.<\/td>\n<\/tr>\n<tr>\n<td>IVECO DAILY 55C17 GRAN FURGONETA , FPT INDUSTRIAL F1C DS &#8211; EGR F1C DS &#8211; EGR 3.0 L 16V DOHC L4 DIESEL, 2012-2019.<\/td>\n<\/tr>\n<tr>\n<td>IVECO DAILY 70C17 CAMI\u00d3N HDCS , FPT INDUSTRIAL F1C DS &#8211; EGR F1C DS &#8211; EGR 3.0 L 16V SOHV L4 DIESEL, 2014-2021.<\/td>\n<\/tr>\n<tr>\n<td>IVECO DAILY 55C16 FURGONETA 3750 CS , FPT INDUSTRIAL F1C E 0481 F1C E 0481 3.0 L 16V DOHC L4 DIESEL, 2007-2011.<\/td>\n<\/tr>\n<tr>\n<td>IVECO DAILY 55C16 FURGONETA 3450 CS , FPT INDUSTRIAL F1C E 0481 F1C E 0481 3.0 L 16V DOHC L4 DIESEL, 2007-2011.<\/td>\n<\/tr>\n<tr>\n<td>IVECO DAILY 55C17 MINIB\u00daS DOBLE CABINA , FPT INDUSTRIAL F1C DS &#8211; EGR F1C DS &#8211; EGR 3.0 L 16V DOHC L4 DIESEL, 2007-2021.<\/td>\n<\/tr>\n<tr>\n<td>IVECO DAILY 70C16 HD MASSIMO , FPT INDUSTRIAL F1C E 0481 F1C E 0481 3.0 L 16V SOHV L4 DIESEL, 2010-2016.<\/td>\n<\/tr>\n<tr>\n<td>IVECO DAILY 45S17 GRAN FURGONETA , FPT INDUSTRIAL F1C DS &#8211; EGR F1C DS &#8211; EGR 3.0 L 16V DOHC L4 DIESEL, 2012-2021.<\/td>\n<\/tr>\n<tr>\n<td>IVECO DAILY 55C16 FURGONETA 3450 , FPT INDUSTRIAL F1C E 0481 F1C E 0481 3.0 L 16V DOHC L4 DIESEL, 2008-2011.<\/td>\n<\/tr>\n<tr>\n<td>IVECO DAILY 55C17 , FPT INDUSTRIAL F1C DS &#8211; EGR F1C DS &#8211; EGR 3.0 L 16V SOHV L4 DIESEL, 2016-2021.<\/td>\n<\/tr>\n<tr>\n<td>IVECO DAILY 55C17 MINIB\u00daS 15L , FPT INDUSTRIAL F1C DS &#8211; EGR F1C DS &#8211; EGR 3.0 L 16V DOHC L4 DIESEL, 2012-2021.<\/td>\n<\/tr>\n<tr>\n<td>IVECO DAILY 55C17 MAXI FURGONE , FPT INDUSTRIAL F1C DS &#8211; EGR F1C DS &#8211; EGR 3.0 L 16V DOHC L4 DIESEL, 2012-2017.<\/td>\n<\/tr>\n<tr>\n<td>IVECO DAILY 70C17 CAMI\u00d3N HDCD , FPT INDUSTRIAL F1C DS &#8211; EGR F1C DS &#8211; EGR 3.0 L 16V SOHV L4 DIESEL, 2014-2021.<\/td>\n<\/tr>\n<tr>\n<td>IVECO DAILY 35S14 GRAN FURGONE 3300 H2 , FPT INDUSTRIAL F1C E 0481 F1C E 0481 3.0 L 16V DOHC L4 DIESEL, 2007-2012.<\/td>\n<\/tr>\n<tr>\n<td>IVECO DAILY 45S14 FURGONETA HM 3300 , FPT INDUSTRIAL F1C E 0481 F1C E 0481 3.0 L 16V DOHC L4 DIESEL, 2008-2011.<\/td>\n<\/tr>\n<tr>\n<td>IVECO DAILY 35S14 FURGONETA 3000 , FPT INDUSTRIAL F1C E 0481 F1C E 0481 3.0 L 16V DOHC L4 DIESEL, 2009-2011.<\/td>\n<\/tr>\n<tr>\n<td>IVECO DAILY 55C16 3950 VETRATO , FPT INDUSTRIAL F1C E 0481 F1C E 0481 3.0 L 16V SOHC L4 DIESEL, 2008-2016.<\/td>\n<\/tr>\n<tr>\n<td>IVECO DAILY 55C16 GRAN FURGONE 3950 H2 , FPT INDUSTRIAL F1C E 0481 F1C E 0481 3.0 L 16V DOHC L4 DIESEL, 2007-2011.<\/td>\n<\/tr>\n<tr>\n<td>IVECO DAILY 45S17 , FPT INDUSTRIAL F1C DS &#8211; EGR F1C DS &#8211; EGR 3.0L 16V SOHV L4 DIESEL, 2016-2021.<\/td>\n<\/tr>\n<tr>\n<td>IVECO DAILY 70C16 4350 SCUDATO , FPT INDUSTRIAL F1C E 0481 F1C E 0481 3.0 L 16V DOHC L4 DIESEL, 2009-2016.<\/td>\n<\/tr>\n<tr>\n<td>IVECO DAILY 45-170 , FPT INDUSTRIAL F1C DS &#8211; EGR F1C DS &#8211; EGR 3.0 L 16V DOHC L4 DIESEL, 2020-2021.<\/td>\n<\/tr>\n<tr>\n<td>IVECO DAILY 35S14 FURGONETA 3000 H1 , FPT INDUSTRIAL F1C E 0481 F1C E 0481 3.0 L 16V DOHC L4 DIESEL, 2007-2011.<\/td>\n<\/tr>\n<tr>\n<td>IVECO DAILY 40S14 , FPT INDUSTRIAL F1C WG &#8211; EGR F1C WG &#8211; EGR 3.0 L 16V SOHV L4 DIESEL, 2016-2021.<\/td>\n<\/tr>\n<tr>\n<td>IVECO DAILY 35S14 FURGONETA 35 S 14 3000 , FPT INDUSTRIAL F1C E 0481 F1C E 0481 3.0 L 16V DOHC L4 DIESEL, 2007-2012.<\/td>\n<\/tr>\n<tr>\n<td>IVECO DAILY 55C16 GRAN FURGONE 3300 H2 , FPT INDUSTRIAL F1C E 0481 F1C E 0481 3.0 L 16V DOHC L4 DIESEL, 2007-2011.<\/td>\n<\/tr>\n<tr>\n<td>IVECO DAILY 50C17 MINIB\u00daS , FPT INDUSTRIAL F1C DS &#8211; EGR F1C DS &#8211; EGR 3.0 L 16V DOHC L4 DIESEL, 2020-2021.<\/td>\n<\/tr>\n<tr>\n<td>IVECO DAILY 55C16 FURGONETA 4X2 , FPT INDUSTRIAL F1C E 0481 F1C E 0481 3.0 L 16V DOHC L4 DIESEL, 2009-2011.<\/td>\n<\/tr>\n<tr>\n<td>IVECO DAILY 55C16 3950 , FPT INDUSTRIAL F1C E 0481 F1C E 0481 3.0 L 16V SOHC L4 DIESEL, 2009-2016.<\/td>\n<\/tr>\n<tr>\n<td>CHASIS IVECO DAILY 70C17 , FPT INDUSTRIAL F1C DS &#8211; EGR F1C DS &#8211; EGR 3.0 L 16V SOHC L4 DIESEL, 2017-2021.<\/td>\n<\/tr>\n<tr>\n<td>IVECO DAILY 55-170 , FPT INDUSTRIAL F1C DS &#8211; EGR F1C DS &#8211; EGR 3.0 L 16V DOHC L4 DIESEL, 2020-2021.<\/td>\n<\/tr>\n<tr>\n<td>IVECO DAILY 70C16 3750 SCUDATO , FPT INDUSTRIAL F1C E 0481 F1C E 0481 3.0 L 16V DOHC L4 DIESEL, 2008-2016.<\/td>\n<\/tr>\n<tr>\n<td>IVECO DAILY 65-170 , FPT INDUSTRIAL F1C DS &#8211; EGR F1C DS &#8211; EGR 3.0 L 16V DOHC L4 DIESEL, 2020-2021.<\/td>\n<\/tr>\n<tr>\n<td>IVECO DAILY 55C17 MINIB\u00daS 18L , FPT INDUSTRIAL F1C DS &#8211; EGR F1C DS &#8211; EGR 3.0 L 16V DOHC L4 DIESEL, 2012-2017.<\/td>\n<\/tr>\n<tr>\n<td>IVECO DAILY 70-170 , FPT INDUSTRIAL F1C DS &#8211; EGR F1C DS &#8211; EGR 3.0 L 16V DOHC L4 DIESEL, 2020-2021.<\/td>\n<\/tr>\n<tr>\n<td>IVECO DAILY 55-170 FURGONETA , FPT INDUSTRIAL F1C DS &#8211; EGR F1C DS &#8211; EGR 3.0 L 16V DOHC L4 DIESEL, 2020-2021.<\/td>\n<\/tr>\n<tr>\n<td>IVECO DAILY 70C17 CAMI\u00d3N CS , FPT INDUSTRIAL F1C DS &#8211; EGR F1C DS &#8211; EGR 3.0 L 16V SOHV L4 DIESEL, 2011-2021.<\/td>\n<\/tr>\n<tr>\n<td>IVECO DAILY 45S17 VETRATO , FPT INDUSTRIAL F1C DS &#8211; EGR F1C DS &#8211; EGR 3.0 L 16V DOHC L4 DIESEL, 2020-2021.<\/td>\n<\/tr>\n<tr>\n<td>IVECO DAILY 45S17 MINIB\u00daS , FPT INDUSTRIAL F1C DS &#8211; EGR F1C DS &#8211; EGR 3.0 L 16V DOHC L4 DIESEL, 2019-2021.<\/td>\n<\/tr>\n<tr>\n<td>IVECO DAILY 50C17 VETRATO , FPT INDUSTRIAL F1C DS &#8211; EGR F1C DS &#8211; EGR 3.0 L 16V DOHC L4 DIESEL, 2020-2021. 0124525566 0124525566 0124525566<\/td>\n<\/tr>\n<\/tbody>\n<\/table>\n<p>&nbsp;<\/p>\n<div>ATENCI\u00d3N:<\/div>\n<div>Recomendamos que la instalaci\u00f3n de 0124525566 la realice un profesional formado y especializado.<\/div>\n<div>S\u00f3lo adquiera este producto en 0124525566 si est\u00e1 seguro de que es compatible con su veh\u00edculo. Si tiene alguna duda, no dude en ponerse en contacto con nosotros. Nuestro horario de apertura es de lunes a viernes de 8 a 18 h.<\/div>\n<div><\/div>\n<div>Sobre nosotros<\/div>\n<div>COM Automotive est\u00e1 especializada en piezas de autom\u00f3vil de dise\u00f1o original para el sector de la reparaci\u00f3n posventa, clientes industriales y fabricantes de veh\u00edculos especiales OEM.<\/div>\n<div>Nuestro equipo tiene m\u00e1s de 28 a\u00f1os de experiencia en la fabricaci\u00f3n y el suministro de piezas de automoci\u00f3n a escala mundial.<\/div>\n<div>Nuestra MISI\u00d3N es ofrecer productos de dise\u00f1o original con una calidad impecable y una sustituci\u00f3n personalizada.<\/div>\n<div>Nuestra VISI\u00d3N es promover el crecimiento y un valor inigualable para nuestros clientes.<\/div>\n","protected":false},"excerpt":{"rendered":"<p>0124525566-COM. En stock. Ref: 0124525565, 0124525566, ME230743 &#8211; compatible con: IVECO. Marca: COM Automotive &#8211; Producto con calidad y dise\u00f1o originales. Compatible con Bosch<\/p>\n","protected":false},"featured_media":20426,"comment_status":"open","ping_status":"closed","template":"","meta":[],"product_brand":[],"product_cat":[8109],"product_tag":[11733,11734,11737,11735],"class_list":{"0":"post-15535","1":"product","2":"type-product","3":"status-publish","4":"has-post-thumbnail","6":"product_cat-alternador-es-2","7":"product_tag-0124525565-es","8":"product_tag-0124525566-es","9":"product_tag-0124525566-com-es","10":"product_tag-me230743-es","12":"first","13":"instock","14":"taxable","15":"shipping-taxable","16":"purchasable","17":"product-type-simple"},"_links":{"self":[{"href":"https:\/\/com-automotive.com\/es\/wp-json\/wp\/v2\/product\/15535","targetHints":{"allow":["GET"]}}],"collection":[{"href":"https:\/\/com-automotive.com\/es\/wp-json\/wp\/v2\/product"}],"about":[{"href":"https:\/\/com-automotive.com\/es\/wp-json\/wp\/v2\/types\/product"}],"replies":[{"embeddable":true,"href":"https:\/\/com-automotive.com\/es\/wp-json\/wp\/v2\/comments?post=15535"}],"wp:featuredmedia":[{"embeddable":true,"href":"https:\/\/com-automotive.com\/es\/wp-json\/wp\/v2\/media\/20426"}],"wp:attachment":[{"href":"https:\/\/com-automotive.com\/es\/wp-json\/wp\/v2\/media?parent=15535"}],"wp:term":[{"taxonomy":"product_brand","embeddable":true,"href":"https:\/\/com-automotive.com\/es\/wp-json\/wp\/v2\/product_brand?post=15535"},{"taxonomy":"product_cat","embeddable":true,"href":"https:\/\/com-automotive.com\/es\/wp-json\/wp\/v2\/product_cat?post=15535"},{"taxonomy":"product_tag","embeddable":true,"href":"https:\/\/com-automotive.com\/es\/wp-json\/wp\/v2\/product_tag?post=15535"}],"curies":[{"name":"wp","href":"https:\/\/api.w.org\/{rel}","templated":true}]}}