{"id":15534,"date":"2023-11-15T20:27:06","date_gmt":"2023-11-15T23:27:06","guid":{"rendered":"https:\/\/com-automotive.com\/alternador-24v-80a-0124555065-0124555168-a0141545302-axor-actros-atego-eletr-05\/"},"modified":"2023-11-15T20:27:06","modified_gmt":"2023-11-15T23:27:06","slug":"alternador-24v-80a-0124555065-0124555168-a0141545302-axor-actros-atego-eletr-05","status":"publish","type":"product","link":"https:\/\/com-automotive.com\/es\/alternador-24v-80a-0124555065-0124555168-a0141545302-axor-actros-atego-eletr-05\/","title":{"rendered":"Alternador 24V 80A 0124555065 0124555168 A0141545302 Axor Actros Atego eletr 05&gt;<span class=\"product-sku\" style=\"display: block; font-size: 0.85em; color: #777; margin-top: 5px; margin-bottom: 5px;\">SKU: 8000.5065-COM<\/span>"},"content":{"rendered":"<h1><strong>COM-AUTOMOTIVE, calidad de dise\u00f1o original.<\/strong><\/h1>\n<p>Alternador 0124555065 24V 80Amp sin polea &#8211; Dise\u00f1o: BOSCH SEG &#8211; OEM: MERCEDES<\/p>\n<h2>Preguntas m\u00e1s frecuentes<\/h2>\n<h3><strong>\u00bfCu\u00e1les son las referencias cruzadas?<\/strong><\/h3>\n<p>0124555168, 0124555065, A0141545302, 07804800, 1516515R, 75261183, 121541002, 121546802, 12154680280, 131544002, 13154530280, 131547802, 141545302, 14154530280, A0121541002, A0121546802, A012154680280, A0131544002, A0131547802, A013154780280, A014154530280, A014154530287<\/p>\n<h2><strong>Tabla de aplicaci\u00f3n<\/strong><\/h2>\n<table style=\"height: 2906px;\" width=\"1233\">\n<tbody>\n<tr>\n<td width=\"1105\">MERCEDES BENZ ACTROS 2651\/36 ESTRADEIRO SUSPENSI\u00d3N MET\u00c1LICA , MERCEDES BENZ OM 460 LA BLUETEC 5 OM 460 LA 13.0 L 24V SOHV L6 DIESEL, 2016-2023.<\/td>\n<\/tr>\n<tr>\n<td>MERCEDES BENZ ACTROS 2546\/33 , MERCEDES BENZ OM 460 LA BLUETEC 5 OM 460 LA 13.0 L 24V SOHV L6 DIESEL, 2011-2023.<\/td>\n<\/tr>\n<tr>\n<td>MERCEDES BENZ LS 1634 , MERCEDES BENZ OM 457 LA OM 457 LA 12.0 L 24V SOHV L6 DIESEL, 2006-2018.<\/td>\n<\/tr>\n<tr>\n<td>MERCEDES BENZ AXOR 2540 S , MERCEDES BENZ OM 457 LA OM 457 LA 12.0 L 24V SOHV L6 DIESEL, 2005-2016.<\/td>\n<\/tr>\n<tr>\n<td>MERCEDES BENZ AXOR 2544\/36 ESTRADEIRO MET\u00c1LICO SUSPENSI\u00d3N , MERCEDES BENZ OM 457 LA BLUETEC 5 OM 457 LA 12.0 L 24V SOHV L6 DIESEL, 2011-2023.<\/td>\n<\/tr>\n<tr>\n<td>MERCEDES BENZ AXOR 3344\/33 , MERCEDES BENZ OM 457 LA BLUETEC 5 OM 457 LA 12.0 L 24V SOHV L6 DIESEL, 2011-2023.<\/td>\n<\/tr>\n<tr>\n<td>MERCEDES BENZ AXOR 2544\/31 TRADESMAN SUSPENSI\u00d3N NEUM\u00c1TICA , MERCEDES BENZ OM 457 LA BLUETEC 5 OM 457 LA 12.0 L 24V SOHV L6 DIESEL, 2011-2023.<\/td>\n<\/tr>\n<tr>\n<td>MERCEDES BENZ LS 1938 , MERCEDES BENZ OM 457 LA OM 457 LA 12.0 L 24V SOHV L6 DIESEL, 1998-2005.<\/td>\n<\/tr>\n<tr>\n<td>MERCEDES BENZ AXOR 3344\/48 , MERCEDES BENZ OM 457 LA BLUETEC 5 OM 457 LA 12.0 L 24V SOHV L6 DIESEL, 2011-2019.<\/td>\n<\/tr>\n<tr>\n<td>MERCEDES BENZ AXOR 2544\/33 , MERCEDES BENZ OM 457 LA OM 457 LA 12.0 L 24V SOHV L6 DIESEL, 2005-2011.<\/td>\n<\/tr>\n<tr>\n<td>MERCEDES BENZ ATRON 1635\/45 , MERCEDES BENZ OM 457 LA BLUETEC 5 OM 457 LA 12.0 L 24V SOHV L6 DIESEL, 2012-2023.<\/td>\n<\/tr>\n<tr>\n<td>MERCEDES BENZ ACTROS 2651\/33 TRADESMAN SUSPENSI\u00d3N NEUM\u00c1TICA , MERCEDES BENZ OM 460 LA BLUETEC 5 OM 460 LA 13.0 L 24V SOHV L6 DIESEL, 2011-2023.<\/td>\n<\/tr>\n<tr>\n<td>MERCEDES BENZ AXOR 3344\/33 , MERCEDES BENZ OM 457 LA OM 457 LA 12.0 L 24V SOHV L6 DIESEL, 2005-2015.<\/td>\n<\/tr>\n<tr>\n<td>MERCEDES BENZ O 400 RSD , MERCEDES BENZ OM 457 LA OM 457 LA 12.0 L 24V SOHV L6 DIESEL, 1995-2005.<\/td>\n<\/tr>\n<tr>\n<td>MERCEDES BENZ O 500 RS 1836 , MERCEDES BENZ OM 457 LA OM 457 LA 12.0 L 24V SOHV L6 DIESEL, 2005-2013.<\/td>\n<\/tr>\n<tr>\n<td>MERCEDES BENZ O 500 RSD , MERCEDES BENZ OM 457 LA BLUETEC 5 OM 457 LA 12.0 L 24V SOHV L6 DIESEL, 2012-2016.<\/td>\n<\/tr>\n<tr>\n<td>MERCEDES BENZ ACTROS 2546\/33 LS , MERCEDES BENZ OM 501 LA OM 501 LA 12.0 L 24V SOHV V6 DIESEL, 2010-2013.<\/td>\n<\/tr>\n<tr>\n<td>MERCEDES BENZ O 400 RSE , MERCEDES BENZ OM 457 LA OM 457 LA 12.0 L 24V SOHV L6 DIESEL, 1995-2005.<\/td>\n<\/tr>\n<tr>\n<td>MERCEDES BENZ AXOR 2041\/36 TRADESMAN SUSPENSI\u00d3N NEUM\u00c1TICA , MERCEDES BENZ OM 457 LA BLUETEC 5 OM 457 LA 12.0 L 24V SOHV L6 DIESEL, 2011-2023.<\/td>\n<\/tr>\n<tr>\n<td>MERCEDES BENZ AXOR 2544\/36 SUSPENSI\u00d3N MET\u00c1LICA POLIVALENTE , MERCEDES BENZ OM 457 LA BLUETEC 5 OM 457 LA 12.0 L 24V SOHV L6 DIESEL, 2011-2019.<\/td>\n<\/tr>\n<tr>\n<td>MERCEDES BENZ 1938 S , MERCEDES BENZ OM 457 LA OM 457 LA 12.0 L 24V SOHV L6 DIESEL, 2000-2006.<\/td>\n<\/tr>\n<tr>\n<td>MERCEDES BENZ O 500 RSD 2436 , MERCEDES BENZ OM 457 LA BLUETEC 5 OM 457 LA 12.0 L 24V SOHV L6 DIESEL, 2015-2023.<\/td>\n<\/tr>\n<tr>\n<td>MERCEDES BENZ AXOR 2035 S , MERCEDES BENZ OM 457 LA OM 457 LA 12.0 L 24V SOHV L6 DIESEL, 2005-2016.<\/td>\n<\/tr>\n<tr>\n<td>MERCEDES BENZ ACTROS 2651\/33 SUSPENSI\u00d3N NEUM\u00c1TICA POLIVALENTE , MERCEDES BENZ OM 460 LA BLUETEC 5 OM 460 LA 13.0 L 24V SOHV L6 DIESEL, 2016-2019.<\/td>\n<\/tr>\n<tr>\n<td>MERCEDES BENZ AXOR 4144\/33 , MERCEDES BENZ OM 457 LA BLUETEC 5 OM 457 LA 12.0 L 24V SOHV L6 DIESEL, 2011-2023.<\/td>\n<\/tr>\n<tr>\n<td>MERCEDES BENZ AXOR 4144 K , MERCEDES BENZ OM 457 LA OM 457 LA 12.0 L 24V SOHV L6 DIESEL, 2006-2015.<\/td>\n<\/tr>\n<tr>\n<td>MERCEDES BENZ AXOR 2536\/36 ESTRADEIRO MET\u00c1LICO SUSPENSI\u00d3N , MERCEDES BENZ OM 457 LA BLUETEC 5 OM 457 LA 12.0 L 24V SOHV L6 DIESEL, 2011-2023.<\/td>\n<\/tr>\n<tr>\n<td>MERCEDES BENZ AXOR 3340 , MERCEDES BENZ OM 457 LA OM 457 LA 12.0 L 24V SOHV L6 DIESEL, 2005-2019.<\/td>\n<\/tr>\n<tr>\n<td>MERCEDES BENZ AXOR 2536\/31 TRADESMAN SUSPENSI\u00d3N NEUM\u00c1TICA , MERCEDES BENZ OM 457 LA BLUETEC 5 OM 457 LA 12.0 L 24V SOHV L6 DIESEL, 2011-2023.<\/td>\n<\/tr>\n<tr>\n<td>MERCEDES BENZ AXOR 2644 S , MERCEDES BENZ OM 457 LA OM 457 LA 12.0 L 24V SOHV L6 DIESEL, 2005-2012.<\/td>\n<\/tr>\n<tr>\n<td>MERCEDES BENZ AXOR 2036\/36 TRADESMAN SUSPENSI\u00d3N NEUM\u00c1TICA , MERCEDES BENZ OM 457 LA BLUETEC 5 OM 457 LA 12.0 L 24V SOHV L6 DIESEL, 2011-2023.<\/td>\n<\/tr>\n<tr>\n<td>MERCEDES BENZ AXOR 2644\/33 ROADSTER SUSPENSI\u00d3N MET\u00c1LICA , MERCEDES BENZ OM 457 LA BLUETEC 5 OM 457 LA 12.0 L 24V SOHV L6 DIESEL, 2011-2023.<\/td>\n<\/tr>\n<tr>\n<td>MERCEDES BENZ O 500 RSDD 2741 , MERCEDES BENZ OM 457 LA BLUETEC 5 OM 457 LA 12.0 L 24V SOHV L6 DIESEL, 2015-2023.<\/td>\n<\/tr>\n<tr>\n<td>MERCEDES BENZ O 500 UDA 3736 , MERCEDES BENZ OM 457 LA BLUETEC 5 OM 457 LA 12.0 L 24V SOHV L6 DIESEL, 2015-2023.<\/td>\n<\/tr>\n<tr>\n<td>MERCEDES BENZ AXOR 2036\/36 ESTRADEIRO MET\u00c1LICO SUSPENSI\u00d3N , MERCEDES BENZ OM 457 LA BLUETEC 5 OM 457 LA 12.0 L 24V SOHV L6 DIESEL, 2011-2023.<\/td>\n<\/tr>\n<tr>\n<td>MERCEDES BENZ O 500 RS , MERCEDES BENZ OM 457 LA BLUETEC 5 OM 457 LA 12.0 L 24V SOHV L6 DIESEL, 2012-2016.<\/td>\n<\/tr>\n<tr>\n<td>MERCEDES BENZ ACTROS 2646\/33 TRADESMAN SUSPENSI\u00d3N NEUM\u00c1TICA , MERCEDES BENZ OM 460 LA BLUETEC 5 OM 460 LA 13.0 L 24V SOHV L6 DIESEL, 2011-2018.<\/td>\n<\/tr>\n<tr>\n<td>MERCEDES BENZ AXOR 2644\/33 SUSPENSI\u00d3N MET\u00c1LICA POLIVALENTE , MERCEDES BENZ OM 457 LA BLUETEC 5 OM 457 LA 12.0 L 24V SOHV L6 DIESEL, 2013-2019.<\/td>\n<\/tr>\n<tr>\n<td>MERCEDES BENZ O 500 RSD 2236 , MERCEDES BENZ OM 457 LA OM 457 LA 12.0 L 24V SOHV L6 DIESEL, 2005-2010.<\/td>\n<\/tr>\n<tr>\n<td>MERCEDES BENZ O 500 RSD 2436 , MERCEDES BENZ OM 457 LA OM 457 LA 12.0 L 24V SOHV L6 DIESEL, 2008-2013.<\/td>\n<\/tr>\n<tr>\n<td>MERCEDES BENZ AXOR 2644\/36 SUSPENSI\u00d3N MET\u00c1LICA POLIVALENTE , MERCEDES BENZ OM 457 LA BLUETEC 5 OM 457 LA 12.0 L 24V SOHV L6 DIESEL, 2013-2023.<\/td>\n<\/tr>\n<tr>\n<td>MERCEDES BENZ AXOR 2041\/36 ESTRADEIRO MET\u00c1LICO SUSPENSI\u00d3N , MERCEDES BENZ OM 457 LA BLUETEC 5 OM 457 LA 12.0 L 24V SOHV L6 DIESEL, 2011-2023.<\/td>\n<\/tr>\n<tr>\n<td>MERCEDES BENZ AXOR 2644\/33 SUSPENSI\u00d3N NEUM\u00c1TICA PARA CAMIONES , MERCEDES BENZ OM 457 LA BLUETEC 5 OM 457 LA 12.0 L 24V SOHV L6 DIESEL, 2011-2019.<\/td>\n<\/tr>\n<tr>\n<td>MERCEDES BENZ AXOR 2040 S , MERCEDES BENZ OM 457 LA OM 457 LA 12.0 L 24V SOHV L6 DIESEL, 2005-2012.<\/td>\n<\/tr>\n<tr>\n<td>MERCEDES BENZ AXOR 2544\/36 ESTRADEIRO SUSPENSI\u00d3N NEUM\u00c1TICA , MERCEDES BENZ OM 457 LA BLUETEC 5 OM 457 LA 12.0 L 24V SOHV L6 DIESEL, 2011-2019.<\/td>\n<\/tr>\n<tr>\n<td>MERCEDES BENZ LS 2638 , MERCEDES BENZ OM 457 LA OM 457 LA 12.0 L 24V SOHV L6 DIESEL, 1999-2006.<\/td>\n<\/tr>\n<tr>\n<td>MERCEDES BENZ ACTROS 2546\/33 LS (PLUS) , MERCEDES BENZ OM 501 LA OM 501 LA 12.0 L 24V SOHV V6 DIESEL, 2008-2015.<\/td>\n<\/tr>\n<tr>\n<td>MERCEDES BENZ 1944 S , MERCEDES BENZ OM 457 LA OM 457 LA 12.0 L 24V SOHV L6 DIESEL, 2002-2006.<\/td>\n<\/tr>\n<tr>\n<td>MERCEDES BENZ AXOR 2644\/36 ESTRADEIRO MET\u00c1LICO SUSPENSI\u00d3N , MERCEDES BENZ OM 457 LA BLUETEC 5 OM 457 LA 12.0 L 24V SOHV L6 DIESEL, 2011-2019.<\/td>\n<\/tr>\n<tr>\n<td>MERCEDES BENZ AXOR 2640 S , MERCEDES BENZ OM 457 LA OM 457 LA 12.0 L 24V SOHV L6 DIESEL, 2005-2015.<\/td>\n<\/tr>\n<tr>\n<td>MERCEDES BENZ AXOR 2036\/36 SUSPENSI\u00d3N MET\u00c1LICA POLIVALENTE , MERCEDES BENZ OM 457 LA BLUETEC 5 OM 457 LA 12.0 L 24V SOHV L6 DIESEL, 2012-2019.<\/td>\n<\/tr>\n<tr>\n<td>MERCEDES BENZ ACTROS 4844 K , MERCEDES BENZ OM 501 LA OM 501 LA 12.0 L 24V SOHV V6 DIESEL, 2009-2018.<\/td>\n<\/tr>\n<tr>\n<td>MERCEDES BENZ AXOR 2644\/36 TRADESMAN SUSPENSI\u00d3N NEUM\u00c1TICA , MERCEDES BENZ OM 457 LA BLUETEC 5 OM 457 LA 12.0 L 24V SOHV L6 DIESEL, 2011-2019.<\/td>\n<\/tr>\n<tr>\n<td>MERCEDES BENZ AXOR 3341 K , MERCEDES BENZ OM 457 LA BLUETEC 5 OM 457 LA 12.0 L 24V SOHV L6 DIESEL, 2012-2018.<\/td>\n<\/tr>\n<tr>\n<td>MERCEDES BENZ AXOR 2535 , MERCEDES BENZ OM 457 LA OM 457 LA 12.0 L 24V SOHV L6 DIESEL, 2009-2012.<\/td>\n<\/tr>\n<tr>\n<td>MERCEDES BENZ O 500 UDA , MERCEDES BENZ OM 457 LA BLUETEC 5 OM 457 LA 12.0 L 24V SOHV L6 DIESEL, 2012-2016.<\/td>\n<\/tr>\n<tr>\n<td>MERCEDES BENZ O 500 UA , MERCEDES BENZ OM 457 LA BLUETEC 5 OM 457 LA 12.0 L 24V SOHV L6 DIESEL, 2012-2016.<\/td>\n<\/tr>\n<tr>\n<td>MERCEDES BENZ ACTROS 2646\/33 LS , MERCEDES BENZ OM 501 LA OM 501 LA 12.0 L 24V SOHV V6 DIESEL, 2010-2011.<\/td>\n<\/tr>\n<tr>\n<td>MERCEDES BENZ AXOR 2541\/36 ESTRADEIRO MET\u00c1LICO SUSPENSI\u00d3N , MERCEDES BENZ OM 457 LA BLUETEC 5 OM 457 LA 12.0 L 24V SOHV L6 DIESEL, 2012-2020.<\/td>\n<\/tr>\n<tr>\n<td>MERCEDES BENZ O 500 RSD 2441 , MERCEDES BENZ OM 457 LA BLUETEC 5 OM 457 LA 12.0 L 24V SOHV L6 DIESEL, 2015-2018.<\/td>\n<\/tr>\n<tr>\n<td>MERCEDES BENZ AXOR 3341 S , MERCEDES BENZ OM 457 LA BLUETEC 5 OM 457 LA 12.0 L 24V SOHV L6 DIESEL, 2013-2018.<\/td>\n<\/tr>\n<tr>\n<td>MERCEDES BENZ O 500 RS 1836 , MERCEDES BENZ OM 457 LA BLUETEC 5 OM 457 LA 12.0 L 24V SOHV L6 DIESEL, 2015-2018.<\/td>\n<\/tr>\n<tr>\n<td>MERCEDES BENZ O 500 UA 2836 , MERCEDES BENZ OM 457 LA BLUETEC 5 OM 457 LA 12.0 L 24V SOHV L6 DIESEL, 2015-2018.<\/td>\n<\/tr>\n<tr>\n<td>MERCEDES BENZ AXOR 3341 P , MERCEDES BENZ OM 457 LA BLUETEC 5 OM 457 LA 12.0 L 24V SOHV L6 DIESEL, 2013-2018.<\/td>\n<\/tr>\n<tr>\n<td>MERCEDES BENZ ACTROS 2646\/36 ESTRADEIRO SUSPENSI\u00d3N MET\u00c1LICA , MERCEDES BENZ OM 460 LA BLUETEC 5 OM 460 LA 13.0 L 24V SOHV L6 DIESEL, 2011-2023.<\/td>\n<\/tr>\n<tr>\n<td>MERCEDES BENZ AXOR 4141 K , MERCEDES BENZ OM 457 LA BLUETEC 5 OM 457 LA 12.0 L 24V SOHV L6 DIESEL, 2012-2013.<\/td>\n<\/tr>\n<tr>\n<td>MERCEDES BENZ AXOR 2536\/36 TRADESMAN SUSPENSI\u00d3N NEUM\u00c1TICA , MERCEDES BENZ OM 457 LA BLUETEC 5 OM 457 LA 12.0 L 24V SOHV L6 DIESEL, 2011-2019.<\/td>\n<\/tr>\n<tr>\n<td>MERCEDES BENZ AXOR 2044 S , MERCEDES BENZ OM 457 LA OM 457 LA 12.0 L 24V SOHV L6 DIESEL, 2005-2011.<\/td>\n<\/tr>\n<tr>\n<td>MERCEDES BENZ AXOR 2641 33\/36 , MERCEDES BENZ OM 457 LA BLUETEC 5 OM 457 LA 12.0 L 24V SOHV L6 DIESEL, 2012-2015.<\/td>\n<\/tr>\n<tr>\n<td>MERCEDES BENZ ACTROS 2646\/33 SUSPENSI\u00d3N NEUM\u00c1TICA POLIVALENTE , MERCEDES BENZ OM 460 LA BLUETEC 5 OM 460 LA 13.0 L 24V SOHV L6 DIESEL, 2011-2023.<\/td>\n<\/tr>\n<tr>\n<td>MERCEDES BENZ AXOR 2536\/36 SUSPENSI\u00d3N MET\u00c1LICA POLIVALENTE , MERCEDES BENZ OM 457 LA BLUETEC 5 OM 457 LA 12.0 L 24V SOHV L6 DIESEL, 2011-2019.<\/td>\n<\/tr>\n<tr>\n<td>MERCEDES BENZ O 500 MA 2836 , MERCEDES BENZ OM 457 LA BLUETEC 5 OM 457 LA 12.0 L 24V SOHV L6 DIESEL, 2012-2018.<\/td>\n<\/tr>\n<tr>\n<td>MERCEDES BENZ AXOR 2041\/36 SUSPENSI\u00d3N MET\u00c1LICA POLIVALENTE , MERCEDES BENZ OM 457 LA BLUETEC 5 OM 457 LA 12.0 L 24V SOHV L6 DIESEL, 2011-2019.<\/td>\n<\/tr>\n<tr>\n<td>MERCEDES BENZ O 500 RSD 2036 , MERCEDES BENZ OM 457 LA OM 457 LA 12.0 L 24V SOHV L6 DIESEL, 2004-2005.<\/td>\n<\/tr>\n<tr>\n<td>MERCEDES BENZ O 500 RS 1636 , MERCEDES BENZ OM 457 LA OM 457 LA 12.0 L 24V SOHV L6 DIESEL, 2004-2005.<\/td>\n<\/tr>\n<tr>\n<td>MERCEDES BENZ AXOR 4140 K , MERCEDES BENZ OM 457 LA OM 457 LA 12.0 L 24V SOHV L6 DIESEL, 2006-2010.<\/td>\n<\/tr>\n<tr>\n<td>MERCEDES BENZ ACTROS 2655 LS , MERCEDES BENZ OM 502 LA OM 502 LA 16.0 L 32V SOHV V8 DIESEL, 2007-2017. 0124555065 0124555065 0124555065<\/td>\n<\/tr>\n<tr>\n<td>MERCEDES BENZ O 500 MDA 3736 , MERCEDES BENZ OM 457 LA BLUETEC 5 OM 457 LA 12.0 L 24V SOHV L6 DIESEL, 2015-2018.<\/td>\n<\/tr>\n<tr>\n<td>MERCEDES BENZ ACTROS 2045 LS , MERCEDES BENZ OM 460 LA BLUETEC 5 OM 460 LA 13.0 L 24V SOHV L6 DIESEL, 2019-2023.<\/td>\n<\/tr>\n<tr>\n<td>MERCEDES BENZ AXOR 2541\/36 TRADESMAN SUSPENSI\u00d3N NEUM\u00c1TICA , MERCEDES BENZ OM 457 LA BLUETEC 5 OM 457 LA 12.0 L 24V SOHV L6 DIESEL, 2019-2019.<\/td>\n<\/tr>\n<tr>\n<td>MERCEDES BENZ ACTROS 2646\/33 S , MERCEDES BENZ OM 501 LA OM 501 LA 12.0 L 24V SOHV V6 DIESEL, 2010-2015.<\/td>\n<\/tr>\n<tr>\n<td>MERCEDES BENZ ACTROS 2648 LS , MERCEDES BENZ OM 460 LA BLUETEC 5 OM 460 LA 13.0 L 24V SOHV L6 DIESEL, 2019-2023.<\/td>\n<\/tr>\n<tr>\n<td>MERCEDES BENZ 2638 , MERCEDES BENZ OM 457 LA OM 457 LA 12.0 L 24V SOHV L6 DIESEL, 1997-1997. 0124555065 0124555065 0124555065<\/td>\n<\/tr>\n<\/tbody>\n<\/table>\n<div>ATENCI\u00d3N:<\/div>\n<div>Recomendamos que la instalaci\u00f3n de 0124555065 la realice un profesional formado y especializado.<\/div>\n<div>S\u00f3lo adquiera este producto en 0124555065 si est\u00e1 seguro de que es compatible con su veh\u00edculo. Si tiene alguna duda, no dude en ponerse en contacto con nosotros. Nuestro horario de apertura es de lunes a viernes de 8 a 18 h.<\/div>\n<div><\/div>\n<div>Sobre nosotros<\/div>\n<div>COM Automotive est\u00e1 especializada en piezas de autom\u00f3vil de dise\u00f1o original para el sector de la reparaci\u00f3n posventa, clientes industriales y fabricantes de veh\u00edculos especiales OEM.<\/div>\n<div>Nuestro equipo tiene m\u00e1s de 28 a\u00f1os de experiencia en la fabricaci\u00f3n y el suministro de piezas de automoci\u00f3n a escala mundial.<\/div>\n<div>Nuestra MISI\u00d3N es ofrecer productos de dise\u00f1o original con una calidad impecable y una sustituci\u00f3n personalizada.<\/div>\n<div>Nuestra VISI\u00d3N es promover el crecimiento y un valor inigualable para nuestros clientes.<\/div>\n","protected":false},"excerpt":{"rendered":"<p>0124555065-COM. En stock. Ref: 0124555168, 0124555065, A0141545302, 07804800, 1516515R, 75261183, 121541002, 121546802, 12154680280, 131544002, 13154530280, 131547802, 14154530280, A0121541002, A0121546802, A012154680280, A0131544002, A0131547802, A013154780280, A014154530280, A014154530287, 0124555002, 0124555141, 0986042370, F042301116, 0124555002, 0124555007, F000BL07C8, ZM 9010602 &#8211; compatible con: MERCEDES. Marca: COM Automotive &#8211; Producto con calidad y dise\u00f1o originales. Compatible con Bosch<\/p>\n","protected":false},"featured_media":20424,"comment_status":"open","ping_status":"closed","template":"","meta":[],"product_brand":[],"product_cat":[8109,8542],"product_tag":[10321,11709,11730,11708,11711,11714,11715,11716,32651,11717,11718,11719,11721,11712,11713,11722,11723,11724,11725,11726,11727,11710,11728,11729,10653],"class_list":{"0":"post-15534","1":"product","2":"type-product","3":"status-publish","4":"has-post-thumbnail","6":"product_cat-alternador-es-2","7":"product_cat-sempreco-es","8":"product_tag-0124555007-es","9":"product_tag-0124555065-es","10":"product_tag-0124555065-com-es","11":"product_tag-0124555168-es","12":"product_tag-07804800-es","13":"product_tag-121541002-es","14":"product_tag-121546802-es","15":"product_tag-12154680280-es","16":"product_tag-12387n-es","17":"product_tag-131544002-es","18":"product_tag-13154530280-es","19":"product_tag-131547802-es","20":"product_tag-14154530280-es","21":"product_tag-1516515r-es","22":"product_tag-75261183-es","23":"product_tag-a0121541002-es","24":"product_tag-a0121546802-es","25":"product_tag-a012154680280-es","26":"product_tag-a0131544002-es","27":"product_tag-a0131547802-es","28":"product_tag-a013154780280-es","29":"product_tag-a0141545302-es","30":"product_tag-a014154530280-es","31":"product_tag-a014154530287-es","32":"product_tag-f000bl07c8-es","34":"first","35":"instock","36":"taxable","37":"shipping-taxable","38":"purchasable","39":"product-type-simple"},"_links":{"self":[{"href":"https:\/\/com-automotive.com\/es\/wp-json\/wp\/v2\/product\/15534","targetHints":{"allow":["GET"]}}],"collection":[{"href":"https:\/\/com-automotive.com\/es\/wp-json\/wp\/v2\/product"}],"about":[{"href":"https:\/\/com-automotive.com\/es\/wp-json\/wp\/v2\/types\/product"}],"replies":[{"embeddable":true,"href":"https:\/\/com-automotive.com\/es\/wp-json\/wp\/v2\/comments?post=15534"}],"wp:featuredmedia":[{"embeddable":true,"href":"https:\/\/com-automotive.com\/es\/wp-json\/wp\/v2\/media\/20424"}],"wp:attachment":[{"href":"https:\/\/com-automotive.com\/es\/wp-json\/wp\/v2\/media?parent=15534"}],"wp:term":[{"taxonomy":"product_brand","embeddable":true,"href":"https:\/\/com-automotive.com\/es\/wp-json\/wp\/v2\/product_brand?post=15534"},{"taxonomy":"product_cat","embeddable":true,"href":"https:\/\/com-automotive.com\/es\/wp-json\/wp\/v2\/product_cat?post=15534"},{"taxonomy":"product_tag","embeddable":true,"href":"https:\/\/com-automotive.com\/es\/wp-json\/wp\/v2\/product_tag?post=15534"}],"curies":[{"name":"wp","href":"https:\/\/api.w.org\/{rel}","templated":true}]}}