{"id":15532,"date":"2023-11-15T20:23:30","date_gmt":"2023-11-15T23:23:30","guid":{"rendered":"https:\/\/com-automotive.com\/alternador-12v-90a-0124325052-0124325147-para-iveco-vertis-daily-ano-1998\/"},"modified":"2023-11-15T20:23:30","modified_gmt":"2023-11-15T23:23:30","slug":"alternador-12v-90a-0124325052-0124325147-para-iveco-vertis-daily-ano-1998","status":"publish","type":"product","link":"https:\/\/com-automotive.com\/es\/alternador-12v-90a-0124325052-0124325147-para-iveco-vertis-daily-ano-1998\/","title":{"rendered":"Alternador 12V 90A 0124325052 0124325147 para Iveco Vertis Daily a\u00f1o 1998&gt;<span class=\"product-sku\" style=\"display: block; font-size: 0.85em; color: #777; margin-top: 5px; margin-bottom: 5px;\">SKU: 8000.5052-COM<\/span>"},"content":{"rendered":"<h1><strong>COM-AUTOMOTIVE, calidad de dise\u00f1o original.<\/strong><\/h1>\n<p>Alternador 0124325052 12V 90Amp con polea &#8211; Dise\u00f1o: BOSCH SEG &#8211; OEM: IVECO<\/p>\n<h2>Preguntas m\u00e1s frecuentes<\/h2>\n<h3><strong>\u00bfCu\u00e1les son las referencias cruzadas?<\/strong><\/h3>\n<p>0124325147, 0124325052, 504225814, 2855975, C8520046A, 504010576, 504010576<\/p>\n<h2><strong>Tabla de aplicaci\u00f3n<\/strong><\/h2>\n<table width=\"782\">\n<tbody>\n<tr>\n<td width=\"782\">IVECO VERTIS HD 90V18 , FPT INDUSTRIAL NEF4 F4AE3481E 3.9 L 16V SOHV L4 DIESEL, 2013-2019.<\/td>\n<\/tr>\n<tr>\n<td>IVECO VERTIS HD 130V19 , FPT INDUSTRIAL NEF4 F4AE3481A 3.9 L 16V SOHV L4 DIESEL, 2013-2019.<\/td>\n<\/tr>\n<tr>\n<td>IVECO TECTOR 260-E30 , FPT INDUSTRIAL N67 NEF 6 ID 6,7 L 24V SOHV L6 DIESEL, 2016-2023.<\/td>\n<\/tr>\n<tr>\n<td>IVECO VERTIS 130V18 , FPT INDUSTRIAL N40 NEF4 ID 3.9 L 16V SOHV L4 DIESEL, 2010-2012.<\/td>\n<\/tr>\n<tr>\n<td>IVECO TECTOR 240-E30 , FPT INDUSTRIAL N67 NEF 6 ID 6,7 L 24V SOHV L6 DIESEL, 2016-2023.<\/td>\n<\/tr>\n<tr>\n<td>IVECO VERTIS 90V16 , FPT INDUSTRIAL N40 NEF4 ID 3.9 L 16V SOHV L4 DIESEL, 2010-2015.<\/td>\n<\/tr>\n<tr>\n<td>IVECO TECTOR 240-E30 AUTO-SHIFT , FPT INDUSTRIAL N67 NEF 6 ID 6.7 L 24V SOHV L6 DIESEL, 2017-2018.<\/td>\n<\/tr>\n<tr>\n<td>IVECO TECTOR 170-E30 AUTO-SHIFT , FPT INDUSTRIAL N67 NEF 6 ID 6.7 L 24V SOHV L6 DIESEL, 2019-2023.<\/td>\n<\/tr>\n<tr>\n<td>IVECO TECTOR 310-E30 , FPT INDUSTRIAL N67 NEF 6 ID 6.7 L 24V SOHV L6 DIESEL, 2019-2023.<\/td>\n<\/tr>\n<tr>\n<td>IVECO TECTOR 170-E30 T AUTO-SHIFT , FPT INDUSTRIAL N67 NEF 6 ID 6.7 L 24V SOHV L6 DIESEL, 2019-2019.<\/td>\n<\/tr>\n<\/tbody>\n<\/table>\n<p>&nbsp;<\/p>\n<div>ATENCI\u00d3N:<\/div>\n<div>Recomendamos que la instalaci\u00f3n la realice un profesional formado y especializado.<\/div>\n<div>S\u00f3lo compra este producto si est\u00e1s seguro de que es compatible con tu veh\u00edculo. Si tienes alguna duda, no dudes en ponerte en contacto con nosotros. Nuestro horario de apertura es de lunes a viernes de 8 a 18 h.<\/div>\n<div><\/div>\n<div>Sobre nosotros<\/div>\n<div>COM Automotive est\u00e1 especializada en piezas de autom\u00f3vil de dise\u00f1o original para el sector de la reparaci\u00f3n posventa, clientes industriales y fabricantes de veh\u00edculos especiales OEM.<\/div>\n<div>Nuestro equipo tiene m\u00e1s de 28 a\u00f1os de experiencia en la fabricaci\u00f3n y el suministro de piezas de automoci\u00f3n a escala mundial.<\/div>\n<div>Nuestra MISI\u00d3N es ofrecer productos de dise\u00f1o original con una calidad impecable y una sustituci\u00f3n personalizada.<\/div>\n<div>Nuestra VISI\u00d3N es promover el crecimiento y un valor inigualable para nuestros clientes.<\/div>\n","protected":false},"excerpt":{"rendered":"<p>0124325052-COM. En stock. Ref: 0124325147, 0124325052, 504225814, 2855975, C8520046A, 504010576, ZM 9010812 &#8211; compatible con: IVECO. Marca: COM Automotive &#8211; Producto con calidad y dise\u00f1o originales. Compatible con Bosch<\/p>\n","protected":false},"featured_media":18813,"comment_status":"open","ping_status":"closed","template":"","meta":[],"product_brand":[],"product_cat":[8109],"product_tag":[11670,11677,11668,11673,11666,11671,11675],"class_list":{"0":"post-15532","1":"product","2":"type-product","3":"status-publish","4":"has-post-thumbnail","6":"product_cat-alternador-es-2","7":"product_tag-0124325052-es","8":"product_tag-0124325052-com-es","9":"product_tag-0124325147-es","10":"product_tag-2855975-es","11":"product_tag-504010576-es","12":"product_tag-504225814-es","13":"product_tag-c8520046a-es","15":"first","16":"instock","17":"taxable","18":"shipping-taxable","19":"purchasable","20":"product-type-simple"},"_links":{"self":[{"href":"https:\/\/com-automotive.com\/es\/wp-json\/wp\/v2\/product\/15532","targetHints":{"allow":["GET"]}}],"collection":[{"href":"https:\/\/com-automotive.com\/es\/wp-json\/wp\/v2\/product"}],"about":[{"href":"https:\/\/com-automotive.com\/es\/wp-json\/wp\/v2\/types\/product"}],"replies":[{"embeddable":true,"href":"https:\/\/com-automotive.com\/es\/wp-json\/wp\/v2\/comments?post=15532"}],"wp:featuredmedia":[{"embeddable":true,"href":"https:\/\/com-automotive.com\/es\/wp-json\/wp\/v2\/media\/18813"}],"wp:attachment":[{"href":"https:\/\/com-automotive.com\/es\/wp-json\/wp\/v2\/media?parent=15532"}],"wp:term":[{"taxonomy":"product_brand","embeddable":true,"href":"https:\/\/com-automotive.com\/es\/wp-json\/wp\/v2\/product_brand?post=15532"},{"taxonomy":"product_cat","embeddable":true,"href":"https:\/\/com-automotive.com\/es\/wp-json\/wp\/v2\/product_cat?post=15532"},{"taxonomy":"product_tag","embeddable":true,"href":"https:\/\/com-automotive.com\/es\/wp-json\/wp\/v2\/product_tag?post=15532"}],"curies":[{"name":"wp","href":"https:\/\/api.w.org\/{rel}","templated":true}]}}