{"id":15531,"date":"2023-11-15T20:23:03","date_gmt":"2023-11-15T23:23:03","guid":{"rendered":"https:\/\/com-automotive.com\/alternador-12v-80a-1012115240-para-toyota-corolla-g2-1-6-1-8-922002\/"},"modified":"2025-07-08T11:59:57","modified_gmt":"2025-07-08T14:59:57","slug":"alternador-12v-80a-1012115240-para-toyota-corolla-g2-1-6-1-8-922002","status":"publish","type":"product","link":"https:\/\/com-automotive.com\/es\/alternador-12v-80a-1012115240-para-toyota-corolla-g2-1-6-1-8-922002\/","title":{"rendered":"Alternador 12V 70A compatible 1012115240 para Toyota Corolla G2 1.6 1.8 92&gt;2002<span class=\"product-sku\" style=\"display: block; font-size: 0.85em; color: #777; margin-top: 5px; margin-bottom: 5px;\">SKU: 8000.5240-COM<\/span>"},"content":{"rendered":"<h1><strong>COM-AUTOMOTIVE, calidad de dise\u00f1o original.<\/strong><\/h1>\n<p>1012115240 Alternador 12V 70A con Polea &#8211; Dise\u00f1o: DENSO &#8211; OEM: TOYOTA<\/p>\n<h2>Preguntas m\u00e1s frecuentes<\/h2>\n<h3><strong>\u00bfCu\u00e1les son las referencias cruzadas?<\/strong><\/h3>\n<p>T002003001, 101211-5240, 2706002040, 2706002070, 2706015080, 2706015090, 2706015100, 2706015110, 2706015130, 2706015140, 2706015150, 94853222, 94854169, 94854195, 10463398, F042302025, 10463399, 10463921, 10463922, 10480096, 10463398, 10463613, 10480095, 3211018, 3341175, 3342056, 101211-5240<\/p>\n<h2><strong>Tabla de aplicaci\u00f3n<\/strong><\/h2>\n<table width=\"782\">\n<tbody>\n<tr>\n<td width=\"782\">TOYOTA COROLLA DX G-2 4A-FE 1.6 L 16V DOHC L4 GASOLINA 1992-2000<\/td>\n<\/tr>\n<tr>\n<td>TOYOTA COROLLA SE G-3 7A-FE 1.8 L 16V DOHC L4 GASOLINA 1998-2002<\/td>\n<\/tr>\n<tr>\n<td>TOYOTA COROLLA WAGON XLI G-1 4A-FE 1.6 L 16V DOHC L4 GASOLINA 1997-1999<\/td>\n<\/tr>\n<tr>\n<td>TOYOTA COROLLA XEI G-3 7A-FE 1.8 L 16V DOHC L4 GASOLINA 1998-2002<\/td>\n<\/tr>\n<tr>\n<td>TOYOTA COROLLA XLI G-3 4A-FE 1.6 L 16V DOHC L4 GASOLINA 1998-2002 1012115240<\/td>\n<\/tr>\n<\/tbody>\n<\/table>\n<div>ATENCI\u00d3N:<\/div>\n<div><\/div>\n<div>Recomendamos que la instalaci\u00f3n la realice un profesional formado y especializado.<\/div>\n<div>Solo adquiere este producto con la certeza de que es compatible con tu veh\u00edculo, si tienes dudas, no dudes en buscarnos. Nuestro horario de apertura es de lunes a viernes de 8 a 18 h.<\/div>\n<div><\/div>\n<div>Sobre nosotros<\/div>\n<div>COM Automotive est\u00e1 especializada en piezas de autom\u00f3vil de dise\u00f1o original para el sector de la reparaci\u00f3n posventa, clientes industriales y fabricantes de veh\u00edculos especiales OEM.<\/div>\n<div>Nuestro equipo tiene m\u00e1s de 28 a\u00f1os de experiencia en la fabricaci\u00f3n y el suministro de piezas de automoci\u00f3n a escala mundial.<\/div>\n<div>Nuestra MISI\u00d3N es ofrecer productos de dise\u00f1o original con una calidad impecable y una sustituci\u00f3n personalizada.<\/div>\n<div>Nuestra VISI\u00d3N es promover el crecimiento y un valor inigualable para nuestros clientes.<\/div>\n","protected":false},"excerpt":{"rendered":"<p>8000.5240-COM. Compatible con: 2706002040, 2706002070, 2706015080, 2706015090, 2706015100, 2706015110, 2706015130, 2706015140, 2706015150, 94853222, 94854169, 94854195, 10463398, 1012110060, F042302025, T002003001, 10463399, 10463921, 10463922, 10480096, 10463613, 10480095, 3211018, 3341175, 3342056, EURO 70124, 13482N, 80005240.  Marca: COM Automotive &#8211; Producto con calidad y dise\u00f1o originales.<\/p>\n","protected":false},"featured_media":20402,"comment_status":"open","ping_status":"closed","template":"","meta":[],"product_brand":[],"product_cat":[8109],"product_tag":[11706,11705,11690,11694,11700,11696,11698,11701,11699,37039,11667,11669,11672,11674,11676,11678,11680,11682,11683,11702,11703,11704,37040,37042,37041,11684,11686,11688,37038,11692,11664,37037],"class_list":{"0":"post-15531","1":"product","2":"type-product","3":"status-publish","4":"has-post-thumbnail","6":"product_cat-alternador-es-2","7":"product_tag-1012115240-es","8":"product_tag-1012115240-com-es","9":"product_tag-10463398-es","10":"product_tag-10463399-es","11":"product_tag-10463613-es","12":"product_tag-10463921-es","13":"product_tag-10463922-es","14":"product_tag-10480095-es","15":"product_tag-10480096-es","16":"product_tag-13482n-es","17":"product_tag-2706002040-es","18":"product_tag-2706002070-es","19":"product_tag-2706015080-es","20":"product_tag-2706015090-es","21":"product_tag-2706015100-es","22":"product_tag-2706015110-es","23":"product_tag-2706015130-es","24":"product_tag-2706015140-es","25":"product_tag-2706015150-es","26":"product_tag-3211018-es","27":"product_tag-3341175-es","28":"product_tag-3342056-es","29":"product_tag-8000-5240-com-es","30":"product_tag-80005240-es","31":"product_tag-80005240-com-es","32":"product_tag-94853222-es","33":"product_tag-94854169-es","34":"product_tag-94854195-es","35":"product_tag-euro-70053-es","36":"product_tag-f042302025-es","37":"product_tag-t002003001-es","38":"product_tag-zen-44006-es","40":"first","41":"instock","42":"taxable","43":"shipping-taxable","44":"purchasable","45":"product-type-simple"},"_links":{"self":[{"href":"https:\/\/com-automotive.com\/es\/wp-json\/wp\/v2\/product\/15531","targetHints":{"allow":["GET"]}}],"collection":[{"href":"https:\/\/com-automotive.com\/es\/wp-json\/wp\/v2\/product"}],"about":[{"href":"https:\/\/com-automotive.com\/es\/wp-json\/wp\/v2\/types\/product"}],"replies":[{"embeddable":true,"href":"https:\/\/com-automotive.com\/es\/wp-json\/wp\/v2\/comments?post=15531"}],"wp:featuredmedia":[{"embeddable":true,"href":"https:\/\/com-automotive.com\/es\/wp-json\/wp\/v2\/media\/20402"}],"wp:attachment":[{"href":"https:\/\/com-automotive.com\/es\/wp-json\/wp\/v2\/media?parent=15531"}],"wp:term":[{"taxonomy":"product_brand","embeddable":true,"href":"https:\/\/com-automotive.com\/es\/wp-json\/wp\/v2\/product_brand?post=15531"},{"taxonomy":"product_cat","embeddable":true,"href":"https:\/\/com-automotive.com\/es\/wp-json\/wp\/v2\/product_cat?post=15531"},{"taxonomy":"product_tag","embeddable":true,"href":"https:\/\/com-automotive.com\/es\/wp-json\/wp\/v2\/product_tag?post=15531"}],"curies":[{"name":"wp","href":"https:\/\/api.w.org\/{rel}","templated":true}]}}