{"id":15529,"date":"2023-11-15T20:23:25","date_gmt":"2023-11-15T23:23:25","guid":{"rendered":"https:\/\/com-automotive.com\/alternador-24v-130a-8pk-0124655033-re538907-para-jdeere-forest-2154d\/"},"modified":"2023-11-15T20:23:25","modified_gmt":"2023-11-15T23:23:25","slug":"alternador-24v-130a-8pk-0124655033-re538907-para-jdeere-forest-2154d","status":"publish","type":"product","link":"https:\/\/com-automotive.com\/es\/alternador-24v-130a-8pk-0124655033-re538907-para-jdeere-forest-2154d\/","title":{"rendered":"Alternador 24V 130A 8PK 0124655033 RE538907 para JDeere Forest 2154D<span class=\"product-sku\" style=\"display: block; font-size: 0.85em; color: #777; margin-top: 5px; margin-bottom: 5px;\">SKU: 8000.5033-COM<\/span>"},"content":{"rendered":"<h1><strong>COM-AUTOMOTIVE, calidad de dise\u00f1o original.<\/strong><\/h1>\n<p>Alternador 0124655033 24V 130Amp con polea &#8211; Dise\u00f1o: BOSCH SEG &#8211; OEM: John Deere<\/p>\n<h2>Preguntas m\u00e1s frecuentes<\/h2>\n<h3><strong>\u00bfCu\u00e1les son las referencias cruzadas?<\/strong><\/h3>\n<p>0124655852, 0124655033, FF101774, 0124.655.852, 0124.655.033, 0124655080, 0124.655.080, 0124655191, 0124.655.191, TS16949<br \/>\nJohn Deere FF101774, 6135HF, RE538907, RE558679, SE502564<\/p>\n<h2><strong>Tabla de aplicaci\u00f3n<\/strong><\/h2>\n<p>JOHN DEERE 2154D , JOHN DEERE 6068 POWERTECH E 6.8L DIESEL,<br \/>\nJOHN DEERE 2454D , JOHN DEERE 6068H 6.8L DIESEL,<br \/>\nJOHN DEERE 2954D , JOHN DEERE 6068H 6.8L DIESEL,<br \/>\nJOHN DEERE 3754D , JOHN DEERE 6090H 9.0L DIESEL<br \/>\nJOHN DEERE 670G , JOHN DEERE POWERTECH PSS 9.0L DIESEL,<br \/>\nJOHN DEERE 672G , JOHN DEERE POWERTECH PSS 9.0L DIESEL,<br \/>\nJOHN DEERE 770G , JOHN DEERE POWERTECH PSS 9.0L DIESEL,<br \/>\nJOHN DEERE 772G , JOHN DEERE POWERTECH PSS 9.0L DIESEL,<br \/>\nJOHN DEERE 870G , JOHN DEERE POWERTECH PSS 9.0L DIESEL,<br \/>\nJOHN DEERE 872G , JOHN DEERE POWERTECH PSS 9.0L DIESEL,<\/p>\n<p>&nbsp;<\/p>\n<div>ATENCI\u00d3N:<\/div>\n<div>Recomendamos que la instalaci\u00f3n la realice un profesional formado y especializado.<\/div>\n<div>S\u00f3lo compra este producto si est\u00e1s seguro de que es compatible con tu veh\u00edculo. Si tienes alguna duda, no dudes en ponerte en contacto con nosotros. Nuestro horario de apertura es de lunes a viernes de 8 a 18 h.<\/div>\n<div><\/div>\n<div>Sobre nosotros<\/div>\n<div>COM Automotive est\u00e1 especializada en piezas de autom\u00f3vil de dise\u00f1o original para el sector de la reparaci\u00f3n posventa, clientes industriales y fabricantes de veh\u00edculos especiales OEM.<\/div>\n<div>Nuestro equipo tiene m\u00e1s de 28 a\u00f1os de experiencia en la fabricaci\u00f3n y el suministro de piezas de automoci\u00f3n a escala mundial.<\/div>\n<div>Nuestra MISI\u00d3N es ofrecer productos de dise\u00f1o original con una calidad impecable y una sustituci\u00f3n personalizada.<\/div>\n<div>Nuestra VISI\u00d3N es promover el crecimiento y un valor inigualable para nuestros clientes.<\/div>\n","protected":false},"excerpt":{"rendered":"<p>0124655033-COM. En stock. Ref: 0124655852, 0124655033, FF101774, RE538907, RE558679, SE502564 &#8211; compatible con: John Deere. Marca: COM Automotive &#8211; Producto con calidad y dise\u00f1o originales. Compatible con Bosch<\/p>\n","protected":false},"featured_media":20405,"comment_status":"open","ping_status":"closed","template":"","meta":[],"product_brand":[],"product_cat":[8109],"product_tag":[11639,11642,11655,11660,11637,11647,11528,11641,11650,11652,11653,11663],"class_list":{"0":"post-15529","1":"product","2":"type-product","3":"status-publish","4":"has-post-thumbnail","6":"product_cat-alternador-es-2","7":"product_tag-0124655033-es","8":"product_tag-0124655033-com-es","9":"product_tag-0124655080-es","10":"product_tag-0124655191-es","11":"product_tag-0124655852-es","12":"product_tag-6135hf-es","13":"product_tag-at488138-es","14":"product_tag-ff101774-es","15":"product_tag-re538907-es","16":"product_tag-re558679-es","17":"product_tag-se502564-es","18":"product_tag-ts16949-es","20":"first","21":"instock","22":"taxable","23":"shipping-taxable","24":"purchasable","25":"product-type-simple"},"_links":{"self":[{"href":"https:\/\/com-automotive.com\/es\/wp-json\/wp\/v2\/product\/15529","targetHints":{"allow":["GET"]}}],"collection":[{"href":"https:\/\/com-automotive.com\/es\/wp-json\/wp\/v2\/product"}],"about":[{"href":"https:\/\/com-automotive.com\/es\/wp-json\/wp\/v2\/types\/product"}],"replies":[{"embeddable":true,"href":"https:\/\/com-automotive.com\/es\/wp-json\/wp\/v2\/comments?post=15529"}],"wp:featuredmedia":[{"embeddable":true,"href":"https:\/\/com-automotive.com\/es\/wp-json\/wp\/v2\/media\/20405"}],"wp:attachment":[{"href":"https:\/\/com-automotive.com\/es\/wp-json\/wp\/v2\/media?parent=15529"}],"wp:term":[{"taxonomy":"product_brand","embeddable":true,"href":"https:\/\/com-automotive.com\/es\/wp-json\/wp\/v2\/product_brand?post=15529"},{"taxonomy":"product_cat","embeddable":true,"href":"https:\/\/com-automotive.com\/es\/wp-json\/wp\/v2\/product_cat?post=15529"},{"taxonomy":"product_tag","embeddable":true,"href":"https:\/\/com-automotive.com\/es\/wp-json\/wp\/v2\/product_tag?post=15529"}],"curies":[{"name":"wp","href":"https:\/\/api.w.org\/{rel}","templated":true}]}}