{"id":15528,"date":"2023-11-15T20:22:51","date_gmt":"2023-11-15T23:22:51","guid":{"rendered":"https:\/\/com-automotive.com\/alternador-12v-90amp-f000bl04r8-f000bl04r7-231009lm0a-nissan-sentra-versa\/"},"modified":"2023-11-15T20:22:51","modified_gmt":"2023-11-15T23:22:51","slug":"alternador-12v-90amp-f000bl04r8-f000bl04r7-231009lm0a-nissan-sentra-versa","status":"publish","type":"product","link":"https:\/\/com-automotive.com\/es\/alternador-12v-90amp-f000bl04r8-f000bl04r7-231009lm0a-nissan-sentra-versa\/","title":{"rendered":"Alternador 12V 90Amp F000BL04R8 F000BL04R7 231009LM0A NISSAN SENTRA VERSA<span class=\"product-sku\" style=\"display: block; font-size: 0.85em; color: #777; margin-top: 5px; margin-bottom: 5px;\">SKU: 8000.04R8-COM<\/span>"},"content":{"rendered":"<h1><strong>COM-AUTOMOTIVE, calidad de dise\u00f1o original.<\/strong><\/h1>\n<p>Alternador F000BL04R8 12V 90Amp con polea &#8211; Dise\u00f1o: BOSCH SEG &#8211; OEM: NISSAN SENTRA VERSA<\/p>\n<h2>Preguntas m\u00e1s frecuentes<\/h2>\n<h3><strong>\u00bfCu\u00e1les son las referencias cruzadas?<\/strong><\/h3>\n<p>F000BL04R7, F000BL04R8, 231009LM0A, 231009LM0A<\/p>\n<h2><strong>Tabla de aplicaci\u00f3n<\/strong><\/h2>\n<table width=\"782\">\n<tbody>\n<tr>\n<td width=\"782\">NISSAN KICKS SL G-1, HR16DE HR16DE 1.6 L 16V DOHC L4 FLEX, 2016-2023.<\/td>\n<\/tr>\n<tr>\n<td>NISSAN KICKS S DIRECT G-1, HR16DE HR16DE 1.6 L 16V DOHC L4 FLEX, 2019-2023.<\/td>\n<\/tr>\n<tr>\n<td>NISSAN KICKS SV G-1, HR16DE HR16DE 1.6 L 16V DOHC L4 FLEX, 2017-2023.<\/td>\n<\/tr>\n<tr>\n<td>NISSAN KICKS S G-1, HR16DE HR16DE 1.6 L 16V DOHC L4 FLEX, 2017-2023.<\/td>\n<\/tr>\n<tr>\n<td>NISSAN VERSA S , HR16DE HR16DE 1.6 L 16V DOHC L4 FLEX, 2011-2014.<\/td>\n<\/tr>\n<tr>\n<td>NISSAN KICKS SV LIMITED G-1, HR16DE HR16DE 1.6 L 16V DOHC L4 FLEX, 2017-2018.<\/td>\n<\/tr>\n<tr>\n<td>NISSAN MARCH SV G-1, HR16DE HR16DE 1.6 L 16V DOHC L4 FLEX, 2011-2014.<\/td>\n<\/tr>\n<tr>\n<td>NISSAN KICKS RIO 2016 G-1, HR16DE HR16DE 1.6 L 16V DOHC L4 FLEX, 2017-2018.<\/td>\n<\/tr>\n<tr>\n<td>NISSAN KICKS ADVANCE 1.6 EN G-2, HR16DE HR16DE 1.6 L 16V DOHC L4 FLEX, 2021-2023.<\/td>\n<\/tr>\n<tr>\n<td>NISSAN MARCH S G-1, HR16DE HR16DE 1.6 L 16V DOHC L4 FLEX, 2012-2014.<\/td>\n<\/tr>\n<tr>\n<td>NISSAN LANZA EN EXCLUSIVA EL 1.6 EN G-2, HR16DE HR16DE 1.6 L 16V DOHC L4 FLEX, 2021-2023.<\/td>\n<\/tr>\n<tr>\n<td>NISSAN KICKS ACTIVE (PCD) 1.6 AT G-1, HR16DE HR16DE 1.6 L 16V DOHC L4 FLEX, 2020-2023.<\/td>\n<\/tr>\n<tr>\n<td>NISSAN VERSA SV , HR16DE HR16DE 1.6 L 16V DOHC L4 FLEX, 2012-2014.<\/td>\n<\/tr>\n<tr>\n<td>NISSAN KICKS SENSE 1.6 EN G-2, HR16DE HR16DE 1.6 L 16V DOHC L4 FLEX, 2021-2023.<\/td>\n<\/tr>\n<tr>\n<td>NISSAN MARCH SV , HR16DE HR16DE 1.6 L 16V DOHC L4 FLEX, 2019-2021.<\/td>\n<\/tr>\n<tr>\n<td>NISSAN MARCH SR G-1, HR16DE HR16DE 1.6 L 16V DOHC L4 FLEX, 2013-2014.<\/td>\n<\/tr>\n<tr>\n<td>NISSAN KICKS UCL G-1, HR16DE HR16DE 1.6 L 16V DOHC L4 FLEX, 2019-2023.<\/td>\n<\/tr>\n<tr>\n<td>NISSAN VERSA SL , HR16DE HR16DE 1.6 L 16V DOHC L4 FLEX, 2013-2014.<\/td>\n<\/tr>\n<tr>\n<td>NISSAN KICKS EDICI\u00d3N ESPECIAL G-1, HR16DE HR16DE 1.6 L 16V DOHC L4 FLEX, 2019-2023.<\/td>\n<\/tr>\n<tr>\n<td>NISSAN KICKS SENSE 1.6 G-2, HR16DE HR16DE 1.6 L 16V DOHC L4 FLEX, 2021-2023.<\/td>\n<\/tr>\n<\/tbody>\n<\/table>\n<p>&nbsp;<\/p>\n<div>ATENCI\u00d3N:<\/div>\n<div>Recomendamos que la instalaci\u00f3n la realice un profesional formado y especializado.<\/div>\n<div>S\u00f3lo compra este producto si est\u00e1s seguro de que es compatible con tu veh\u00edculo. Si tienes alguna duda, no dudes en ponerte en contacto con nosotros. Nuestro horario de apertura es de lunes a viernes de 8 a 18 h.<\/div>\n<div><\/div>\n<div>Sobre nosotros<\/div>\n<div>COM Automotive est\u00e1 especializada en piezas de autom\u00f3vil de dise\u00f1o original para el sector de la reparaci\u00f3n posventa, clientes industriales y fabricantes de veh\u00edculos especiales OEM.<\/div>\n<div>Nuestro equipo tiene m\u00e1s de 28 a\u00f1os de experiencia en la fabricaci\u00f3n y el suministro de piezas de automoci\u00f3n a escala mundial.<\/div>\n<div>Nuestra MISI\u00d3N es ofrecer productos de dise\u00f1o original con una calidad impecable y una sustituci\u00f3n personalizada.<\/div>\n<div>Nuestra VISI\u00d3N es promover el crecimiento y un valor inigualable para nuestros clientes.<\/div>\n","protected":false},"excerpt":{"rendered":"<p>Alternador F000BL04R8 12V 90Amp con polea &#8211; Dise\u00f1o: BOSCH SEG &#8211; OEM: NISSAN SENTRA VERSA<\/p>\n","protected":false},"featured_media":10987,"comment_status":"closed","ping_status":"closed","template":"","meta":[],"product_brand":[],"product_cat":[8109,8542],"product_tag":[9094,11635,10075,10170,11638,11640,11632,11634,11636],"class_list":{"0":"post-15528","1":"product","2":"type-product","3":"status-publish","4":"has-post-thumbnail","6":"product_cat-alternador-es-2","7":"product_cat-sempreco-es","8":"product_tag-12v-es","9":"product_tag-231009lm0a-es","10":"product_tag-90amp-es","11":"product_tag-b3-es","12":"product_tag-f000-bl0-4r7-es","13":"product_tag-f000-bl0-4r8-es","14":"product_tag-f000bl04r7-es","15":"product_tag-f000bl04r8-es","16":"product_tag-f000bl04r8-com-es","18":"first","19":"instock","20":"taxable","21":"shipping-taxable","22":"purchasable","23":"product-type-simple"},"_links":{"self":[{"href":"https:\/\/com-automotive.com\/es\/wp-json\/wp\/v2\/product\/15528","targetHints":{"allow":["GET"]}}],"collection":[{"href":"https:\/\/com-automotive.com\/es\/wp-json\/wp\/v2\/product"}],"about":[{"href":"https:\/\/com-automotive.com\/es\/wp-json\/wp\/v2\/types\/product"}],"replies":[{"embeddable":true,"href":"https:\/\/com-automotive.com\/es\/wp-json\/wp\/v2\/comments?post=15528"}],"wp:featuredmedia":[{"embeddable":true,"href":"https:\/\/com-automotive.com\/es\/wp-json\/wp\/v2\/media\/10987"}],"wp:attachment":[{"href":"https:\/\/com-automotive.com\/es\/wp-json\/wp\/v2\/media?parent=15528"}],"wp:term":[{"taxonomy":"product_brand","embeddable":true,"href":"https:\/\/com-automotive.com\/es\/wp-json\/wp\/v2\/product_brand?post=15528"},{"taxonomy":"product_cat","embeddable":true,"href":"https:\/\/com-automotive.com\/es\/wp-json\/wp\/v2\/product_cat?post=15528"},{"taxonomy":"product_tag","embeddable":true,"href":"https:\/\/com-automotive.com\/es\/wp-json\/wp\/v2\/product_tag?post=15528"}],"curies":[{"name":"wp","href":"https:\/\/api.w.org\/{rel}","templated":true}]}}