{"id":15527,"date":"2023-11-15T20:23:10","date_gmt":"2023-11-15T23:23:10","guid":{"rendered":"https:\/\/com-automotive.com\/alternador-12v-90a-f000bl04n4-f000bl04n3-52021966-fiat-mobi-10-2016\/"},"modified":"2023-11-15T20:23:10","modified_gmt":"2023-11-15T23:23:10","slug":"alternador-12v-90a-f000bl04n4-f000bl04n3-52021966-fiat-mobi-10-2016","status":"publish","type":"product","link":"https:\/\/com-automotive.com\/es\/alternador-12v-90a-f000bl04n4-f000bl04n3-52021966-fiat-mobi-10-2016\/","title":{"rendered":"Alternador 12V 90A F000BL04N4 F000BL04N3 52021966 Fiat Mobi 1,0 2016&gt;<span class=\"product-sku\" style=\"display: block; font-size: 0.85em; color: #777; margin-top: 5px; margin-bottom: 5px;\">SKU: 8000.1966-COM<\/span>"},"content":{"rendered":"<h1><strong>COM-AUTOMOTIVE, calidad de dise\u00f1o original.<\/strong><\/h1>\n<p>Alternador F000BL04N4 12V 90Amp con polea &#8211; Dise\u00f1o: BOSCH SEG &#8211; OEM: FIAT MOBI<\/p>\n<h2>Preguntas m\u00e1s frecuentes<\/h2>\n<h3><strong>\u00bfCu\u00e1les son las referencias cruzadas?<\/strong><\/h3>\n<p>F000BL04N3, F000BL04N4, 52021966<\/p>\n<h2><strong>Tabla de aplicaci\u00f3n<\/strong><\/h2>\n<table width=\"782\">\n<tbody>\n<tr>\n<td width=\"782\">FIAT ARGO DRIVE G-1, FIREFLY 1.0 L 6V SOHC L3 FLEX, 2017-2023.<\/td>\n<\/tr>\n<tr>\n<td>FIAT MOBI LIKE G-1, FIRE EVO FIRE EVO 1.0 L 8V SOHC L4 FLEX, 2016-2023.<\/td>\n<\/tr>\n<tr>\n<td>FIAT MOBI EASY G-1, FIRE EVO FIRE EVO 1.0 L 8V SOHC L4 FLEX, 2016-2023.<\/td>\n<\/tr>\n<tr>\n<td>FIAT MOBI WAY G-1, FIRE EVO FIRE EVO 1.0 L 8V SOHC L4 FLEX, 2016-2023.<\/td>\n<\/tr>\n<tr>\n<td>FIAT MOBI EASY ON G-1, FIRE EVO FIRE EVO 1.0 L 8V SOHC L4 FLEX, 2016-2019.<\/td>\n<\/tr>\n<tr>\n<td>FIAT MOBI WAY ON G-1, FIRE EVO FIRE EVO 1.0 L 8V SOHC L4 FLEX, 2016-2018.<\/td>\n<\/tr>\n<tr>\n<td>FIAT ARGO 1.0 G-1, FIREFLY FIREFLY 1.0 L 6V SOHC L3 FLEX, 2019-2023.<\/td>\n<\/tr>\n<tr>\n<td>FIAT MOBI COMO EN G-1, FIRE EVO FIRE EVO 1.0 L 8V SOHC L4 FLEX, 2016-2018.<\/td>\n<\/tr>\n<tr>\n<td>FIAT MOBI DRIVE G-1, FIREFLY 1.0 L 6V SOHC L3 FLEX, 2017-2023.<\/td>\n<\/tr>\n<tr>\n<td>FIAT MOBI EASY COMFORT G-1, FIRE EVO FIRE EVO 1.0 L 8V SOHC L4 FLEX, 2019-2023.<\/td>\n<\/tr>\n<tr>\n<td>FIAT MOBI DRIVE GSR G-1, FIREFLY FIREFLY 1.0 L 6V SOHC L3 FLEX, 2019-2023.<\/td>\n<\/tr>\n<tr>\n<td>FIAT MOBI VELOCITY G-1, FIREFLY FIREFLY 1.0 L 6V SOHC L3 FLEX, 2021-2023.<\/td>\n<\/tr>\n<tr>\n<td>FIAT MOBI WAY EXTREME G-1, FIRE EVO FIRE EVO 1.0 L 8V SOHC L4 FLEX, 2021-2023.<\/td>\n<\/tr>\n<tr>\n<td>FIAT MOBI TREKKING G-1, FIRE EVO FIRE EVO 1.0 L 8V SOHC L4 FLEX, 2020-2023.<\/td>\n<\/tr>\n<tr>\n<td>FIAT ARGO SELECTION G-1, FIREFLY FIREFLY 1.0 L 6V SOHC L3 FLEX, 2019-2019.<\/td>\n<\/tr>\n<\/tbody>\n<\/table>\n<p>&nbsp;<\/p>\n<div>ATENCI\u00d3N:<\/div>\n<div>Recomendamos que el F000BL04N4 sea instalado por un profesional formado y especializado.<\/div>\n<div>S\u00f3lo compre este producto F000BL04N4 si est\u00e1 seguro de que es compatible con su veh\u00edculo. Si tiene alguna duda, no dude en ponerse en contacto con nosotros. Nuestro horario de apertura es de lunes a viernes de 8 a 18 h.<\/div>\n<div><\/div>\n<div>Sobre nosotros<\/div>\n<div>COM Automotive est\u00e1 especializada en piezas de autom\u00f3vil de dise\u00f1o original para el sector de la reparaci\u00f3n posventa, clientes industriales y fabricantes de veh\u00edculos especiales OEM.<\/div>\n<div>Nuestro equipo tiene m\u00e1s de 28 a\u00f1os de experiencia en la fabricaci\u00f3n y el suministro de piezas de automoci\u00f3n a escala mundial.<\/div>\n<div>Nuestra MISI\u00d3N es ofrecer productos de dise\u00f1o original con una calidad impecable y una sustituci\u00f3n personalizada.<\/div>\n<div>Nuestra VISI\u00d3N es promover el crecimiento y un valor inigualable para nuestros clientes.<\/div>\n","protected":false},"excerpt":{"rendered":"<p>F000BL04N4-COM. En stock. Ref: F000BL04N3, F000BL04N4, 52021966 &#8211; compatible con: FIAT MOBI. Marca: COM Automotive &#8211; Producto con calidad y dise\u00f1o originales. Compatible con Bosch<\/p>\n","protected":false},"featured_media":20404,"comment_status":"open","ping_status":"closed","template":"","meta":[],"product_brand":[],"product_cat":[8109],"product_tag":[11629,11625,11627,11630],"class_list":{"0":"post-15527","1":"product","2":"type-product","3":"status-publish","4":"has-post-thumbnail","6":"product_cat-alternador-es-2","7":"product_tag-52021966-es","8":"product_tag-f000bl04n3-es","9":"product_tag-f000bl04n4-es","10":"product_tag-f000bl04n4-com-es","12":"first","13":"instock","14":"taxable","15":"shipping-taxable","16":"purchasable","17":"product-type-simple"},"_links":{"self":[{"href":"https:\/\/com-automotive.com\/es\/wp-json\/wp\/v2\/product\/15527","targetHints":{"allow":["GET"]}}],"collection":[{"href":"https:\/\/com-automotive.com\/es\/wp-json\/wp\/v2\/product"}],"about":[{"href":"https:\/\/com-automotive.com\/es\/wp-json\/wp\/v2\/types\/product"}],"replies":[{"embeddable":true,"href":"https:\/\/com-automotive.com\/es\/wp-json\/wp\/v2\/comments?post=15527"}],"wp:featuredmedia":[{"embeddable":true,"href":"https:\/\/com-automotive.com\/es\/wp-json\/wp\/v2\/media\/20404"}],"wp:attachment":[{"href":"https:\/\/com-automotive.com\/es\/wp-json\/wp\/v2\/media?parent=15527"}],"wp:term":[{"taxonomy":"product_brand","embeddable":true,"href":"https:\/\/com-automotive.com\/es\/wp-json\/wp\/v2\/product_brand?post=15527"},{"taxonomy":"product_cat","embeddable":true,"href":"https:\/\/com-automotive.com\/es\/wp-json\/wp\/v2\/product_cat?post=15527"},{"taxonomy":"product_tag","embeddable":true,"href":"https:\/\/com-automotive.com\/es\/wp-json\/wp\/v2\/product_tag?post=15527"}],"curies":[{"name":"wp","href":"https:\/\/api.w.org\/{rel}","templated":true}]}}