{"id":15525,"date":"2023-11-15T20:22:39","date_gmt":"2023-11-15T23:22:39","guid":{"rendered":"https:\/\/com-automotive.com\/alternador-12v-120a-f000bl06y0-cn1510300da-para-ecosport-duratech-1217\/"},"modified":"2025-03-20T18:22:47","modified_gmt":"2025-03-20T21:22:47","slug":"alternador-12v-120a-f000bl06y0-cn1510300da-para-ecosport-duratech-1217","status":"publish","type":"product","link":"https:\/\/com-automotive.com\/es\/alternador-12v-120a-f000bl06y0-cn1510300da-para-ecosport-duratech-1217\/","title":{"rendered":"Alternador 12V 120A F000BL06Y0 CN1510300DA para Ecosport Duratech 12&gt;17<span class=\"product-sku\" style=\"display: block; font-size: 0.85em; color: #777; margin-top: 5px; margin-bottom: 5px;\">SKU: 8000.0108-COM<\/span>"},"content":{"rendered":"<h1><strong>COM-AUTOMOTIVE, calidad de dise\u00f1o original.<\/strong><\/h1>\n<p>Alternador F000BL06Y0 12V 120Amp con polea &#8211; Dise\u00f1o: BOSCH SEG &#8211; OEM: FORD<\/p>\n<h2>Preguntas m\u00e1s frecuentes<\/h2>\n<h3><strong>\u00bfCu\u00e1les son las referencias cruzadas?<\/strong><\/h3>\n<p>F000BL06Y1, F000BL06Y0, CN1510300DA<\/p>\n<h2><strong>Tabla de aplicaci\u00f3n<\/strong><\/h2>\n<table style=\"height: 1023px;\" width=\"1060\">\n<tbody>\n<tr>\n<td width=\"782\">FORD ECOSPORT XLT G-1, DURATEC HE 2.0 L 16V DOHC L4 FLEX, 2009-2012.<\/td>\n<\/tr>\n<tr>\n<td>FORD ECOSPORT XLT G-1, DURATEC HE FPJA 2.0 L 16V DOHC L4 GASOLINA, 2003-2009.<\/td>\n<\/tr>\n<tr>\n<td>FORD ECOSPORT TITANIUM PLUS POWERSHIFT G-2, DURATEC 2.0 L 16V DOHC L4 FLEX, 2012-2015.<\/td>\n<\/tr>\n<tr>\n<td>FORD FOCUS SE POWERSHIFT G-3, DURATEC 2.0 L 16V DOHC L4 FLEX, 2013-2020.<\/td>\n<\/tr>\n<tr>\n<td>FORD FOCUS GLX , DURATEC HE 2.0 L 16V DOHC L4 FLEX, 2010-2013.<\/td>\n<\/tr>\n<tr>\n<td>FORD ECOSPORT FREESTYLE 4WD PLUS 2.0 G-2, DURATEC 2.0 L 16V DOHC L4 FLEX, 2012-2018.<\/td>\n<\/tr>\n<tr>\n<td>FORD ECOSPORT TITANIUM EN G-2, DURATEC 2.0 L 16V DOHC L4 FLEX, 2012-2018.<\/td>\n<\/tr>\n<tr>\n<td>FORD FOCUS GLX G-2, DURATEC HE 2.0 L 16V DOHC L4 FLEX, 2011-2013.<\/td>\n<\/tr>\n<tr>\n<td>FORD ECOSPORT FREESTYLE 4WD G-2, DURATEC 2.0 L 16V DOHC L4 FLEX, 2012-2015.<\/td>\n<\/tr>\n<tr>\n<td>FORD FOCUS SE PLUS POWERSHIFT G-3, DURATEC 2.0 L 16V DOHC L4 FLEX, 2013-2018.<\/td>\n<\/tr>\n<tr>\n<td>FORD FOCUS S POWERSHIFT G-3, DURATEC 2.0 L 16V DOHC L4 FLEX, 2013-2018.<\/td>\n<\/tr>\n<tr>\n<td>FORD ECOSPORT STORM G-3, DURATEC 2.0 L 16V DOHC L4 FLEX, 2019-2021.<\/td>\n<\/tr>\n<tr>\n<td>FORD FOCUS GHIA G-2, DURATEC HE 2.0 L 16V DOHC L4 FLEX, 2010-2013.<\/td>\n<\/tr>\n<tr>\n<td>FORD ECOSPORT SE 2.0 AT. G-2, DURATEC 2.0 L 16V DOHC L4 FLEX, 2012-2019.<\/td>\n<\/tr>\n<tr>\n<td>FORD FOCUS TITANIUM EN G-4, DURATEC 2.0 L 16V DOHC L4 FLEX, 2015-2020.<\/td>\n<\/tr>\n<tr>\n<td>FORD FOCUS SE PLUS 2.0 AT G-4, DURATEC 2.0 L 16V DOHC L4 FLEX, 2015-2020.<\/td>\n<\/tr>\n<tr>\n<td>FORD FOCUS TITANIUM POWERSHIFT G-3, DURATEC 2.0 L 16V DOHC L4 FLEX, 2013-2015.<\/td>\n<\/tr>\n<tr>\n<td>FORD ECOSPORT 4WD G-1, DURATEC FPJA 2.0 L 16V DOHC L4 GASOLINA, 2004-2009.<\/td>\n<\/tr>\n<tr>\n<td>FORD ECOSPORT TITANIUM 2.0 AT G-3, DURATEC 2.0 L 16V DOHC L4 FLEX, 2017-2021.<\/td>\n<\/tr>\n<tr>\n<td>FORD ECOSPORT FREESTYLE 2.0 POWERSHIFT G-2, DURATEC 2.0 L 16V DOHC L4 FLEX, 2014-2015.<\/td>\n<\/tr>\n<tr>\n<td>FORD FOCUS TITANIUM PLUS POWERSHIFT 2.0 G-4, DURATEC 2.0 L 16V DOHC L4 FLEX, 2015-2019.<\/td>\n<\/tr>\n<tr>\n<td>FORD ECOSPORT XLS G-1, DURATEC HE FPJA 2.0 L 16V DOHC L4 GASOLINA, 2006-2009.<\/td>\n<\/tr>\n<tr>\n<td>FORD ECOSPORT FREESTYLE PLUS POWERSHIFT G-2, DURATEC FPJA 2.0 L 16V DOHC L4 FLEX, 2015-2015.<\/td>\n<\/tr>\n<tr>\n<td>FORD FOCUS TITANIUM PLUS POWERSHIFT G-3, DURATEC 2.0 L 16V DOHC L4 FLEX, 2013-2018.<\/td>\n<\/tr>\n<tr>\n<td>FORD FOCUS TITANIUM SEDAN MT , DURATEC HE 2.0 L 16V DOHC L4 FLEX, 2012-2013.<\/td>\n<\/tr>\n<tr>\n<td>FORD ECOSPORT 4WD G-1, DURATEC HE 2.0 L 16V DOHC L4 FLEX, 2009-2012.<\/td>\n<\/tr>\n<tr>\n<td>FORD ECOSPORT XLT 4X4 G-1, DURATEC FPJA 2.0 L 16V DOHC L4 GASOLINA, 2006-2009.<\/td>\n<\/tr>\n<tr>\n<td>FORD FOCUS GHIA , DURATEC HE 2.0 L 16V DOHC L4 FLEX, 2010-2011.<\/td>\n<\/tr>\n<tr>\n<td>FORD ECOSPORT XLS G-1, DURATEC HE 2.0 L 16V DOHC L4 FLEX, 2009-2020.<\/td>\n<\/tr>\n<tr>\n<td>FORD FOCUS GLX AUT , DURATEC HE 2.0 L 16V DOHC L4 FLEX, 2012-2013.<\/td>\n<\/tr>\n<tr>\n<td>FORD ECOSPORT XL G-1, DURATEC HE 2.0 L 16V DOHC L4 FLEX, 2009-2012.<\/td>\n<\/tr>\n<tr>\n<td>FORD FOCUS FASTBACK SE 2.0 POWERSHIFT G-4, DURATEC 2.0 L 16V DOHC L4 FLEX, 2019-2019.<\/td>\n<\/tr>\n<tr>\n<td>FORD FOCUS TITANIUM , DURATEC HE 2.0 L 16V DOHC L4 FLEX, 2013-2013.<\/td>\n<\/tr>\n<tr>\n<td>FORD FOCUS FASTBACK SE PLUS 2.0 POWERSHIFT G-4, DURATEC 2.0 L 16V DOHC L4 FLEX, 2019-2019.<\/td>\n<\/tr>\n<tr>\n<td>FORD FOCUS FASTBACK TITANIUM PLUS 2.0 POWERSHIFT G-4, DURATEC 2.0 L 16V DOHC L4 FLEX, 2019-2019.<\/td>\n<\/tr>\n<tr>\n<td>FORD FOCUS FASTBACK TITANIUM 2.0 POWERSHIFT G-4, DURATEC 2.0 L 16V DOHC L4 FLEX, 2019-2019.<\/td>\n<\/tr>\n<tr>\n<td>FORD FOCUS SE 2.0 AT G-4, DURATEC 2.0 L 16V DOHC L4 FLEX, 2019-2019. F000BL06Y0F000BL06Y0F000BL06Y0 F000BL06Y0<\/td>\n<\/tr>\n<\/tbody>\n<\/table>\n<p>&nbsp;<\/p>\n<div>ATENCI\u00d3N:<\/div>\n<div>Recomendamos que la instalaci\u00f3n la realice un profesional formado y especializado.<\/div>\n<div>S\u00f3lo compra este producto si est\u00e1s seguro de que es compatible con tu veh\u00edculo. Si tienes alguna duda, no dudes en ponerte en contacto con nosotros. Nuestro horario de apertura es de lunes a viernes de 8 a 18 h.<\/div>\n<div><\/div>\n<div>Sobre nosotros<\/div>\n<div>COM Automotive est\u00e1 especializada en piezas de autom\u00f3vil de dise\u00f1o original para el sector de la reparaci\u00f3n posventa, clientes industriales y fabricantes de veh\u00edculos especiales OEM.<\/div>\n<div>Nuestro equipo tiene m\u00e1s de 28 a\u00f1os de experiencia en la fabricaci\u00f3n y el suministro de piezas de automoci\u00f3n a escala mundial.<\/div>\n<div>Nuestra MISI\u00d3N es ofrecer productos de dise\u00f1o original con una calidad impecable y una sustituci\u00f3n personalizada.<\/div>\n<div>Nuestra VISI\u00d3N es promover el crecimiento y un valor inigualable para nuestros clientes.<\/div>\n","protected":false},"excerpt":{"rendered":"<p>F000BL06Y0-COM. En stock. Ref: F000BL06Y1, F000BL06Y0, CN1510300DA, AE8T10300 BA, 100811134752, TG12C108, 2605459A, TG12C108, TG12C231, ZEN 42013, EURO 70028, DITA 10175 &#8211; compatible con: FORD. Marca: COM Automotive &#8211; Producto con calidad y dise\u00f1o originales. Compatible con Bosch<\/p>\n","protected":false},"featured_media":20399,"comment_status":"open","ping_status":"closed","template":"","meta":[],"product_brand":[],"product_cat":[8109],"product_tag":[11608,11606,11610,11604,38284],"class_list":{"0":"post-15525","1":"product","2":"type-product","3":"status-publish","4":"has-post-thumbnail","6":"product_cat-alternador-es-2","7":"product_tag-cn1510300da-es","8":"product_tag-f000bl06y0-es","9":"product_tag-f000bl06y0-com-es","10":"product_tag-f000bl06y1-es","11":"product_tag-tg12c231-es","13":"first","14":"instock","15":"taxable","16":"shipping-taxable","17":"purchasable","18":"product-type-simple"},"_links":{"self":[{"href":"https:\/\/com-automotive.com\/es\/wp-json\/wp\/v2\/product\/15525","targetHints":{"allow":["GET"]}}],"collection":[{"href":"https:\/\/com-automotive.com\/es\/wp-json\/wp\/v2\/product"}],"about":[{"href":"https:\/\/com-automotive.com\/es\/wp-json\/wp\/v2\/types\/product"}],"replies":[{"embeddable":true,"href":"https:\/\/com-automotive.com\/es\/wp-json\/wp\/v2\/comments?post=15525"}],"wp:featuredmedia":[{"embeddable":true,"href":"https:\/\/com-automotive.com\/es\/wp-json\/wp\/v2\/media\/20399"}],"wp:attachment":[{"href":"https:\/\/com-automotive.com\/es\/wp-json\/wp\/v2\/media?parent=15525"}],"wp:term":[{"taxonomy":"product_brand","embeddable":true,"href":"https:\/\/com-automotive.com\/es\/wp-json\/wp\/v2\/product_brand?post=15525"},{"taxonomy":"product_cat","embeddable":true,"href":"https:\/\/com-automotive.com\/es\/wp-json\/wp\/v2\/product_cat?post=15525"},{"taxonomy":"product_tag","embeddable":true,"href":"https:\/\/com-automotive.com\/es\/wp-json\/wp\/v2\/product_tag?post=15525"}],"curies":[{"name":"wp","href":"https:\/\/api.w.org\/{rel}","templated":true}]}}