{"id":15524,"date":"2023-11-15T20:23:08","date_gmt":"2023-11-15T23:23:08","guid":{"rendered":"https:\/\/com-automotive.com\/alternador-12v-90a-0124325039-0124325026-a0121542002-para-accelo-sprinter-cdi-313-om611\/"},"modified":"2023-11-15T20:23:08","modified_gmt":"2023-11-15T23:23:08","slug":"alternador-12v-90a-0124325039-0124325026-a0121542002-para-accelo-sprinter-cdi-313-om611","status":"publish","type":"product","link":"https:\/\/com-automotive.com\/es\/alternador-12v-90a-0124325039-0124325026-a0121542002-para-accelo-sprinter-cdi-313-om611\/","title":{"rendered":"Alternador 12V 90A 0124325039 0124325026 A0121542002 para Accelo Sprinter CDI 313 OM611<span class=\"product-sku\" style=\"display: block; font-size: 0.85em; color: #777; margin-top: 5px; margin-bottom: 5px;\">SKU: 8000.5039-COM<\/span>"},"content":{"rendered":"<h1><strong>COM-AUTOMOTIVE, calidad de dise\u00f1o original.<\/strong><\/h1>\n<p>Alternador 0124325039 12V 90Amp con polea &#8211; Dise\u00f1o: BOSCH SEG &#8211; OEM: MERCEDES<\/p>\n<h2>Preguntas m\u00e1s frecuentes<\/h2>\n<h3><strong>\u00bfCu\u00e1les son las referencias cruzadas?<\/strong><\/h3>\n<p>0124325026, 0124325039, A0121542002, 05134199AB, 5103885AA, 12154200280, 121542002, A012154200280, A0131541702<\/p>\n<h2><strong>Tabla de aplicaci\u00f3n<\/strong><\/h2>\n<table style=\"height: 460px;\" width=\"1147\">\n<tbody>\n<tr>\n<td width=\"782\">MERCEDES BENZ SPRINTER VAN 313 CDI , MERCEDES BENZ OM 611 LA OM 611 LA 2.2 L 16V DOHC L4 DIESEL, 2005-2012.<\/td>\n<\/tr>\n<tr>\n<td>MERCEDES BENZ SPRINTER VAN 313 CDI , MERCEDES BENZ OM 611 LA OM 611 LA 2.2 L 16V DOHC L4 DIESEL, 2002-2012.<\/td>\n<\/tr>\n<tr>\n<td>MERCEDES BENZ SPRINTER FURGONETA 413 CDI , MERCEDES BENZ OM 611 LA OM 611 LA 2.2 L 16V DOHC L4 DIESEL, 2008-2013.<\/td>\n<\/tr>\n<tr>\n<td>MERCEDES BENZ SPRINTER FURGONETA 311 CDI STREET , MERCEDES BENZ OM 611 LA OM 611 LA 2.2 L 16V DOHC L4 DIESEL, 2009-2013.<\/td>\n<\/tr>\n<tr>\n<td>MERCEDES BENZ SPRINTER VAN 311 CDI , MERCEDES BENZ OM 611 LA OM 611 LA 2.2 L 16V DOHC L4 DIESEL, 2002-2004.<\/td>\n<\/tr>\n<tr>\n<td>MERCEDES BENZ ACCELO 715 C , MERCEDES BENZ OM 612 LA OM 612 LA 2.7 L 20V SOHV L5 DIESEL, 2003-2009.<\/td>\n<\/tr>\n<tr>\n<td>MERCEDES BENZ SPRINTER CHASIS 313 CDI , MERCEDES BENZ OM 611 LA OM 611 LA 2.2 L 16V DOHC L4 DIESEL, 2002-2011.<\/td>\n<\/tr>\n<tr>\n<td>MERCEDES BENZ SPRINTER CHASIS 311 CDI STREET , MERCEDES BENZ OM 611 LA OM 611 LA 2.2 L 16V DOHC L4 DIESEL, 2010-2012.<\/td>\n<\/tr>\n<tr>\n<td>MERCEDES BENZ SPRINTER FURGONETA 413 CDI , MERCEDES BENZ OM 611 LA OM 611 LA 2.2 L 16V DOHC L4 DIESEL, 2003-2009.<\/td>\n<\/tr>\n<tr>\n<td>MERCEDES BENZ SPRINTER CHASIS 413 CDI , MERCEDES BENZ OM 611 LA OM 611 LA 2.2 L 16V DOHC L4 DIESEL, 2002-2009.<\/td>\n<\/tr>\n<\/tbody>\n<\/table>\n<p>&nbsp;<\/p>\n<div>ATENCI\u00d3N:<\/div>\n<div>Recomendamos que la instalaci\u00f3n la realice un profesional formado y especializado.<\/div>\n<div>S\u00f3lo compra este producto si est\u00e1s seguro de que es compatible con tu veh\u00edculo. Si tienes alguna duda, no dudes en ponerte en contacto con nosotros. Nuestro horario de apertura es de lunes a viernes de 8 a 18 h.<\/div>\n<div><\/div>\n<div>Sobre nosotros<\/div>\n<div>COM Automotive est\u00e1 especializada en piezas de autom\u00f3vil de dise\u00f1o original para el sector de la reparaci\u00f3n posventa, clientes industriales y fabricantes de veh\u00edculos especiales OEM.<\/div>\n<div>Nuestro equipo tiene m\u00e1s de 28 a\u00f1os de experiencia en la fabricaci\u00f3n y el suministro de piezas de automoci\u00f3n a escala mundial.<\/div>\n<div>Nuestra MISI\u00d3N es ofrecer productos de dise\u00f1o original con una calidad impecable y una sustituci\u00f3n personalizada.<\/div>\n<div>Nuestra VISI\u00d3N es promover el crecimiento y un valor inigualable para nuestros clientes.<\/div>\n","protected":false},"excerpt":{"rendered":"<p>0124325039-COM. En stock. Ref: 0124325026, 0124325039, A0121542002, 05134199AB, 5103885AA, 12154200280, A012154200280, A0131541702, 0124325281, 0124325093, 0124325039, ZEN 41035, EURO 70029, 8EL011711511 &#8211; compatible con: MERCEDES. Marca: COM Automotive &#8211; Producto con calidad y dise\u00f1o originales. Compatible con Bosch<\/p>\n","protected":false},"featured_media":20403,"comment_status":"open","ping_status":"closed","template":"","meta":[],"product_brand":[],"product_cat":[8109],"product_tag":[11603,11605,11618,11607,11611,11609,10399,11615,11616,43870,43869],"class_list":{"0":"post-15524","1":"product","2":"type-product","3":"status-publish","4":"has-post-thumbnail","6":"product_cat-alternador-es-2","7":"product_tag-0124325026-es","8":"product_tag-0124325039-es","9":"product_tag-0124325039-com-es","10":"product_tag-05134199ab-es","11":"product_tag-12154200280-es","12":"product_tag-5103885aa-es","13":"product_tag-a0121542002-es","14":"product_tag-a012154200280-es","15":"product_tag-a0131541702-es","16":"product_tag-euro-70029","17":"product_tag-zen-41035","19":"first","20":"instock","21":"taxable","22":"shipping-taxable","23":"purchasable","24":"product-type-simple"},"_links":{"self":[{"href":"https:\/\/com-automotive.com\/es\/wp-json\/wp\/v2\/product\/15524","targetHints":{"allow":["GET"]}}],"collection":[{"href":"https:\/\/com-automotive.com\/es\/wp-json\/wp\/v2\/product"}],"about":[{"href":"https:\/\/com-automotive.com\/es\/wp-json\/wp\/v2\/types\/product"}],"replies":[{"embeddable":true,"href":"https:\/\/com-automotive.com\/es\/wp-json\/wp\/v2\/comments?post=15524"}],"wp:featuredmedia":[{"embeddable":true,"href":"https:\/\/com-automotive.com\/es\/wp-json\/wp\/v2\/media\/20403"}],"wp:attachment":[{"href":"https:\/\/com-automotive.com\/es\/wp-json\/wp\/v2\/media?parent=15524"}],"wp:term":[{"taxonomy":"product_brand","embeddable":true,"href":"https:\/\/com-automotive.com\/es\/wp-json\/wp\/v2\/product_brand?post=15524"},{"taxonomy":"product_cat","embeddable":true,"href":"https:\/\/com-automotive.com\/es\/wp-json\/wp\/v2\/product_cat?post=15524"},{"taxonomy":"product_tag","embeddable":true,"href":"https:\/\/com-automotive.com\/es\/wp-json\/wp\/v2\/product_tag?post=15524"}],"curies":[{"name":"wp","href":"https:\/\/api.w.org\/{rel}","templated":true}]}}