{"id":15523,"date":"2023-10-23T14:53:22","date_gmt":"2023-10-23T17:53:22","guid":{"rendered":"https:\/\/com-automotive.com\/alternador-12v-90a-f000bl0478-f000bl0477-para-vw-eletr-mwm-new-holland\/"},"modified":"2025-07-24T21:53:52","modified_gmt":"2025-07-25T00:53:52","slug":"alternador-12v-90a-f000bl0478-f000bl0477-para-vw-eletr-mwm-new-holland","status":"publish","type":"product","link":"https:\/\/com-automotive.com\/es\/alternador-12v-90a-f000bl0478-f000bl0477-para-vw-eletr-mwm-new-holland\/","title":{"rendered":"Alternador de 12V 90A compatible 0124325118 F000BL0477 para VW Electric MWM<span class=\"product-sku\" style=\"display: block; font-size: 0.85em; color: #777; margin-top: 5px; margin-bottom: 5px;\">SKU: 8000.0477-COM<\/span>"},"content":{"rendered":"<h1><strong>COM-AUTOMOTIVE, producto con Calidad y Dise\u00f1o Original.<\/strong><\/h1>\n<p>Alternador 12V 90A compatible con 0124325118 F000BL0477 para VW Eletr MWM New Holland<br \/>\nModelo Bosch: 0124.325.118<\/p>\n<h2>Preguntas m\u00e1s frecuentes<\/h2>\n<h3><strong>\u00bfCu\u00e1les son las referencias cruzadas de este producto de la marca COM Automotive?<\/strong><\/h3>\n<p>0124325118, F000BL0477, F000BL0478, 7005611C1, 2R0903015, 0124325118, 01986A01064, ZEN 41044, ZM 9010801, 8EL011712651, DITA 10818<\/p>\n<h2><strong>Tabla de aplicaci\u00f3n<\/strong><\/h2>\n<table width=\"1036\">\n<tbody>\n<tr>\n<td width=\"1036\">VOLKSWAGEN ENTREGA 8-150 E , MWM SPRINT EURO 3 4.08 TCE 3.0 L 12V SOHC L4 DIESEL, 2005-2019.<\/td>\n<\/tr>\n<tr>\n<td>VOLKSWAGEN 8-120 , MWM SERIE 10 \/ X10 4.10 TCA 4.3 L 8V SOHV L4 DIESEL, 2000-2012.<\/td>\n<\/tr>\n<tr>\n<td>VOLKSWAGEN 17.230 EOD , MWM SERIE 12 \/ X12 6.12 TCE ACTEON 7.2 L 12V SOHV L6 DIESEL, 2006-2012.<\/td>\n<\/tr>\n<tr>\n<td>VOLKSWAGEN OBRERO 13-180 CN , MWM SERIE 10 \/ X10 6.10 TCA 6.5 L 12V SOHV L6 DIESEL, 2006-2020.<\/td>\n<\/tr>\n<tr>\n<td>VOLKSWAGEN 8-150 , MWM SERIE 10 \/ X10 4.10 TCA 4.3 L 8V SOHV L4 DIESEL, 2000-2019.<\/td>\n<\/tr>\n<tr>\n<td>CHEVROLET S10 STD C.CAB TB 4X2 G-1, MWM SPRINT EURO 2 4.07 TCA 2.8 L 12V SOHC L4 DIESEL, 2000-2007.<\/td>\n<\/tr>\n<tr>\n<td>VOLKSWAGEN DELIVERY 8-150 E PLUS , CUMMINS INTERACT 4 ISBe 4 3.9 L 16V SOHV L4 DIESEL, 2010-2019.<\/td>\n<\/tr>\n<tr>\n<td>VOLKSWAGEN 15.190 EOD , MWM SERIE 12 \/ X12 4.12 TCE ACTEON 4.8 L SOHV L4 DIESEL, 2006-2012.<\/td>\n<\/tr>\n<tr>\n<td>VOLKSWAGEN CONSTELLATION 13-180 , MWM SERIE 12 \/ X12 4.12 TCE ACTEON 4.8 L 8V SOHV L4 DIESEL, 2006-2018.<\/td>\n<\/tr>\n<tr>\n<td>AGRALE MA 8.0T , MWM SERIE 10 \/ X10 4.10 T 4.3 L 8V SOHV L4 DIESEL, 2005-2011.<\/td>\n<\/tr>\n<tr>\n<td>VOLKSWAGEN WORKER 9-150 E ELECTRONIC , CUMMINS INTERACT 4 ISBe 4 3.9 L 16V SOHV L4 DIESEL, 2009-2011.<\/td>\n<\/tr>\n<tr>\n<td>CHEVROLET S10 STD C.CAB TB 4X4 G-1, MWM SPRINT EURO 2 4.07 TCA 2.8 L 12V SOHC L4 DIESEL, 2000-2007.<\/td>\n<\/tr>\n<tr>\n<td>VOLKSWAGEN 9.150 EOD , MWM SERIE 12 \/ X12 4.12 TCE ACTEON 4.8 L SOHV L4 DIESEL, 2004-2012.<\/td>\n<\/tr>\n<tr>\n<td>VOLKSWAGEN OBRERO 15-180 , MWM SERIE 10 \/ X10 6.10 TCA 6.5 L 12V SOHV L6 DIESEL, 2006-2020.<\/td>\n<\/tr>\n<tr>\n<td>VOLKSWAGEN 13-180 , MWM SERIE 10 \/ X10 6.10 TCA 6.5 L 12V SOHV L6 DIESEL, 2000-2016.<\/td>\n<\/tr>\n<tr>\n<td>VOLKSWAGEN CONSTELLATION 18-310 E TITAN , CUMMINS 6 CTAA 6 CTAA 8.3 L 12V SOHV L6 DIESEL, 2002-2015.<\/td>\n<\/tr>\n<tr>\n<td>VOLKSWAGEN WORKER 26-220 , CUMMINS 6 CTAA 6 CTAA 8.3 L 12V SOHV L6 DIESEL, 2006-2017.<\/td>\n<\/tr>\n<tr>\n<td>VOLKSWAGEN OBRERO 17-180 , MWM SERIE 10 \/ X10 6.10 TCA 6.5 L 12V SOHV L6 DIESEL, 2006-2017.<\/td>\n<\/tr>\n<tr>\n<td>VOLKSWAGEN WORKER 9-150 E , CUMMINS INTERACT 4 ISBe 4 3.9 L 16V SOHV L4 DIESEL, 2003-2011.<\/td>\n<\/tr>\n<tr>\n<td>VOLKSWAGEN WORKER 24-220 , CUMMINS 6 CTAA 6 CTAA 8.3 L 12V SOHV L6 DIESEL, 2006-2017.<\/td>\n<\/tr>\n<tr>\n<td>CHEVROLET S10 DLX TURBO 4X2 G-1, MWM SPRINT EURO 2 4.07 TCA 2.8 L 12V SOHC L4 DIESEL, 2000-2005.<\/td>\n<\/tr>\n<tr>\n<td>VOLKSWAGEN 23-220 , CUMMINS 6 CTAA 6 CTAA 8.3 L 12V SOHV L6 DIESEL, 2002-2005.<\/td>\n<\/tr>\n<tr>\n<td>VOLKSWAGEN CONSTELLATION 15-180 , MWM SERIE 12 \/ X12 4.12 TCE ACTEON 4.8 L 8V SOHV L4 DIESEL, 2006-2017.<\/td>\n<\/tr>\n<tr>\n<td>VOLKSWAGEN 16.210 CO , MWM SERIE 10 \/ X10 6.10 TCA 6.5 L 12V SOHV L6 DIESEL, 1997-2002.<\/td>\n<\/tr>\n<tr>\n<td>VOLKSWAGEN ENTREGA 5-140 E , MWM SPRINT EURO 3 4.08 TCE 3.0 L 12V SOHC L4 DIESEL, 2006-2017.<\/td>\n<\/tr>\n<tr>\n<td>VOLKSWAGEN 15-180 , MWM SERIE 10 \/ X10 6.10 TCA 6.5 L 12V SOHV L6 DIESEL, 2000-2019.<\/td>\n<\/tr>\n<tr>\n<td>AGRALE 5075.4 , MWM SERIE 229 D 229-4 3.9 L 8V SOHV L4 DIESEL, 2002-2023.<\/td>\n<\/tr>\n<tr>\n<td>VOLKSWAGEN 17.210 OD , MWM SERIE 10 \/ X10 6.10 TCA 6.5 L 12V SOHV L6 DIESEL, 2001-2006.<\/td>\n<\/tr>\n<tr>\n<td>VOLKSWAGEN 16.180 CO , MWM SERIE 10 \/ X10 6.10 TCA 6.5 L 12V SOHV L6 DIESEL, 1992-1998.<\/td>\n<\/tr>\n<tr>\n<td>AGRALE 575.4 , MWM SERIE 229 D 229-4 3.9 L 8V SOHV L4 DIESEL, 2013-2023.<\/td>\n<\/tr>\n<tr>\n<td>CHEVROLET S10 C.CAB EXECUTIVE TB 4X4 G-1, MWM SPRINT EURO 2 4.07 TCA 2.8 L 12V SOHC L4 DIESEL, 2002-2007.<\/td>\n<\/tr>\n<tr>\n<td>CHEVROLET S10 DLX TURBO 4X4 G-1, MWM SPRINT EURO 2 4.07 TCA 2.8 L 12V SOHC L4 DIESEL, 2000-2005.<\/td>\n<\/tr>\n<tr>\n<td>VOLKSWAGEN 9.150 OD , MWM SERIE 10 \/ X10 4.10 TCA 4.3 L 8V SOHV L4 DIESEL, 2001-2004.<\/td>\n<\/tr>\n<tr>\n<td>VOLKSWAGEN 17-210 , CUMMINS 6 BTAA 6 BTAA 5.9 L 12V SOHV L6 DIESEL, 2000-2019.<\/td>\n<\/tr>\n<tr>\n<td>CHEVROLET S10 STD S.CAB TB 4X2 G-1, MWM SPRINT EURO 2 4.07 TCA 2.8 L 12V SOHC L4 DIESEL, 2000-2006.<\/td>\n<\/tr>\n<tr>\n<td>AGRALE A8 VOLARE D , MWM SERIE 10 \/ X10 4.10 TCA 4.3 L 8V SOHV L4 DIESEL, 2000-2006.<\/td>\n<\/tr>\n<tr>\n<td>AGRALE 5085.4 , MWM SERIE 229 D 229-4 3.9 L 8V SOHV L4 DIESEL, 2002-2023.<\/td>\n<\/tr>\n<tr>\n<td>VOLKSWAGEN 8.120 OD , MWM SERIE 10 \/ X10 4.10 TCA 4.3 L 8V SOHV L4 DIESEL, 2003-2012.<\/td>\n<\/tr>\n<tr>\n<td>VOLKSWAGEN 17.260 EOT , MWM SERIE 12 \/ X12 6.12 TCE ACTEON 7.2 L 12V SOHV L6 DIESEL, 2004-2012.<\/td>\n<\/tr>\n<tr>\n<td>VOLKSWAGEN 7-110 , MWM SERIE 10 \/ X10 4.10 TCA 4.3 L 8V SOHV L4 DIESEL, 2002-2005.<\/td>\n<\/tr>\n<tr>\n<td>VOLKSWAGEN 8.150 OD , MWM SERIE 10 \/ X10 4.10 TCA 4.3 L 8V SOHV L4 DIESEL, 2001-2005.<\/td>\n<\/tr>\n<tr>\n<td>AGRALE MA 8.5T , MWM SERIE 10 \/ X10 4.10 TCA 4.3 L 8V SOHV L4 DIESEL, 1997-2007.<\/td>\n<\/tr>\n<tr>\n<td>AGRALE W8 , MWM SERIE 10 \/ X10 4.10 TCA 4.3 L 8V SOHV L4 DIESEL, 2003-2018.<\/td>\n<\/tr>\n<tr>\n<td>VOLKSWAGEN 8-150 E , CUMMINS INTERACT 4 ISBe 4 3.9 L 16V SOHV L4 DIESEL, 2004-2007.<\/td>\n<\/tr>\n<tr>\n<td>CHEVROLET BLAZER DLX TURBO 4X4 , MWM SPRINT EURO 2 4.07 TCA 2.8 L 12V SOHC L4 DIESEL, 2000-2007.<\/td>\n<\/tr>\n<tr>\n<td>AGRALE 5075.4 COMPACT , MWM SERIE 229 D 229-4 3.9 L 8V SOHV L4 DIESEL, 2011-2023.<\/td>\n<\/tr>\n<tr>\n<td>CHEVROLET S10 STD S.CAB TB G-1, MWM SPRINT EURO 2 4.07 TCA 2.8 L 12V SOHC L4 DIESEL, 2000-2003.<\/td>\n<\/tr>\n<tr>\n<td>AGRALE 7000 TDX , MWM SERIE 10 \/ X10 4.10 T 4.3 L 8V SOHV L4 DIESEL, 1996-2005.<\/td>\n<\/tr>\n<tr>\n<td>AGRALE BX 6150 4X4 , MWM SERIE 229 TD 229-6 5.9 L 12V SOHV L6 DIESEL, 1999-2023.<\/td>\n<\/tr>\n<tr>\n<td>VOLKSWAGEN 13-150 , MWM SERIE 10 \/ X10 4.10 TCA 4.3 L 8V SOHV L4 DIESEL, 2000-2016.<\/td>\n<\/tr>\n<tr>\n<td>VOLKSWAGEN 15.180 EOD , MWM SERIE 12 \/ X12 4.12 TCE ACTEON 4.8 L SOHV L4 DIESEL, 2004-2007.<\/td>\n<\/tr>\n<tr>\n<td>VOLKSWAGEN 17-220 , CUMMINS 6 CTAA 6 CTAA 8.3 L 12V SOHV L6 DIESEL, 2000-2019.<\/td>\n<\/tr>\n<tr>\n<td>VOLKSWAGEN 23-210 , MWM SERIE 10 \/ X10 6.10 TCA 6.5 L 12V SOHV L6 DIESEL, 2002-2016.<\/td>\n<\/tr>\n<tr>\n<td>VOLKSWAGEN OBRERO 26-260 E , MWM SERIE 12 \/ X12 6.12 TCE ACTEON 7.2 L 12V SOHV L6 DIESEL, 2005-2019.<\/td>\n<\/tr>\n<tr>\n<td>AGRALE MA 7.9 E , MWM SERIE 10 \/ X10 4.10 TCA 4.3 L 8V SOHV L4 DIESEL, 2010-2016.<\/td>\n<\/tr>\n<tr>\n<td>AGRALE BX 6180 CAB , MWM SERIE 229 TD 229-6 5.9 L 12V SOHV L6 DIESEL, 2007-2023.<\/td>\n<\/tr>\n<tr>\n<td>PUMA 914 CD , MWM SERIE 229 D 229-4 3.9 L 8V SOHV L4 DIESEL, 1994-2005.<\/td>\n<\/tr>\n<tr>\n<td>VOLKSWAGEN 16-200 , CUMMINS 6 BTAA 6 BTAA 5.9 L 12V SOHV L6 DIESEL, 1997-2000.<\/td>\n<\/tr>\n<tr>\n<td>VOLKSWAGEN 23-210 , CUMMINS 6 BTAA 6 BTAA 5.9 L 12V SOHV L6 DIESEL, 2002-2005.<\/td>\n<\/tr>\n<tr>\n<td>VOLKSWAGEN 17.240 OT , MWM SERIE 10 \/ X10 6.10 TCA 6.5 L 12V SOHV L6 DIESEL, 2001-2006.<\/td>\n<\/tr>\n<tr>\n<td>CHEVROLET S10 C.CAB COLINA G-1, MWM SPRINT EURO 2 4.07 TCA 2.8 L 12V SOHC L4 DIESEL, 2004-2006.<\/td>\n<\/tr>\n<tr>\n<td>VOLKSWAGEN 12-170 BT , CUMMINS 6 BTAA 6 BTAA 5.9 L 12V SOHV L6 DIESEL, 1997-2000.<\/td>\n<\/tr>\n<tr>\n<td>AGRALE 1800 D , MWM SERIE 229 D 229-4 3.9 L 8V SOHV L4 DIESEL, 1988-1996.<\/td>\n<\/tr>\n<tr>\n<td>AGRALE 7000 D , MWM SERIE 229 D 229-4 3.9 L 8V SOHV L4 DIESEL, 1993-2003.<\/td>\n<\/tr>\n<tr>\n<td>VOLKSWAGEN 17-210 , MWM SERIE 10 \/ X10 6.10 TCA 6.5 L 12V SOHV L6 DIESEL, 2001-2019.<\/td>\n<\/tr>\n<tr>\n<td>VOLKSWAGEN OBRERO 15-180 E , MWM SERIE 12 \/ X12 4.12 TCE ACTEON 4.8 L 8V SOHV L4 DIESEL, 2005-2019.<\/td>\n<\/tr>\n<tr>\n<td>CHEVROLET S10 C.CAB COLINA 4X2 G-1, MWM SPRINT EURO 2 4.07 TCA 2.8 L 12V SOHC L4 DIESEL, 2004-2006.<\/td>\n<\/tr>\n<tr>\n<td>VOLKSWAGEN 14-170 BT , CUMMINS 6 BTAA 6 BTAA 5.9 L 12V SOHV L6 DIESEL, 1997-2000.<\/td>\n<\/tr>\n<tr>\n<td>VOLKSWAGEN OBRERO 13-180 E , MWM SERIE 12 \/ X12 4.12 TCE ACTEON 4.8 L 8V SOHV L4 DIESEL, 2005-2007.<\/td>\n<\/tr>\n<tr>\n<td>VOLKSWAGEN OBRERO 17-220 , CUMMINS 6 CTAA 6 CTAA 8.3 L 12V SOHV L6 DIESEL, 2007-2012.<\/td>\n<\/tr>\n<tr>\n<td>VOLKSWAGEN 26-260 , CUMMINS 6 CTAA 6 CTAA 8.3 L 12V SOHV L6 DIESEL, 2002-2005.<\/td>\n<\/tr>\n<tr>\n<td>VOLKSWAGEN OBRERO 15-210 FAB MILITAR , MWM SERIE 10 \/ X10 6.10 TCA 6.5 L 12V SOHV L6 DIESEL, 2006-2017.<\/td>\n<\/tr>\n<tr>\n<td>CHEVROLET S10 C.CAB EXECUTIVE TB 4X2 G-1, MWM SPRINT EURO 2 4.07 TCA 2.8 L 12V SOHC L4 DIESEL, 2004-2005.<\/td>\n<\/tr>\n<tr>\n<td>VOLKSWAGEN 26-310 , CUMMINS 6 CTAA 6 CTAA 8.3 L 12V SOHV L6 DIESEL, 2001-2006.<\/td>\n<\/tr>\n<tr>\n<td>AGRALE 1600 D , MWM SERIE 229 D 229-4 3.9 L 8V SOHV L4 DIESEL, 1986-1989.<\/td>\n<\/tr>\n<tr>\n<td>VOLKSWAGEN OBRERO 31-260 E , MWM SERIE 12 \/ X12 6.12 TCE ACTEON 7.2 L 12V SOHV L6 DIESEL, 2006-2010.<\/td>\n<\/tr>\n<tr>\n<td>AGRALE 8500 TDX , MWM SERIE 10 \/ X10 4.10 T 4.3 L 8V SOHV L4 DIESEL, 1997-2006.<\/td>\n<\/tr>\n<tr>\n<td>CHEVROLET S10 S.CAB COLINA 4X2 G-1, MWM SPRINT EURO 2 4.07 TCA 2.8 L 12V SOHC L4 DIESEL, 2004-2006.<\/td>\n<\/tr>\n<tr>\n<td>AGRALE 8500 E-MEC , MWM SERIE 10 \/ X10 4.10 TCA 4.3 L 8V SOHV L4 DIESEL, 2006-2010.<\/td>\n<\/tr>\n<tr>\n<td>VOLKSWAGEN 26-220 , CUMMINS 6 CTAA 6 CTAA 8.3 L 12V SOHV L6 DIESEL, 2001-2005.<\/td>\n<\/tr>\n<tr>\n<td>VOLKSWAGEN 23-310 , CUMMINS 6 CTAA 6 CTAA 8.3 L 12V SOHV L6 DIESEL, 2002-2005.<\/td>\n<\/tr>\n<tr>\n<td>VOLKSWAGEN CONSTELLATION 31-260 , MWM SERIE 12 \/ X12 6.12 TCE ACTEON 7.2 L 12V SOHV L6 DIESEL, 2008-2012.<\/td>\n<\/tr>\n<tr>\n<td>AGRALE MA 7.5T AUT. , MWM SERIE 10 \/ X10 4.10 TCA 4.3 L 8V SOHV L4 DIESEL, 1996-2005.<\/td>\n<\/tr>\n<tr>\n<td>AGRALE 7500 TDX , MWM SERIE 10 \/ X10 4.10 T 4.3 L 8V SOHV L4 DIESEL, 1994-2005.<\/td>\n<\/tr>\n<tr>\n<td>VOLKSWAGEN 15-190 , CUMMINS 6 BTAA 6 BTAA 5.9 L 12V SOHV L6 DIESEL, 2001-2006.<\/td>\n<\/tr>\n<tr>\n<td>AGRALE 8500 E-MEC CD , MWM SERIE 10 \/ X10 4.10 TCA 4.3 L 8V SOHV L4 DIESEL, 2005-2015.<\/td>\n<\/tr>\n<tr>\n<td>VOLKSWAGEN 14-220 , CUMMINS 6 CTAA 6 CTAA 8.3 L 12V SOHV L6 DIESEL, 1991-2000.<\/td>\n<\/tr>\n<tr>\n<td>CHEVROLET S10 S.CAB COLINA 4X4 G-1, MWM SPRINT EURO 2 4.07 TCA 2.8 L 12V SOHC L4 DIESEL, 2004-2006.<\/td>\n<\/tr>\n<tr>\n<td>VOLKSWAGEN 31-310 , CUMMINS 6 CTAA 6 CTAA 8.3 L 12V SOHV L6 DIESEL, 2004-2008.<\/td>\n<\/tr>\n<tr>\n<td>VOLKSWAGEN 35-300 , CUMMINS 6 CTAA 6 CTAA 8.3 L 12V SOHV L6 DIESEL, 1991-1999.<\/td>\n<\/tr>\n<tr>\n<td>VOLKSWAGEN 13-190 , CUMMINS 6 BTAA 6 BTAA 5.9 L 12V SOHV L6 DIESEL, 2001-2005.<\/td>\n<\/tr>\n<tr>\n<td>VOLKSWAGEN 40-300 , CUMMINS 6 CTAA 6 CTAA 8.3 L 12V SOHV L6 DIESEL, 1999-2002.<\/td>\n<\/tr>\n<tr>\n<td>AGRALE 5065.4 COMPACT , MWM SERIE 229 D 229-3 3.0 L 6V SOHV L3 DIESEL, 2009-2023.<\/td>\n<\/tr>\n<tr>\n<td>VOLKSWAGEN 16-220 , CUMMINS 6 CTAA 6 CTAA 8.3 L 12V SOHV L6 DIESEL, 1991-1994.<\/td>\n<\/tr>\n<tr>\n<td>CHEVROLET S10 C.CAB TORNADO 4X4 G-1, MWM SPRINT EURO 2 4.07 TCA 2.8 L 12V SOHC L4 DIESEL, 2004-2006.<\/td>\n<\/tr>\n<tr>\n<td>VOLKSWAGEN 18.310 OT , CUMMINS 6 CTAA 6 CTAA 8.3 L 12V SOHV L6 DIESEL, 2003-2006.<\/td>\n<\/tr>\n<tr>\n<td>VOLKSWAGEN 13-170 , CUMMINS 6 BTAA 6 BTAA 5.9 L 12V SOHV L6 DIESEL, 2000-2002.<\/td>\n<\/tr>\n<tr>\n<td>VOLKSWAGEN 17-300 , CUMMINS 6 CTAA 6 CTAA 8.3 L 12V SOHV L6 DIESEL, 2000-2002.<\/td>\n<\/tr>\n<tr>\n<td>PLATAFORMA AGRALE BX 6180 , MWM SERIE 229 TD 229-6 5.9 L 12V SOHV L6 DIESEL, 2015-2023.<\/td>\n<\/tr>\n<tr>\n<td>AGRALE 1600 D , MWM SERIE 229 D 229-3 3.0 L 6V SOHV L3 DIESEL, 1986-1991.<\/td>\n<\/tr>\n<tr>\n<td>VOLKSWAGEN 24-250 , CUMMINS 6 CTAA 6 CTAA 8.3 L 12V SOHV L6 DIESEL, 1991-2002.<\/td>\n<\/tr>\n<tr>\n<td>AGRALE 9200 , MWM SERIE 10 \/ X10 4.10 T 4.3 L 8V SOHV L4 DIESEL, 2003-2006.<\/td>\n<\/tr>\n<tr>\n<td>CHEVROLET BLAZER STD TURBO , MWM SPRINT EURO 2 4.07 TCA 2.8 L 12V SOHC L4 DIESEL, 2002-2007.<\/td>\n<\/tr>\n<tr>\n<td>AGRALE MA 7.9 E-MEC , MWM SERIE 10 \/ X10 4.10 TCA 4.3 L 8V SOHV L4 DIESEL, 2005-2011.<\/td>\n<\/tr>\n<tr>\n<td>AGRALE 5075 , MWM SERIE 229 D 229-4 3.9 L 8V SOHV L4 DIESEL, 2004-2023.<\/td>\n<\/tr>\n<tr>\n<td>VOLKSWAGEN 15-170 , CUMMINS 6 BTAA 6 BTAA 5.9 L 12V SOHV L6 DIESEL, 2000-2002.<\/td>\n<\/tr>\n<tr>\n<td>AGRALE 5105.4 , MWM SERIE 229 D 229-4 3.9 L 8V SOHV L4 DIESEL, 2013-2023.<\/td>\n<\/tr>\n<tr>\n<td>VOLKSWAGEN 8.150 EOD , MWM SPRINT EURO 3 4.08 TCE 3.0 L 12V SOHC L4 DIESEL, 2004-2010.<\/td>\n<\/tr>\n<tr>\n<td>CHEVROLET BLAZER COLINA , MWM SPRINT EURO 2 4.07 TCA 2.8 L 12V SOHC L4 DIESEL, 2004-2005.<\/td>\n<\/tr>\n<tr>\n<td>VOLKSWAGEN 5.140 EOD , MWM SPRINT EURO 3 4.08 TCE 3.0 L 12V SOHC L4 DIESEL, 2005-2010.<\/td>\n<\/tr>\n<tr>\n<td>AGRALE 6000 E-MEC , MWM SERIE 10 \/ X10 4.10 TCA 4.3 L 8V SOHV L4 DIESEL, 2006-2015.<\/td>\n<\/tr>\n<tr>\n<td>VOLKSWAGEN 17-310 , CUMMINS 6 CTAA 6 CTAA 8.3 L 12V SOHV L6 DIESEL, 2002-2006.<\/td>\n<\/tr>\n<tr>\n<td>AGRALE MA 9.2 , MWM SERIE 10 \/ X10 4.10 TCA 4.3 L 8V SOHV L4 DIESEL, 2004-2007.<\/td>\n<\/tr>\n<tr>\n<td>AGRALE 1600 TX , MWM SERIE 229 D 229-3 3.0 L 6V SOHV L3 DIESEL, 1983-1985.<\/td>\n<\/tr>\n<tr>\n<td>AGRALE 575.4 SUPER , MWM SERIE 229 D 229-4 3.9 L 8V SOHV L4 DIESEL, 2017-2023.<\/td>\n<\/tr>\n<tr>\n<td>VOLKSWAGEN 8.150 EOD , MWM SERIE 12 \/ X12 4.12 TCE ACTEON 4.8 L SOHV L4 DIESEL, 2004-2009.<\/td>\n<\/tr>\n<tr>\n<td>CHEVROLET S10 STD S.CAB TB 4X4 G-1, MWM SPRINT EURO 2 4.07 TCA 2.8 L 12V SOHC L4 DIESEL, 2004-2004.<\/td>\n<\/tr>\n<tr>\n<td>AGRALE BX 90 , MWM SERIE 229 D 229-4 3.9 L 8V SOHV L4 DIESEL, 1990-1998.<\/td>\n<\/tr>\n<tr>\n<td>AGRALE 5085 , MWM SERIE 229 D 229-4 3.9 L 8V SOHV L4 DIESEL, 2005-2023.<\/td>\n<\/tr>\n<tr>\n<td>VOLKSWAGEN WORKER 13-170 E , CUMMINS INTERACT 4 ISBe 4 3.9 L 16V SOHV L4 DIESEL, 2004-2006.<\/td>\n<\/tr>\n<tr>\n<td>VOLKSWAGEN WORKER 15-170 E , CUMMINS INTERACT 4 ISBe 4 3.9 L 16V SOHV L4 DIESEL, 2004-2009.<\/td>\n<\/tr>\n<tr>\n<td>CHEVROLET BLAZER EXECUTIVE 4X4 , MWM SPRINT EURO 2 4.07 TCA 2.8 L 12V SOHC L4 DIESEL, 2004-2006.<\/td>\n<\/tr>\n<tr>\n<td>VOLKSWAGEN 26-300 , CUMMINS 6 CTAA 6 CTAA 8.3 L 12V SOHV L6 DIESEL, 2000-2001.<\/td>\n<\/tr>\n<tr>\n<td>VOLKSWAGEN 16-300 , CUMMINS 6 CTAA 6 CTAA 8.3 L 12V SOHV L6 DIESEL, 1996-2000.<\/td>\n<\/tr>\n<tr>\n<td>AGRALE 5065 COMPACT , MWM SERIE 229 D 229-3 3.0 L 6V SOHV L3 DIESEL, 2011-2023.<\/td>\n<\/tr>\n<tr>\n<td>VOLKSWAGEN 31-260 , CUMMINS 6 CTAA 6 CTAA 8.3 L 12V SOHV L6 DIESEL, 2004-2005.<\/td>\n<\/tr>\n<tr>\n<td>AGRALE 575.4 COMPACT , MWM SERIE 229 D 229-4 3.9 L 8V SOHV L4 DIESEL, 2016-2023.<\/td>\n<\/tr>\n<tr>\n<td>AGRALE 565.4 COMPACT , MWM SERIE 229 D 229-3 3.0 L 6V SOHV L3 DIESEL, 2015-2023.<\/td>\n<\/tr>\n<tr>\n<td>AGRALE 7215 , MWM SERIE 229 TD 229-6 5.9 L 12V SOHV L6 DIESEL, 2015-2023.<\/td>\n<\/tr>\n<tr>\n<td>AGRALE 5000 D , MWM SERIE 229 D 229-4 3.9 L 8V SOHV L4 DIESEL, 1994-1998.<\/td>\n<\/tr>\n<tr>\n<td>VOLKSWAGEN 12-180 , MWM SERIE 10 \/ X10 6.10 TCA 6.5 L 12V SOHV L6 DIESEL, 1999-2000.<\/td>\n<\/tr>\n<tr>\n<td>VOLKSWAGEN 8.150 ODC , CUMMINS INTERACT 4 ISBe 4 3.9 L 16V SOHV L4 DIESEL, 2004-2005.<\/td>\n<\/tr>\n<tr>\n<td>AGRALE 5075 COMPACT , MWM SERIE 229 D 229-4 3.9 L 8V SOHV L4 DIESEL, 2016-2023.<\/td>\n<\/tr>\n<tr>\n<td>AGRALE BX 6150 CAB , MWM SERIE 229 TD 229-6 5.9 L 12V SOHV L6 DIESEL, 2016-2023.<\/td>\n<\/tr>\n<tr>\n<td>PLATAFORMA AGRALE BX 6150 , MWM SERIE 229 TD 229-6 5.9 L 12V SOHV L6 DIESEL, 2016-2023.<\/td>\n<\/tr>\n<tr>\n<td>AGRALE BX 100\/130 , MWM SERIE 229 D 229-4 3.9 L 8V SOHV L4 DIESEL, 1990-1995.<\/td>\n<\/tr>\n<tr>\n<td>AGRALE 5080 4X4 , MWM SERIE 229 D 229-4 3.9 L 8V SOHV L4 DIESEL, 1999-2003.<\/td>\n<\/tr>\n<tr>\n<td>VOLKSWAGEN 14-180 , MWM SERIE 10 \/ X10 6.10 TCA 6.5 L 12V SOHV L6 DIESEL, 2000-2000.<\/td>\n<\/tr>\n<tr>\n<td>VOLKSWAGEN 15-210 4X4 , MWM SERIE 10 \/ X10 6.10 TCA 6.5 L 12V SOHV L6 DIESEL, 2018-2023.<\/td>\n<\/tr>\n<tr>\n<td>VOLKSWAGEN 9.150 ODC , CUMMINS INTERACT 4 ISBe 4 3.9 L 16V SOHV L4 DIESEL, 2004-2007.<\/td>\n<\/tr>\n<tr>\n<td>AGRALE 8075 C 4X4 , MWM SERIE 229 D 229-4 3.9 L 8V SOHV L4 DIESEL, 2010-2010.<\/td>\n<\/tr>\n<tr>\n<td>AGRALE 5060 4X4 , MWM SERIE 229 D 229-3 3.0 L 6V SOHV L3 DIESEL, 1999-2002.<\/td>\n<\/tr>\n<tr>\n<td>AGRALE 5070 4X4 , MWM SERIE 229 D 229-4 3.9 L 8V SOHV L4 DIESEL, 1999-2002.<\/td>\n<\/tr>\n<tr>\n<td>VOLKSWAGEN DELIVERY 9-150 , CUMMINS INTERACT 4 ISBe 4 3.9 L 16V SOHV L4 DIESEL, 2014-2019.<\/td>\n<\/tr>\n<tr>\n<td>AGRALE 4500 D , MWM SERIE 229 D 229-3 3.0 L 6V SOHV L3 DIESEL, 1994-1997.<\/td>\n<\/tr>\n<tr>\n<td>AGRALE V8 , MWM SERIE 10 \/ X10 4.10 TCA 4.3 L 8V SOHV L4 DIESEL, 2004-2004.<\/td>\n<\/tr>\n<tr>\n<td>AGRALE 5070 4X2 , MWM SERIE 229 D 229-4 3.9 L 8V SOHV L4 DIESEL, 2000-2002.<\/td>\n<\/tr>\n<tr>\n<td>VOLKSWAGEN 16-170 , CUMMINS 6 BTAA 6 BTAA 5.9 L 12V SOHV L6 DIESEL, 2020-2020.<\/td>\n<\/tr>\n<tr>\n<td>VOLKSWAGEN 17.210 EOD TCAE , MWM SERIE 12 \/ X12 6.12 TCE ACTEON 7.2 L 12V SOHV L6 DIESEL, 2004-2004.<\/td>\n<\/tr>\n<tr>\n<td>VOLKSWAGEN 18-310 , CUMMINS 6 CTAA 6 CTAA 8.3 L 12V SOHV L6 DIESEL, 2018-2018.<\/td>\n<\/tr>\n<\/tbody>\n<\/table>\n<div><\/div>\n<div>\n<div><strong>ATENCI\u00d3N:<\/strong><\/div>\n<div>Recomendamos que la instalaci\u00f3n del producto sea realizada por un profesional capacitado y especializado.<\/div>\n<div>Solo realiza la compra de este producto con la certeza de que es compatible con tu veh\u00edculo, si tienes alguna duda, no dudes en ponerte en contacto con nosotros. Nuestro horario de apertura es de lunes a viernes de 8 a 18 h.<\/div>\n<div><\/div>\n<div><strong>SOBRE NOSOTROS:<\/strong><\/div>\n<div>COM Automotive est\u00e1 especializada en piezas de autom\u00f3vil de dise\u00f1o original para el sector de la reparaci\u00f3n posventa, clientes industriales y fabricantes de veh\u00edculos especiales OEM.<\/div>\n<div>Nuestro equipo tiene m\u00e1s de 28 a\u00f1os de experiencia en la fabricaci\u00f3n y el suministro de piezas de automoci\u00f3n a escala mundial.<\/div>\n<div>Nuestra <strong>MISI\u00d3N <\/strong> es ofrecer productos de dise\u00f1o original con una calidad impecable y una sustituci\u00f3n personalizada.<\/div>\n<div>Nuestra <strong>VISI\u00d3N<\/strong> es promover el crecimiento y un valor inigualable para nuestros clientes.<\/div>\n<div><\/div>\n<div><strong>DISE\u00d1O ORIGINAL<\/strong><\/div>\n<div>El t\u00e9rmino \u00abDise\u00f1o Original\u00bb se refiere a la percepci\u00f3n \u00fanica e innovadora y a la propuesta de valor de los productos de COM Automotive, as\u00ed como a la experiencia ofrecida durante su compra. Esto abarca no solo el empaque y la est\u00e9tica del producto, sino tambi\u00e9n la autenticidad y creatividad de la marca. COM Automotive busca ofrecer productos de alta calidad que satisfagan las necesidades de la industria del mercado de repuestos, aline\u00e1ndose con su Visi\u00f3n, Misi\u00f3n y Valores.  <\/div>\n<div><\/div>\n<div><strong>NOTAR:<\/strong><\/div>\n<div>C\u00f3digo de Protecci\u00f3n al Consumidor (CDC): La Ley N\u00b0 8.078, de 11 de septiembre de 1990, establece que la informaci\u00f3n proporcionada al consumidor debe ser clara y precisa. El art\u00edculo 31 del CDC exige que la publicidad y el etiquetado de los productos y servicios sean veraces y no induzcan a error al consumidor. Esto incluye asegurarse de que la informaci\u00f3n sobre la compatibilidad, la marca y las caracter\u00edsticas se describa correctamente para evitar malentendidos. El uso del t\u00e9rmino \u00abcompatible\u00bb tambi\u00e9n est\u00e1 regulado por los grandes mercados en el mercado para la catalogaci\u00f3n adecuada de productos y la aplicaci\u00f3n automotriz.   <\/div>\n<\/div>\n","protected":false},"excerpt":{"rendered":"<p>8000.0477-COM. Compatible con: 0124325118, 7005611C1, 2R0903015, 0124325118, 1986A01064, F000BL0477, F000BL0478, 30040VLP, ZEN 41044, ZM 9010801, EURO 70746, HAL2651, 8EL011712651, DITA 10818, 80000477.  Marca: COM Automotive &#8211; Producto con calidad y dise\u00f1o originales.<\/p>\n","protected":false},"featured_media":24001,"comment_status":"open","ping_status":"closed","template":"","meta":[],"product_brand":[],"product_cat":[8109],"product_tag":[11600,36926,11599,11598,36924,36927,36925,36922,36923,11596,11597,11856,11601,11602],"class_list":{"0":"post-15523","1":"product","2":"type-product","3":"status-publish","4":"has-post-thumbnail","6":"product_cat-alternador-es-2","7":"product_tag-0124325118-es","8":"product_tag-01986a01064-es","9":"product_tag-2r0903015-es","10":"product_tag-7005611c1-es","11":"product_tag-8000-0477-com-es","12":"product_tag-80000477-es","13":"product_tag-80000477-com-es","14":"product_tag-8el011712651-es","15":"product_tag-dita-10818-es","16":"product_tag-f000bl0477-es","17":"product_tag-f000bl0478-es","18":"product_tag-f000bl0478-com-es","19":"product_tag-zen-41044-es","20":"product_tag-zm-9010801-es","22":"first","23":"instock","24":"taxable","25":"shipping-taxable","26":"purchasable","27":"product-type-simple"},"_links":{"self":[{"href":"https:\/\/com-automotive.com\/es\/wp-json\/wp\/v2\/product\/15523","targetHints":{"allow":["GET"]}}],"collection":[{"href":"https:\/\/com-automotive.com\/es\/wp-json\/wp\/v2\/product"}],"about":[{"href":"https:\/\/com-automotive.com\/es\/wp-json\/wp\/v2\/types\/product"}],"replies":[{"embeddable":true,"href":"https:\/\/com-automotive.com\/es\/wp-json\/wp\/v2\/comments?post=15523"}],"wp:featuredmedia":[{"embeddable":true,"href":"https:\/\/com-automotive.com\/es\/wp-json\/wp\/v2\/media\/24001"}],"wp:attachment":[{"href":"https:\/\/com-automotive.com\/es\/wp-json\/wp\/v2\/media?parent=15523"}],"wp:term":[{"taxonomy":"product_brand","embeddable":true,"href":"https:\/\/com-automotive.com\/es\/wp-json\/wp\/v2\/product_brand?post=15523"},{"taxonomy":"product_cat","embeddable":true,"href":"https:\/\/com-automotive.com\/es\/wp-json\/wp\/v2\/product_cat?post=15523"},{"taxonomy":"product_tag","embeddable":true,"href":"https:\/\/com-automotive.com\/es\/wp-json\/wp\/v2\/product_tag?post=15523"}],"curies":[{"name":"wp","href":"https:\/\/api.w.org\/{rel}","templated":true}]}}